{"id":177,"date":"2014-12-02T12:42:10","date_gmt":"2014-12-02T12:42:10","guid":{"rendered":"http:\/\/institutos.ufrrj.br\/if\/?page_id=177"},"modified":"2025-08-25T14:01:26","modified_gmt":"2025-08-25T14:01:26","slug":"composicao","status":"publish","type":"page","link":"https:\/\/institutos.ufrrj.br\/if\/composicao\/","title":{"rendered":"Composi\u00e7\u00e3o"},"content":{"rendered":"<p style=\"text-align: left\">O Conselho deliberativo do Instituto de Florestas &#8211; CONSUNI-IF &#8211; \u00e9 o \u00f3rg\u00e3o m\u00e1ximo de consulta e delibera\u00e7\u00e3o de assuntos acad\u00eamicos, administrativos e disciplinares relativos ao Instituto e \u00e9 composto pelos seguintes membros:<\/p>\n<p style=\"text-align: left\">&nbsp;<\/p>\n<p style=\"text-align: left\"><span style=\"color: #800000\"><strong>MEMBROS TITULARES:<\/strong><\/span><\/p>\n<p style=\"text-align: left\">Prof. Roberto Carlos Costa Lelis &#8211; Presidente do CONSUNI-IF &#8211; Diretor do IF<\/p>\n<p style=\"text-align: left\">Prof. Eduardo Vinicius da Silva &#8211; Vice-Diretor do IF<\/p>\n<p>Prof.\u00aa Andr\u00e9 Felippe Nunes de Freitas &#8211; Chefe do Departamento de Ci\u00eancias Ambientais<\/p>\n<p>Prof. Alexandre Monteiro de Carvalho &#8211; Chefe do Departamento de Produtos Florestais<\/p>\n<p>Prof. Jos\u00e9 Carlos Arthur Junior &#8211; Chefe do Departamento de Silvicultura<\/p>\n<p>Prof.\u00aa Natane Amaral Miranda &#8211; Coordenador de Curso de Gradua\u00e7\u00e3o em Engenharia Florestal<\/p>\n<p>Prof.\u00aa&nbsp; Alexandra Pires &#8211; Coordenador do PPG em Ci\u00eancias Ambientais e Florestais<\/p>\n<p>Prof. Ednaldo Oliveira dos Santos &#8211; Coordenador do PPG em Pr\u00e1ticas em Desenvolvimento Sustent\u00e1vel<\/p>\n<p>Prof. Rog\u00e9rio Luiz da Silva &#8211; Representante Titular dos docentes<\/p>\n<p>T\u00e9cnica Administrativa Cleide Silva da Souza &#8211; Representante titular dos t\u00e9cnicos administrativos<\/p>\n<hr>\n<p style=\"text-align: left\"><span style=\"color: #800000\"><strong>MEMBROS SUPLENTES:<\/strong><\/span><\/p>\n<p>Prof. Henderson Silva Wanderley&nbsp;&#8211; Vice-chefe do Departamento de Ci\u00eancias Ambientais<\/p>\n<p>Prof. Emanuel Jos\u00e9 Gomes de Ara\u00fajo &#8211; Vice-chefe do Departamento de Silvicultura<\/p>\n<p>Prof. Fernando Jos\u00e9 Borges Gomes &#8211; Vice-chefe do Departamento de Produtos Florestais<\/p>\n<p>Prof.\u00aa Nat\u00e1lia Dias de Souza &#8211; Vice-coordenadora de Curso de Gradua\u00e7\u00e3o em Engenharia Florestal<\/p>\n<p>Prof.\u00aa Jana\u00edna Machado Sim\u00f5es &#8211; Vice-coordenadora do PPG em Pr\u00e1ticas em Desenvolvimento Sustent\u00e1vel<\/p>\n<p>Prof. Carlos Domingos da Silva &#8211; Representante Suplente dos docentes<\/p>\n<p>T\u00e9cnico administrativo Marcelo Barroso Alves Pessoa &#8211; Representante Suplente dos t\u00e9cnicos administrativos<\/p>\n<hr>\n<p style=\"text-align: left\">&nbsp;<\/p>\n","protected":false},"excerpt":{"rendered":"<p>O Conselho deliberativo do Instituto de Florestas &#8211; CONSUNI-IF &#8211; \u00e9 o \u00f3rg\u00e3o m\u00e1ximo de consulta e delibera\u00e7\u00e3o de assuntos acad\u00eamicos, administrativos [&hellip;]<\/p>\n","protected":false},"author":8,"featured_media":0,"parent":0,"menu_order":0,"comment_status":"open","ping_status":"open","template":"","meta":{"_acf_changed":false,"ngg_post_thumbnail":0,"_themeisle_gutenberg_block_has_review":false,"footnotes":"","_links_to":"","_links_to_target":""},"class_list":["post-177","page","type-page","status-publish","hentry"],"acf":[],"yoast_head":"<!-- This site is optimized with the Yoast SEO plugin v26.8 - https:\/\/yoast.com\/product\/yoast-seo-wordpress\/ -->\n<title>Composi\u00e7\u00e3o - IF<\/title>\n<meta name=\"robots\" content=\"index, follow, max-snippet:-1, max-image-preview:large, max-video-preview:-1\" \/>\n<link rel=\"canonical\" href=\"https:\/\/institutos.ufrrj.br\/if\/composicao\/\" \/>\n<meta property=\"og:locale\" content=\"pt_BR\" \/>\n<meta property=\"og:type\" content=\"article\" \/>\n<meta property=\"og:title\" content=\"Composi\u00e7\u00e3o - IF\" \/>\n<meta property=\"og:description\" content=\"O Conselho deliberativo do Instituto de Florestas &#8211; CONSUNI-IF &#8211; \u00e9 o \u00f3rg\u00e3o m\u00e1ximo de consulta e delibera\u00e7\u00e3o de assuntos acad\u00eamicos, administrativos [&hellip;]\" \/>\n<meta property=\"og:url\" content=\"https:\/\/institutos.ufrrj.br\/if\/composicao\/\" \/>\n<meta property=\"og:site_name\" content=\"IF\" \/>\n<meta property=\"article:modified_time\" content=\"2025-08-25T14:01:26+00:00\" \/>\n<meta name=\"twitter:card\" content=\"summary_large_image\" \/>\n<meta name=\"twitter:label1\" content=\"Est. tempo de leitura\" \/>\n\t<meta name=\"twitter:data1\" content=\"1 minuto\" \/>\n<script type=\"application\/ld+json\" class=\"yoast-schema-graph\">{\"@context\":\"https:\/\/schema.org\",\"@graph\":[{\"@type\":\"WebPage\",\"@id\":\"https:\/\/institutos.ufrrj.br\/if\/composicao\/\",\"url\":\"https:\/\/institutos.ufrrj.br\/if\/composicao\/\",\"name\":\"Composi\u00e7\u00e3o - IF\",\"isPartOf\":{\"@id\":\"https:\/\/institutos.ufrrj.br\/if\/#website\"},\"datePublished\":\"2014-12-02T12:42:10+00:00\",\"dateModified\":\"2025-08-25T14:01:26+00:00\",\"breadcrumb\":{\"@id\":\"https:\/\/institutos.ufrrj.br\/if\/composicao\/#breadcrumb\"},\"inLanguage\":\"pt-BR\",\"potentialAction\":[{\"@type\":\"ReadAction\",\"target\":[\"https:\/\/institutos.ufrrj.br\/if\/composicao\/\"]}]},{\"@type\":\"BreadcrumbList\",\"@id\":\"https:\/\/institutos.ufrrj.br\/if\/composicao\/#breadcrumb\",\"itemListElement\":[{\"@type\":\"ListItem\",\"position\":1,\"name\":\"In\u00edcio\",\"item\":\"https:\/\/institutos.ufrrj.br\/if\/\"},{\"@type\":\"ListItem\",\"position\":2,\"name\":\"Composi\u00e7\u00e3o\"}]},{\"@type\":\"WebSite\",\"@id\":\"https:\/\/institutos.ufrrj.br\/if\/#website\",\"url\":\"https:\/\/institutos.ufrrj.br\/if\/\",\"name\":\"IF - Instituto de Floresta\",\"description\":\"Instituto de Florestas\",\"potentialAction\":[{\"@type\":\"SearchAction\",\"target\":{\"@type\":\"EntryPoint\",\"urlTemplate\":\"https:\/\/institutos.ufrrj.br\/if\/?s={search_term_string}\"},\"query-input\":{\"@type\":\"PropertyValueSpecification\",\"valueRequired\":true,\"valueName\":\"search_term_string\"}}],\"inLanguage\":\"pt-BR\"}]}<\/script>\n<!-- \/ Yoast SEO plugin. -->","yoast_head_json":{"title":"Composi\u00e7\u00e3o - IF","robots":{"index":"index","follow":"follow","max-snippet":"max-snippet:-1","max-image-preview":"max-image-preview:large","max-video-preview":"max-video-preview:-1"},"canonical":"https:\/\/institutos.ufrrj.br\/if\/composicao\/","og_locale":"pt_BR","og_type":"article","og_title":"Composi\u00e7\u00e3o - IF","og_description":"O Conselho deliberativo do Instituto de Florestas &#8211; CONSUNI-IF &#8211; \u00e9 o \u00f3rg\u00e3o m\u00e1ximo de consulta e delibera\u00e7\u00e3o de assuntos acad\u00eamicos, administrativos [&hellip;]","og_url":"https:\/\/institutos.ufrrj.br\/if\/composicao\/","og_site_name":"IF","article_modified_time":"2025-08-25T14:01:26+00:00","twitter_card":"summary_large_image","twitter_misc":{"Est. tempo de leitura":"1 minuto"},"schema":{"@context":"https:\/\/schema.org","@graph":[{"@type":"WebPage","@id":"https:\/\/institutos.ufrrj.br\/if\/composicao\/","url":"https:\/\/institutos.ufrrj.br\/if\/composicao\/","name":"Composi\u00e7\u00e3o - IF","isPartOf":{"@id":"https:\/\/institutos.ufrrj.br\/if\/#website"},"datePublished":"2014-12-02T12:42:10+00:00","dateModified":"2025-08-25T14:01:26+00:00","breadcrumb":{"@id":"https:\/\/institutos.ufrrj.br\/if\/composicao\/#breadcrumb"},"inLanguage":"pt-BR","potentialAction":[{"@type":"ReadAction","target":["https:\/\/institutos.ufrrj.br\/if\/composicao\/"]}]},{"@type":"BreadcrumbList","@id":"https:\/\/institutos.ufrrj.br\/if\/composicao\/#breadcrumb","itemListElement":[{"@type":"ListItem","position":1,"name":"In\u00edcio","item":"https:\/\/institutos.ufrrj.br\/if\/"},{"@type":"ListItem","position":2,"name":"Composi\u00e7\u00e3o"}]},{"@type":"WebSite","@id":"https:\/\/institutos.ufrrj.br\/if\/#website","url":"https:\/\/institutos.ufrrj.br\/if\/","name":"IF - Instituto de Floresta","description":"Instituto de Florestas","potentialAction":[{"@type":"SearchAction","target":{"@type":"EntryPoint","urlTemplate":"https:\/\/institutos.ufrrj.br\/if\/?s={search_term_string}"},"query-input":{"@type":"PropertyValueSpecification","valueRequired":true,"valueName":"search_term_string"}}],"inLanguage":"pt-BR"}]}},"_links":{"self":[{"href":"https:\/\/institutos.ufrrj.br\/if\/wp-json\/wp\/v2\/pages\/177","targetHints":{"allow":["GET"]}}],"collection":[{"href":"https:\/\/institutos.ufrrj.br\/if\/wp-json\/wp\/v2\/pages"}],"about":[{"href":"https:\/\/institutos.ufrrj.br\/if\/wp-json\/wp\/v2\/types\/page"}],"author":[{"embeddable":true,"href":"https:\/\/institutos.ufrrj.br\/if\/wp-json\/wp\/v2\/users\/8"}],"replies":[{"embeddable":true,"href":"https:\/\/institutos.ufrrj.br\/if\/wp-json\/wp\/v2\/comments?post=177"}],"version-history":[{"count":31,"href":"https:\/\/institutos.ufrrj.br\/if\/wp-json\/wp\/v2\/pages\/177\/revisions"}],"predecessor-version":[{"id":4500,"href":"https:\/\/institutos.ufrrj.br\/if\/wp-json\/wp\/v2\/pages\/177\/revisions\/4500"}],"wp:attachment":[{"href":"https:\/\/institutos.ufrrj.br\/if\/wp-json\/wp\/v2\/media?parent=177"}],"curies":[{"name":"wp","href":"https:\/\/api.w.org\/{rel}","templated":true}]}}