{"id":1775,"date":"2015-04-28T11:47:26","date_gmt":"2015-04-28T11:47:26","guid":{"rendered":"http:\/\/institutos.ufrrj.br\/if\/?page_id=1775"},"modified":"2016-03-31T14:20:53","modified_gmt":"2016-03-31T14:20:53","slug":"estagio-curricular","status":"publish","type":"page","link":"https:\/\/institutos.ufrrj.br\/if\/estagio-curricular\/","title":{"rendered":"Est\u00e1gio Curricular"},"content":{"rendered":"<p><a href=\"http:\/\/institutos.ufrrj.br\/if\/wp-content\/uploads\/sites\/5\/2015\/04\/Apresenta\u00e7\u00e3o-Comiss\u00e3o-de-Est\u00e1gio-Parte-1.pdf\">Apresenta\u00e7\u00e3o Comiss\u00e3o de Est\u00e1gio &#8211; Parte 1<\/a><\/p>\n<p><a href=\"http:\/\/institutos.ufrrj.br\/if\/wp-content\/uploads\/sites\/5\/2015\/04\/Apresenta\u00e7\u00e3o-Comiss\u00e3o-de-Est\u00e1gio-Parte-2.pdf\">Apresenta\u00e7\u00e3o Comiss\u00e3o de Est\u00e1gio &#8211; Parte 2<\/a><\/p>\n<p><a href=\"http:\/\/institutos.ufrrj.br\/if\/wp-content\/uploads\/sites\/5\/2015\/04\/Apresenta\u00e7\u00e3o-Comiss\u00e3o-de-Est\u00e1gio-Parte-3.pdf\">Apresenta\u00e7\u00e3o Comiss\u00e3o de Est\u00e1gio &#8211; Parte 3<\/a><\/p>\n<p><a href=\"http:\/\/institutos.ufrrj.br\/if\/wp-content\/uploads\/sites\/5\/2015\/04\/Proposta-de-Est\u00e1gio-Supervisionado-Obrigat\u00f3rio.docx\" rel=\"\">Proposta de Est\u00e1gio Supervisionado Obrigat\u00f3rio<\/a><\/p>\n<p><a href=\"http:\/\/institutos.ufrrj.br\/if\/wp-content\/uploads\/sites\/5\/2015\/04\/Guia-Resumido-de-Procedimentos-com-Anexos-FINAL.pdf\" target=\"_blank\">Guia Resumido de Procedimentos com Anexos<\/a><\/p>\n","protected":false},"excerpt":{"rendered":"<p>Apresenta\u00e7\u00e3o Comiss\u00e3o de Est\u00e1gio &#8211; Parte 1 Apresenta\u00e7\u00e3o Comiss\u00e3o de Est\u00e1gio &#8211; Parte 2 Apresenta\u00e7\u00e3o Comiss\u00e3o de Est\u00e1gio &#8211; Parte 3 Proposta [&hellip;]<\/p>\n","protected":false},"author":8,"featured_media":0,"parent":0,"menu_order":0,"comment_status":"closed","ping_status":"closed","template":"","meta":{"_acf_changed":false,"ngg_post_thumbnail":0,"_themeisle_gutenberg_block_has_review":false,"footnotes":"","_links_to":"","_links_to_target":""},"class_list":["post-1775","page","type-page","status-publish","hentry"],"acf":[],"yoast_head":"<!-- This site is optimized with the Yoast SEO plugin v26.8 - https:\/\/yoast.com\/product\/yoast-seo-wordpress\/ -->\n<title>Est\u00e1gio Curricular - IF<\/title>\n<meta name=\"robots\" content=\"index, follow, max-snippet:-1, max-image-preview:large, max-video-preview:-1\" \/>\n<link rel=\"canonical\" href=\"https:\/\/institutos.ufrrj.br\/if\/estagio-curricular\/\" \/>\n<meta property=\"og:locale\" content=\"pt_BR\" \/>\n<meta property=\"og:type\" content=\"article\" \/>\n<meta property=\"og:title\" content=\"Est\u00e1gio Curricular - IF\" \/>\n<meta property=\"og:description\" content=\"Apresenta\u00e7\u00e3o Comiss\u00e3o de Est\u00e1gio &#8211; Parte 1 Apresenta\u00e7\u00e3o Comiss\u00e3o de Est\u00e1gio &#8211; Parte 2 Apresenta\u00e7\u00e3o Comiss\u00e3o de Est\u00e1gio &#8211; Parte 3 Proposta [&hellip;]\" \/>\n<meta property=\"og:url\" content=\"https:\/\/institutos.ufrrj.br\/if\/estagio-curricular\/\" \/>\n<meta property=\"og:site_name\" content=\"IF\" \/>\n<meta property=\"article:modified_time\" content=\"2016-03-31T14:20:53+00:00\" \/>\n<meta name=\"twitter:card\" content=\"summary_large_image\" \/>\n<script type=\"application\/ld+json\" class=\"yoast-schema-graph\">{\"@context\":\"https:\/\/schema.org\",\"@graph\":[{\"@type\":\"WebPage\",\"@id\":\"https:\/\/institutos.ufrrj.br\/if\/estagio-curricular\/\",\"url\":\"https:\/\/institutos.ufrrj.br\/if\/estagio-curricular\/\",\"name\":\"Est\u00e1gio Curricular - IF\",\"isPartOf\":{\"@id\":\"https:\/\/institutos.ufrrj.br\/if\/#website\"},\"datePublished\":\"2015-04-28T11:47:26+00:00\",\"dateModified\":\"2016-03-31T14:20:53+00:00\",\"breadcrumb\":{\"@id\":\"https:\/\/institutos.ufrrj.br\/if\/estagio-curricular\/#breadcrumb\"},\"inLanguage\":\"pt-BR\",\"potentialAction\":[{\"@type\":\"ReadAction\",\"target\":[\"https:\/\/institutos.ufrrj.br\/if\/estagio-curricular\/\"]}]},{\"@type\":\"BreadcrumbList\",\"@id\":\"https:\/\/institutos.ufrrj.br\/if\/estagio-curricular\/#breadcrumb\",\"itemListElement\":[{\"@type\":\"ListItem\",\"position\":1,\"name\":\"In\u00edcio\",\"item\":\"https:\/\/institutos.ufrrj.br\/if\/\"},{\"@type\":\"ListItem\",\"position\":2,\"name\":\"Est\u00e1gio Curricular\"}]},{\"@type\":\"WebSite\",\"@id\":\"https:\/\/institutos.ufrrj.br\/if\/#website\",\"url\":\"https:\/\/institutos.ufrrj.br\/if\/\",\"name\":\"IF - Instituto de Floresta\",\"description\":\"Instituto de Florestas\",\"potentialAction\":[{\"@type\":\"SearchAction\",\"target\":{\"@type\":\"EntryPoint\",\"urlTemplate\":\"https:\/\/institutos.ufrrj.br\/if\/?s={search_term_string}\"},\"query-input\":{\"@type\":\"PropertyValueSpecification\",\"valueRequired\":true,\"valueName\":\"search_term_string\"}}],\"inLanguage\":\"pt-BR\"}]}<\/script>\n<!-- \/ Yoast SEO plugin. -->","yoast_head_json":{"title":"Est\u00e1gio Curricular - IF","robots":{"index":"index","follow":"follow","max-snippet":"max-snippet:-1","max-image-preview":"max-image-preview:large","max-video-preview":"max-video-preview:-1"},"canonical":"https:\/\/institutos.ufrrj.br\/if\/estagio-curricular\/","og_locale":"pt_BR","og_type":"article","og_title":"Est\u00e1gio Curricular - IF","og_description":"Apresenta\u00e7\u00e3o Comiss\u00e3o de Est\u00e1gio &#8211; Parte 1 Apresenta\u00e7\u00e3o Comiss\u00e3o de Est\u00e1gio &#8211; Parte 2 Apresenta\u00e7\u00e3o Comiss\u00e3o de Est\u00e1gio &#8211; Parte 3 Proposta [&hellip;]","og_url":"https:\/\/institutos.ufrrj.br\/if\/estagio-curricular\/","og_site_name":"IF","article_modified_time":"2016-03-31T14:20:53+00:00","twitter_card":"summary_large_image","schema":{"@context":"https:\/\/schema.org","@graph":[{"@type":"WebPage","@id":"https:\/\/institutos.ufrrj.br\/if\/estagio-curricular\/","url":"https:\/\/institutos.ufrrj.br\/if\/estagio-curricular\/","name":"Est\u00e1gio Curricular - IF","isPartOf":{"@id":"https:\/\/institutos.ufrrj.br\/if\/#website"},"datePublished":"2015-04-28T11:47:26+00:00","dateModified":"2016-03-31T14:20:53+00:00","breadcrumb":{"@id":"https:\/\/institutos.ufrrj.br\/if\/estagio-curricular\/#breadcrumb"},"inLanguage":"pt-BR","potentialAction":[{"@type":"ReadAction","target":["https:\/\/institutos.ufrrj.br\/if\/estagio-curricular\/"]}]},{"@type":"BreadcrumbList","@id":"https:\/\/institutos.ufrrj.br\/if\/estagio-curricular\/#breadcrumb","itemListElement":[{"@type":"ListItem","position":1,"name":"In\u00edcio","item":"https:\/\/institutos.ufrrj.br\/if\/"},{"@type":"ListItem","position":2,"name":"Est\u00e1gio Curricular"}]},{"@type":"WebSite","@id":"https:\/\/institutos.ufrrj.br\/if\/#website","url":"https:\/\/institutos.ufrrj.br\/if\/","name":"IF - Instituto de Floresta","description":"Instituto de Florestas","potentialAction":[{"@type":"SearchAction","target":{"@type":"EntryPoint","urlTemplate":"https:\/\/institutos.ufrrj.br\/if\/?s={search_term_string}"},"query-input":{"@type":"PropertyValueSpecification","valueRequired":true,"valueName":"search_term_string"}}],"inLanguage":"pt-BR"}]}},"_links":{"self":[{"href":"https:\/\/institutos.ufrrj.br\/if\/wp-json\/wp\/v2\/pages\/1775","targetHints":{"allow":["GET"]}}],"collection":[{"href":"https:\/\/institutos.ufrrj.br\/if\/wp-json\/wp\/v2\/pages"}],"about":[{"href":"https:\/\/institutos.ufrrj.br\/if\/wp-json\/wp\/v2\/types\/page"}],"author":[{"embeddable":true,"href":"https:\/\/institutos.ufrrj.br\/if\/wp-json\/wp\/v2\/users\/8"}],"replies":[{"embeddable":true,"href":"https:\/\/institutos.ufrrj.br\/if\/wp-json\/wp\/v2\/comments?post=1775"}],"version-history":[{"count":8,"href":"https:\/\/institutos.ufrrj.br\/if\/wp-json\/wp\/v2\/pages\/1775\/revisions"}],"predecessor-version":[{"id":1938,"href":"https:\/\/institutos.ufrrj.br\/if\/wp-json\/wp\/v2\/pages\/1775\/revisions\/1938"}],"wp:attachment":[{"href":"https:\/\/institutos.ufrrj.br\/if\/wp-json\/wp\/v2\/media?parent=1775"}],"curies":[{"name":"wp","href":"https:\/\/api.w.org\/{rel}","templated":true}]}}