{"id":201,"date":"2014-12-02T13:05:17","date_gmt":"2014-12-02T13:05:17","guid":{"rendered":"http:\/\/institutos.ufrrj.br\/if\/?page_id=201"},"modified":"2019-01-24T12:33:46","modified_gmt":"2019-01-24T12:33:46","slug":"graduacao-dca","status":"publish","type":"page","link":"https:\/\/institutos.ufrrj.br\/if\/departamento-de-produtos-florestais\/disciplinas-dpf\/graduacao-dca\/","title":{"rendered":"P\u00f3s-Gradua\u00e7\u00e3o (DPF)"},"content":{"rendered":"<table>\n<tbody>\n<tr>\n<td colspan=\"2\" width=\"576\">\n<p style=\"text-align: center\">Disciplina de P\u00f3s-Gradua\u00e7\u00e3o do Departamento de Produtos Florestais<\/p>\n<\/td>\n<\/tr>\n<tr>\n<td width=\"102\">\n<p>C\u00f3digo<\/p>\n<\/td>\n<td width=\"475\">\n<p>Disciplinas<\/p>\n<\/td>\n<\/tr>\n<tr>\n<td colspan=\"2\" width=\"576\">\u00a0<\/td>\n<\/tr>\n<tr>\n<td width=\"102\">\n<p>IF 1300<\/p>\n<\/td>\n<td width=\"475\">\n<p><a href=\"http:\/\/r1.ufrrj.br\/wp\/ppgcaf\/wp-content\/uploads\/IF1300%20Tratamento%20T%C3%A9rmico%20da%20Madeira.pdf\">Tratamento T\u00e9rmico da Madeira<\/a><\/p>\n<\/td>\n<\/tr>\n<tr>\n<td width=\"102\">\n<p>IF 1323<\/p>\n<\/td>\n<td width=\"475\">\n<p><a href=\"http:\/\/r1.ufrrj.br\/wp\/ppgcaf\/wp-content\/uploads\/IF%201323%20Qu%C3%ADmica%20Avan%C3%A7ada%20da%20Madeira.pdf\">Qu\u00edmica Avan\u00e7ada da Madeira<\/a><\/p>\n<\/td>\n<\/tr>\n<tr>\n<td width=\"102\">\n<p>IF 1327<\/p>\n<\/td>\n<td width=\"475\">\n<p><a href=\"http:\/\/r1.ufrrj.br\/wp\/ppgcaf\/wp-content\/uploads\/IF%201327%20Pain%C3%A9is%20%C3%A0%20Base%20de%20Madeira.pdf\">Pain\u00e9is a Base de Madeira<\/a><\/p>\n<\/td>\n<\/tr>\n<tr>\n<td width=\"102\">\n<p>IF 1332<\/p>\n<\/td>\n<td width=\"475\">\n<p><a href=\"http:\/\/r1.ufrrj.br\/wp\/ppgcaf\/wp-content\/uploads\/IF%201332%20Entomologia%20Florestal.pdf\">Entomologia Florestal<\/a><\/p>\n<\/td>\n<\/tr>\n<tr>\n<td width=\"102\">\n<p>IF 1335<\/p>\n<\/td>\n<td width=\"475\">\n<p><a href=\"http:\/\/r1.ufrrj.br\/wp\/ppgcaf\/wp-content\/uploads\/IF%201335%20Qualidade%20da%20madeira.pdf\">Qualidade da Madeira<\/a><\/p>\n<\/td>\n<\/tr>\n<tr>\n<td width=\"102\">\n<p>IF 1336<\/p>\n<\/td>\n<td width=\"475\">\n<p><a href=\"http:\/\/r1.ufrrj.br\/wp\/ppgcaf\/wp-content\/uploads\/IF%201336%20Agentes%20Degradadores%20da%20Madeira.pdf\">Agentes Degradadores da Madeira<\/a><\/p>\n<\/td>\n<\/tr>\n<tr>\n<td width=\"102\">\n<p>IF 1338<\/p>\n<\/td>\n<td width=\"475\">\n<p><a href=\"http:\/\/r1.ufrrj.br\/wp\/ppgcaf\/wp-content\/uploads\/IF%201338%20Ades%C3%A3o%20e%20adesivos.pdf\">Ades\u00e3o e Adesivos<\/a><\/p>\n<\/td>\n<\/tr>\n<tr>\n<td width=\"102\">\n<p>IF 1339<\/p>\n<\/td>\n<td width=\"475\">\n<p><a href=\"http:\/\/r1.ufrrj.br\/wp\/ppgcaf\/wp-content\/uploads\/IF%201339%20Aproveitamento%20de%20Res%C3%ADduos%20Florestais.pdf\">Aproveitamento de Res\u00edduos Florestais<\/a><\/p>\n<\/td>\n<\/tr>\n<tr>\n<td width=\"102\">\n<p>IF 1340<\/p>\n<\/td>\n<td width=\"475\">\n<p><a href=\"http:\/\/r1.ufrrj.br\/wp\/ppgcaf\/wp-content\/uploads\/IF%201340%20Propriedades%20Fisicas%20e%20Mecanicas%20da%20Madeira.pdf\">Propriedades F\u00edsica e Mec\u00e2nica da Madeira<\/a><\/p>\n<\/td>\n<\/tr>\n<tr>\n<td width=\"102\">\n<p>IF 1341<\/p>\n<\/td>\n<td width=\"475\">\n<p><a href=\"http:\/\/r1.ufrrj.br\/wp\/ppgcaf\/wp-content\/uploads\/IF%201341%20Bioqu%C3%ADmica%20da%20lignifica%C3%A7%C3%A3o.pdf\">Bioqu\u00edmica da Lignifica\u00e7\u00e3o<\/a><\/p>\n<\/td>\n<\/tr>\n<tr>\n<td width=\"102\">\n<p>IF 1342<\/p>\n<\/td>\n<td width=\"475\">\n<p><a href=\"http:\/\/r1.ufrrj.br\/wp\/ppgcaf\/wp-content\/uploads\/IF%201342%20Preserva%C3%A7%C3%A3o%20da%20Madeira.pdf\">Preserva\u00e7\u00e3o da Madeira<\/a><\/p>\n<\/td>\n<\/tr>\n<tr>\n<td width=\"102\">\n<p>IF 1344<\/p>\n<\/td>\n<td width=\"475\">\n<p><a href=\"http:\/\/r1.ufrrj.br\/wp\/ppgcaf\/wp-content\/uploads\/IF%201344%20Avalia%C3%A7%C3%A3o%20e%20Controle%20de%20Poluentes%20na%20Ind%C3%BAstria%20Madeireira.pdf\">Avalia\u00e7\u00e3o e controle de Poluentes na Ind\u00fastria Madeireira<\/a><\/p>\n<\/td>\n<\/tr>\n<tr>\n<td width=\"102\">\n<p>IF 1348<\/p>\n<\/td>\n<td width=\"475\">\n<p><a href=\"http:\/\/r1.ufrrj.br\/wp\/ppgcaf\/wp-content\/uploads\/IF%201348%20Biodiversidade%20Estrutural%20de%20Plantas%20Lenhosas.pdf\">Biodiversidade Estrutural de Plantas Lenhosas<\/a><\/p>\n<\/td>\n<\/tr>\n<tr>\n<td width=\"102\">\n<p>IF 1349<\/p>\n<\/td>\n<td width=\"475\">\n<p><a href=\"http:\/\/r1.ufrrj.br\/wp\/ppgcaf\/wp-content\/uploads\/IF%201349%20Dendrocronologia.pdf\">Dendrocronologia<\/a><\/p>\n<\/td>\n<\/tr>\n<\/tbody>\n<\/table>\n<table>\n<tbody>\n<tr>\n<td width=\"102\">\n<p>IF 1300<\/p>\n<\/td>\n<td width=\"475\">\n<p><a href=\"http:\/\/r1.ufrrj.br\/wp\/ppgcaf\/wp-content\/uploads\/Ementa%20Disciplina%20SEMIN%C3%81RIO%20II-2013(1).pdf\">T\u00f3p. Esp.: Semin\u00e1rios II<\/a><\/p>\n<\/td>\n<\/tr>\n<\/tbody>\n<\/table>\n","protected":false},"excerpt":{"rendered":"<p>Disciplina de P\u00f3s-Gradua\u00e7\u00e3o do Departamento de Produtos Florestais C\u00f3digo Disciplinas \u00a0 IF 1300 Tratamento T\u00e9rmico da Madeira IF 1323 Qu\u00edmica Avan\u00e7ada da [&hellip;]<\/p>\n","protected":false},"author":8,"featured_media":0,"parent":271,"menu_order":0,"comment_status":"open","ping_status":"closed","template":"","meta":{"_acf_changed":false,"ngg_post_thumbnail":0,"_themeisle_gutenberg_block_has_review":false,"footnotes":"","_links_to":"","_links_to_target":""},"class_list":["post-201","page","type-page","status-publish","hentry"],"acf":[],"yoast_head":"<!-- This site is optimized with the Yoast SEO plugin v26.8 - https:\/\/yoast.com\/product\/yoast-seo-wordpress\/ -->\n<title>P\u00f3s-Gradua\u00e7\u00e3o (DPF) - IF<\/title>\n<meta name=\"robots\" content=\"index, follow, max-snippet:-1, max-image-preview:large, max-video-preview:-1\" \/>\n<link rel=\"canonical\" href=\"https:\/\/institutos.ufrrj.br\/if\/departamento-de-produtos-florestais\/disciplinas-dpf\/graduacao-dca\/\" \/>\n<meta property=\"og:locale\" content=\"pt_BR\" \/>\n<meta property=\"og:type\" content=\"article\" \/>\n<meta property=\"og:title\" content=\"P\u00f3s-Gradua\u00e7\u00e3o (DPF) - IF\" \/>\n<meta property=\"og:description\" content=\"Disciplina de P\u00f3s-Gradua\u00e7\u00e3o do Departamento de Produtos Florestais C\u00f3digo Disciplinas \u00a0 IF 1300 Tratamento T\u00e9rmico da Madeira IF 1323 Qu\u00edmica Avan\u00e7ada da [&hellip;]\" \/>\n<meta property=\"og:url\" content=\"https:\/\/institutos.ufrrj.br\/if\/departamento-de-produtos-florestais\/disciplinas-dpf\/graduacao-dca\/\" \/>\n<meta property=\"og:site_name\" content=\"IF\" \/>\n<meta property=\"article:modified_time\" content=\"2019-01-24T12:33:46+00:00\" \/>\n<meta name=\"twitter:card\" content=\"summary_large_image\" \/>\n<script type=\"application\/ld+json\" class=\"yoast-schema-graph\">{\"@context\":\"https:\/\/schema.org\",\"@graph\":[{\"@type\":\"WebPage\",\"@id\":\"https:\/\/institutos.ufrrj.br\/if\/departamento-de-produtos-florestais\/disciplinas-dpf\/graduacao-dca\/\",\"url\":\"https:\/\/institutos.ufrrj.br\/if\/departamento-de-produtos-florestais\/disciplinas-dpf\/graduacao-dca\/\",\"name\":\"P\u00f3s-Gradua\u00e7\u00e3o (DPF) - IF\",\"isPartOf\":{\"@id\":\"https:\/\/institutos.ufrrj.br\/if\/#website\"},\"datePublished\":\"2014-12-02T13:05:17+00:00\",\"dateModified\":\"2019-01-24T12:33:46+00:00\",\"breadcrumb\":{\"@id\":\"https:\/\/institutos.ufrrj.br\/if\/departamento-de-produtos-florestais\/disciplinas-dpf\/graduacao-dca\/#breadcrumb\"},\"inLanguage\":\"pt-BR\",\"potentialAction\":[{\"@type\":\"ReadAction\",\"target\":[\"https:\/\/institutos.ufrrj.br\/if\/departamento-de-produtos-florestais\/disciplinas-dpf\/graduacao-dca\/\"]}]},{\"@type\":\"BreadcrumbList\",\"@id\":\"https:\/\/institutos.ufrrj.br\/if\/departamento-de-produtos-florestais\/disciplinas-dpf\/graduacao-dca\/#breadcrumb\",\"itemListElement\":[{\"@type\":\"ListItem\",\"position\":1,\"name\":\"In\u00edcio\",\"item\":\"https:\/\/institutos.ufrrj.br\/if\/\"},{\"@type\":\"ListItem\",\"position\":2,\"name\":\"Departamento de Produtos Florestais\",\"item\":\"https:\/\/institutos.ufrrj.br\/if\/departamento-de-produtos-florestais\/\"},{\"@type\":\"ListItem\",\"position\":3,\"name\":\"Disciplinas (DPF)\",\"item\":\"https:\/\/institutos.ufrrj.br\/if\/departamento-de-produtos-florestais\/disciplinas-dpf\/\"},{\"@type\":\"ListItem\",\"position\":4,\"name\":\"P\u00f3s-Gradua\u00e7\u00e3o (DPF)\"}]},{\"@type\":\"WebSite\",\"@id\":\"https:\/\/institutos.ufrrj.br\/if\/#website\",\"url\":\"https:\/\/institutos.ufrrj.br\/if\/\",\"name\":\"IF - Instituto de Floresta\",\"description\":\"Instituto de Florestas\",\"potentialAction\":[{\"@type\":\"SearchAction\",\"target\":{\"@type\":\"EntryPoint\",\"urlTemplate\":\"https:\/\/institutos.ufrrj.br\/if\/?s={search_term_string}\"},\"query-input\":{\"@type\":\"PropertyValueSpecification\",\"valueRequired\":true,\"valueName\":\"search_term_string\"}}],\"inLanguage\":\"pt-BR\"}]}<\/script>\n<!-- \/ Yoast SEO plugin. -->","yoast_head_json":{"title":"P\u00f3s-Gradua\u00e7\u00e3o (DPF) - IF","robots":{"index":"index","follow":"follow","max-snippet":"max-snippet:-1","max-image-preview":"max-image-preview:large","max-video-preview":"max-video-preview:-1"},"canonical":"https:\/\/institutos.ufrrj.br\/if\/departamento-de-produtos-florestais\/disciplinas-dpf\/graduacao-dca\/","og_locale":"pt_BR","og_type":"article","og_title":"P\u00f3s-Gradua\u00e7\u00e3o (DPF) - IF","og_description":"Disciplina de P\u00f3s-Gradua\u00e7\u00e3o do Departamento de Produtos Florestais C\u00f3digo Disciplinas \u00a0 IF 1300 Tratamento T\u00e9rmico da Madeira IF 1323 Qu\u00edmica Avan\u00e7ada da [&hellip;]","og_url":"https:\/\/institutos.ufrrj.br\/if\/departamento-de-produtos-florestais\/disciplinas-dpf\/graduacao-dca\/","og_site_name":"IF","article_modified_time":"2019-01-24T12:33:46+00:00","twitter_card":"summary_large_image","schema":{"@context":"https:\/\/schema.org","@graph":[{"@type":"WebPage","@id":"https:\/\/institutos.ufrrj.br\/if\/departamento-de-produtos-florestais\/disciplinas-dpf\/graduacao-dca\/","url":"https:\/\/institutos.ufrrj.br\/if\/departamento-de-produtos-florestais\/disciplinas-dpf\/graduacao-dca\/","name":"P\u00f3s-Gradua\u00e7\u00e3o (DPF) - IF","isPartOf":{"@id":"https:\/\/institutos.ufrrj.br\/if\/#website"},"datePublished":"2014-12-02T13:05:17+00:00","dateModified":"2019-01-24T12:33:46+00:00","breadcrumb":{"@id":"https:\/\/institutos.ufrrj.br\/if\/departamento-de-produtos-florestais\/disciplinas-dpf\/graduacao-dca\/#breadcrumb"},"inLanguage":"pt-BR","potentialAction":[{"@type":"ReadAction","target":["https:\/\/institutos.ufrrj.br\/if\/departamento-de-produtos-florestais\/disciplinas-dpf\/graduacao-dca\/"]}]},{"@type":"BreadcrumbList","@id":"https:\/\/institutos.ufrrj.br\/if\/departamento-de-produtos-florestais\/disciplinas-dpf\/graduacao-dca\/#breadcrumb","itemListElement":[{"@type":"ListItem","position":1,"name":"In\u00edcio","item":"https:\/\/institutos.ufrrj.br\/if\/"},{"@type":"ListItem","position":2,"name":"Departamento de Produtos Florestais","item":"https:\/\/institutos.ufrrj.br\/if\/departamento-de-produtos-florestais\/"},{"@type":"ListItem","position":3,"name":"Disciplinas (DPF)","item":"https:\/\/institutos.ufrrj.br\/if\/departamento-de-produtos-florestais\/disciplinas-dpf\/"},{"@type":"ListItem","position":4,"name":"P\u00f3s-Gradua\u00e7\u00e3o (DPF)"}]},{"@type":"WebSite","@id":"https:\/\/institutos.ufrrj.br\/if\/#website","url":"https:\/\/institutos.ufrrj.br\/if\/","name":"IF - Instituto de Floresta","description":"Instituto de Florestas","potentialAction":[{"@type":"SearchAction","target":{"@type":"EntryPoint","urlTemplate":"https:\/\/institutos.ufrrj.br\/if\/?s={search_term_string}"},"query-input":{"@type":"PropertyValueSpecification","valueRequired":true,"valueName":"search_term_string"}}],"inLanguage":"pt-BR"}]}},"_links":{"self":[{"href":"https:\/\/institutos.ufrrj.br\/if\/wp-json\/wp\/v2\/pages\/201","targetHints":{"allow":["GET"]}}],"collection":[{"href":"https:\/\/institutos.ufrrj.br\/if\/wp-json\/wp\/v2\/pages"}],"about":[{"href":"https:\/\/institutos.ufrrj.br\/if\/wp-json\/wp\/v2\/types\/page"}],"author":[{"embeddable":true,"href":"https:\/\/institutos.ufrrj.br\/if\/wp-json\/wp\/v2\/users\/8"}],"replies":[{"embeddable":true,"href":"https:\/\/institutos.ufrrj.br\/if\/wp-json\/wp\/v2\/comments?post=201"}],"version-history":[{"count":8,"href":"https:\/\/institutos.ufrrj.br\/if\/wp-json\/wp\/v2\/pages\/201\/revisions"}],"predecessor-version":[{"id":232,"href":"https:\/\/institutos.ufrrj.br\/if\/wp-json\/wp\/v2\/pages\/201\/revisions\/232"}],"up":[{"embeddable":true,"href":"https:\/\/institutos.ufrrj.br\/if\/wp-json\/wp\/v2\/pages\/271"}],"wp:attachment":[{"href":"https:\/\/institutos.ufrrj.br\/if\/wp-json\/wp\/v2\/media?parent=201"}],"curies":[{"name":"wp","href":"https:\/\/api.w.org\/{rel}","templated":true}]}}