{"id":210,"date":"2014-12-02T13:07:01","date_gmt":"2014-12-02T13:07:01","guid":{"rendered":"http:\/\/institutos.ufrrj.br\/if\/?page_id=210"},"modified":"2019-01-24T12:43:46","modified_gmt":"2019-01-24T12:43:46","slug":"pos-graduacao-ds","status":"publish","type":"page","link":"https:\/\/institutos.ufrrj.br\/if\/departamento-de-silvicultura\/disciplinas-ds\/pos-graduacao-ds\/","title":{"rendered":"P\u00f3s-Gradua\u00e7\u00e3o (DS)"},"content":{"rendered":"<table>\n<tbody>\n<tr>\n<td colspan=\"2\" width=\"576\">\n<p style=\"text-align: center\">Disciplinas de P\u00f3s-Gradua\u00e7\u00e3o do Departamento de Silvicultura<\/p>\n<\/td>\n<\/tr>\n<tr>\n<td width=\"102\">\n<p>C\u00f3digo<\/p>\n<\/td>\n<td width=\"475\">\n<p>Disciplinas<\/p>\n<\/td>\n<\/tr>\n<tr>\n<td colspan=\"2\" width=\"576\">\u00a0<\/td>\n<\/tr>\n<tr>\n<td width=\"102\">IF 1209<\/td>\n<td width=\"475\">\n<p><a href=\"http:\/\/r1.ufrrj.br\/wp\/ppgcaf\/wp-content\/uploads\/IF%201209%20semin%C3%A1rio(2).pdf\" target=\"_blank\">Semin\u00e1rios I<\/a><\/p>\n<\/td>\n<\/tr>\n<tr>\n<td width=\"102\">\n<p>IF 1225<\/p>\n<\/td>\n<td width=\"475\">\n<p><a href=\"http:\/\/r1.ufrrj.br\/wp\/ppgcaf\/wp-content\/uploads\/IF%201225%20Estatistica%20experimental-1.pdf\" target=\"_blank\">Estat\u00edstica Experimental Aplicada \u00e0 Ci\u00eancia Florestal<\/a><\/p>\n<\/td>\n<\/tr>\n<tr>\n<td width=\"102\">\n<p>IF 1224<\/p>\n<\/td>\n<td width=\"475\">\n<p><a href=\"http:\/\/r1.ufrrj.br\/wp\/ppgcaf\/wp-content\/uploads\/IF%201224%20An%C3%A1lise%20multivariada-1(2).pdf\" target=\"_blank\">An\u00e1lise Multivariada aplicada \u00e0 Ci\u00eancia Florestal<\/a><\/p>\n<\/td>\n<\/tr>\n<tr>\n<td width=\"102\">\n<p>IF 1218<\/p>\n<\/td>\n<td width=\"475\">\n<p><a href=\"http:\/\/r1.ufrrj.br\/wp\/ppgcaf\/wp-content\/uploads\/IF%201218%20Producao%20e%20Tecnologia%20de%20Sementes%20Florestais-1.pdf\">Produ\u00e7\u00e3o e Tecnologia de Semestres Florestais<\/a><\/p>\n<\/td>\n<\/tr>\n<tr>\n<td width=\"102\">\n<p>IF 1221<\/p>\n<\/td>\n<td width=\"475\">\n<p><a href=\"http:\/\/r1.ufrrj.br\/wp\/ppgcaf\/wp-content\/uploads\/IF-1221%20Pol%C3%ADtica%20e%20gest%C3%A3o%20florestal[1][1].pdf\">Pol\u00edtica e Gest\u00e3o Florestal<\/a><\/p>\n<\/td>\n<\/tr>\n<tr>\n<td width=\"102\">\n<p>IF 1222<\/p>\n<\/td>\n<td width=\"475\">\n<p><a href=\"http:\/\/r1.ufrrj.br\/wp\/ppgcaf\/wp-content\/uploads\/IF%201222%20Geotecnologias%20Aplicadas%20%C3%A0%20An%C3%A1lise%20Ambiental.pdf\">Geotecnologias aplicadas \u00e0 an\u00e1lise ambiental<\/a><\/p>\n<\/td>\n<\/tr>\n<tr>\n<td width=\"102\">\n<p>IF 1223<\/p>\n<\/td>\n<td width=\"475\">\n<p><a href=\"http:\/\/r1.ufrrj.br\/wp\/ppgcaf\/wp-content\/uploads\/IF%201223%20Biologia%20Floral-1.pdf\">Biologia Floral<\/a><\/p>\n<\/td>\n<\/tr>\n<tr>\n<td width=\"102\">\n<p>IF 1226<\/p>\n<\/td>\n<td width=\"475\">\n<p><a href=\"http:\/\/r1.ufrrj.br\/wp\/ppgcaf\/wp-content\/uploads\/IF%201226%20Propaga%C3%A7%C3%A3o%20de%20Esp%C3%A9cies%20Florestais-1.pdf\">Propaga\u00e7\u00e3o de esp\u00e9cies florestais<\/a><\/p>\n<\/td>\n<\/tr>\n<tr>\n<td width=\"102\">\n<p>IF 1227<\/p>\n<\/td>\n<td width=\"475\">\n<p><a href=\"http:\/\/r1.ufrrj.br\/wp\/ppgcaf\/wp-content\/uploads\/IF%201227%20Conserva%C3%A7%C3%A3o%20e%20Uso%20de%20Recurso%20Gen%C3%A9tico-1.pdf\">Conserva\u00e7\u00e3o e uso de recursos gen\u00e9ticos florestais<\/a><\/p>\n<\/td>\n<\/tr>\n<tr>\n<td width=\"102\">\n<p>IF 1228<\/p>\n<\/td>\n<td width=\"475\">\n<p><a href=\"http:\/\/r1.ufrrj.br\/wp\/ppgcaf\/wp-content\/uploads\/IF%201228%20Forma%C3%A7%C3%A3o%20de%20povoamentos%20florestais%20para%20produ%C3%A7%C3%A3o%20de%20madeira-1.pdf\">Forma\u00e7\u00e3o de Povoamentos Florestais para produ\u00e7\u00e3o de madeira<\/a><\/p>\n<\/td>\n<\/tr>\n<tr>\n<td width=\"102\">\n<p>IF 1229<\/p>\n<\/td>\n<td width=\"475\">\n<p><a href=\"http:\/\/r1.ufrrj.br\/wp\/ppgcaf\/wp-content\/uploads\/IF%201229%20T%C3%A9cnicas%20silviculturais%20restauracao%20florestal-1.pdf\">T\u00e9cnicas Silviculturais para restaura\u00e7\u00e3o florestal<\/a><\/p>\n<\/td>\n<\/tr>\n<tr>\n<td width=\"102\">\n<p>IF 1230<\/p>\n<\/td>\n<td width=\"475\">\n<p><a href=\"http:\/\/r1.ufrrj.br\/wp\/ppgcaf\/wp-content\/uploads\/IF%201230%20Nutri%C3%A7%C3%A3o%20e%20Fertiliza%C3%A7%C3%A3o%20Florestal-1.pdf\">Nutri\u00e7\u00e3o e Fertiliza\u00e7\u00e3o Florestal<\/a><\/p>\n<\/td>\n<\/tr>\n<tr>\n<td width=\"102\">\n<p>IF 1231<\/p>\n<\/td>\n<td width=\"475\">\n<p><a href=\"http:\/\/r1.ufrrj.br\/wp\/ppgcaf\/wp-content\/uploads\/IF%201231%20Ciclagem%20de%20nutrientes%20e%20qualidade%20de%20solos%20em%20florestas-1.pdf\">Ciclagem de Nutrientes e Qualidade do solo em Florestas<\/a><\/p>\n<\/td>\n<\/tr>\n<tr>\n<td width=\"102\">\n<p>IF 1232<\/p>\n<\/td>\n<td width=\"475\">\n<p><a href=\"http:\/\/r1.ufrrj.br\/wp\/ppgcaf\/wp-content\/uploads\/IF%201232%20Sistemas%20agroflorestais-1.pdf\">Sistemas Agroflorestais<\/a><\/p>\n<\/td>\n<\/tr>\n<tr>\n<td width=\"102\">\n<p>IF 1233<\/p>\n<\/td>\n<td width=\"475\">\n<p><a href=\"http:\/\/r1.ufrrj.br\/wp\/ppgcaf\/wp-content\/uploads\/IF%201233%20Uso%20multiplo%20de%20florestas%20naturais-2.pdf\">Uso M\u00faltiplo de Florestas Naturais<\/a><\/p>\n<\/td>\n<\/tr>\n<tr>\n<td width=\"102\">\n<p>IF 1234<\/p>\n<\/td>\n<td width=\"475\">\n<p><a href=\"http:\/\/r1.ufrrj.br\/wp\/ppgcaf\/wp-content\/uploads\/IF%201234%20Mensuracao%20florestal-1.pdf\">Mensura\u00e7\u00e3o Florestal<\/a><\/p>\n<\/td>\n<\/tr>\n<tr>\n<td width=\"102\">\n<p>IF 1235<\/p>\n<\/td>\n<td width=\"475\">\n<p><a href=\"http:\/\/r1.ufrrj.br\/wp\/ppgcaf\/wp-content\/uploads\/IF%201235%20Manejo%20planta%C3%A7%C3%B5es%20florestais-1.pdf\">Manejo de Planta\u00e7\u00f5es Florestais<\/a><\/p>\n<\/td>\n<\/tr>\n<\/tbody>\n<\/table>\n","protected":false},"excerpt":{"rendered":"<p>Disciplinas de P\u00f3s-Gradua\u00e7\u00e3o do Departamento de Silvicultura C\u00f3digo Disciplinas \u00a0 IF 1209 Semin\u00e1rios I IF 1225 Estat\u00edstica Experimental Aplicada \u00e0 Ci\u00eancia Florestal [&hellip;]<\/p>\n","protected":false},"author":8,"featured_media":0,"parent":273,"menu_order":0,"comment_status":"open","ping_status":"closed","template":"","meta":{"_acf_changed":false,"ngg_post_thumbnail":0,"_themeisle_gutenberg_block_has_review":false,"footnotes":"","_links_to":"","_links_to_target":""},"class_list":["post-210","page","type-page","status-publish","hentry"],"acf":[],"yoast_head":"<!-- This site is optimized with the Yoast SEO plugin v26.8 - https:\/\/yoast.com\/product\/yoast-seo-wordpress\/ -->\n<title>P\u00f3s-Gradua\u00e7\u00e3o (DS) - IF<\/title>\n<meta name=\"robots\" content=\"index, follow, max-snippet:-1, max-image-preview:large, max-video-preview:-1\" \/>\n<link rel=\"canonical\" href=\"https:\/\/institutos.ufrrj.br\/if\/departamento-de-silvicultura\/disciplinas-ds\/pos-graduacao-ds\/\" \/>\n<meta property=\"og:locale\" content=\"pt_BR\" \/>\n<meta property=\"og:type\" content=\"article\" \/>\n<meta property=\"og:title\" content=\"P\u00f3s-Gradua\u00e7\u00e3o (DS) - IF\" \/>\n<meta property=\"og:description\" content=\"Disciplinas de P\u00f3s-Gradua\u00e7\u00e3o do Departamento de Silvicultura C\u00f3digo Disciplinas \u00a0 IF 1209 Semin\u00e1rios I IF 1225 Estat\u00edstica Experimental Aplicada \u00e0 Ci\u00eancia Florestal [&hellip;]\" \/>\n<meta property=\"og:url\" content=\"https:\/\/institutos.ufrrj.br\/if\/departamento-de-silvicultura\/disciplinas-ds\/pos-graduacao-ds\/\" \/>\n<meta property=\"og:site_name\" content=\"IF\" \/>\n<meta property=\"article:modified_time\" content=\"2019-01-24T12:43:46+00:00\" \/>\n<meta name=\"twitter:card\" content=\"summary_large_image\" \/>\n<meta name=\"twitter:label1\" content=\"Est. tempo de leitura\" \/>\n\t<meta name=\"twitter:data1\" content=\"1 minuto\" \/>\n<script type=\"application\/ld+json\" class=\"yoast-schema-graph\">{\"@context\":\"https:\/\/schema.org\",\"@graph\":[{\"@type\":\"WebPage\",\"@id\":\"https:\/\/institutos.ufrrj.br\/if\/departamento-de-silvicultura\/disciplinas-ds\/pos-graduacao-ds\/\",\"url\":\"https:\/\/institutos.ufrrj.br\/if\/departamento-de-silvicultura\/disciplinas-ds\/pos-graduacao-ds\/\",\"name\":\"P\u00f3s-Gradua\u00e7\u00e3o (DS) - IF\",\"isPartOf\":{\"@id\":\"https:\/\/institutos.ufrrj.br\/if\/#website\"},\"datePublished\":\"2014-12-02T13:07:01+00:00\",\"dateModified\":\"2019-01-24T12:43:46+00:00\",\"breadcrumb\":{\"@id\":\"https:\/\/institutos.ufrrj.br\/if\/departamento-de-silvicultura\/disciplinas-ds\/pos-graduacao-ds\/#breadcrumb\"},\"inLanguage\":\"pt-BR\",\"potentialAction\":[{\"@type\":\"ReadAction\",\"target\":[\"https:\/\/institutos.ufrrj.br\/if\/departamento-de-silvicultura\/disciplinas-ds\/pos-graduacao-ds\/\"]}]},{\"@type\":\"BreadcrumbList\",\"@id\":\"https:\/\/institutos.ufrrj.br\/if\/departamento-de-silvicultura\/disciplinas-ds\/pos-graduacao-ds\/#breadcrumb\",\"itemListElement\":[{\"@type\":\"ListItem\",\"position\":1,\"name\":\"In\u00edcio\",\"item\":\"https:\/\/institutos.ufrrj.br\/if\/\"},{\"@type\":\"ListItem\",\"position\":2,\"name\":\"Departamento de Silvicultura\",\"item\":\"https:\/\/institutos.ufrrj.br\/if\/departamento-de-silvicultura\/\"},{\"@type\":\"ListItem\",\"position\":3,\"name\":\"Disciplinas (DS)\",\"item\":\"https:\/\/institutos.ufrrj.br\/if\/departamento-de-silvicultura\/disciplinas-ds\/\"},{\"@type\":\"ListItem\",\"position\":4,\"name\":\"P\u00f3s-Gradua\u00e7\u00e3o (DS)\"}]},{\"@type\":\"WebSite\",\"@id\":\"https:\/\/institutos.ufrrj.br\/if\/#website\",\"url\":\"https:\/\/institutos.ufrrj.br\/if\/\",\"name\":\"IF - Instituto de Floresta\",\"description\":\"Instituto de Florestas\",\"potentialAction\":[{\"@type\":\"SearchAction\",\"target\":{\"@type\":\"EntryPoint\",\"urlTemplate\":\"https:\/\/institutos.ufrrj.br\/if\/?s={search_term_string}\"},\"query-input\":{\"@type\":\"PropertyValueSpecification\",\"valueRequired\":true,\"valueName\":\"search_term_string\"}}],\"inLanguage\":\"pt-BR\"}]}<\/script>\n<!-- \/ Yoast SEO plugin. -->","yoast_head_json":{"title":"P\u00f3s-Gradua\u00e7\u00e3o (DS) - IF","robots":{"index":"index","follow":"follow","max-snippet":"max-snippet:-1","max-image-preview":"max-image-preview:large","max-video-preview":"max-video-preview:-1"},"canonical":"https:\/\/institutos.ufrrj.br\/if\/departamento-de-silvicultura\/disciplinas-ds\/pos-graduacao-ds\/","og_locale":"pt_BR","og_type":"article","og_title":"P\u00f3s-Gradua\u00e7\u00e3o (DS) - IF","og_description":"Disciplinas de P\u00f3s-Gradua\u00e7\u00e3o do Departamento de Silvicultura C\u00f3digo Disciplinas \u00a0 IF 1209 Semin\u00e1rios I IF 1225 Estat\u00edstica Experimental Aplicada \u00e0 Ci\u00eancia Florestal [&hellip;]","og_url":"https:\/\/institutos.ufrrj.br\/if\/departamento-de-silvicultura\/disciplinas-ds\/pos-graduacao-ds\/","og_site_name":"IF","article_modified_time":"2019-01-24T12:43:46+00:00","twitter_card":"summary_large_image","twitter_misc":{"Est. tempo de leitura":"1 minuto"},"schema":{"@context":"https:\/\/schema.org","@graph":[{"@type":"WebPage","@id":"https:\/\/institutos.ufrrj.br\/if\/departamento-de-silvicultura\/disciplinas-ds\/pos-graduacao-ds\/","url":"https:\/\/institutos.ufrrj.br\/if\/departamento-de-silvicultura\/disciplinas-ds\/pos-graduacao-ds\/","name":"P\u00f3s-Gradua\u00e7\u00e3o (DS) - IF","isPartOf":{"@id":"https:\/\/institutos.ufrrj.br\/if\/#website"},"datePublished":"2014-12-02T13:07:01+00:00","dateModified":"2019-01-24T12:43:46+00:00","breadcrumb":{"@id":"https:\/\/institutos.ufrrj.br\/if\/departamento-de-silvicultura\/disciplinas-ds\/pos-graduacao-ds\/#breadcrumb"},"inLanguage":"pt-BR","potentialAction":[{"@type":"ReadAction","target":["https:\/\/institutos.ufrrj.br\/if\/departamento-de-silvicultura\/disciplinas-ds\/pos-graduacao-ds\/"]}]},{"@type":"BreadcrumbList","@id":"https:\/\/institutos.ufrrj.br\/if\/departamento-de-silvicultura\/disciplinas-ds\/pos-graduacao-ds\/#breadcrumb","itemListElement":[{"@type":"ListItem","position":1,"name":"In\u00edcio","item":"https:\/\/institutos.ufrrj.br\/if\/"},{"@type":"ListItem","position":2,"name":"Departamento de Silvicultura","item":"https:\/\/institutos.ufrrj.br\/if\/departamento-de-silvicultura\/"},{"@type":"ListItem","position":3,"name":"Disciplinas (DS)","item":"https:\/\/institutos.ufrrj.br\/if\/departamento-de-silvicultura\/disciplinas-ds\/"},{"@type":"ListItem","position":4,"name":"P\u00f3s-Gradua\u00e7\u00e3o (DS)"}]},{"@type":"WebSite","@id":"https:\/\/institutos.ufrrj.br\/if\/#website","url":"https:\/\/institutos.ufrrj.br\/if\/","name":"IF - Instituto de Floresta","description":"Instituto de Florestas","potentialAction":[{"@type":"SearchAction","target":{"@type":"EntryPoint","urlTemplate":"https:\/\/institutos.ufrrj.br\/if\/?s={search_term_string}"},"query-input":{"@type":"PropertyValueSpecification","valueRequired":true,"valueName":"search_term_string"}}],"inLanguage":"pt-BR"}]}},"_links":{"self":[{"href":"https:\/\/institutos.ufrrj.br\/if\/wp-json\/wp\/v2\/pages\/210","targetHints":{"allow":["GET"]}}],"collection":[{"href":"https:\/\/institutos.ufrrj.br\/if\/wp-json\/wp\/v2\/pages"}],"about":[{"href":"https:\/\/institutos.ufrrj.br\/if\/wp-json\/wp\/v2\/types\/page"}],"author":[{"embeddable":true,"href":"https:\/\/institutos.ufrrj.br\/if\/wp-json\/wp\/v2\/users\/8"}],"replies":[{"embeddable":true,"href":"https:\/\/institutos.ufrrj.br\/if\/wp-json\/wp\/v2\/comments?post=210"}],"version-history":[{"count":5,"href":"https:\/\/institutos.ufrrj.br\/if\/wp-json\/wp\/v2\/pages\/210\/revisions"}],"predecessor-version":[{"id":231,"href":"https:\/\/institutos.ufrrj.br\/if\/wp-json\/wp\/v2\/pages\/210\/revisions\/231"}],"up":[{"embeddable":true,"href":"https:\/\/institutos.ufrrj.br\/if\/wp-json\/wp\/v2\/pages\/273"}],"wp:attachment":[{"href":"https:\/\/institutos.ufrrj.br\/if\/wp-json\/wp\/v2\/media?parent=210"}],"curies":[{"name":"wp","href":"https:\/\/api.w.org\/{rel}","templated":true}]}}