{"id":212,"date":"2014-12-02T13:07:11","date_gmt":"2014-12-02T13:07:11","guid":{"rendered":"http:\/\/institutos.ufrrj.br\/if\/?page_id=212"},"modified":"2019-01-24T12:33:29","modified_gmt":"2019-01-24T12:33:29","slug":"graduacao-dpf","status":"publish","type":"page","link":"https:\/\/institutos.ufrrj.br\/if\/departamento-de-produtos-florestais\/disciplinas-dpf\/graduacao-dpf\/","title":{"rendered":"Gradua\u00e7\u00e3o (DPF)"},"content":{"rendered":"<h3 style=\"text-align: left\">O Departamento de Produtos Florestais, do Instituto de Florestas, oferece as seguintes disciplinas ao n\u00edvel de gradua\u00e7\u00e3o:<\/h3>\n<p><span style=\"color: #ff0000\">* Clique no nome da disciplina para ter acesso ao seu programa anal\u00edtico e \u00e0 sua ementa.<\/span><\/p>\n<p style=\"text-align: left\"><a href=\"http:\/\/institutos.ufrrj.br\/if\/wp-content\/uploads\/sites\/5\/2017\/12\/IF-301-Anatomia-da-madeira.pdf\" target=\"_blank\" rel=\"noopener\"><strong>IF 301 &#8211; Anatomia da madeira<\/strong><\/a><\/p>\n<p style=\"text-align: left\"><strong><a href=\"http:\/\/institutos.ufrrj.br\/if\/wp-content\/uploads\/sites\/5\/2017\/12\/IF-303-Industrializa\u00e7\u00e3o-de-Produtos-Florestais.pdf\">IF 303 &#8211; Industrializa\u00e7\u00e3o de Produtos Florestais<\/a><\/strong><\/p>\n<p style=\"text-align: left\"><a href=\"http:\/\/institutos.ufrrj.br\/if\/wp-content\/uploads\/sites\/5\/2018\/07\/IF-307-PROCESSAMENTO-MEC\u00c2NICO-DA-MADEIRA.pdf\" target=\"_blank\" rel=\"noopener\"><strong>IF 307 \u2013 Processamento mec\u00e2nico da madeira<\/strong><\/a><\/p>\n<p style=\"text-align: left\"><strong><a href=\"http:\/\/institutos.ufrrj.br\/if\/wp-content\/uploads\/sites\/5\/2017\/12\/IF-316-Deteriora\u00e7\u00e3o-e-preserva\u00e7\u00e3o-da-madeira.pdf\" target=\"_blank\" rel=\"noopener\">IF 316 &#8211; Deteriora\u00e7\u00e3o e preserva\u00e7\u00e3o da madeira<\/a><\/strong><\/p>\n<p style=\"text-align: left\"><a href=\"http:\/\/institutos.ufrrj.br\/if\/wp-content\/uploads\/sites\/5\/2018\/07\/IF-317-ESTRUTURAS-DE-MADEIRA.pdf\" target=\"_blank\" rel=\"noopener\"><strong>IF 317 \u2013 Estruturas de madeira<\/strong><\/a><\/p>\n<p style=\"text-align: left\"><strong><a href=\"http:\/\/institutos.ufrrj.br\/if\/wp-content\/uploads\/sites\/5\/2017\/12\/IF-319-Qu\u00edmica-e-bioqu\u00edmica-da-madeira.pdf\" target=\"_blank\" rel=\"noopener\">IF 319 &#8211; Qu\u00edmica e bioqu\u00edmica da madeira<\/a><\/strong><\/p>\n<p style=\"text-align: left\"><strong><a href=\"http:\/\/institutos.ufrrj.br\/if\/wp-content\/uploads\/sites\/5\/2017\/12\/IF-320-Celulose-papel-e-energia-da-madeira.pdf\" target=\"_blank\" rel=\"noopener\">IF 320 &#8211; Celulose, papel e energia da madeira<\/a><\/strong><\/p>\n<p><strong><a href=\"http:\/\/institutos.ufrrj.br\/if\/wp-content\/uploads\/sites\/5\/2017\/12\/IF-321-Gerenciamento-da-qualidade-na-ind\u00fastria-madeireira.pdf\" target=\"_blank\" rel=\"noopener\">IF 321 &#8211; Gerenciamento da qualidade na ind\u00fastria madeireira<\/a><\/strong><\/p>\n<p style=\"text-align: left\"><strong><a href=\"http:\/\/institutos.ufrrj.br\/if\/wp-content\/uploads\/sites\/5\/2018\/01\/IF-322-Tecnologia-da-Madeira.pdf\" target=\"_blank\" rel=\"noopener\">IF 322 &#8211; Tecnologia da Madeira<\/a><\/strong><\/p>\n<p style=\"text-align: left\"><strong><a href=\"http:\/\/institutos.ufrrj.br\/if\/wp-content\/uploads\/sites\/5\/2017\/12\/IF-323-Reciclagem-de-papel.pdf\">IF 323 &#8211; Reciclagem de papel<\/a><\/strong><\/p>\n<p style=\"text-align: left\"><a href=\"http:\/\/institutos.ufrrj.br\/if\/wp-content\/uploads\/sites\/5\/2018\/07\/IF-324-ESTRUTURAS-DE-MADEIRA-II.pdf\" target=\"_blank\" rel=\"noopener\"><strong>IF 324 &#8211; Estruturas de madeira II<\/strong><\/a><\/p>\n<p style=\"text-align: left\"><strong><a href=\"http:\/\/institutos.ufrrj.br\/if\/wp-content\/uploads\/sites\/5\/2017\/12\/IF-325-Planejamento-da-ind\u00fastria-madeireira.pdf\" target=\"_blank\" rel=\"noopener\">IF 325 &#8211; Planejamento da ind\u00fastria madeireira<\/a><\/strong><\/p>\n<p style=\"text-align: left\"><a href=\"http:\/\/institutos.ufrrj.br\/if\/wp-content\/uploads\/sites\/5\/2018\/07\/IF-326-CONTROLE-DE-POLUI\u00c7\u00c3O-NA-IND\u00daSTRIA-FLORESTAL.pdf\" target=\"_blank\" rel=\"noopener\"><strong>IF 326 &#8211; Controle da polui\u00e7\u00e3o na ind\u00fastria florestal<\/strong><\/a><\/p>\n<p style=\"text-align: left\"><strong><a href=\"http:\/\/institutos.ufrrj.br\/if\/wp-content\/uploads\/sites\/5\/2018\/01\/IF-327-Tecnologia-de-Produtos-Florestais-N\u00e3o-madeireiros.pdf\" target=\"_blank\" rel=\"noopener\">IF 327 &#8211; Tecnologia de Produtos Florestais N\u00e3o madeireiros<\/a><\/strong><\/p>\n<p style=\"text-align: left\"><a href=\"http:\/\/institutos.ufrrj.br\/if\/wp-content\/uploads\/sites\/5\/2018\/07\/IF-328-GERENCIAMENTO-DE-RES\u00cdDUOS-FLORESTAIS-E-MADEIREIROS.pdf\" target=\"_blank\" rel=\"noopener\"><strong>IF 328 &#8211; Gerenciamento de res\u00edduos florestais e madeireiros<\/strong><\/a><\/p>\n<p style=\"text-align: left\"><strong><a href=\"http:\/\/institutos.ufrrj.br\/if\/wp-content\/uploads\/sites\/5\/2017\/12\/IF-329-Qualidade-tecnol\u00f3gica-da-madeira.pdf\" target=\"_blank\" rel=\"noopener\">IF 329 &#8211; Qualidade tecnol\u00f3gica da madeira<\/a><\/strong><\/p>\n<p style=\"text-align: left\"><strong><a href=\"http:\/\/institutos.ufrrj.br\/if\/wp-content\/uploads\/sites\/5\/2017\/12\/IF-330-Secagem-da-madeira.pdf\" target=\"_blank\" rel=\"noopener\">IF 330 &#8211; Secagem da madeira<\/a><\/strong><\/p>\n<p style=\"text-align: left\"><strong><a href=\"http:\/\/institutos.ufrrj.br\/if\/wp-content\/uploads\/sites\/5\/2017\/12\/IF-332-Pr\u00e1ticas-em-Mecanica-e-Estruturas-de-Madeira.pdf\" target=\"_blank\" rel=\"noopener\">IF 332 &#8211; Pr\u00e1ticas em Mec\u00e2nica e Estruturas de Madeira<\/a><\/strong><\/p>\n<p style=\"text-align: left\"><strong><a href=\"http:\/\/institutos.ufrrj.br\/if\/wp-content\/uploads\/sites\/5\/2017\/12\/IF-331-Metodologia-cient\u00edfica-aplicada-\u00e0-ci\u00eancia-florestal.pdf\" target=\"_blank\" rel=\"noopener\">IF 331 &#8211; Metodologia cient\u00edfica aplicada \u00e0 ci\u00eancia florestal<\/a><\/strong><\/p>\n","protected":false},"excerpt":{"rendered":"<p>O Departamento de Produtos Florestais, do Instituto de Florestas, oferece as seguintes disciplinas ao n\u00edvel de gradua\u00e7\u00e3o: * Clique no nome da [&hellip;]<\/p>\n","protected":false},"author":8,"featured_media":0,"parent":271,"menu_order":0,"comment_status":"open","ping_status":"closed","template":"","meta":{"_acf_changed":false,"ngg_post_thumbnail":0,"_themeisle_gutenberg_block_has_review":false,"footnotes":"","_links_to":"","_links_to_target":""},"class_list":["post-212","page","type-page","status-publish","hentry"],"acf":[],"yoast_head":"<!-- This site is optimized with the Yoast SEO plugin v26.8 - https:\/\/yoast.com\/product\/yoast-seo-wordpress\/ -->\n<title>Gradua\u00e7\u00e3o (DPF) - IF<\/title>\n<meta name=\"robots\" content=\"index, follow, max-snippet:-1, max-image-preview:large, max-video-preview:-1\" \/>\n<link rel=\"canonical\" href=\"https:\/\/institutos.ufrrj.br\/if\/departamento-de-produtos-florestais\/disciplinas-dpf\/graduacao-dpf\/\" \/>\n<meta property=\"og:locale\" content=\"pt_BR\" \/>\n<meta property=\"og:type\" content=\"article\" \/>\n<meta property=\"og:title\" content=\"Gradua\u00e7\u00e3o (DPF) - IF\" \/>\n<meta property=\"og:description\" content=\"O Departamento de Produtos Florestais, do Instituto de Florestas, oferece as seguintes disciplinas ao n\u00edvel de gradua\u00e7\u00e3o: * Clique no nome da [&hellip;]\" \/>\n<meta property=\"og:url\" content=\"https:\/\/institutos.ufrrj.br\/if\/departamento-de-produtos-florestais\/disciplinas-dpf\/graduacao-dpf\/\" \/>\n<meta property=\"og:site_name\" content=\"IF\" \/>\n<meta property=\"article:modified_time\" content=\"2019-01-24T12:33:29+00:00\" \/>\n<meta name=\"twitter:card\" content=\"summary_large_image\" \/>\n<meta name=\"twitter:label1\" content=\"Est. tempo de leitura\" \/>\n\t<meta name=\"twitter:data1\" content=\"1 minuto\" \/>\n<script type=\"application\/ld+json\" class=\"yoast-schema-graph\">{\"@context\":\"https:\/\/schema.org\",\"@graph\":[{\"@type\":\"WebPage\",\"@id\":\"https:\/\/institutos.ufrrj.br\/if\/departamento-de-produtos-florestais\/disciplinas-dpf\/graduacao-dpf\/\",\"url\":\"https:\/\/institutos.ufrrj.br\/if\/departamento-de-produtos-florestais\/disciplinas-dpf\/graduacao-dpf\/\",\"name\":\"Gradua\u00e7\u00e3o (DPF) - IF\",\"isPartOf\":{\"@id\":\"https:\/\/institutos.ufrrj.br\/if\/#website\"},\"datePublished\":\"2014-12-02T13:07:11+00:00\",\"dateModified\":\"2019-01-24T12:33:29+00:00\",\"breadcrumb\":{\"@id\":\"https:\/\/institutos.ufrrj.br\/if\/departamento-de-produtos-florestais\/disciplinas-dpf\/graduacao-dpf\/#breadcrumb\"},\"inLanguage\":\"pt-BR\",\"potentialAction\":[{\"@type\":\"ReadAction\",\"target\":[\"https:\/\/institutos.ufrrj.br\/if\/departamento-de-produtos-florestais\/disciplinas-dpf\/graduacao-dpf\/\"]}]},{\"@type\":\"BreadcrumbList\",\"@id\":\"https:\/\/institutos.ufrrj.br\/if\/departamento-de-produtos-florestais\/disciplinas-dpf\/graduacao-dpf\/#breadcrumb\",\"itemListElement\":[{\"@type\":\"ListItem\",\"position\":1,\"name\":\"In\u00edcio\",\"item\":\"https:\/\/institutos.ufrrj.br\/if\/\"},{\"@type\":\"ListItem\",\"position\":2,\"name\":\"Departamento de Produtos Florestais\",\"item\":\"https:\/\/institutos.ufrrj.br\/if\/departamento-de-produtos-florestais\/\"},{\"@type\":\"ListItem\",\"position\":3,\"name\":\"Disciplinas (DPF)\",\"item\":\"https:\/\/institutos.ufrrj.br\/if\/departamento-de-produtos-florestais\/disciplinas-dpf\/\"},{\"@type\":\"ListItem\",\"position\":4,\"name\":\"Gradua\u00e7\u00e3o (DPF)\"}]},{\"@type\":\"WebSite\",\"@id\":\"https:\/\/institutos.ufrrj.br\/if\/#website\",\"url\":\"https:\/\/institutos.ufrrj.br\/if\/\",\"name\":\"IF - Instituto de Floresta\",\"description\":\"Instituto de Florestas\",\"potentialAction\":[{\"@type\":\"SearchAction\",\"target\":{\"@type\":\"EntryPoint\",\"urlTemplate\":\"https:\/\/institutos.ufrrj.br\/if\/?s={search_term_string}\"},\"query-input\":{\"@type\":\"PropertyValueSpecification\",\"valueRequired\":true,\"valueName\":\"search_term_string\"}}],\"inLanguage\":\"pt-BR\"}]}<\/script>\n<!-- \/ Yoast SEO plugin. -->","yoast_head_json":{"title":"Gradua\u00e7\u00e3o (DPF) - IF","robots":{"index":"index","follow":"follow","max-snippet":"max-snippet:-1","max-image-preview":"max-image-preview:large","max-video-preview":"max-video-preview:-1"},"canonical":"https:\/\/institutos.ufrrj.br\/if\/departamento-de-produtos-florestais\/disciplinas-dpf\/graduacao-dpf\/","og_locale":"pt_BR","og_type":"article","og_title":"Gradua\u00e7\u00e3o (DPF) - IF","og_description":"O Departamento de Produtos Florestais, do Instituto de Florestas, oferece as seguintes disciplinas ao n\u00edvel de gradua\u00e7\u00e3o: * Clique no nome da [&hellip;]","og_url":"https:\/\/institutos.ufrrj.br\/if\/departamento-de-produtos-florestais\/disciplinas-dpf\/graduacao-dpf\/","og_site_name":"IF","article_modified_time":"2019-01-24T12:33:29+00:00","twitter_card":"summary_large_image","twitter_misc":{"Est. tempo de leitura":"1 minuto"},"schema":{"@context":"https:\/\/schema.org","@graph":[{"@type":"WebPage","@id":"https:\/\/institutos.ufrrj.br\/if\/departamento-de-produtos-florestais\/disciplinas-dpf\/graduacao-dpf\/","url":"https:\/\/institutos.ufrrj.br\/if\/departamento-de-produtos-florestais\/disciplinas-dpf\/graduacao-dpf\/","name":"Gradua\u00e7\u00e3o (DPF) - IF","isPartOf":{"@id":"https:\/\/institutos.ufrrj.br\/if\/#website"},"datePublished":"2014-12-02T13:07:11+00:00","dateModified":"2019-01-24T12:33:29+00:00","breadcrumb":{"@id":"https:\/\/institutos.ufrrj.br\/if\/departamento-de-produtos-florestais\/disciplinas-dpf\/graduacao-dpf\/#breadcrumb"},"inLanguage":"pt-BR","potentialAction":[{"@type":"ReadAction","target":["https:\/\/institutos.ufrrj.br\/if\/departamento-de-produtos-florestais\/disciplinas-dpf\/graduacao-dpf\/"]}]},{"@type":"BreadcrumbList","@id":"https:\/\/institutos.ufrrj.br\/if\/departamento-de-produtos-florestais\/disciplinas-dpf\/graduacao-dpf\/#breadcrumb","itemListElement":[{"@type":"ListItem","position":1,"name":"In\u00edcio","item":"https:\/\/institutos.ufrrj.br\/if\/"},{"@type":"ListItem","position":2,"name":"Departamento de Produtos Florestais","item":"https:\/\/institutos.ufrrj.br\/if\/departamento-de-produtos-florestais\/"},{"@type":"ListItem","position":3,"name":"Disciplinas (DPF)","item":"https:\/\/institutos.ufrrj.br\/if\/departamento-de-produtos-florestais\/disciplinas-dpf\/"},{"@type":"ListItem","position":4,"name":"Gradua\u00e7\u00e3o (DPF)"}]},{"@type":"WebSite","@id":"https:\/\/institutos.ufrrj.br\/if\/#website","url":"https:\/\/institutos.ufrrj.br\/if\/","name":"IF - Instituto de Floresta","description":"Instituto de Florestas","potentialAction":[{"@type":"SearchAction","target":{"@type":"EntryPoint","urlTemplate":"https:\/\/institutos.ufrrj.br\/if\/?s={search_term_string}"},"query-input":{"@type":"PropertyValueSpecification","valueRequired":true,"valueName":"search_term_string"}}],"inLanguage":"pt-BR"}]}},"_links":{"self":[{"href":"https:\/\/institutos.ufrrj.br\/if\/wp-json\/wp\/v2\/pages\/212","targetHints":{"allow":["GET"]}}],"collection":[{"href":"https:\/\/institutos.ufrrj.br\/if\/wp-json\/wp\/v2\/pages"}],"about":[{"href":"https:\/\/institutos.ufrrj.br\/if\/wp-json\/wp\/v2\/types\/page"}],"author":[{"embeddable":true,"href":"https:\/\/institutos.ufrrj.br\/if\/wp-json\/wp\/v2\/users\/8"}],"replies":[{"embeddable":true,"href":"https:\/\/institutos.ufrrj.br\/if\/wp-json\/wp\/v2\/comments?post=212"}],"version-history":[{"count":12,"href":"https:\/\/institutos.ufrrj.br\/if\/wp-json\/wp\/v2\/pages\/212\/revisions"}],"predecessor-version":[{"id":3005,"href":"https:\/\/institutos.ufrrj.br\/if\/wp-json\/wp\/v2\/pages\/212\/revisions\/3005"}],"up":[{"embeddable":true,"href":"https:\/\/institutos.ufrrj.br\/if\/wp-json\/wp\/v2\/pages\/271"}],"wp:attachment":[{"href":"https:\/\/institutos.ufrrj.br\/if\/wp-json\/wp\/v2\/media?parent=212"}],"curies":[{"name":"wp","href":"https:\/\/api.w.org\/{rel}","templated":true}]}}