{"id":2134,"date":"2016-07-19T16:58:45","date_gmt":"2016-07-19T16:58:45","guid":{"rendered":"http:\/\/institutos.ufrrj.br\/if\/?page_id=2134"},"modified":"2016-07-19T17:01:06","modified_gmt":"2016-07-19T17:01:06","slug":"informacoes-e-denuncias","status":"publish","type":"page","link":"https:\/\/institutos.ufrrj.br\/if\/informacoes-e-denuncias\/","title":{"rendered":"Informa\u00e7\u00f5es e Den\u00fancias"},"content":{"rendered":"<p>Caso deseje solicitar informa\u00e7\u00f5es ou realizar alguma den\u00fancia utilize os canais a seguir:<\/p>\n<ul>\n<li>Secretaria do IF &#8211; (21) 2681-4989<\/li>\n<li>DGV (021) 2681-4998 (http:\/\/institucional.ufrrj.br\/dgv\/)<\/li>\n<li>Ouvidoria UFRRJ &#8211; (<a href=\"http:\/\/portal.ufrrj.br\/ouvidoria\/\">http:\/\/portal.ufrrj.br\/ouvidoria\/<\/a>)<\/li>\n<li>Minist\u00e9rio P\u00fablico (http:\/\/aplicativos.pgr.mpf.mp.br\/ouvidoria\/portal\/index.html)<\/li>\n<\/ul>\n","protected":false},"excerpt":{"rendered":"<p>Caso deseje solicitar informa\u00e7\u00f5es ou realizar alguma den\u00fancia utilize os canais a seguir: Secretaria do IF &#8211; (21) 2681-4989 DGV (021) 2681-4998 [&hellip;]<\/p>\n","protected":false},"author":8,"featured_media":0,"parent":0,"menu_order":0,"comment_status":"closed","ping_status":"closed","template":"","meta":{"_acf_changed":false,"ngg_post_thumbnail":0,"_themeisle_gutenberg_block_has_review":false,"footnotes":"","_links_to":"","_links_to_target":""},"class_list":["post-2134","page","type-page","status-publish","hentry"],"acf":[],"yoast_head":"<!-- This site is optimized with the Yoast SEO plugin v26.8 - https:\/\/yoast.com\/product\/yoast-seo-wordpress\/ -->\n<title>Informa\u00e7\u00f5es e Den\u00fancias - IF<\/title>\n<meta name=\"robots\" content=\"index, follow, max-snippet:-1, max-image-preview:large, max-video-preview:-1\" \/>\n<link rel=\"canonical\" href=\"https:\/\/institutos.ufrrj.br\/if\/informacoes-e-denuncias\/\" \/>\n<meta property=\"og:locale\" content=\"pt_BR\" \/>\n<meta property=\"og:type\" content=\"article\" \/>\n<meta property=\"og:title\" content=\"Informa\u00e7\u00f5es e Den\u00fancias - IF\" \/>\n<meta property=\"og:description\" content=\"Caso deseje solicitar informa\u00e7\u00f5es ou realizar alguma den\u00fancia utilize os canais a seguir: Secretaria do IF &#8211; (21) 2681-4989 DGV (021) 2681-4998 [&hellip;]\" \/>\n<meta property=\"og:url\" content=\"https:\/\/institutos.ufrrj.br\/if\/informacoes-e-denuncias\/\" \/>\n<meta property=\"og:site_name\" content=\"IF\" \/>\n<meta property=\"article:modified_time\" content=\"2016-07-19T17:01:06+00:00\" \/>\n<meta name=\"twitter:card\" content=\"summary_large_image\" \/>\n<script type=\"application\/ld+json\" class=\"yoast-schema-graph\">{\"@context\":\"https:\/\/schema.org\",\"@graph\":[{\"@type\":\"WebPage\",\"@id\":\"https:\/\/institutos.ufrrj.br\/if\/informacoes-e-denuncias\/\",\"url\":\"https:\/\/institutos.ufrrj.br\/if\/informacoes-e-denuncias\/\",\"name\":\"Informa\u00e7\u00f5es e Den\u00fancias - IF\",\"isPartOf\":{\"@id\":\"https:\/\/institutos.ufrrj.br\/if\/#website\"},\"datePublished\":\"2016-07-19T16:58:45+00:00\",\"dateModified\":\"2016-07-19T17:01:06+00:00\",\"breadcrumb\":{\"@id\":\"https:\/\/institutos.ufrrj.br\/if\/informacoes-e-denuncias\/#breadcrumb\"},\"inLanguage\":\"pt-BR\",\"potentialAction\":[{\"@type\":\"ReadAction\",\"target\":[\"https:\/\/institutos.ufrrj.br\/if\/informacoes-e-denuncias\/\"]}]},{\"@type\":\"BreadcrumbList\",\"@id\":\"https:\/\/institutos.ufrrj.br\/if\/informacoes-e-denuncias\/#breadcrumb\",\"itemListElement\":[{\"@type\":\"ListItem\",\"position\":1,\"name\":\"In\u00edcio\",\"item\":\"https:\/\/institutos.ufrrj.br\/if\/\"},{\"@type\":\"ListItem\",\"position\":2,\"name\":\"Informa\u00e7\u00f5es e Den\u00fancias\"}]},{\"@type\":\"WebSite\",\"@id\":\"https:\/\/institutos.ufrrj.br\/if\/#website\",\"url\":\"https:\/\/institutos.ufrrj.br\/if\/\",\"name\":\"IF - Instituto de Floresta\",\"description\":\"Instituto de Florestas\",\"potentialAction\":[{\"@type\":\"SearchAction\",\"target\":{\"@type\":\"EntryPoint\",\"urlTemplate\":\"https:\/\/institutos.ufrrj.br\/if\/?s={search_term_string}\"},\"query-input\":{\"@type\":\"PropertyValueSpecification\",\"valueRequired\":true,\"valueName\":\"search_term_string\"}}],\"inLanguage\":\"pt-BR\"}]}<\/script>\n<!-- \/ Yoast SEO plugin. -->","yoast_head_json":{"title":"Informa\u00e7\u00f5es e Den\u00fancias - IF","robots":{"index":"index","follow":"follow","max-snippet":"max-snippet:-1","max-image-preview":"max-image-preview:large","max-video-preview":"max-video-preview:-1"},"canonical":"https:\/\/institutos.ufrrj.br\/if\/informacoes-e-denuncias\/","og_locale":"pt_BR","og_type":"article","og_title":"Informa\u00e7\u00f5es e Den\u00fancias - IF","og_description":"Caso deseje solicitar informa\u00e7\u00f5es ou realizar alguma den\u00fancia utilize os canais a seguir: Secretaria do IF &#8211; (21) 2681-4989 DGV (021) 2681-4998 [&hellip;]","og_url":"https:\/\/institutos.ufrrj.br\/if\/informacoes-e-denuncias\/","og_site_name":"IF","article_modified_time":"2016-07-19T17:01:06+00:00","twitter_card":"summary_large_image","schema":{"@context":"https:\/\/schema.org","@graph":[{"@type":"WebPage","@id":"https:\/\/institutos.ufrrj.br\/if\/informacoes-e-denuncias\/","url":"https:\/\/institutos.ufrrj.br\/if\/informacoes-e-denuncias\/","name":"Informa\u00e7\u00f5es e Den\u00fancias - IF","isPartOf":{"@id":"https:\/\/institutos.ufrrj.br\/if\/#website"},"datePublished":"2016-07-19T16:58:45+00:00","dateModified":"2016-07-19T17:01:06+00:00","breadcrumb":{"@id":"https:\/\/institutos.ufrrj.br\/if\/informacoes-e-denuncias\/#breadcrumb"},"inLanguage":"pt-BR","potentialAction":[{"@type":"ReadAction","target":["https:\/\/institutos.ufrrj.br\/if\/informacoes-e-denuncias\/"]}]},{"@type":"BreadcrumbList","@id":"https:\/\/institutos.ufrrj.br\/if\/informacoes-e-denuncias\/#breadcrumb","itemListElement":[{"@type":"ListItem","position":1,"name":"In\u00edcio","item":"https:\/\/institutos.ufrrj.br\/if\/"},{"@type":"ListItem","position":2,"name":"Informa\u00e7\u00f5es e Den\u00fancias"}]},{"@type":"WebSite","@id":"https:\/\/institutos.ufrrj.br\/if\/#website","url":"https:\/\/institutos.ufrrj.br\/if\/","name":"IF - Instituto de Floresta","description":"Instituto de Florestas","potentialAction":[{"@type":"SearchAction","target":{"@type":"EntryPoint","urlTemplate":"https:\/\/institutos.ufrrj.br\/if\/?s={search_term_string}"},"query-input":{"@type":"PropertyValueSpecification","valueRequired":true,"valueName":"search_term_string"}}],"inLanguage":"pt-BR"}]}},"_links":{"self":[{"href":"https:\/\/institutos.ufrrj.br\/if\/wp-json\/wp\/v2\/pages\/2134","targetHints":{"allow":["GET"]}}],"collection":[{"href":"https:\/\/institutos.ufrrj.br\/if\/wp-json\/wp\/v2\/pages"}],"about":[{"href":"https:\/\/institutos.ufrrj.br\/if\/wp-json\/wp\/v2\/types\/page"}],"author":[{"embeddable":true,"href":"https:\/\/institutos.ufrrj.br\/if\/wp-json\/wp\/v2\/users\/8"}],"replies":[{"embeddable":true,"href":"https:\/\/institutos.ufrrj.br\/if\/wp-json\/wp\/v2\/comments?post=2134"}],"version-history":[{"count":3,"href":"https:\/\/institutos.ufrrj.br\/if\/wp-json\/wp\/v2\/pages\/2134\/revisions"}],"predecessor-version":[{"id":2137,"href":"https:\/\/institutos.ufrrj.br\/if\/wp-json\/wp\/v2\/pages\/2134\/revisions\/2137"}],"wp:attachment":[{"href":"https:\/\/institutos.ufrrj.br\/if\/wp-json\/wp\/v2\/media?parent=2134"}],"curies":[{"name":"wp","href":"https:\/\/api.w.org\/{rel}","templated":true}]}}