{"id":214,"date":"2014-12-02T13:07:28","date_gmt":"2014-12-02T13:07:28","guid":{"rendered":"http:\/\/institutos.ufrrj.br\/if\/?page_id=214"},"modified":"2019-05-14T16:19:48","modified_gmt":"2019-05-14T16:19:48","slug":"graduacao-ds","status":"publish","type":"page","link":"https:\/\/institutos.ufrrj.br\/if\/departamento-de-silvicultura\/disciplinas-ds\/graduacao-ds\/","title":{"rendered":"Gradua\u00e7\u00e3o (DS)"},"content":{"rendered":"<h5 style=\"text-align: left\">O Departamento de Silvicultura do Instituto de Florestas oferece as seguintes disciplinas ao n\u00edvel de gradua\u00e7\u00e3o:<\/h5>\n<p style=\"text-align: left\"><span style=\"color: #ff0000\">* Clique no nome da disciplina para ter acesso ao seu programa anal\u00edtico e \u00e0 sua ementa.<\/span><\/p>\n<p style=\"text-align: left\"><strong><span style=\"color: #800000\"><a href=\"http:\/\/institutos.ufrrj.br\/if\/wp-content\/uploads\/sites\/5\/2017\/12\/IF-203-INVENT\u00c1RIO-FLORESTAL.pdf\" target=\"_blank\" rel=\"noopener\">IF 203 \u2013 Invent\u00e1rio Florestal<\/a><\/span><\/strong><\/p>\n<p style=\"text-align: left\"><strong><span style=\"color: #800000\"><a href=\"http:\/\/institutos.ufrrj.br\/if\/wp-content\/uploads\/sites\/5\/2017\/12\/IF-204_Manejo-de-Florestas.pdf\">IF 204 <\/a><a href=\"http:\/\/institutos.ufrrj.br\/if\/wp-content\/uploads\/sites\/5\/2017\/12\/IF-203-INVENT\u00c1RIO-FLORESTAL.pdf\" target=\"_blank\" rel=\"noopener\">\u2013<\/a><a href=\"http:\/\/institutos.ufrrj.br\/if\/wp-content\/uploads\/sites\/5\/2017\/12\/IF-204_Manejo-de-Florestas.pdf\" target=\"_blank\" rel=\"noopener\"> Manejo de Florestas<\/a><\/span><\/strong><\/p>\n<p style=\"text-align: left\"><strong><a href=\"http:\/\/institutos.ufrrj.br\/if\/wp-content\/uploads\/sites\/5\/2017\/12\/IF-213-INTRODU\u00c7\u00c3O-\u00c0-CI\u00caNCIA-FLORESTAL.pdf\" target=\"_blank\" rel=\"noopener\">IF 213 &#8211; Introdu\u00e7\u00e3o \u00e0 Ci\u00eancia Florestal<\/a><\/strong><\/p>\n<p><strong><a href=\"http:\/\/institutos.ufrrj.br\/if\/wp-content\/uploads\/sites\/5\/2019\/05\/IF214_Silvicultura-Basica.pdf\" target=\"_blank\" rel=\"noopener\">IF214 &#8211; Silvicultura B\u00e1sica<\/a><\/strong><\/p>\n<p style=\"text-align: left\"><a href=\"http:\/\/institutos.ufrrj.br\/if\/wp-content\/uploads\/sites\/5\/2017\/12\/IF-217-Producao-e-Tecnologia-de-Sementes-Florestais.pdf\" target=\"_blank\" rel=\"noopener\"><strong>IF 217 &#8211; Produ\u00e7\u00e3o e Tecnologia de Sementes Florestais<\/strong><\/a><\/p>\n<p style=\"text-align: left\"><a href=\"http:\/\/institutos.ufrrj.br\/if\/wp-content\/uploads\/sites\/5\/2017\/12\/IF-221_Comercializacao-de-Produtos-Florestais-1.pdf\" target=\"_blank\" rel=\"noopener\"><strong>IF 221 &#8211; Comercializa\u00e7\u00e3o de Produtos Florestais<\/strong><\/a><\/p>\n<p style=\"text-align: left\"><strong><a href=\"http:\/\/institutos.ufrrj.br\/if\/wp-content\/uploads\/sites\/5\/2017\/12\/IF-222_Biologia-Reprodutiva-e-Conserva\u00e7\u00e3o-de-Esp\u00e9cies-Arb\u00f3reas.pdf\" target=\"_blank\" rel=\"noopener\">IF 222 &#8211; Biologia Reprodutiva e Conserva\u00e7\u00e3o de Esp\u00e9cies Arb\u00f3reas<\/a><\/strong><\/p>\n<p style=\"text-align: left\"><strong><a href=\"http:\/\/institutos.ufrrj.br\/if\/wp-content\/uploads\/sites\/5\/2017\/12\/IF-223_Monografia-e-Semin\u00e1rio.pdf\" target=\"_blank\" rel=\"noopener\">IF 223 &#8211; Monografia e Semin\u00e1rio<\/a><\/strong><\/p>\n<p style=\"text-align: left\"><strong><a href=\"http:\/\/institutos.ufrrj.br\/if\/wp-content\/uploads\/sites\/5\/2017\/12\/IF-225_arborizacao_urbana.pdf\" target=\"_blank\" rel=\"noopener\">IF 225 &#8211; Arboriza\u00e7\u00e3o Urbana<\/a><\/strong><\/p>\n<p style=\"text-align: left\"><strong><a href=\"http:\/\/institutos.ufrrj.br\/if\/wp-content\/uploads\/sites\/5\/2017\/12\/IF-226_Sistemas-Agroflorestais.pdf\" target=\"_blank\" rel=\"noopener\">IF 226 &#8211; Sistemas Agroflorestais<\/a><\/strong><\/p>\n<p style=\"text-align: left\"><strong><a href=\"http:\/\/institutos.ufrrj.br\/if\/wp-content\/uploads\/sites\/5\/2017\/12\/IF-227-MODELAGEM-DIGITAL-EM-SILVICULTURA.pdf\" target=\"_blank\" rel=\"noopener\">IF 227 &#8211; Modelagem Digital em Silvicultura<\/a><\/strong><\/p>\n<p style=\"text-align: left\"><strong><a href=\"http:\/\/institutos.ufrrj.br\/if\/wp-content\/uploads\/sites\/5\/2017\/12\/IF-228-Dendrometria.pdf\" target=\"_blank\" rel=\"noopener\">IF 228 &#8211; Dendrometria<\/a><\/strong><\/p>\n<p style=\"text-align: left\"><strong><a href=\"http:\/\/institutos.ufrrj.br\/if\/wp-content\/uploads\/sites\/5\/2017\/12\/IF-229_Melhoramento-florestal.pdf\" target=\"_blank\" rel=\"noopener\">IF 229 &#8211; Melhoramento Florestal<\/a><\/strong><\/p>\n<p style=\"text-align: left\"><strong><a href=\"http:\/\/institutos.ufrrj.br\/if\/wp-content\/uploads\/sites\/5\/2017\/12\/IF-230-T\u00e9cnicas-silviculturais.pdf\" target=\"_blank\" rel=\"noopener\">IF 230 &#8211; T\u00e9cnicas Silviculturais<\/a><\/strong><\/p>\n<p style=\"text-align: left\"><strong><a href=\"http:\/\/institutos.ufrrj.br\/if\/wp-content\/uploads\/sites\/5\/2017\/12\/IF-231-Economia-Florestal.pdf\">IF 231 &#8211; Economia Florestal<\/a><\/strong><\/p>\n<p style=\"text-align: left\"><strong><a href=\"http:\/\/institutos.ufrrj.br\/if\/wp-content\/uploads\/sites\/5\/2017\/12\/IF-232-Administra\u00e7\u00e3o-Florestal.pdf\">IF 232 &#8211; Administra\u00e7\u00e3o Florestal<\/a><\/strong><\/p>\n<p style=\"text-align: left\"><strong><a href=\"http:\/\/institutos.ufrrj.br\/if\/wp-content\/uploads\/sites\/5\/2017\/12\/IF-233-PREVEN\u00c7\u00c3O-E-CONTROLE-DE-INC\u00caNDIOS-FLORESTAIS.pdf\" target=\"_blank\" rel=\"noopener\">IF 233 &#8211; Preven\u00e7\u00e3o e Controle de Inc\u00eandios Florestais<\/a><\/strong><\/p>\n<p style=\"text-align: left\"><strong><a href=\"http:\/\/institutos.ufrrj.br\/if\/wp-content\/uploads\/sites\/5\/2017\/12\/IF-234_Sil-Clonal.pdf\" target=\"_blank\" rel=\"noopener\">IF 234 &#8211; Silvicultura Clonal<\/a><\/strong><\/p>\n<p style=\"text-align: left\"><strong><a href=\"http:\/\/institutos.ufrrj.br\/if\/wp-content\/uploads\/sites\/5\/2017\/12\/IF-235_culturas_florestais.pdf\" target=\"_blank\" rel=\"noopener\">IF 235 &#8211; Culturas_Florestais<\/a><\/strong><\/p>\n<p style=\"text-align: left\"><strong><a href=\"http:\/\/institutos.ufrrj.br\/if\/wp-content\/uploads\/sites\/5\/2018\/03\/IF-236-Silvicultura-tropical.pdf\" target=\"_blank\" rel=\"noopener\">IF 236 &#8211; Silvicultura tropical<\/a><\/strong><\/p>\n<p style=\"text-align: left\"><strong><a href=\"http:\/\/institutos.ufrrj.br\/if\/wp-content\/uploads\/sites\/5\/2018\/03\/IF-237-Manejo-de-produtos-florestais-n\u00e3o-madeireiros.pdf\" target=\"_blank\" rel=\"noopener\">IF 237 &#8211; Manejo de produtos florestais n\u00e3o madeireiros<\/a><\/strong><\/p>\n<p style=\"text-align: left\"><strong><a href=\"http:\/\/institutos.ufrrj.br\/if\/wp-content\/uploads\/sites\/5\/2018\/03\/IF-238-Mecaniza\u00e7\u00e3o-Florestal.pdf\" target=\"_blank\" rel=\"noopener\">IF 238 &#8211; Mecaniza\u00e7\u00e3o Florestal<\/a><\/strong><\/p>\n<p style=\"text-align: left\"><strong><a href=\"http:\/\/institutos.ufrrj.br\/if\/wp-content\/uploads\/sites\/5\/2018\/03\/IF-240-Extra\u00e7\u00e3o-colheita-e-transporte-florestal.pdf\" target=\"_blank\" rel=\"noopener\">IF 240 &#8211; Extra\u00e7\u00e3o, colheita e transporte florestal<\/a><\/strong><\/p>\n<p style=\"text-align: left\"><a href=\"http:\/\/institutos.ufrrj.br\/if\/wp-content\/uploads\/sites\/5\/2018\/08\/IF241_Viveiros-Florestais.pdf\" target=\"_blank\" rel=\"noopener\"><strong>IF 241 &#8211; Viveiros Florestais<\/strong><\/a><\/p>\n<p style=\"text-align: left\"><strong><a href=\"http:\/\/institutos.ufrrj.br\/if\/wp-content\/uploads\/sites\/5\/2017\/12\/IF-242_Biotecnologia-de-esp\u00e9cies-florestais.pdf\" target=\"_blank\" rel=\"noopener\">IF 242 &#8211; Biotecnologia de Esp\u00e9cies Florestais<\/a><\/strong><\/p>\n<p style=\"text-align: left\"><strong><a href=\"http:\/\/institutos.ufrrj.br\/if\/wp-content\/uploads\/sites\/5\/2017\/12\/IF-243_Experimentacao-Florestal.pdf\" target=\"_blank\" rel=\"noopener\">IF 243 &#8211; Experimenta\u00e7\u00e3o Florestal<\/a><\/strong><\/p>\n<p style=\"text-align: left\">&nbsp;<\/p>\n","protected":false},"excerpt":{"rendered":"<p>O Departamento de Silvicultura do Instituto de Florestas oferece as seguintes disciplinas ao n\u00edvel de gradua\u00e7\u00e3o: * Clique no nome da disciplina [&hellip;]<\/p>\n","protected":false},"author":8,"featured_media":0,"parent":273,"menu_order":0,"comment_status":"open","ping_status":"closed","template":"","meta":{"_acf_changed":false,"ngg_post_thumbnail":0,"_themeisle_gutenberg_block_has_review":false,"footnotes":"","_links_to":"","_links_to_target":""},"class_list":["post-214","page","type-page","status-publish","hentry"],"acf":[],"yoast_head":"<!-- This site is optimized with the Yoast SEO plugin v26.8 - https:\/\/yoast.com\/product\/yoast-seo-wordpress\/ -->\n<title>Gradua\u00e7\u00e3o (DS) - IF<\/title>\n<meta name=\"robots\" content=\"index, follow, max-snippet:-1, max-image-preview:large, max-video-preview:-1\" \/>\n<link rel=\"canonical\" href=\"https:\/\/institutos.ufrrj.br\/if\/departamento-de-silvicultura\/disciplinas-ds\/graduacao-ds\/\" \/>\n<meta property=\"og:locale\" content=\"pt_BR\" \/>\n<meta property=\"og:type\" content=\"article\" \/>\n<meta property=\"og:title\" content=\"Gradua\u00e7\u00e3o (DS) - IF\" \/>\n<meta property=\"og:description\" content=\"O Departamento de Silvicultura do Instituto de Florestas oferece as seguintes disciplinas ao n\u00edvel de gradua\u00e7\u00e3o: * Clique no nome da disciplina [&hellip;]\" \/>\n<meta property=\"og:url\" content=\"https:\/\/institutos.ufrrj.br\/if\/departamento-de-silvicultura\/disciplinas-ds\/graduacao-ds\/\" \/>\n<meta property=\"og:site_name\" content=\"IF\" \/>\n<meta property=\"article:modified_time\" content=\"2019-05-14T16:19:48+00:00\" \/>\n<meta name=\"twitter:card\" content=\"summary_large_image\" \/>\n<meta name=\"twitter:label1\" content=\"Est. tempo de leitura\" \/>\n\t<meta name=\"twitter:data1\" content=\"1 minuto\" \/>\n<script type=\"application\/ld+json\" class=\"yoast-schema-graph\">{\"@context\":\"https:\/\/schema.org\",\"@graph\":[{\"@type\":\"WebPage\",\"@id\":\"https:\/\/institutos.ufrrj.br\/if\/departamento-de-silvicultura\/disciplinas-ds\/graduacao-ds\/\",\"url\":\"https:\/\/institutos.ufrrj.br\/if\/departamento-de-silvicultura\/disciplinas-ds\/graduacao-ds\/\",\"name\":\"Gradua\u00e7\u00e3o (DS) - IF\",\"isPartOf\":{\"@id\":\"https:\/\/institutos.ufrrj.br\/if\/#website\"},\"datePublished\":\"2014-12-02T13:07:28+00:00\",\"dateModified\":\"2019-05-14T16:19:48+00:00\",\"breadcrumb\":{\"@id\":\"https:\/\/institutos.ufrrj.br\/if\/departamento-de-silvicultura\/disciplinas-ds\/graduacao-ds\/#breadcrumb\"},\"inLanguage\":\"pt-BR\",\"potentialAction\":[{\"@type\":\"ReadAction\",\"target\":[\"https:\/\/institutos.ufrrj.br\/if\/departamento-de-silvicultura\/disciplinas-ds\/graduacao-ds\/\"]}]},{\"@type\":\"BreadcrumbList\",\"@id\":\"https:\/\/institutos.ufrrj.br\/if\/departamento-de-silvicultura\/disciplinas-ds\/graduacao-ds\/#breadcrumb\",\"itemListElement\":[{\"@type\":\"ListItem\",\"position\":1,\"name\":\"In\u00edcio\",\"item\":\"https:\/\/institutos.ufrrj.br\/if\/\"},{\"@type\":\"ListItem\",\"position\":2,\"name\":\"Departamento de Silvicultura\",\"item\":\"https:\/\/institutos.ufrrj.br\/if\/departamento-de-silvicultura\/\"},{\"@type\":\"ListItem\",\"position\":3,\"name\":\"Disciplinas (DS)\",\"item\":\"https:\/\/institutos.ufrrj.br\/if\/departamento-de-silvicultura\/disciplinas-ds\/\"},{\"@type\":\"ListItem\",\"position\":4,\"name\":\"Gradua\u00e7\u00e3o (DS)\"}]},{\"@type\":\"WebSite\",\"@id\":\"https:\/\/institutos.ufrrj.br\/if\/#website\",\"url\":\"https:\/\/institutos.ufrrj.br\/if\/\",\"name\":\"IF - Instituto de Floresta\",\"description\":\"Instituto de Florestas\",\"potentialAction\":[{\"@type\":\"SearchAction\",\"target\":{\"@type\":\"EntryPoint\",\"urlTemplate\":\"https:\/\/institutos.ufrrj.br\/if\/?s={search_term_string}\"},\"query-input\":{\"@type\":\"PropertyValueSpecification\",\"valueRequired\":true,\"valueName\":\"search_term_string\"}}],\"inLanguage\":\"pt-BR\"}]}<\/script>\n<!-- \/ Yoast SEO plugin. -->","yoast_head_json":{"title":"Gradua\u00e7\u00e3o (DS) - IF","robots":{"index":"index","follow":"follow","max-snippet":"max-snippet:-1","max-image-preview":"max-image-preview:large","max-video-preview":"max-video-preview:-1"},"canonical":"https:\/\/institutos.ufrrj.br\/if\/departamento-de-silvicultura\/disciplinas-ds\/graduacao-ds\/","og_locale":"pt_BR","og_type":"article","og_title":"Gradua\u00e7\u00e3o (DS) - IF","og_description":"O Departamento de Silvicultura do Instituto de Florestas oferece as seguintes disciplinas ao n\u00edvel de gradua\u00e7\u00e3o: * Clique no nome da disciplina [&hellip;]","og_url":"https:\/\/institutos.ufrrj.br\/if\/departamento-de-silvicultura\/disciplinas-ds\/graduacao-ds\/","og_site_name":"IF","article_modified_time":"2019-05-14T16:19:48+00:00","twitter_card":"summary_large_image","twitter_misc":{"Est. tempo de leitura":"1 minuto"},"schema":{"@context":"https:\/\/schema.org","@graph":[{"@type":"WebPage","@id":"https:\/\/institutos.ufrrj.br\/if\/departamento-de-silvicultura\/disciplinas-ds\/graduacao-ds\/","url":"https:\/\/institutos.ufrrj.br\/if\/departamento-de-silvicultura\/disciplinas-ds\/graduacao-ds\/","name":"Gradua\u00e7\u00e3o (DS) - IF","isPartOf":{"@id":"https:\/\/institutos.ufrrj.br\/if\/#website"},"datePublished":"2014-12-02T13:07:28+00:00","dateModified":"2019-05-14T16:19:48+00:00","breadcrumb":{"@id":"https:\/\/institutos.ufrrj.br\/if\/departamento-de-silvicultura\/disciplinas-ds\/graduacao-ds\/#breadcrumb"},"inLanguage":"pt-BR","potentialAction":[{"@type":"ReadAction","target":["https:\/\/institutos.ufrrj.br\/if\/departamento-de-silvicultura\/disciplinas-ds\/graduacao-ds\/"]}]},{"@type":"BreadcrumbList","@id":"https:\/\/institutos.ufrrj.br\/if\/departamento-de-silvicultura\/disciplinas-ds\/graduacao-ds\/#breadcrumb","itemListElement":[{"@type":"ListItem","position":1,"name":"In\u00edcio","item":"https:\/\/institutos.ufrrj.br\/if\/"},{"@type":"ListItem","position":2,"name":"Departamento de Silvicultura","item":"https:\/\/institutos.ufrrj.br\/if\/departamento-de-silvicultura\/"},{"@type":"ListItem","position":3,"name":"Disciplinas (DS)","item":"https:\/\/institutos.ufrrj.br\/if\/departamento-de-silvicultura\/disciplinas-ds\/"},{"@type":"ListItem","position":4,"name":"Gradua\u00e7\u00e3o (DS)"}]},{"@type":"WebSite","@id":"https:\/\/institutos.ufrrj.br\/if\/#website","url":"https:\/\/institutos.ufrrj.br\/if\/","name":"IF - Instituto de Floresta","description":"Instituto de Florestas","potentialAction":[{"@type":"SearchAction","target":{"@type":"EntryPoint","urlTemplate":"https:\/\/institutos.ufrrj.br\/if\/?s={search_term_string}"},"query-input":{"@type":"PropertyValueSpecification","valueRequired":true,"valueName":"search_term_string"}}],"inLanguage":"pt-BR"}]}},"_links":{"self":[{"href":"https:\/\/institutos.ufrrj.br\/if\/wp-json\/wp\/v2\/pages\/214","targetHints":{"allow":["GET"]}}],"collection":[{"href":"https:\/\/institutos.ufrrj.br\/if\/wp-json\/wp\/v2\/pages"}],"about":[{"href":"https:\/\/institutos.ufrrj.br\/if\/wp-json\/wp\/v2\/types\/page"}],"author":[{"embeddable":true,"href":"https:\/\/institutos.ufrrj.br\/if\/wp-json\/wp\/v2\/users\/8"}],"replies":[{"embeddable":true,"href":"https:\/\/institutos.ufrrj.br\/if\/wp-json\/wp\/v2\/comments?post=214"}],"version-history":[{"count":15,"href":"https:\/\/institutos.ufrrj.br\/if\/wp-json\/wp\/v2\/pages\/214\/revisions"}],"predecessor-version":[{"id":3463,"href":"https:\/\/institutos.ufrrj.br\/if\/wp-json\/wp\/v2\/pages\/214\/revisions\/3463"}],"up":[{"embeddable":true,"href":"https:\/\/institutos.ufrrj.br\/if\/wp-json\/wp\/v2\/pages\/273"}],"wp:attachment":[{"href":"https:\/\/institutos.ufrrj.br\/if\/wp-json\/wp\/v2\/media?parent=214"}],"curies":[{"name":"wp","href":"https:\/\/api.w.org\/{rel}","templated":true}]}}