{"id":216,"date":"2014-12-02T13:07:38","date_gmt":"2014-12-02T13:07:38","guid":{"rendered":"http:\/\/institutos.ufrrj.br\/if\/?page_id=216"},"modified":"2019-06-05T13:54:45","modified_gmt":"2019-06-05T13:54:45","slug":"graduacao-dca-2","status":"publish","type":"page","link":"https:\/\/institutos.ufrrj.br\/if\/departamento-de-ciencias-ambientais\/disciplinas-dca\/graduacao-dca-2\/","title":{"rendered":"Gradua\u00e7\u00e3o (DCA)"},"content":{"rendered":"<div id=\"tudo\">\n<div id=\"conteudo_interno\">\n<h6 style=\"text-align: left\">O Departamento de Ci\u00eancias Ambientais, do Instituto de Florestas, oferece as seguintes disciplinas ao n\u00edvel de gradua\u00e7\u00e3o:<\/h6>\n<p><span style=\"color: #ff0000\">* Clique no nome da disciplina para ter acesso ao seu programa anal\u00edtico e \u00e0 sua ementa.<\/span><\/p>\n<\/div>\n<\/div>\n<div style=\"text-align: left\">\n<p style=\"text-align: left\"><strong><a href=\"http:\/\/institutos.ufrrj.br\/if\/wp-content\/uploads\/sites\/5\/2017\/12\/IF-101-Dendrologia.pdf\" target=\"_blank\" rel=\"noopener\">IF 101 &#8211; Dendrologia<\/a><\/strong><\/p>\n<p style=\"text-align: left\"><strong><a href=\"http:\/\/institutos.ufrrj.br\/if\/wp-content\/uploads\/sites\/5\/2017\/12\/IF-102-Conserva\u00e7\u00e3o-de-Recursos-Naturais.pdf\" target=\"_blank\" rel=\"noopener\">IF 102 &#8211; Conserva\u00e7\u00e3o de Recursos Naturais<\/a><\/strong><\/p>\n<p style=\"text-align: left\"><a href=\"http:\/\/institutos.ufrrj.br\/if\/wp-content\/uploads\/sites\/5\/2018\/07\/IF-103-PR\u00c1TICA-DE-ECOLOGIA-B\u00c1SICA.pdf\" target=\"_blank\" rel=\"noopener\"><strong>IF 103 &#8211; Pr\u00e1tica de ecologia b\u00e1sica<\/strong><\/a><\/p>\n<p style=\"text-align: left\"><a href=\"http:\/\/institutos.ufrrj.br\/if\/wp-content\/uploads\/sites\/5\/2018\/07\/IF-104-ECOLOGIA-II.pdf\" target=\"_blank\" rel=\"noopener\"><strong>IF 104 &#8211; Ecologia II<\/strong><\/a><\/p>\n<p style=\"text-align: left\"><strong><a href=\"http:\/\/institutos.ufrrj.br\/if\/wp-content\/uploads\/sites\/5\/2017\/12\/IF-105-Ecologia-Florestal.pdf\" target=\"_blank\" rel=\"noopener\">IF 105 &#8211; Ecologia Florestal<\/a><\/strong><\/p>\n<p style=\"text-align: left\"><strong><a href=\"http:\/\/institutos.ufrrj.br\/if\/wp-content\/uploads\/sites\/5\/2017\/12\/IF-110-Meteorologia-aplicada.pdf\" target=\"_blank\" rel=\"noopener\">IF 110 &#8211; Meteorologia aplicada<\/a><\/strong><\/p>\n<p style=\"text-align: left\"><strong><a href=\"http:\/\/institutos.ufrrj.br\/if\/wp-content\/uploads\/sites\/5\/2017\/12\/IF-111-Meteorologia-b\u00e1sica.pdf\" target=\"_blank\" rel=\"noopener\">IF 111 &#8211; Meteorologia b\u00e1sica<\/a><\/strong><\/p>\n<p style=\"text-align: left\"><a href=\"http:\/\/institutos.ufrrj.br\/if\/wp-content\/uploads\/sites\/5\/2018\/07\/IF-115-MANEJO-DE-BACIAS-HIDROGR\u00c1FICAS.pdf\" target=\"_blank\" rel=\"noopener\"><strong>IF 115 \u2013 Manejo de bacias hidrogr\u00e1ficas<\/strong><\/a><\/p>\n<p style=\"text-align: left\"><strong><a href=\"http:\/\/institutos.ufrrj.br\/if\/wp-content\/uploads\/sites\/5\/2017\/12\/IF-126-Ecologia-Geral.pdf\" target=\"_blank\" rel=\"noopener\">IF 126 &#8211; Ecologia Geral<\/a><\/strong><\/p>\n<p style=\"text-align: left\"><a href=\"http:\/\/institutos.ufrrj.br\/if\/wp-content\/uploads\/sites\/5\/2018\/07\/IF-127-ECOFISIOLOGIA-VEGETAL.pdf\" target=\"_blank\" rel=\"noopener\"><strong>IF 127 &#8211; Ecofisiologia vegetal<\/strong><\/a><\/p>\n<p style=\"text-align: left\"><strong><a href=\"http:\/\/institutos.ufrrj.br\/if\/wp-content\/uploads\/sites\/5\/2018\/01\/IF-128-Manejo-de-\u00c1reas-Silvestres.pdf\" target=\"_blank\" rel=\"noopener\">IF 128 &#8211; Manejo de \u00c1reas Silvestres<\/a><\/strong><\/p>\n<p style=\"text-align: left\"><strong><a href=\"http:\/\/institutos.ufrrj.br\/if\/wp-content\/uploads\/sites\/5\/2017\/12\/IF-129-Manejo-de-Paisagens.pdf\" target=\"_blank\" rel=\"noopener\">IF 129 &#8211; Manejo de Paisagens<\/a><\/strong><\/p>\n<p style=\"text-align: left\"><a href=\"http:\/\/institutos.ufrrj.br\/if\/wp-content\/uploads\/sites\/5\/2018\/07\/IF-132-Introdu\u00e7\u00e3o-\u00e0-Ecologia-de-Popula\u00e7\u00f5es.pdf\" target=\"_blank\" rel=\"noopener\"><strong>IF 132 &#8211; Introdu\u00e7\u00e3o \u00e0 ecologia de popula\u00e7\u00f5es<\/strong><\/a><\/p>\n<p style=\"text-align: left\"><a href=\"http:\/\/institutos.ufrrj.br\/if\/wp-content\/uploads\/sites\/5\/2018\/07\/IF-133-ESTUDOS-DE-IMPACTOS-AMBIENTAIS.pdf\" target=\"_blank\" rel=\"noopener\"><strong>IF 133 \u2013 Estudos de impactos ambientais<\/strong><\/a><\/p>\n<p><strong><a href=\"http:\/\/institutos.ufrrj.br\/if\/wp-content\/uploads\/sites\/5\/2019\/06\/IF-134-site-PROGRAD.pdf\" target=\"_blank\" rel=\"noopener\">IF 134 &#8211; Fundamentos dos sistemas naturais e antropizados<\/a><\/strong><\/p>\n<p style=\"text-align: left\"><strong><a href=\"http:\/\/institutos.ufrrj.br\/if\/wp-content\/uploads\/sites\/5\/2017\/12\/IF-135-Legisla\u00e7\u00e3o-e-gest\u00e3o-ambiental.pdf\" target=\"_blank\" rel=\"noopener\">IF 135 &#8211; Legisla\u00e7\u00e3o e gest\u00e3o ambiental<\/a><\/strong><\/p>\n<p style=\"text-align: left\"><strong><a href=\"http:\/\/institutos.ufrrj.br\/if\/wp-content\/uploads\/sites\/5\/2017\/12\/IF-136-Per\u00edcia-ambiental.pdf\" target=\"_blank\" rel=\"noopener\">IF 136 &#8211; Per\u00edcia ambiental<\/a><\/strong><\/p>\n<p style=\"text-align: left\"><strong><a href=\"http:\/\/institutos.ufrrj.br\/if\/wp-content\/uploads\/sites\/5\/2017\/12\/IF-137-Pol\u00edtica-e-legisla\u00e7\u00e3o-florestal.pdf\" target=\"_blank\" rel=\"noopener\">IF 137 &#8211; Pol\u00edtica e legisla\u00e7\u00e3o florestal<\/a><\/strong><\/p>\n<p style=\"text-align: left\"><strong><a href=\"http:\/\/institutos.ufrrj.br\/if\/wp-content\/uploads\/sites\/5\/2017\/12\/IF-138-Manejo-da-fauna-silvestre.pdf\" target=\"_blank\" rel=\"noopener\">IF 138 &#8211; Manejo da fauna silvestre<\/a><\/strong><\/p>\n<p style=\"text-align: left\"><strong><a href=\"http:\/\/institutos.ufrrj.br\/if\/wp-content\/uploads\/sites\/5\/2017\/12\/IF-139-Ecologia-e-paisagem.pdf\" target=\"_blank\" rel=\"noopener\">IF 139 &#8211; Ecologia e paisagem<\/a><\/strong><\/p>\n<p style=\"text-align: left\"><strong><a href=\"http:\/\/institutos.ufrrj.br\/if\/wp-content\/uploads\/sites\/5\/2017\/12\/IF-140_Planejamento-e-composi\u00e7\u00e3o-c\u00eanica-de-recursos-florestais.pdf\" target=\"_blank\" rel=\"noopener\">IF 140 &#8211; Planejamento e composi\u00e7\u00e3o c\u00eanica de recursos florestais<\/a><\/strong><\/p>\n<p style=\"text-align: left\"><strong><a href=\"http:\/\/institutos.ufrrj.br\/if\/wp-content\/uploads\/sites\/5\/2018\/01\/IF-141-Restaura\u00e7\u00e3o-Ecol\u00f3gica.pdf\" target=\"_blank\" rel=\"noopener\">IF 141 &#8211; Restaura\u00e7\u00e3o Ecol\u00f3gica<\/a><\/strong><\/p>\n<\/div>\n","protected":false},"excerpt":{"rendered":"<p>O Departamento de Ci\u00eancias Ambientais, do Instituto de Florestas, oferece as seguintes disciplinas ao n\u00edvel de gradua\u00e7\u00e3o: * Clique no nome da [&hellip;]<\/p>\n","protected":false},"author":8,"featured_media":0,"parent":269,"menu_order":0,"comment_status":"open","ping_status":"closed","template":"","meta":{"_acf_changed":false,"ngg_post_thumbnail":0,"_themeisle_gutenberg_block_has_review":false,"footnotes":"","_links_to":"","_links_to_target":""},"class_list":["post-216","page","type-page","status-publish","hentry"],"acf":[],"yoast_head":"<!-- This site is optimized with the Yoast SEO plugin v26.8 - https:\/\/yoast.com\/product\/yoast-seo-wordpress\/ -->\n<title>Gradua\u00e7\u00e3o (DCA) - IF<\/title>\n<meta name=\"robots\" content=\"index, follow, max-snippet:-1, max-image-preview:large, max-video-preview:-1\" \/>\n<link rel=\"canonical\" href=\"https:\/\/institutos.ufrrj.br\/if\/departamento-de-ciencias-ambientais\/disciplinas-dca\/graduacao-dca-2\/\" \/>\n<meta property=\"og:locale\" content=\"pt_BR\" \/>\n<meta property=\"og:type\" content=\"article\" \/>\n<meta property=\"og:title\" content=\"Gradua\u00e7\u00e3o (DCA) - IF\" \/>\n<meta property=\"og:description\" content=\"O Departamento de Ci\u00eancias Ambientais, do Instituto de Florestas, oferece as seguintes disciplinas ao n\u00edvel de gradua\u00e7\u00e3o: * Clique no nome da [&hellip;]\" \/>\n<meta property=\"og:url\" content=\"https:\/\/institutos.ufrrj.br\/if\/departamento-de-ciencias-ambientais\/disciplinas-dca\/graduacao-dca-2\/\" \/>\n<meta property=\"og:site_name\" content=\"IF\" \/>\n<meta property=\"article:modified_time\" content=\"2019-06-05T13:54:45+00:00\" \/>\n<meta name=\"twitter:card\" content=\"summary_large_image\" \/>\n<meta name=\"twitter:label1\" content=\"Est. tempo de leitura\" \/>\n\t<meta name=\"twitter:data1\" content=\"1 minuto\" \/>\n<script type=\"application\/ld+json\" class=\"yoast-schema-graph\">{\"@context\":\"https:\/\/schema.org\",\"@graph\":[{\"@type\":\"WebPage\",\"@id\":\"https:\/\/institutos.ufrrj.br\/if\/departamento-de-ciencias-ambientais\/disciplinas-dca\/graduacao-dca-2\/\",\"url\":\"https:\/\/institutos.ufrrj.br\/if\/departamento-de-ciencias-ambientais\/disciplinas-dca\/graduacao-dca-2\/\",\"name\":\"Gradua\u00e7\u00e3o (DCA) - IF\",\"isPartOf\":{\"@id\":\"https:\/\/institutos.ufrrj.br\/if\/#website\"},\"datePublished\":\"2014-12-02T13:07:38+00:00\",\"dateModified\":\"2019-06-05T13:54:45+00:00\",\"breadcrumb\":{\"@id\":\"https:\/\/institutos.ufrrj.br\/if\/departamento-de-ciencias-ambientais\/disciplinas-dca\/graduacao-dca-2\/#breadcrumb\"},\"inLanguage\":\"pt-BR\",\"potentialAction\":[{\"@type\":\"ReadAction\",\"target\":[\"https:\/\/institutos.ufrrj.br\/if\/departamento-de-ciencias-ambientais\/disciplinas-dca\/graduacao-dca-2\/\"]}]},{\"@type\":\"BreadcrumbList\",\"@id\":\"https:\/\/institutos.ufrrj.br\/if\/departamento-de-ciencias-ambientais\/disciplinas-dca\/graduacao-dca-2\/#breadcrumb\",\"itemListElement\":[{\"@type\":\"ListItem\",\"position\":1,\"name\":\"In\u00edcio\",\"item\":\"https:\/\/institutos.ufrrj.br\/if\/\"},{\"@type\":\"ListItem\",\"position\":2,\"name\":\"Departamento de Ci\u00eancias Ambientais\",\"item\":\"https:\/\/institutos.ufrrj.br\/if\/departamento-de-ciencias-ambientais\/\"},{\"@type\":\"ListItem\",\"position\":3,\"name\":\"Disciplinas (DCA)\",\"item\":\"https:\/\/institutos.ufrrj.br\/if\/departamento-de-ciencias-ambientais\/disciplinas-dca\/\"},{\"@type\":\"ListItem\",\"position\":4,\"name\":\"Gradua\u00e7\u00e3o (DCA)\"}]},{\"@type\":\"WebSite\",\"@id\":\"https:\/\/institutos.ufrrj.br\/if\/#website\",\"url\":\"https:\/\/institutos.ufrrj.br\/if\/\",\"name\":\"IF - Instituto de Floresta\",\"description\":\"Instituto de Florestas\",\"potentialAction\":[{\"@type\":\"SearchAction\",\"target\":{\"@type\":\"EntryPoint\",\"urlTemplate\":\"https:\/\/institutos.ufrrj.br\/if\/?s={search_term_string}\"},\"query-input\":{\"@type\":\"PropertyValueSpecification\",\"valueRequired\":true,\"valueName\":\"search_term_string\"}}],\"inLanguage\":\"pt-BR\"}]}<\/script>\n<!-- \/ Yoast SEO plugin. -->","yoast_head_json":{"title":"Gradua\u00e7\u00e3o (DCA) - IF","robots":{"index":"index","follow":"follow","max-snippet":"max-snippet:-1","max-image-preview":"max-image-preview:large","max-video-preview":"max-video-preview:-1"},"canonical":"https:\/\/institutos.ufrrj.br\/if\/departamento-de-ciencias-ambientais\/disciplinas-dca\/graduacao-dca-2\/","og_locale":"pt_BR","og_type":"article","og_title":"Gradua\u00e7\u00e3o (DCA) - IF","og_description":"O Departamento de Ci\u00eancias Ambientais, do Instituto de Florestas, oferece as seguintes disciplinas ao n\u00edvel de gradua\u00e7\u00e3o: * Clique no nome da [&hellip;]","og_url":"https:\/\/institutos.ufrrj.br\/if\/departamento-de-ciencias-ambientais\/disciplinas-dca\/graduacao-dca-2\/","og_site_name":"IF","article_modified_time":"2019-06-05T13:54:45+00:00","twitter_card":"summary_large_image","twitter_misc":{"Est. tempo de leitura":"1 minuto"},"schema":{"@context":"https:\/\/schema.org","@graph":[{"@type":"WebPage","@id":"https:\/\/institutos.ufrrj.br\/if\/departamento-de-ciencias-ambientais\/disciplinas-dca\/graduacao-dca-2\/","url":"https:\/\/institutos.ufrrj.br\/if\/departamento-de-ciencias-ambientais\/disciplinas-dca\/graduacao-dca-2\/","name":"Gradua\u00e7\u00e3o (DCA) - IF","isPartOf":{"@id":"https:\/\/institutos.ufrrj.br\/if\/#website"},"datePublished":"2014-12-02T13:07:38+00:00","dateModified":"2019-06-05T13:54:45+00:00","breadcrumb":{"@id":"https:\/\/institutos.ufrrj.br\/if\/departamento-de-ciencias-ambientais\/disciplinas-dca\/graduacao-dca-2\/#breadcrumb"},"inLanguage":"pt-BR","potentialAction":[{"@type":"ReadAction","target":["https:\/\/institutos.ufrrj.br\/if\/departamento-de-ciencias-ambientais\/disciplinas-dca\/graduacao-dca-2\/"]}]},{"@type":"BreadcrumbList","@id":"https:\/\/institutos.ufrrj.br\/if\/departamento-de-ciencias-ambientais\/disciplinas-dca\/graduacao-dca-2\/#breadcrumb","itemListElement":[{"@type":"ListItem","position":1,"name":"In\u00edcio","item":"https:\/\/institutos.ufrrj.br\/if\/"},{"@type":"ListItem","position":2,"name":"Departamento de Ci\u00eancias Ambientais","item":"https:\/\/institutos.ufrrj.br\/if\/departamento-de-ciencias-ambientais\/"},{"@type":"ListItem","position":3,"name":"Disciplinas (DCA)","item":"https:\/\/institutos.ufrrj.br\/if\/departamento-de-ciencias-ambientais\/disciplinas-dca\/"},{"@type":"ListItem","position":4,"name":"Gradua\u00e7\u00e3o (DCA)"}]},{"@type":"WebSite","@id":"https:\/\/institutos.ufrrj.br\/if\/#website","url":"https:\/\/institutos.ufrrj.br\/if\/","name":"IF - Instituto de Floresta","description":"Instituto de Florestas","potentialAction":[{"@type":"SearchAction","target":{"@type":"EntryPoint","urlTemplate":"https:\/\/institutos.ufrrj.br\/if\/?s={search_term_string}"},"query-input":{"@type":"PropertyValueSpecification","valueRequired":true,"valueName":"search_term_string"}}],"inLanguage":"pt-BR"}]}},"_links":{"self":[{"href":"https:\/\/institutos.ufrrj.br\/if\/wp-json\/wp\/v2\/pages\/216","targetHints":{"allow":["GET"]}}],"collection":[{"href":"https:\/\/institutos.ufrrj.br\/if\/wp-json\/wp\/v2\/pages"}],"about":[{"href":"https:\/\/institutos.ufrrj.br\/if\/wp-json\/wp\/v2\/types\/page"}],"author":[{"embeddable":true,"href":"https:\/\/institutos.ufrrj.br\/if\/wp-json\/wp\/v2\/users\/8"}],"replies":[{"embeddable":true,"href":"https:\/\/institutos.ufrrj.br\/if\/wp-json\/wp\/v2\/comments?post=216"}],"version-history":[{"count":12,"href":"https:\/\/institutos.ufrrj.br\/if\/wp-json\/wp\/v2\/pages\/216\/revisions"}],"predecessor-version":[{"id":3473,"href":"https:\/\/institutos.ufrrj.br\/if\/wp-json\/wp\/v2\/pages\/216\/revisions\/3473"}],"up":[{"embeddable":true,"href":"https:\/\/institutos.ufrrj.br\/if\/wp-json\/wp\/v2\/pages\/269"}],"wp:attachment":[{"href":"https:\/\/institutos.ufrrj.br\/if\/wp-json\/wp\/v2\/media?parent=216"}],"curies":[{"name":"wp","href":"https:\/\/api.w.org\/{rel}","templated":true}]}}