{"id":233,"date":"2014-12-02T13:26:08","date_gmt":"2014-12-02T13:26:08","guid":{"rendered":"http:\/\/institutos.ufrrj.br\/if\/?page_id=233"},"modified":"2019-01-24T12:27:57","modified_gmt":"2019-01-24T12:27:57","slug":"atuacao-dpf","status":"publish","type":"page","link":"https:\/\/institutos.ufrrj.br\/if\/departamento-de-produtos-florestais\/atuacao-dpf\/","title":{"rendered":"Atua\u00e7\u00e3o (DPF)"},"content":{"rendered":"<p>O Departamento de Produtos Florestais \u2013 IF\/UFRRJ tem a responsabilidade de conduzir o aluno de Engenharia Florestal ao aprendizado das t\u00e9cnicas e opera\u00e7\u00f5es correlacionadas aos produtos gerados pela mat\u00e9ria-prima florestal, principalmente a madeira. Falando em nome de nosso corpo docente, \u00e9 com grande satisfa\u00e7\u00e3o que nos colocamos a disposi\u00e7\u00e3o para compartilhar informa\u00e7\u00f5es, e repassar nossa experi\u00eancia, na \u00e1rea de Tecnologia da Madeira e dos Produtos Florestais. Dentro do lindo Campus da UFRRJ, temos a oportunidade de poder contar com grandes \u00e1reas de florestas renov\u00e1veis, dispon\u00edveis para estudo e produ\u00e7\u00e3o em escala de laborat\u00f3rio, de bens de consumo como: a madeira serrada, carv\u00e3o, celulose, madeira tratada (moir\u00f5es, postes, escoras, dormentes e outros); sempre utilizando t\u00e9cnicas modernas de processamento e desenvolvendo pesquisas que levem a utiliza\u00e7\u00e3o racional, consciente e correta da floresta.<\/p>\n","protected":false},"excerpt":{"rendered":"<p>O Departamento de Produtos Florestais \u2013 IF\/UFRRJ tem a responsabilidade de conduzir o aluno de Engenharia Florestal ao aprendizado das t\u00e9cnicas e [&hellip;]<\/p>\n","protected":false},"author":8,"featured_media":0,"parent":74,"menu_order":0,"comment_status":"open","ping_status":"closed","template":"","meta":{"_acf_changed":false,"ngg_post_thumbnail":0,"_themeisle_gutenberg_block_has_review":false,"footnotes":"","_links_to":"","_links_to_target":""},"class_list":["post-233","page","type-page","status-publish","hentry"],"acf":[],"yoast_head":"<!-- This site is optimized with the Yoast SEO plugin v26.8 - https:\/\/yoast.com\/product\/yoast-seo-wordpress\/ -->\n<title>Atua\u00e7\u00e3o (DPF) - IF<\/title>\n<meta name=\"robots\" content=\"index, follow, max-snippet:-1, max-image-preview:large, max-video-preview:-1\" \/>\n<link rel=\"canonical\" href=\"https:\/\/institutos.ufrrj.br\/if\/departamento-de-produtos-florestais\/atuacao-dpf\/\" \/>\n<meta property=\"og:locale\" content=\"pt_BR\" \/>\n<meta property=\"og:type\" content=\"article\" \/>\n<meta property=\"og:title\" content=\"Atua\u00e7\u00e3o (DPF) - IF\" \/>\n<meta property=\"og:description\" content=\"O Departamento de Produtos Florestais \u2013 IF\/UFRRJ tem a responsabilidade de conduzir o aluno de Engenharia Florestal ao aprendizado das t\u00e9cnicas e [&hellip;]\" \/>\n<meta property=\"og:url\" content=\"https:\/\/institutos.ufrrj.br\/if\/departamento-de-produtos-florestais\/atuacao-dpf\/\" \/>\n<meta property=\"og:site_name\" content=\"IF\" \/>\n<meta property=\"article:modified_time\" content=\"2019-01-24T12:27:57+00:00\" \/>\n<meta name=\"twitter:card\" content=\"summary_large_image\" \/>\n<meta name=\"twitter:label1\" content=\"Est. tempo de leitura\" \/>\n\t<meta name=\"twitter:data1\" content=\"1 minuto\" \/>\n<script type=\"application\/ld+json\" class=\"yoast-schema-graph\">{\"@context\":\"https:\/\/schema.org\",\"@graph\":[{\"@type\":\"WebPage\",\"@id\":\"https:\/\/institutos.ufrrj.br\/if\/departamento-de-produtos-florestais\/atuacao-dpf\/\",\"url\":\"https:\/\/institutos.ufrrj.br\/if\/departamento-de-produtos-florestais\/atuacao-dpf\/\",\"name\":\"Atua\u00e7\u00e3o (DPF) - IF\",\"isPartOf\":{\"@id\":\"https:\/\/institutos.ufrrj.br\/if\/#website\"},\"datePublished\":\"2014-12-02T13:26:08+00:00\",\"dateModified\":\"2019-01-24T12:27:57+00:00\",\"breadcrumb\":{\"@id\":\"https:\/\/institutos.ufrrj.br\/if\/departamento-de-produtos-florestais\/atuacao-dpf\/#breadcrumb\"},\"inLanguage\":\"pt-BR\",\"potentialAction\":[{\"@type\":\"ReadAction\",\"target\":[\"https:\/\/institutos.ufrrj.br\/if\/departamento-de-produtos-florestais\/atuacao-dpf\/\"]}]},{\"@type\":\"BreadcrumbList\",\"@id\":\"https:\/\/institutos.ufrrj.br\/if\/departamento-de-produtos-florestais\/atuacao-dpf\/#breadcrumb\",\"itemListElement\":[{\"@type\":\"ListItem\",\"position\":1,\"name\":\"In\u00edcio\",\"item\":\"https:\/\/institutos.ufrrj.br\/if\/\"},{\"@type\":\"ListItem\",\"position\":2,\"name\":\"Departamento de Produtos Florestais\",\"item\":\"https:\/\/institutos.ufrrj.br\/if\/departamento-de-produtos-florestais\/\"},{\"@type\":\"ListItem\",\"position\":3,\"name\":\"Atua\u00e7\u00e3o (DPF)\"}]},{\"@type\":\"WebSite\",\"@id\":\"https:\/\/institutos.ufrrj.br\/if\/#website\",\"url\":\"https:\/\/institutos.ufrrj.br\/if\/\",\"name\":\"IF - Instituto de Floresta\",\"description\":\"Instituto de Florestas\",\"potentialAction\":[{\"@type\":\"SearchAction\",\"target\":{\"@type\":\"EntryPoint\",\"urlTemplate\":\"https:\/\/institutos.ufrrj.br\/if\/?s={search_term_string}\"},\"query-input\":{\"@type\":\"PropertyValueSpecification\",\"valueRequired\":true,\"valueName\":\"search_term_string\"}}],\"inLanguage\":\"pt-BR\"}]}<\/script>\n<!-- \/ Yoast SEO plugin. -->","yoast_head_json":{"title":"Atua\u00e7\u00e3o (DPF) - IF","robots":{"index":"index","follow":"follow","max-snippet":"max-snippet:-1","max-image-preview":"max-image-preview:large","max-video-preview":"max-video-preview:-1"},"canonical":"https:\/\/institutos.ufrrj.br\/if\/departamento-de-produtos-florestais\/atuacao-dpf\/","og_locale":"pt_BR","og_type":"article","og_title":"Atua\u00e7\u00e3o (DPF) - IF","og_description":"O Departamento de Produtos Florestais \u2013 IF\/UFRRJ tem a responsabilidade de conduzir o aluno de Engenharia Florestal ao aprendizado das t\u00e9cnicas e [&hellip;]","og_url":"https:\/\/institutos.ufrrj.br\/if\/departamento-de-produtos-florestais\/atuacao-dpf\/","og_site_name":"IF","article_modified_time":"2019-01-24T12:27:57+00:00","twitter_card":"summary_large_image","twitter_misc":{"Est. tempo de leitura":"1 minuto"},"schema":{"@context":"https:\/\/schema.org","@graph":[{"@type":"WebPage","@id":"https:\/\/institutos.ufrrj.br\/if\/departamento-de-produtos-florestais\/atuacao-dpf\/","url":"https:\/\/institutos.ufrrj.br\/if\/departamento-de-produtos-florestais\/atuacao-dpf\/","name":"Atua\u00e7\u00e3o (DPF) - IF","isPartOf":{"@id":"https:\/\/institutos.ufrrj.br\/if\/#website"},"datePublished":"2014-12-02T13:26:08+00:00","dateModified":"2019-01-24T12:27:57+00:00","breadcrumb":{"@id":"https:\/\/institutos.ufrrj.br\/if\/departamento-de-produtos-florestais\/atuacao-dpf\/#breadcrumb"},"inLanguage":"pt-BR","potentialAction":[{"@type":"ReadAction","target":["https:\/\/institutos.ufrrj.br\/if\/departamento-de-produtos-florestais\/atuacao-dpf\/"]}]},{"@type":"BreadcrumbList","@id":"https:\/\/institutos.ufrrj.br\/if\/departamento-de-produtos-florestais\/atuacao-dpf\/#breadcrumb","itemListElement":[{"@type":"ListItem","position":1,"name":"In\u00edcio","item":"https:\/\/institutos.ufrrj.br\/if\/"},{"@type":"ListItem","position":2,"name":"Departamento de Produtos Florestais","item":"https:\/\/institutos.ufrrj.br\/if\/departamento-de-produtos-florestais\/"},{"@type":"ListItem","position":3,"name":"Atua\u00e7\u00e3o (DPF)"}]},{"@type":"WebSite","@id":"https:\/\/institutos.ufrrj.br\/if\/#website","url":"https:\/\/institutos.ufrrj.br\/if\/","name":"IF - Instituto de Floresta","description":"Instituto de Florestas","potentialAction":[{"@type":"SearchAction","target":{"@type":"EntryPoint","urlTemplate":"https:\/\/institutos.ufrrj.br\/if\/?s={search_term_string}"},"query-input":{"@type":"PropertyValueSpecification","valueRequired":true,"valueName":"search_term_string"}}],"inLanguage":"pt-BR"}]}},"_links":{"self":[{"href":"https:\/\/institutos.ufrrj.br\/if\/wp-json\/wp\/v2\/pages\/233","targetHints":{"allow":["GET"]}}],"collection":[{"href":"https:\/\/institutos.ufrrj.br\/if\/wp-json\/wp\/v2\/pages"}],"about":[{"href":"https:\/\/institutos.ufrrj.br\/if\/wp-json\/wp\/v2\/types\/page"}],"author":[{"embeddable":true,"href":"https:\/\/institutos.ufrrj.br\/if\/wp-json\/wp\/v2\/users\/8"}],"replies":[{"embeddable":true,"href":"https:\/\/institutos.ufrrj.br\/if\/wp-json\/wp\/v2\/comments?post=233"}],"version-history":[{"count":2,"href":"https:\/\/institutos.ufrrj.br\/if\/wp-json\/wp\/v2\/pages\/233\/revisions"}],"predecessor-version":[{"id":316,"href":"https:\/\/institutos.ufrrj.br\/if\/wp-json\/wp\/v2\/pages\/233\/revisions\/316"}],"up":[{"embeddable":true,"href":"https:\/\/institutos.ufrrj.br\/if\/wp-json\/wp\/v2\/pages\/74"}],"wp:attachment":[{"href":"https:\/\/institutos.ufrrj.br\/if\/wp-json\/wp\/v2\/media?parent=233"}],"curies":[{"name":"wp","href":"https:\/\/api.w.org\/{rel}","templated":true}]}}