{"id":235,"date":"2014-12-02T13:26:35","date_gmt":"2014-12-02T13:26:35","guid":{"rendered":"http:\/\/institutos.ufrrj.br\/if\/?page_id=235"},"modified":"2019-01-24T12:39:04","modified_gmt":"2019-01-24T12:39:04","slug":"atuacao-ds","status":"publish","type":"page","link":"https:\/\/institutos.ufrrj.br\/if\/departamento-de-silvicultura\/atuacao-ds\/","title":{"rendered":"Atua\u00e7\u00e3o (DS)"},"content":{"rendered":"<p>O Departamento de Silvicultura (DS) tem como miss\u00e3o atuar na forma\u00e7\u00e3o profissional nas \u00e1reas de planejamento, implanta\u00e7\u00e3o, manejo, invent\u00e1rio, prote\u00e7\u00e3o, melhoramento, economia e explora\u00e7\u00e3o florestais.<\/p>\n<p>Objetiva desenvolver ensino, pesquisa e extens\u00e3o de qualidades nas \u00e1reas de silvicultura e manejo de florestas nativas e planta\u00e7\u00f5es florestais, visando o seu uso sustent\u00e1vel e sua conserva\u00e7\u00e3o.<\/p>\n<p>De proced\u00eancia milenar, e hoje parte integrante da Ci\u00eancia Florestal, a Silvicultura consolidou-se na Europa e deu origem naquele continente aos Cursos de Engenharia Florestal no crep\u00fasculo do s\u00e9culo XVIII, e, em solo p\u00e1trio, de 1960 em diante. \u00c9 um ramo do conhecimento de suma import\u00e2ncia para o desenvolvimento sustent\u00e1vel do Brasil, que disp\u00f5e da segunda maior \u00e1rea florestal do planeta terra. Essa riqueza confere ao pa\u00eds a possibilidade de transformar-se na segunda maior economia florestal do mundo no curto espa\u00e7o de uma gera\u00e7\u00e3o.<\/p>\n","protected":false},"excerpt":{"rendered":"<p>O Departamento de Silvicultura (DS) tem como miss\u00e3o atuar na forma\u00e7\u00e3o profissional nas \u00e1reas de planejamento, implanta\u00e7\u00e3o, manejo, invent\u00e1rio, prote\u00e7\u00e3o, melhoramento, economia [&hellip;]<\/p>\n","protected":false},"author":8,"featured_media":0,"parent":76,"menu_order":0,"comment_status":"open","ping_status":"closed","template":"","meta":{"_acf_changed":false,"ngg_post_thumbnail":0,"_themeisle_gutenberg_block_has_review":false,"footnotes":"","_links_to":"","_links_to_target":""},"class_list":["post-235","page","type-page","status-publish","hentry"],"acf":[],"yoast_head":"<!-- This site is optimized with the Yoast SEO plugin v26.8 - https:\/\/yoast.com\/product\/yoast-seo-wordpress\/ -->\n<title>Atua\u00e7\u00e3o (DS) - IF<\/title>\n<meta name=\"robots\" content=\"index, follow, max-snippet:-1, max-image-preview:large, max-video-preview:-1\" \/>\n<link rel=\"canonical\" href=\"https:\/\/institutos.ufrrj.br\/if\/departamento-de-silvicultura\/atuacao-ds\/\" \/>\n<meta property=\"og:locale\" content=\"pt_BR\" \/>\n<meta property=\"og:type\" content=\"article\" \/>\n<meta property=\"og:title\" content=\"Atua\u00e7\u00e3o (DS) - IF\" \/>\n<meta property=\"og:description\" content=\"O Departamento de Silvicultura (DS) tem como miss\u00e3o atuar na forma\u00e7\u00e3o profissional nas \u00e1reas de planejamento, implanta\u00e7\u00e3o, manejo, invent\u00e1rio, prote\u00e7\u00e3o, melhoramento, economia [&hellip;]\" \/>\n<meta property=\"og:url\" content=\"https:\/\/institutos.ufrrj.br\/if\/departamento-de-silvicultura\/atuacao-ds\/\" \/>\n<meta property=\"og:site_name\" content=\"IF\" \/>\n<meta property=\"article:modified_time\" content=\"2019-01-24T12:39:04+00:00\" \/>\n<meta name=\"twitter:card\" content=\"summary_large_image\" \/>\n<meta name=\"twitter:label1\" content=\"Est. tempo de leitura\" \/>\n\t<meta name=\"twitter:data1\" content=\"1 minuto\" \/>\n<script type=\"application\/ld+json\" class=\"yoast-schema-graph\">{\"@context\":\"https:\/\/schema.org\",\"@graph\":[{\"@type\":\"WebPage\",\"@id\":\"https:\/\/institutos.ufrrj.br\/if\/departamento-de-silvicultura\/atuacao-ds\/\",\"url\":\"https:\/\/institutos.ufrrj.br\/if\/departamento-de-silvicultura\/atuacao-ds\/\",\"name\":\"Atua\u00e7\u00e3o (DS) - IF\",\"isPartOf\":{\"@id\":\"https:\/\/institutos.ufrrj.br\/if\/#website\"},\"datePublished\":\"2014-12-02T13:26:35+00:00\",\"dateModified\":\"2019-01-24T12:39:04+00:00\",\"breadcrumb\":{\"@id\":\"https:\/\/institutos.ufrrj.br\/if\/departamento-de-silvicultura\/atuacao-ds\/#breadcrumb\"},\"inLanguage\":\"pt-BR\",\"potentialAction\":[{\"@type\":\"ReadAction\",\"target\":[\"https:\/\/institutos.ufrrj.br\/if\/departamento-de-silvicultura\/atuacao-ds\/\"]}]},{\"@type\":\"BreadcrumbList\",\"@id\":\"https:\/\/institutos.ufrrj.br\/if\/departamento-de-silvicultura\/atuacao-ds\/#breadcrumb\",\"itemListElement\":[{\"@type\":\"ListItem\",\"position\":1,\"name\":\"In\u00edcio\",\"item\":\"https:\/\/institutos.ufrrj.br\/if\/\"},{\"@type\":\"ListItem\",\"position\":2,\"name\":\"Departamento de Silvicultura\",\"item\":\"https:\/\/institutos.ufrrj.br\/if\/departamento-de-silvicultura\/\"},{\"@type\":\"ListItem\",\"position\":3,\"name\":\"Atua\u00e7\u00e3o (DS)\"}]},{\"@type\":\"WebSite\",\"@id\":\"https:\/\/institutos.ufrrj.br\/if\/#website\",\"url\":\"https:\/\/institutos.ufrrj.br\/if\/\",\"name\":\"IF - Instituto de Floresta\",\"description\":\"Instituto de Florestas\",\"potentialAction\":[{\"@type\":\"SearchAction\",\"target\":{\"@type\":\"EntryPoint\",\"urlTemplate\":\"https:\/\/institutos.ufrrj.br\/if\/?s={search_term_string}\"},\"query-input\":{\"@type\":\"PropertyValueSpecification\",\"valueRequired\":true,\"valueName\":\"search_term_string\"}}],\"inLanguage\":\"pt-BR\"}]}<\/script>\n<!-- \/ Yoast SEO plugin. -->","yoast_head_json":{"title":"Atua\u00e7\u00e3o (DS) - IF","robots":{"index":"index","follow":"follow","max-snippet":"max-snippet:-1","max-image-preview":"max-image-preview:large","max-video-preview":"max-video-preview:-1"},"canonical":"https:\/\/institutos.ufrrj.br\/if\/departamento-de-silvicultura\/atuacao-ds\/","og_locale":"pt_BR","og_type":"article","og_title":"Atua\u00e7\u00e3o (DS) - IF","og_description":"O Departamento de Silvicultura (DS) tem como miss\u00e3o atuar na forma\u00e7\u00e3o profissional nas \u00e1reas de planejamento, implanta\u00e7\u00e3o, manejo, invent\u00e1rio, prote\u00e7\u00e3o, melhoramento, economia [&hellip;]","og_url":"https:\/\/institutos.ufrrj.br\/if\/departamento-de-silvicultura\/atuacao-ds\/","og_site_name":"IF","article_modified_time":"2019-01-24T12:39:04+00:00","twitter_card":"summary_large_image","twitter_misc":{"Est. tempo de leitura":"1 minuto"},"schema":{"@context":"https:\/\/schema.org","@graph":[{"@type":"WebPage","@id":"https:\/\/institutos.ufrrj.br\/if\/departamento-de-silvicultura\/atuacao-ds\/","url":"https:\/\/institutos.ufrrj.br\/if\/departamento-de-silvicultura\/atuacao-ds\/","name":"Atua\u00e7\u00e3o (DS) - IF","isPartOf":{"@id":"https:\/\/institutos.ufrrj.br\/if\/#website"},"datePublished":"2014-12-02T13:26:35+00:00","dateModified":"2019-01-24T12:39:04+00:00","breadcrumb":{"@id":"https:\/\/institutos.ufrrj.br\/if\/departamento-de-silvicultura\/atuacao-ds\/#breadcrumb"},"inLanguage":"pt-BR","potentialAction":[{"@type":"ReadAction","target":["https:\/\/institutos.ufrrj.br\/if\/departamento-de-silvicultura\/atuacao-ds\/"]}]},{"@type":"BreadcrumbList","@id":"https:\/\/institutos.ufrrj.br\/if\/departamento-de-silvicultura\/atuacao-ds\/#breadcrumb","itemListElement":[{"@type":"ListItem","position":1,"name":"In\u00edcio","item":"https:\/\/institutos.ufrrj.br\/if\/"},{"@type":"ListItem","position":2,"name":"Departamento de Silvicultura","item":"https:\/\/institutos.ufrrj.br\/if\/departamento-de-silvicultura\/"},{"@type":"ListItem","position":3,"name":"Atua\u00e7\u00e3o (DS)"}]},{"@type":"WebSite","@id":"https:\/\/institutos.ufrrj.br\/if\/#website","url":"https:\/\/institutos.ufrrj.br\/if\/","name":"IF - Instituto de Floresta","description":"Instituto de Florestas","potentialAction":[{"@type":"SearchAction","target":{"@type":"EntryPoint","urlTemplate":"https:\/\/institutos.ufrrj.br\/if\/?s={search_term_string}"},"query-input":{"@type":"PropertyValueSpecification","valueRequired":true,"valueName":"search_term_string"}}],"inLanguage":"pt-BR"}]}},"_links":{"self":[{"href":"https:\/\/institutos.ufrrj.br\/if\/wp-json\/wp\/v2\/pages\/235","targetHints":{"allow":["GET"]}}],"collection":[{"href":"https:\/\/institutos.ufrrj.br\/if\/wp-json\/wp\/v2\/pages"}],"about":[{"href":"https:\/\/institutos.ufrrj.br\/if\/wp-json\/wp\/v2\/types\/page"}],"author":[{"embeddable":true,"href":"https:\/\/institutos.ufrrj.br\/if\/wp-json\/wp\/v2\/users\/8"}],"replies":[{"embeddable":true,"href":"https:\/\/institutos.ufrrj.br\/if\/wp-json\/wp\/v2\/comments?post=235"}],"version-history":[{"count":4,"href":"https:\/\/institutos.ufrrj.br\/if\/wp-json\/wp\/v2\/pages\/235\/revisions"}],"predecessor-version":[{"id":3071,"href":"https:\/\/institutos.ufrrj.br\/if\/wp-json\/wp\/v2\/pages\/235\/revisions\/3071"}],"up":[{"embeddable":true,"href":"https:\/\/institutos.ufrrj.br\/if\/wp-json\/wp\/v2\/pages\/76"}],"wp:attachment":[{"href":"https:\/\/institutos.ufrrj.br\/if\/wp-json\/wp\/v2\/media?parent=235"}],"curies":[{"name":"wp","href":"https:\/\/api.w.org\/{rel}","templated":true}]}}