{"id":237,"date":"2014-12-02T13:26:46","date_gmt":"2014-12-02T13:26:46","guid":{"rendered":"http:\/\/institutos.ufrrj.br\/if\/?page_id=237"},"modified":"2019-01-23T17:57:13","modified_gmt":"2019-01-23T17:57:13","slug":"atuacao-dca","status":"publish","type":"page","link":"https:\/\/institutos.ufrrj.br\/if\/departamento-de-ciencias-ambientais\/atuacao-dca\/","title":{"rendered":"Atua\u00e7\u00e3o (DCA)"},"content":{"rendered":"<p class=\"p1\">O Departamento tem a miss\u00e3o desenvolver e difundir o conhecimento e promover a forma\u00e7\u00e3o de cidad\u00e3os e de profissionais comprometidos com a Educa\u00e7\u00e3o Ambiental e conseq\u00fcentemente com a vida, na busca de uma sociedade sustent\u00e1vel.<\/p>\n<p class=\"p1\">O DCA \u00e9 formado por tr\u00eas \u00e1reas: Ecologia, Conserva\u00e7\u00e3o de Recursos Naturais e Meteorologia. Oferece disciplinas para os cursos de gradua\u00e7\u00e3o em Engenharia Florestal, Engenharia Agron\u00f4mica, Engenharia Agrimensura, Engenharia Agr\u00edcola, Engenharia Qu\u00edmica, Qu\u00edmica Industrial, Licenciatura em Qu\u00edmica, Arquitetura, Ci\u00eancias Agr\u00edcolas, Ci\u00eancias Biol\u00f3gicas (Licenciatura e Bacharelado em Ecologia), Geologia, Medicina Veterin\u00e1ria, Zootecnia. Na p\u00f3s Gradua\u00e7\u00e3o oferece disciplinas para o Programa de P\u00f3s-Gradua\u00e7\u00e3o em Ci\u00eancias Ambientais e Florestais (Mestrado e Doutorado) e em Pr\u00e1ticas de Desenvolvimento Sustent\u00e1vel (Mestrado Profissional).<\/p>\n","protected":false},"excerpt":{"rendered":"<p>O Departamento tem a miss\u00e3o desenvolver e difundir o conhecimento e promover a forma\u00e7\u00e3o de cidad\u00e3os e de profissionais comprometidos com a [&hellip;]<\/p>\n","protected":false},"author":8,"featured_media":0,"parent":72,"menu_order":0,"comment_status":"open","ping_status":"closed","template":"","meta":{"_acf_changed":false,"ngg_post_thumbnail":0,"_themeisle_gutenberg_block_has_review":false,"footnotes":"","_links_to":"","_links_to_target":""},"class_list":["post-237","page","type-page","status-publish","hentry"],"acf":[],"yoast_head":"<!-- This site is optimized with the Yoast SEO plugin v26.8 - https:\/\/yoast.com\/product\/yoast-seo-wordpress\/ -->\n<title>Atua\u00e7\u00e3o (DCA) - IF<\/title>\n<meta name=\"robots\" content=\"index, follow, max-snippet:-1, max-image-preview:large, max-video-preview:-1\" \/>\n<link rel=\"canonical\" href=\"https:\/\/institutos.ufrrj.br\/if\/departamento-de-ciencias-ambientais\/atuacao-dca\/\" \/>\n<meta property=\"og:locale\" content=\"pt_BR\" \/>\n<meta property=\"og:type\" content=\"article\" \/>\n<meta property=\"og:title\" content=\"Atua\u00e7\u00e3o (DCA) - IF\" \/>\n<meta property=\"og:description\" content=\"O Departamento tem a miss\u00e3o desenvolver e difundir o conhecimento e promover a forma\u00e7\u00e3o de cidad\u00e3os e de profissionais comprometidos com a [&hellip;]\" \/>\n<meta property=\"og:url\" content=\"https:\/\/institutos.ufrrj.br\/if\/departamento-de-ciencias-ambientais\/atuacao-dca\/\" \/>\n<meta property=\"og:site_name\" content=\"IF\" \/>\n<meta property=\"article:modified_time\" content=\"2019-01-23T17:57:13+00:00\" \/>\n<meta name=\"twitter:card\" content=\"summary_large_image\" \/>\n<meta name=\"twitter:label1\" content=\"Est. tempo de leitura\" \/>\n\t<meta name=\"twitter:data1\" content=\"1 minuto\" \/>\n<script type=\"application\/ld+json\" class=\"yoast-schema-graph\">{\"@context\":\"https:\/\/schema.org\",\"@graph\":[{\"@type\":\"WebPage\",\"@id\":\"https:\/\/institutos.ufrrj.br\/if\/departamento-de-ciencias-ambientais\/atuacao-dca\/\",\"url\":\"https:\/\/institutos.ufrrj.br\/if\/departamento-de-ciencias-ambientais\/atuacao-dca\/\",\"name\":\"Atua\u00e7\u00e3o (DCA) - IF\",\"isPartOf\":{\"@id\":\"https:\/\/institutos.ufrrj.br\/if\/#website\"},\"datePublished\":\"2014-12-02T13:26:46+00:00\",\"dateModified\":\"2019-01-23T17:57:13+00:00\",\"breadcrumb\":{\"@id\":\"https:\/\/institutos.ufrrj.br\/if\/departamento-de-ciencias-ambientais\/atuacao-dca\/#breadcrumb\"},\"inLanguage\":\"pt-BR\",\"potentialAction\":[{\"@type\":\"ReadAction\",\"target\":[\"https:\/\/institutos.ufrrj.br\/if\/departamento-de-ciencias-ambientais\/atuacao-dca\/\"]}]},{\"@type\":\"BreadcrumbList\",\"@id\":\"https:\/\/institutos.ufrrj.br\/if\/departamento-de-ciencias-ambientais\/atuacao-dca\/#breadcrumb\",\"itemListElement\":[{\"@type\":\"ListItem\",\"position\":1,\"name\":\"In\u00edcio\",\"item\":\"https:\/\/institutos.ufrrj.br\/if\/\"},{\"@type\":\"ListItem\",\"position\":2,\"name\":\"Departamento de Ci\u00eancias Ambientais\",\"item\":\"https:\/\/institutos.ufrrj.br\/if\/departamento-de-ciencias-ambientais\/\"},{\"@type\":\"ListItem\",\"position\":3,\"name\":\"Atua\u00e7\u00e3o (DCA)\"}]},{\"@type\":\"WebSite\",\"@id\":\"https:\/\/institutos.ufrrj.br\/if\/#website\",\"url\":\"https:\/\/institutos.ufrrj.br\/if\/\",\"name\":\"IF - Instituto de Floresta\",\"description\":\"Instituto de Florestas\",\"potentialAction\":[{\"@type\":\"SearchAction\",\"target\":{\"@type\":\"EntryPoint\",\"urlTemplate\":\"https:\/\/institutos.ufrrj.br\/if\/?s={search_term_string}\"},\"query-input\":{\"@type\":\"PropertyValueSpecification\",\"valueRequired\":true,\"valueName\":\"search_term_string\"}}],\"inLanguage\":\"pt-BR\"}]}<\/script>\n<!-- \/ Yoast SEO plugin. -->","yoast_head_json":{"title":"Atua\u00e7\u00e3o (DCA) - IF","robots":{"index":"index","follow":"follow","max-snippet":"max-snippet:-1","max-image-preview":"max-image-preview:large","max-video-preview":"max-video-preview:-1"},"canonical":"https:\/\/institutos.ufrrj.br\/if\/departamento-de-ciencias-ambientais\/atuacao-dca\/","og_locale":"pt_BR","og_type":"article","og_title":"Atua\u00e7\u00e3o (DCA) - IF","og_description":"O Departamento tem a miss\u00e3o desenvolver e difundir o conhecimento e promover a forma\u00e7\u00e3o de cidad\u00e3os e de profissionais comprometidos com a [&hellip;]","og_url":"https:\/\/institutos.ufrrj.br\/if\/departamento-de-ciencias-ambientais\/atuacao-dca\/","og_site_name":"IF","article_modified_time":"2019-01-23T17:57:13+00:00","twitter_card":"summary_large_image","twitter_misc":{"Est. tempo de leitura":"1 minuto"},"schema":{"@context":"https:\/\/schema.org","@graph":[{"@type":"WebPage","@id":"https:\/\/institutos.ufrrj.br\/if\/departamento-de-ciencias-ambientais\/atuacao-dca\/","url":"https:\/\/institutos.ufrrj.br\/if\/departamento-de-ciencias-ambientais\/atuacao-dca\/","name":"Atua\u00e7\u00e3o (DCA) - IF","isPartOf":{"@id":"https:\/\/institutos.ufrrj.br\/if\/#website"},"datePublished":"2014-12-02T13:26:46+00:00","dateModified":"2019-01-23T17:57:13+00:00","breadcrumb":{"@id":"https:\/\/institutos.ufrrj.br\/if\/departamento-de-ciencias-ambientais\/atuacao-dca\/#breadcrumb"},"inLanguage":"pt-BR","potentialAction":[{"@type":"ReadAction","target":["https:\/\/institutos.ufrrj.br\/if\/departamento-de-ciencias-ambientais\/atuacao-dca\/"]}]},{"@type":"BreadcrumbList","@id":"https:\/\/institutos.ufrrj.br\/if\/departamento-de-ciencias-ambientais\/atuacao-dca\/#breadcrumb","itemListElement":[{"@type":"ListItem","position":1,"name":"In\u00edcio","item":"https:\/\/institutos.ufrrj.br\/if\/"},{"@type":"ListItem","position":2,"name":"Departamento de Ci\u00eancias Ambientais","item":"https:\/\/institutos.ufrrj.br\/if\/departamento-de-ciencias-ambientais\/"},{"@type":"ListItem","position":3,"name":"Atua\u00e7\u00e3o (DCA)"}]},{"@type":"WebSite","@id":"https:\/\/institutos.ufrrj.br\/if\/#website","url":"https:\/\/institutos.ufrrj.br\/if\/","name":"IF - Instituto de Floresta","description":"Instituto de Florestas","potentialAction":[{"@type":"SearchAction","target":{"@type":"EntryPoint","urlTemplate":"https:\/\/institutos.ufrrj.br\/if\/?s={search_term_string}"},"query-input":{"@type":"PropertyValueSpecification","valueRequired":true,"valueName":"search_term_string"}}],"inLanguage":"pt-BR"}]}},"_links":{"self":[{"href":"https:\/\/institutos.ufrrj.br\/if\/wp-json\/wp\/v2\/pages\/237","targetHints":{"allow":["GET"]}}],"collection":[{"href":"https:\/\/institutos.ufrrj.br\/if\/wp-json\/wp\/v2\/pages"}],"about":[{"href":"https:\/\/institutos.ufrrj.br\/if\/wp-json\/wp\/v2\/types\/page"}],"author":[{"embeddable":true,"href":"https:\/\/institutos.ufrrj.br\/if\/wp-json\/wp\/v2\/users\/8"}],"replies":[{"embeddable":true,"href":"https:\/\/institutos.ufrrj.br\/if\/wp-json\/wp\/v2\/comments?post=237"}],"version-history":[{"count":3,"href":"https:\/\/institutos.ufrrj.br\/if\/wp-json\/wp\/v2\/pages\/237\/revisions"}],"predecessor-version":[{"id":3195,"href":"https:\/\/institutos.ufrrj.br\/if\/wp-json\/wp\/v2\/pages\/237\/revisions\/3195"}],"up":[{"embeddable":true,"href":"https:\/\/institutos.ufrrj.br\/if\/wp-json\/wp\/v2\/pages\/72"}],"wp:attachment":[{"href":"https:\/\/institutos.ufrrj.br\/if\/wp-json\/wp\/v2\/media?parent=237"}],"curies":[{"name":"wp","href":"https:\/\/api.w.org\/{rel}","templated":true}]}}