{"id":239,"date":"2014-12-02T13:27:07","date_gmt":"2014-12-02T13:27:07","guid":{"rendered":"http:\/\/institutos.ufrrj.br\/if\/?page_id=239"},"modified":"2025-07-11T13:20:58","modified_gmt":"2025-07-11T13:20:58","slug":"administracao-ds","status":"publish","type":"page","link":"https:\/\/institutos.ufrrj.br\/if\/departamento-de-silvicultura\/administracao-ds\/","title":{"rendered":"Administra\u00e7\u00e3o (DS)"},"content":{"rendered":"<h6>Departamento de Silvicultura<\/h6>\n<p>&nbsp;<\/p>\n<p style=\"text-align: left\">Chefe: Prof. Jos\u00e9 Carlos Arthur Junior<\/p>\n<p style=\"text-align: left\">Sub-Chefia: Prof. Emanuel Jos\u00e9 Gomes de Ara\u00fajo<\/p>\n<p>&nbsp;<\/p>\n<p>Secretaria:<\/p>\n<p style=\"text-align: left\">Assistente em Administra\u00e7\u00e3o: Leandro de Souza Raimundo<\/p>\n<p>Telefone: (21) 2681-4987<\/p>\n","protected":false},"excerpt":{"rendered":"<p>Departamento de Silvicultura &nbsp; Chefe: Prof. Jos\u00e9 Carlos Arthur Junior Sub-Chefia: Prof. Emanuel Jos\u00e9 Gomes de Ara\u00fajo &nbsp; Secretaria: Assistente em Administra\u00e7\u00e3o: [&hellip;]<\/p>\n","protected":false},"author":8,"featured_media":0,"parent":76,"menu_order":0,"comment_status":"open","ping_status":"closed","template":"","meta":{"_acf_changed":false,"ngg_post_thumbnail":0,"_themeisle_gutenberg_block_has_review":false,"footnotes":"","_links_to":"","_links_to_target":""},"class_list":["post-239","page","type-page","status-publish","hentry"],"acf":[],"yoast_head":"<!-- This site is optimized with the Yoast SEO plugin v26.8 - https:\/\/yoast.com\/product\/yoast-seo-wordpress\/ -->\n<title>Administra\u00e7\u00e3o (DS) - IF<\/title>\n<meta name=\"robots\" content=\"index, follow, max-snippet:-1, max-image-preview:large, max-video-preview:-1\" \/>\n<link rel=\"canonical\" href=\"https:\/\/institutos.ufrrj.br\/if\/departamento-de-silvicultura\/administracao-ds\/\" \/>\n<meta property=\"og:locale\" content=\"pt_BR\" \/>\n<meta property=\"og:type\" content=\"article\" \/>\n<meta property=\"og:title\" content=\"Administra\u00e7\u00e3o (DS) - IF\" \/>\n<meta property=\"og:description\" content=\"Departamento de Silvicultura &nbsp; Chefe: Prof. Jos\u00e9 Carlos Arthur Junior Sub-Chefia: Prof. Emanuel Jos\u00e9 Gomes de Ara\u00fajo &nbsp; Secretaria: Assistente em Administra\u00e7\u00e3o: [&hellip;]\" \/>\n<meta property=\"og:url\" content=\"https:\/\/institutos.ufrrj.br\/if\/departamento-de-silvicultura\/administracao-ds\/\" \/>\n<meta property=\"og:site_name\" content=\"IF\" \/>\n<meta property=\"article:modified_time\" content=\"2025-07-11T13:20:58+00:00\" \/>\n<meta name=\"twitter:card\" content=\"summary_large_image\" \/>\n<script type=\"application\/ld+json\" class=\"yoast-schema-graph\">{\"@context\":\"https:\/\/schema.org\",\"@graph\":[{\"@type\":\"WebPage\",\"@id\":\"https:\/\/institutos.ufrrj.br\/if\/departamento-de-silvicultura\/administracao-ds\/\",\"url\":\"https:\/\/institutos.ufrrj.br\/if\/departamento-de-silvicultura\/administracao-ds\/\",\"name\":\"Administra\u00e7\u00e3o (DS) - IF\",\"isPartOf\":{\"@id\":\"https:\/\/institutos.ufrrj.br\/if\/#website\"},\"datePublished\":\"2014-12-02T13:27:07+00:00\",\"dateModified\":\"2025-07-11T13:20:58+00:00\",\"breadcrumb\":{\"@id\":\"https:\/\/institutos.ufrrj.br\/if\/departamento-de-silvicultura\/administracao-ds\/#breadcrumb\"},\"inLanguage\":\"pt-BR\",\"potentialAction\":[{\"@type\":\"ReadAction\",\"target\":[\"https:\/\/institutos.ufrrj.br\/if\/departamento-de-silvicultura\/administracao-ds\/\"]}]},{\"@type\":\"BreadcrumbList\",\"@id\":\"https:\/\/institutos.ufrrj.br\/if\/departamento-de-silvicultura\/administracao-ds\/#breadcrumb\",\"itemListElement\":[{\"@type\":\"ListItem\",\"position\":1,\"name\":\"In\u00edcio\",\"item\":\"https:\/\/institutos.ufrrj.br\/if\/\"},{\"@type\":\"ListItem\",\"position\":2,\"name\":\"Departamento de Silvicultura\",\"item\":\"https:\/\/institutos.ufrrj.br\/if\/departamento-de-silvicultura\/\"},{\"@type\":\"ListItem\",\"position\":3,\"name\":\"Administra\u00e7\u00e3o (DS)\"}]},{\"@type\":\"WebSite\",\"@id\":\"https:\/\/institutos.ufrrj.br\/if\/#website\",\"url\":\"https:\/\/institutos.ufrrj.br\/if\/\",\"name\":\"IF - Instituto de Floresta\",\"description\":\"Instituto de Florestas\",\"potentialAction\":[{\"@type\":\"SearchAction\",\"target\":{\"@type\":\"EntryPoint\",\"urlTemplate\":\"https:\/\/institutos.ufrrj.br\/if\/?s={search_term_string}\"},\"query-input\":{\"@type\":\"PropertyValueSpecification\",\"valueRequired\":true,\"valueName\":\"search_term_string\"}}],\"inLanguage\":\"pt-BR\"}]}<\/script>\n<!-- \/ Yoast SEO plugin. -->","yoast_head_json":{"title":"Administra\u00e7\u00e3o (DS) - IF","robots":{"index":"index","follow":"follow","max-snippet":"max-snippet:-1","max-image-preview":"max-image-preview:large","max-video-preview":"max-video-preview:-1"},"canonical":"https:\/\/institutos.ufrrj.br\/if\/departamento-de-silvicultura\/administracao-ds\/","og_locale":"pt_BR","og_type":"article","og_title":"Administra\u00e7\u00e3o (DS) - IF","og_description":"Departamento de Silvicultura &nbsp; Chefe: Prof. Jos\u00e9 Carlos Arthur Junior Sub-Chefia: Prof. Emanuel Jos\u00e9 Gomes de Ara\u00fajo &nbsp; Secretaria: Assistente em Administra\u00e7\u00e3o: [&hellip;]","og_url":"https:\/\/institutos.ufrrj.br\/if\/departamento-de-silvicultura\/administracao-ds\/","og_site_name":"IF","article_modified_time":"2025-07-11T13:20:58+00:00","twitter_card":"summary_large_image","schema":{"@context":"https:\/\/schema.org","@graph":[{"@type":"WebPage","@id":"https:\/\/institutos.ufrrj.br\/if\/departamento-de-silvicultura\/administracao-ds\/","url":"https:\/\/institutos.ufrrj.br\/if\/departamento-de-silvicultura\/administracao-ds\/","name":"Administra\u00e7\u00e3o (DS) - IF","isPartOf":{"@id":"https:\/\/institutos.ufrrj.br\/if\/#website"},"datePublished":"2014-12-02T13:27:07+00:00","dateModified":"2025-07-11T13:20:58+00:00","breadcrumb":{"@id":"https:\/\/institutos.ufrrj.br\/if\/departamento-de-silvicultura\/administracao-ds\/#breadcrumb"},"inLanguage":"pt-BR","potentialAction":[{"@type":"ReadAction","target":["https:\/\/institutos.ufrrj.br\/if\/departamento-de-silvicultura\/administracao-ds\/"]}]},{"@type":"BreadcrumbList","@id":"https:\/\/institutos.ufrrj.br\/if\/departamento-de-silvicultura\/administracao-ds\/#breadcrumb","itemListElement":[{"@type":"ListItem","position":1,"name":"In\u00edcio","item":"https:\/\/institutos.ufrrj.br\/if\/"},{"@type":"ListItem","position":2,"name":"Departamento de Silvicultura","item":"https:\/\/institutos.ufrrj.br\/if\/departamento-de-silvicultura\/"},{"@type":"ListItem","position":3,"name":"Administra\u00e7\u00e3o (DS)"}]},{"@type":"WebSite","@id":"https:\/\/institutos.ufrrj.br\/if\/#website","url":"https:\/\/institutos.ufrrj.br\/if\/","name":"IF - Instituto de Floresta","description":"Instituto de Florestas","potentialAction":[{"@type":"SearchAction","target":{"@type":"EntryPoint","urlTemplate":"https:\/\/institutos.ufrrj.br\/if\/?s={search_term_string}"},"query-input":{"@type":"PropertyValueSpecification","valueRequired":true,"valueName":"search_term_string"}}],"inLanguage":"pt-BR"}]}},"_links":{"self":[{"href":"https:\/\/institutos.ufrrj.br\/if\/wp-json\/wp\/v2\/pages\/239","targetHints":{"allow":["GET"]}}],"collection":[{"href":"https:\/\/institutos.ufrrj.br\/if\/wp-json\/wp\/v2\/pages"}],"about":[{"href":"https:\/\/institutos.ufrrj.br\/if\/wp-json\/wp\/v2\/types\/page"}],"author":[{"embeddable":true,"href":"https:\/\/institutos.ufrrj.br\/if\/wp-json\/wp\/v2\/users\/8"}],"replies":[{"embeddable":true,"href":"https:\/\/institutos.ufrrj.br\/if\/wp-json\/wp\/v2\/comments?post=239"}],"version-history":[{"count":17,"href":"https:\/\/institutos.ufrrj.br\/if\/wp-json\/wp\/v2\/pages\/239\/revisions"}],"predecessor-version":[{"id":4467,"href":"https:\/\/institutos.ufrrj.br\/if\/wp-json\/wp\/v2\/pages\/239\/revisions\/4467"}],"up":[{"embeddable":true,"href":"https:\/\/institutos.ufrrj.br\/if\/wp-json\/wp\/v2\/pages\/76"}],"wp:attachment":[{"href":"https:\/\/institutos.ufrrj.br\/if\/wp-json\/wp\/v2\/media?parent=239"}],"curies":[{"name":"wp","href":"https:\/\/api.w.org\/{rel}","templated":true}]}}