{"id":243,"date":"2014-12-02T13:27:42","date_gmt":"2014-12-02T13:27:42","guid":{"rendered":"http:\/\/institutos.ufrrj.br\/if\/?page_id=243"},"modified":"2025-08-25T18:06:26","modified_gmt":"2025-08-25T18:06:26","slug":"administracao-dca","status":"publish","type":"page","link":"https:\/\/institutos.ufrrj.br\/if\/departamento-de-ciencias-ambientais\/administracao-dca\/","title":{"rendered":"Administra\u00e7\u00e3o (DCA)"},"content":{"rendered":"<h5>Departamento de Ci\u00eancias Ambientais<\/h5>\n<h3>&nbsp;<\/h3>\n<div>Chefe &#8211; Prof. Andr\u00e9 Felippe Nunes de Freitas<\/div>\n<div>Vice-Chefe &#8211; Prof. Henderson Silva Wanderley<\/div>\n<div>&nbsp;<\/div>\n<p style=\"text-align: left\"><strong>Secretaria:<\/strong><\/p>\n<p style=\"text-align: left\">Assistente em Administra\u00e7\u00e3o: Francisco Gilberto da Silva Filho<\/p>\n<p>E-mail:&nbsp;secret.dca.ufrrj@gmail.com<\/p>\n<p>Telefone: (21) 2681-4984<\/p>\n<p>&nbsp;<\/p>\n","protected":false},"excerpt":{"rendered":"<p>Departamento de Ci\u00eancias Ambientais &nbsp; Chefe &#8211; Prof. Andr\u00e9 Felippe Nunes de Freitas Vice-Chefe &#8211; Prof. Henderson Silva Wanderley &nbsp; Secretaria: Assistente [&hellip;]<\/p>\n","protected":false},"author":8,"featured_media":0,"parent":72,"menu_order":0,"comment_status":"open","ping_status":"closed","template":"","meta":{"_acf_changed":false,"ngg_post_thumbnail":0,"_themeisle_gutenberg_block_has_review":false,"footnotes":"","_links_to":"","_links_to_target":""},"class_list":["post-243","page","type-page","status-publish","hentry"],"acf":[],"yoast_head":"<!-- This site is optimized with the Yoast SEO plugin v26.8 - https:\/\/yoast.com\/product\/yoast-seo-wordpress\/ -->\n<title>Administra\u00e7\u00e3o (DCA) - IF<\/title>\n<meta name=\"robots\" content=\"index, follow, max-snippet:-1, max-image-preview:large, max-video-preview:-1\" \/>\n<link rel=\"canonical\" href=\"https:\/\/institutos.ufrrj.br\/if\/departamento-de-ciencias-ambientais\/administracao-dca\/\" \/>\n<meta property=\"og:locale\" content=\"pt_BR\" \/>\n<meta property=\"og:type\" content=\"article\" \/>\n<meta property=\"og:title\" content=\"Administra\u00e7\u00e3o (DCA) - IF\" \/>\n<meta property=\"og:description\" content=\"Departamento de Ci\u00eancias Ambientais &nbsp; Chefe &#8211; Prof. Andr\u00e9 Felippe Nunes de Freitas Vice-Chefe &#8211; Prof. Henderson Silva Wanderley &nbsp; Secretaria: Assistente [&hellip;]\" \/>\n<meta property=\"og:url\" content=\"https:\/\/institutos.ufrrj.br\/if\/departamento-de-ciencias-ambientais\/administracao-dca\/\" \/>\n<meta property=\"og:site_name\" content=\"IF\" \/>\n<meta property=\"article:modified_time\" content=\"2025-08-25T18:06:26+00:00\" \/>\n<meta name=\"twitter:card\" content=\"summary_large_image\" \/>\n<script type=\"application\/ld+json\" class=\"yoast-schema-graph\">{\"@context\":\"https:\/\/schema.org\",\"@graph\":[{\"@type\":\"WebPage\",\"@id\":\"https:\/\/institutos.ufrrj.br\/if\/departamento-de-ciencias-ambientais\/administracao-dca\/\",\"url\":\"https:\/\/institutos.ufrrj.br\/if\/departamento-de-ciencias-ambientais\/administracao-dca\/\",\"name\":\"Administra\u00e7\u00e3o (DCA) - IF\",\"isPartOf\":{\"@id\":\"https:\/\/institutos.ufrrj.br\/if\/#website\"},\"datePublished\":\"2014-12-02T13:27:42+00:00\",\"dateModified\":\"2025-08-25T18:06:26+00:00\",\"breadcrumb\":{\"@id\":\"https:\/\/institutos.ufrrj.br\/if\/departamento-de-ciencias-ambientais\/administracao-dca\/#breadcrumb\"},\"inLanguage\":\"pt-BR\",\"potentialAction\":[{\"@type\":\"ReadAction\",\"target\":[\"https:\/\/institutos.ufrrj.br\/if\/departamento-de-ciencias-ambientais\/administracao-dca\/\"]}]},{\"@type\":\"BreadcrumbList\",\"@id\":\"https:\/\/institutos.ufrrj.br\/if\/departamento-de-ciencias-ambientais\/administracao-dca\/#breadcrumb\",\"itemListElement\":[{\"@type\":\"ListItem\",\"position\":1,\"name\":\"In\u00edcio\",\"item\":\"https:\/\/institutos.ufrrj.br\/if\/\"},{\"@type\":\"ListItem\",\"position\":2,\"name\":\"Departamento de Ci\u00eancias Ambientais\",\"item\":\"https:\/\/institutos.ufrrj.br\/if\/departamento-de-ciencias-ambientais\/\"},{\"@type\":\"ListItem\",\"position\":3,\"name\":\"Administra\u00e7\u00e3o (DCA)\"}]},{\"@type\":\"WebSite\",\"@id\":\"https:\/\/institutos.ufrrj.br\/if\/#website\",\"url\":\"https:\/\/institutos.ufrrj.br\/if\/\",\"name\":\"IF - Instituto de Floresta\",\"description\":\"Instituto de Florestas\",\"potentialAction\":[{\"@type\":\"SearchAction\",\"target\":{\"@type\":\"EntryPoint\",\"urlTemplate\":\"https:\/\/institutos.ufrrj.br\/if\/?s={search_term_string}\"},\"query-input\":{\"@type\":\"PropertyValueSpecification\",\"valueRequired\":true,\"valueName\":\"search_term_string\"}}],\"inLanguage\":\"pt-BR\"}]}<\/script>\n<!-- \/ Yoast SEO plugin. -->","yoast_head_json":{"title":"Administra\u00e7\u00e3o (DCA) - IF","robots":{"index":"index","follow":"follow","max-snippet":"max-snippet:-1","max-image-preview":"max-image-preview:large","max-video-preview":"max-video-preview:-1"},"canonical":"https:\/\/institutos.ufrrj.br\/if\/departamento-de-ciencias-ambientais\/administracao-dca\/","og_locale":"pt_BR","og_type":"article","og_title":"Administra\u00e7\u00e3o (DCA) - IF","og_description":"Departamento de Ci\u00eancias Ambientais &nbsp; Chefe &#8211; Prof. Andr\u00e9 Felippe Nunes de Freitas Vice-Chefe &#8211; Prof. Henderson Silva Wanderley &nbsp; Secretaria: Assistente [&hellip;]","og_url":"https:\/\/institutos.ufrrj.br\/if\/departamento-de-ciencias-ambientais\/administracao-dca\/","og_site_name":"IF","article_modified_time":"2025-08-25T18:06:26+00:00","twitter_card":"summary_large_image","schema":{"@context":"https:\/\/schema.org","@graph":[{"@type":"WebPage","@id":"https:\/\/institutos.ufrrj.br\/if\/departamento-de-ciencias-ambientais\/administracao-dca\/","url":"https:\/\/institutos.ufrrj.br\/if\/departamento-de-ciencias-ambientais\/administracao-dca\/","name":"Administra\u00e7\u00e3o (DCA) - IF","isPartOf":{"@id":"https:\/\/institutos.ufrrj.br\/if\/#website"},"datePublished":"2014-12-02T13:27:42+00:00","dateModified":"2025-08-25T18:06:26+00:00","breadcrumb":{"@id":"https:\/\/institutos.ufrrj.br\/if\/departamento-de-ciencias-ambientais\/administracao-dca\/#breadcrumb"},"inLanguage":"pt-BR","potentialAction":[{"@type":"ReadAction","target":["https:\/\/institutos.ufrrj.br\/if\/departamento-de-ciencias-ambientais\/administracao-dca\/"]}]},{"@type":"BreadcrumbList","@id":"https:\/\/institutos.ufrrj.br\/if\/departamento-de-ciencias-ambientais\/administracao-dca\/#breadcrumb","itemListElement":[{"@type":"ListItem","position":1,"name":"In\u00edcio","item":"https:\/\/institutos.ufrrj.br\/if\/"},{"@type":"ListItem","position":2,"name":"Departamento de Ci\u00eancias Ambientais","item":"https:\/\/institutos.ufrrj.br\/if\/departamento-de-ciencias-ambientais\/"},{"@type":"ListItem","position":3,"name":"Administra\u00e7\u00e3o (DCA)"}]},{"@type":"WebSite","@id":"https:\/\/institutos.ufrrj.br\/if\/#website","url":"https:\/\/institutos.ufrrj.br\/if\/","name":"IF - Instituto de Floresta","description":"Instituto de Florestas","potentialAction":[{"@type":"SearchAction","target":{"@type":"EntryPoint","urlTemplate":"https:\/\/institutos.ufrrj.br\/if\/?s={search_term_string}"},"query-input":{"@type":"PropertyValueSpecification","valueRequired":true,"valueName":"search_term_string"}}],"inLanguage":"pt-BR"}]}},"_links":{"self":[{"href":"https:\/\/institutos.ufrrj.br\/if\/wp-json\/wp\/v2\/pages\/243","targetHints":{"allow":["GET"]}}],"collection":[{"href":"https:\/\/institutos.ufrrj.br\/if\/wp-json\/wp\/v2\/pages"}],"about":[{"href":"https:\/\/institutos.ufrrj.br\/if\/wp-json\/wp\/v2\/types\/page"}],"author":[{"embeddable":true,"href":"https:\/\/institutos.ufrrj.br\/if\/wp-json\/wp\/v2\/users\/8"}],"replies":[{"embeddable":true,"href":"https:\/\/institutos.ufrrj.br\/if\/wp-json\/wp\/v2\/comments?post=243"}],"version-history":[{"count":14,"href":"https:\/\/institutos.ufrrj.br\/if\/wp-json\/wp\/v2\/pages\/243\/revisions"}],"predecessor-version":[{"id":4501,"href":"https:\/\/institutos.ufrrj.br\/if\/wp-json\/wp\/v2\/pages\/243\/revisions\/4501"}],"up":[{"embeddable":true,"href":"https:\/\/institutos.ufrrj.br\/if\/wp-json\/wp\/v2\/pages\/72"}],"wp:attachment":[{"href":"https:\/\/institutos.ufrrj.br\/if\/wp-json\/wp\/v2\/media?parent=243"}],"curies":[{"name":"wp","href":"https:\/\/api.w.org\/{rel}","templated":true}]}}