{"id":253,"date":"2014-12-02T13:29:04","date_gmt":"2014-12-02T13:29:04","guid":{"rendered":"http:\/\/institutos.ufrrj.br\/if\/?page_id=253"},"modified":"2019-01-24T12:41:40","modified_gmt":"2019-01-24T12:41:40","slug":"tecnicos-administrativos-ds","status":"publish","type":"page","link":"https:\/\/institutos.ufrrj.br\/if\/departamento-de-silvicultura\/tecnicos-administrativos-ds\/","title":{"rendered":"T\u00e9cnicos Administrativos (DS)"},"content":{"rendered":"<p>Carlos Alberto Abdala (Assistente em Administra\u00e7\u00e3o)<\/p>\n<p>Maria Carolina Souza da Cruz (Assistente de Laborat\u00f3rio)<\/p>\n<p class=\"\">Paulo Cezar de Oliveira (T\u00e9cnico )<\/p>\n<p class=\"\">Sebasti\u00e3o Correa Costa (T\u00e9cnico)\u00a0<\/p>\n","protected":false},"excerpt":{"rendered":"<p>Carlos Alberto Abdala (Assistente em Administra\u00e7\u00e3o) Maria Carolina Souza da Cruz (Assistente de Laborat\u00f3rio) Paulo Cezar de Oliveira (T\u00e9cnico ) Sebasti\u00e3o Correa [&hellip;]<\/p>\n","protected":false},"author":8,"featured_media":0,"parent":76,"menu_order":0,"comment_status":"open","ping_status":"closed","template":"","meta":{"_acf_changed":false,"ngg_post_thumbnail":0,"_themeisle_gutenberg_block_has_review":false,"footnotes":"","_links_to":"","_links_to_target":""},"class_list":["post-253","page","type-page","status-publish","hentry"],"acf":[],"yoast_head":"<!-- This site is optimized with the Yoast SEO plugin v26.8 - https:\/\/yoast.com\/product\/yoast-seo-wordpress\/ -->\n<title>T\u00e9cnicos Administrativos (DS) - IF<\/title>\n<meta name=\"robots\" content=\"index, follow, max-snippet:-1, max-image-preview:large, max-video-preview:-1\" \/>\n<link rel=\"canonical\" href=\"https:\/\/institutos.ufrrj.br\/if\/departamento-de-silvicultura\/tecnicos-administrativos-ds\/\" \/>\n<meta property=\"og:locale\" content=\"pt_BR\" \/>\n<meta property=\"og:type\" content=\"article\" \/>\n<meta property=\"og:title\" content=\"T\u00e9cnicos Administrativos (DS) - IF\" \/>\n<meta property=\"og:description\" content=\"Carlos Alberto Abdala (Assistente em Administra\u00e7\u00e3o) Maria Carolina Souza da Cruz (Assistente de Laborat\u00f3rio) Paulo Cezar de Oliveira (T\u00e9cnico ) Sebasti\u00e3o Correa [&hellip;]\" \/>\n<meta property=\"og:url\" content=\"https:\/\/institutos.ufrrj.br\/if\/departamento-de-silvicultura\/tecnicos-administrativos-ds\/\" \/>\n<meta property=\"og:site_name\" content=\"IF\" \/>\n<meta property=\"article:modified_time\" content=\"2019-01-24T12:41:40+00:00\" \/>\n<meta name=\"twitter:card\" content=\"summary_large_image\" \/>\n<script type=\"application\/ld+json\" class=\"yoast-schema-graph\">{\"@context\":\"https:\/\/schema.org\",\"@graph\":[{\"@type\":\"WebPage\",\"@id\":\"https:\/\/institutos.ufrrj.br\/if\/departamento-de-silvicultura\/tecnicos-administrativos-ds\/\",\"url\":\"https:\/\/institutos.ufrrj.br\/if\/departamento-de-silvicultura\/tecnicos-administrativos-ds\/\",\"name\":\"T\u00e9cnicos Administrativos (DS) - IF\",\"isPartOf\":{\"@id\":\"https:\/\/institutos.ufrrj.br\/if\/#website\"},\"datePublished\":\"2014-12-02T13:29:04+00:00\",\"dateModified\":\"2019-01-24T12:41:40+00:00\",\"breadcrumb\":{\"@id\":\"https:\/\/institutos.ufrrj.br\/if\/departamento-de-silvicultura\/tecnicos-administrativos-ds\/#breadcrumb\"},\"inLanguage\":\"pt-BR\",\"potentialAction\":[{\"@type\":\"ReadAction\",\"target\":[\"https:\/\/institutos.ufrrj.br\/if\/departamento-de-silvicultura\/tecnicos-administrativos-ds\/\"]}]},{\"@type\":\"BreadcrumbList\",\"@id\":\"https:\/\/institutos.ufrrj.br\/if\/departamento-de-silvicultura\/tecnicos-administrativos-ds\/#breadcrumb\",\"itemListElement\":[{\"@type\":\"ListItem\",\"position\":1,\"name\":\"In\u00edcio\",\"item\":\"https:\/\/institutos.ufrrj.br\/if\/\"},{\"@type\":\"ListItem\",\"position\":2,\"name\":\"Departamento de Silvicultura\",\"item\":\"https:\/\/institutos.ufrrj.br\/if\/departamento-de-silvicultura\/\"},{\"@type\":\"ListItem\",\"position\":3,\"name\":\"T\u00e9cnicos Administrativos (DS)\"}]},{\"@type\":\"WebSite\",\"@id\":\"https:\/\/institutos.ufrrj.br\/if\/#website\",\"url\":\"https:\/\/institutos.ufrrj.br\/if\/\",\"name\":\"IF - Instituto de Floresta\",\"description\":\"Instituto de Florestas\",\"potentialAction\":[{\"@type\":\"SearchAction\",\"target\":{\"@type\":\"EntryPoint\",\"urlTemplate\":\"https:\/\/institutos.ufrrj.br\/if\/?s={search_term_string}\"},\"query-input\":{\"@type\":\"PropertyValueSpecification\",\"valueRequired\":true,\"valueName\":\"search_term_string\"}}],\"inLanguage\":\"pt-BR\"}]}<\/script>\n<!-- \/ Yoast SEO plugin. -->","yoast_head_json":{"title":"T\u00e9cnicos Administrativos (DS) - IF","robots":{"index":"index","follow":"follow","max-snippet":"max-snippet:-1","max-image-preview":"max-image-preview:large","max-video-preview":"max-video-preview:-1"},"canonical":"https:\/\/institutos.ufrrj.br\/if\/departamento-de-silvicultura\/tecnicos-administrativos-ds\/","og_locale":"pt_BR","og_type":"article","og_title":"T\u00e9cnicos Administrativos (DS) - IF","og_description":"Carlos Alberto Abdala (Assistente em Administra\u00e7\u00e3o) Maria Carolina Souza da Cruz (Assistente de Laborat\u00f3rio) Paulo Cezar de Oliveira (T\u00e9cnico ) Sebasti\u00e3o Correa [&hellip;]","og_url":"https:\/\/institutos.ufrrj.br\/if\/departamento-de-silvicultura\/tecnicos-administrativos-ds\/","og_site_name":"IF","article_modified_time":"2019-01-24T12:41:40+00:00","twitter_card":"summary_large_image","schema":{"@context":"https:\/\/schema.org","@graph":[{"@type":"WebPage","@id":"https:\/\/institutos.ufrrj.br\/if\/departamento-de-silvicultura\/tecnicos-administrativos-ds\/","url":"https:\/\/institutos.ufrrj.br\/if\/departamento-de-silvicultura\/tecnicos-administrativos-ds\/","name":"T\u00e9cnicos Administrativos (DS) - IF","isPartOf":{"@id":"https:\/\/institutos.ufrrj.br\/if\/#website"},"datePublished":"2014-12-02T13:29:04+00:00","dateModified":"2019-01-24T12:41:40+00:00","breadcrumb":{"@id":"https:\/\/institutos.ufrrj.br\/if\/departamento-de-silvicultura\/tecnicos-administrativos-ds\/#breadcrumb"},"inLanguage":"pt-BR","potentialAction":[{"@type":"ReadAction","target":["https:\/\/institutos.ufrrj.br\/if\/departamento-de-silvicultura\/tecnicos-administrativos-ds\/"]}]},{"@type":"BreadcrumbList","@id":"https:\/\/institutos.ufrrj.br\/if\/departamento-de-silvicultura\/tecnicos-administrativos-ds\/#breadcrumb","itemListElement":[{"@type":"ListItem","position":1,"name":"In\u00edcio","item":"https:\/\/institutos.ufrrj.br\/if\/"},{"@type":"ListItem","position":2,"name":"Departamento de Silvicultura","item":"https:\/\/institutos.ufrrj.br\/if\/departamento-de-silvicultura\/"},{"@type":"ListItem","position":3,"name":"T\u00e9cnicos Administrativos (DS)"}]},{"@type":"WebSite","@id":"https:\/\/institutos.ufrrj.br\/if\/#website","url":"https:\/\/institutos.ufrrj.br\/if\/","name":"IF - Instituto de Floresta","description":"Instituto de Florestas","potentialAction":[{"@type":"SearchAction","target":{"@type":"EntryPoint","urlTemplate":"https:\/\/institutos.ufrrj.br\/if\/?s={search_term_string}"},"query-input":{"@type":"PropertyValueSpecification","valueRequired":true,"valueName":"search_term_string"}}],"inLanguage":"pt-BR"}]}},"_links":{"self":[{"href":"https:\/\/institutos.ufrrj.br\/if\/wp-json\/wp\/v2\/pages\/253","targetHints":{"allow":["GET"]}}],"collection":[{"href":"https:\/\/institutos.ufrrj.br\/if\/wp-json\/wp\/v2\/pages"}],"about":[{"href":"https:\/\/institutos.ufrrj.br\/if\/wp-json\/wp\/v2\/types\/page"}],"author":[{"embeddable":true,"href":"https:\/\/institutos.ufrrj.br\/if\/wp-json\/wp\/v2\/users\/8"}],"replies":[{"embeddable":true,"href":"https:\/\/institutos.ufrrj.br\/if\/wp-json\/wp\/v2\/comments?post=253"}],"version-history":[{"count":3,"href":"https:\/\/institutos.ufrrj.br\/if\/wp-json\/wp\/v2\/pages\/253\/revisions"}],"predecessor-version":[{"id":1810,"href":"https:\/\/institutos.ufrrj.br\/if\/wp-json\/wp\/v2\/pages\/253\/revisions\/1810"}],"up":[{"embeddable":true,"href":"https:\/\/institutos.ufrrj.br\/if\/wp-json\/wp\/v2\/pages\/76"}],"wp:attachment":[{"href":"https:\/\/institutos.ufrrj.br\/if\/wp-json\/wp\/v2\/media?parent=253"}],"curies":[{"name":"wp","href":"https:\/\/api.w.org\/{rel}","templated":true}]}}