{"id":271,"date":"2014-12-02T13:36:43","date_gmt":"2014-12-02T13:36:43","guid":{"rendered":"http:\/\/institutos.ufrrj.br\/if\/?page_id=271"},"modified":"2019-01-24T12:26:46","modified_gmt":"2019-01-24T12:26:46","slug":"disciplinas-dpf","status":"publish","type":"page","link":"https:\/\/institutos.ufrrj.br\/if\/departamento-de-produtos-florestais\/disciplinas-dpf\/","title":{"rendered":"Disciplinas (DPF)"},"content":{"rendered":"<h3>Clique nos links abaixo para visualizar as disciplinas ofertadas pelo Departamento de Produtos Florestais:<\/h3>\n<p>&nbsp;<\/p>\n<h3><span style=\"color: #0000ff\"><a style=\"color: #0000ff\" href=\"http:\/\/institutos.ufrrj.br\/if\/graduacao-dpf\/\" target=\"_blank\" rel=\"noopener\">Disciplinas de Gradua\u00e7\u00e3o<\/a><\/span><\/h3>\n<p>&nbsp;<\/p>\n<h3><span style=\"color: #0000ff\"><a style=\"color: #0000ff\" href=\"http:\/\/institutos.ufrrj.br\/if\/graduacao-dca\/\" target=\"_blank\" rel=\"noopener\">Disciplinas de P\u00f3s-gradua\u00e7\u00e3o<\/a><\/span><\/h3>\n<h3>&nbsp;<\/h3>\n","protected":false},"excerpt":{"rendered":"<p>Clique nos links abaixo para visualizar as disciplinas ofertadas pelo Departamento de Produtos Florestais: &nbsp; Disciplinas de Gradua\u00e7\u00e3o &nbsp; Disciplinas de P\u00f3s-gradua\u00e7\u00e3o [&hellip;]<\/p>\n","protected":false},"author":8,"featured_media":0,"parent":74,"menu_order":0,"comment_status":"open","ping_status":"closed","template":"","meta":{"_acf_changed":false,"ngg_post_thumbnail":0,"_themeisle_gutenberg_block_has_review":false,"footnotes":"","_links_to":"","_links_to_target":""},"class_list":["post-271","page","type-page","status-publish","hentry"],"acf":[],"yoast_head":"<!-- This site is optimized with the Yoast SEO plugin v26.8 - https:\/\/yoast.com\/product\/yoast-seo-wordpress\/ -->\n<title>Disciplinas (DPF) - IF<\/title>\n<meta name=\"robots\" content=\"index, follow, max-snippet:-1, max-image-preview:large, max-video-preview:-1\" \/>\n<link rel=\"canonical\" href=\"https:\/\/institutos.ufrrj.br\/if\/departamento-de-produtos-florestais\/disciplinas-dpf\/\" \/>\n<meta property=\"og:locale\" content=\"pt_BR\" \/>\n<meta property=\"og:type\" content=\"article\" \/>\n<meta property=\"og:title\" content=\"Disciplinas (DPF) - IF\" \/>\n<meta property=\"og:description\" content=\"Clique nos links abaixo para visualizar as disciplinas ofertadas pelo Departamento de Produtos Florestais: &nbsp; Disciplinas de Gradua\u00e7\u00e3o &nbsp; Disciplinas de P\u00f3s-gradua\u00e7\u00e3o [&hellip;]\" \/>\n<meta property=\"og:url\" content=\"https:\/\/institutos.ufrrj.br\/if\/departamento-de-produtos-florestais\/disciplinas-dpf\/\" \/>\n<meta property=\"og:site_name\" content=\"IF\" \/>\n<meta property=\"article:modified_time\" content=\"2019-01-24T12:26:46+00:00\" \/>\n<meta name=\"twitter:card\" content=\"summary_large_image\" \/>\n<script type=\"application\/ld+json\" class=\"yoast-schema-graph\">{\"@context\":\"https:\/\/schema.org\",\"@graph\":[{\"@type\":\"WebPage\",\"@id\":\"https:\/\/institutos.ufrrj.br\/if\/departamento-de-produtos-florestais\/disciplinas-dpf\/\",\"url\":\"https:\/\/institutos.ufrrj.br\/if\/departamento-de-produtos-florestais\/disciplinas-dpf\/\",\"name\":\"Disciplinas (DPF) - IF\",\"isPartOf\":{\"@id\":\"https:\/\/institutos.ufrrj.br\/if\/#website\"},\"datePublished\":\"2014-12-02T13:36:43+00:00\",\"dateModified\":\"2019-01-24T12:26:46+00:00\",\"breadcrumb\":{\"@id\":\"https:\/\/institutos.ufrrj.br\/if\/departamento-de-produtos-florestais\/disciplinas-dpf\/#breadcrumb\"},\"inLanguage\":\"pt-BR\",\"potentialAction\":[{\"@type\":\"ReadAction\",\"target\":[\"https:\/\/institutos.ufrrj.br\/if\/departamento-de-produtos-florestais\/disciplinas-dpf\/\"]}]},{\"@type\":\"BreadcrumbList\",\"@id\":\"https:\/\/institutos.ufrrj.br\/if\/departamento-de-produtos-florestais\/disciplinas-dpf\/#breadcrumb\",\"itemListElement\":[{\"@type\":\"ListItem\",\"position\":1,\"name\":\"In\u00edcio\",\"item\":\"https:\/\/institutos.ufrrj.br\/if\/\"},{\"@type\":\"ListItem\",\"position\":2,\"name\":\"Departamento de Produtos Florestais\",\"item\":\"https:\/\/institutos.ufrrj.br\/if\/departamento-de-produtos-florestais\/\"},{\"@type\":\"ListItem\",\"position\":3,\"name\":\"Disciplinas (DPF)\"}]},{\"@type\":\"WebSite\",\"@id\":\"https:\/\/institutos.ufrrj.br\/if\/#website\",\"url\":\"https:\/\/institutos.ufrrj.br\/if\/\",\"name\":\"IF - Instituto de Floresta\",\"description\":\"Instituto de Florestas\",\"potentialAction\":[{\"@type\":\"SearchAction\",\"target\":{\"@type\":\"EntryPoint\",\"urlTemplate\":\"https:\/\/institutos.ufrrj.br\/if\/?s={search_term_string}\"},\"query-input\":{\"@type\":\"PropertyValueSpecification\",\"valueRequired\":true,\"valueName\":\"search_term_string\"}}],\"inLanguage\":\"pt-BR\"}]}<\/script>\n<!-- \/ Yoast SEO plugin. -->","yoast_head_json":{"title":"Disciplinas (DPF) - IF","robots":{"index":"index","follow":"follow","max-snippet":"max-snippet:-1","max-image-preview":"max-image-preview:large","max-video-preview":"max-video-preview:-1"},"canonical":"https:\/\/institutos.ufrrj.br\/if\/departamento-de-produtos-florestais\/disciplinas-dpf\/","og_locale":"pt_BR","og_type":"article","og_title":"Disciplinas (DPF) - IF","og_description":"Clique nos links abaixo para visualizar as disciplinas ofertadas pelo Departamento de Produtos Florestais: &nbsp; Disciplinas de Gradua\u00e7\u00e3o &nbsp; Disciplinas de P\u00f3s-gradua\u00e7\u00e3o [&hellip;]","og_url":"https:\/\/institutos.ufrrj.br\/if\/departamento-de-produtos-florestais\/disciplinas-dpf\/","og_site_name":"IF","article_modified_time":"2019-01-24T12:26:46+00:00","twitter_card":"summary_large_image","schema":{"@context":"https:\/\/schema.org","@graph":[{"@type":"WebPage","@id":"https:\/\/institutos.ufrrj.br\/if\/departamento-de-produtos-florestais\/disciplinas-dpf\/","url":"https:\/\/institutos.ufrrj.br\/if\/departamento-de-produtos-florestais\/disciplinas-dpf\/","name":"Disciplinas (DPF) - IF","isPartOf":{"@id":"https:\/\/institutos.ufrrj.br\/if\/#website"},"datePublished":"2014-12-02T13:36:43+00:00","dateModified":"2019-01-24T12:26:46+00:00","breadcrumb":{"@id":"https:\/\/institutos.ufrrj.br\/if\/departamento-de-produtos-florestais\/disciplinas-dpf\/#breadcrumb"},"inLanguage":"pt-BR","potentialAction":[{"@type":"ReadAction","target":["https:\/\/institutos.ufrrj.br\/if\/departamento-de-produtos-florestais\/disciplinas-dpf\/"]}]},{"@type":"BreadcrumbList","@id":"https:\/\/institutos.ufrrj.br\/if\/departamento-de-produtos-florestais\/disciplinas-dpf\/#breadcrumb","itemListElement":[{"@type":"ListItem","position":1,"name":"In\u00edcio","item":"https:\/\/institutos.ufrrj.br\/if\/"},{"@type":"ListItem","position":2,"name":"Departamento de Produtos Florestais","item":"https:\/\/institutos.ufrrj.br\/if\/departamento-de-produtos-florestais\/"},{"@type":"ListItem","position":3,"name":"Disciplinas (DPF)"}]},{"@type":"WebSite","@id":"https:\/\/institutos.ufrrj.br\/if\/#website","url":"https:\/\/institutos.ufrrj.br\/if\/","name":"IF - Instituto de Floresta","description":"Instituto de Florestas","potentialAction":[{"@type":"SearchAction","target":{"@type":"EntryPoint","urlTemplate":"https:\/\/institutos.ufrrj.br\/if\/?s={search_term_string}"},"query-input":{"@type":"PropertyValueSpecification","valueRequired":true,"valueName":"search_term_string"}}],"inLanguage":"pt-BR"}]}},"_links":{"self":[{"href":"https:\/\/institutos.ufrrj.br\/if\/wp-json\/wp\/v2\/pages\/271","targetHints":{"allow":["GET"]}}],"collection":[{"href":"https:\/\/institutos.ufrrj.br\/if\/wp-json\/wp\/v2\/pages"}],"about":[{"href":"https:\/\/institutos.ufrrj.br\/if\/wp-json\/wp\/v2\/types\/page"}],"author":[{"embeddable":true,"href":"https:\/\/institutos.ufrrj.br\/if\/wp-json\/wp\/v2\/users\/8"}],"replies":[{"embeddable":true,"href":"https:\/\/institutos.ufrrj.br\/if\/wp-json\/wp\/v2\/comments?post=271"}],"version-history":[{"count":5,"href":"https:\/\/institutos.ufrrj.br\/if\/wp-json\/wp\/v2\/pages\/271\/revisions"}],"predecessor-version":[{"id":3165,"href":"https:\/\/institutos.ufrrj.br\/if\/wp-json\/wp\/v2\/pages\/271\/revisions\/3165"}],"up":[{"embeddable":true,"href":"https:\/\/institutos.ufrrj.br\/if\/wp-json\/wp\/v2\/pages\/74"}],"wp:attachment":[{"href":"https:\/\/institutos.ufrrj.br\/if\/wp-json\/wp\/v2\/media?parent=271"}],"curies":[{"name":"wp","href":"https:\/\/api.w.org\/{rel}","templated":true}]}}