{"id":3155,"date":"2018-11-28T11:12:22","date_gmt":"2018-11-28T11:12:22","guid":{"rendered":"http:\/\/institutos.ufrrj.br\/if\/?page_id=3155"},"modified":"2019-10-09T18:57:44","modified_gmt":"2019-10-09T18:57:44","slug":"atividades-complementares","status":"publish","type":"page","link":"https:\/\/institutos.ufrrj.br\/if\/atividades-complementares\/","title":{"rendered":"Atividades Complementares"},"content":{"rendered":"<p>A Supervis\u00e3o das Atividades Acad\u00eamicas Complementares realizadas pelos discentes do Curso de Gradua\u00e7\u00e3o em Engenharia Florestal \u00e9 realizada pela seguinte comiss\u00e3o:<\/p>\n<p><span style=\"color: #993300\">Comiss\u00e3o de Supervis\u00e3o das&nbsp;Atividades Acad\u00eamicas Complementares:<\/span><\/p>\n<p align=\"justify\">Prof.\u00aa Vanessa Maria Basso<\/p>\n<p align=\"justify\">Prof.\u00aa Natane Amaral Miranda<\/p>\n<p align=\"justify\">Prof.\u00aa Nat\u00e1lia Dias de Souza<\/p>\n<p align=\"justify\">Prof. Azarias Machado de Andrade<\/p>\n<p align=\"justify\">Prof. Carlos Domingos da Silva<\/p>\n<p align=\"justify\">Prof.\u00aa Cl\u00e1udia Moster Barros<\/p>\n<p align=\"justify\">E-mail de contato da comiss\u00e3o de supervis\u00e3o:&nbsp; <span style=\"color: #0000ff\">atividadescomplementaresef@gmail.com<\/span><\/p>\n<hr>\n<p align=\"justify\">A delibera\u00e7\u00e3o n\u00b0 78\/2007 do Conselho de Ensino, Pesquisa e Extens\u00e3o (CEPE) da UFRRJ regulamenta&nbsp; as Atividades Acad\u00eamicas Complementares e pode ser acessada por meio do arquivo abaixo:<\/p>\n<p><a href=\"http:\/\/institutos.ufrrj.br\/if\/wp-content\/uploads\/sites\/5\/2018\/11\/delib_CEPE_78_2007_AA.pdf\" target=\"_blank\" rel=\"noopener\"><img loading=\"lazy\" decoding=\"async\" class=\"alignnone wp-image-2684\" src=\"http:\/\/institutos.ufrrj.br\/if\/wp-content\/uploads\/sites\/5\/2017\/07\/PDF.jpg\" alt=\"\" width=\"49\" height=\"49\" srcset=\"https:\/\/institutos.ufrrj.br\/if\/wp-content\/uploads\/sites\/5\/2017\/07\/PDF.jpg 275w, https:\/\/institutos.ufrrj.br\/if\/wp-content\/uploads\/sites\/5\/2017\/07\/PDF-150x150.jpg 150w, https:\/\/institutos.ufrrj.br\/if\/wp-content\/uploads\/sites\/5\/2017\/07\/PDF-100x100.jpg 100w\" sizes=\"auto, (max-width: 49px) 100vw, 49px\" \/><\/a><\/p>\n<h6 align=\"justify\"><a href=\"http:\/\/institutos.ufrrj.br\/if\/wp-content\/uploads\/sites\/5\/2018\/11\/delib_CEPE_78_2007_AA.pdf\" target=\"_blank\" rel=\"noopener\">Delibera\u00e7\u00e3o n\u00b0 78\/2007 &#8211; CEPE<\/a><\/h6>\n<hr>\n<p>Manual para lan\u00e7amento das atividades complementares elaborado pela comiss\u00e3o de supervis\u00e3o:<\/p>\n<p><a href=\"http:\/\/institutos.ufrrj.br\/if\/wp-content\/uploads\/sites\/5\/2017\/07\/PDF.jpg\"><img loading=\"lazy\" decoding=\"async\" class=\"alignnone wp-image-2684\" src=\"http:\/\/institutos.ufrrj.br\/if\/wp-content\/uploads\/sites\/5\/2017\/07\/PDF.jpg\" alt=\"\" width=\"49\" height=\"49\" srcset=\"https:\/\/institutos.ufrrj.br\/if\/wp-content\/uploads\/sites\/5\/2017\/07\/PDF.jpg 275w, https:\/\/institutos.ufrrj.br\/if\/wp-content\/uploads\/sites\/5\/2017\/07\/PDF-150x150.jpg 150w, https:\/\/institutos.ufrrj.br\/if\/wp-content\/uploads\/sites\/5\/2017\/07\/PDF-100x100.jpg 100w\" sizes=\"auto, (max-width: 49px) 100vw, 49px\" \/><\/a><\/p>\n<p><strong><a href=\"http:\/\/institutos.ufrrj.br\/if\/wp-content\/uploads\/sites\/5\/2019\/10\/Manual_Atividades_Autonomas-ou-complementares.pdf\" target=\"_blank\" rel=\"noopener\">Manual_Atividades_Autonomas (ou complementares)<\/a><\/strong><\/p>\n<hr>\n<p>&nbsp;<\/p>\n","protected":false},"excerpt":{"rendered":"<p>A Supervis\u00e3o das Atividades Acad\u00eamicas Complementares realizadas pelos discentes do Curso de Gradua\u00e7\u00e3o em Engenharia Florestal \u00e9 realizada pela seguinte comiss\u00e3o: Comiss\u00e3o [&hellip;]<\/p>\n","protected":false},"author":8,"featured_media":0,"parent":0,"menu_order":0,"comment_status":"closed","ping_status":"closed","template":"","meta":{"_acf_changed":false,"ngg_post_thumbnail":0,"_themeisle_gutenberg_block_has_review":false,"footnotes":"","_links_to":"","_links_to_target":""},"class_list":["post-3155","page","type-page","status-publish","hentry"],"acf":[],"yoast_head":"<!-- This site is optimized with the Yoast SEO plugin v26.8 - https:\/\/yoast.com\/product\/yoast-seo-wordpress\/ -->\n<title>Atividades Complementares - IF<\/title>\n<meta name=\"robots\" content=\"index, follow, max-snippet:-1, max-image-preview:large, max-video-preview:-1\" \/>\n<link rel=\"canonical\" href=\"https:\/\/institutos.ufrrj.br\/if\/atividades-complementares\/\" \/>\n<meta property=\"og:locale\" content=\"pt_BR\" \/>\n<meta property=\"og:type\" content=\"article\" \/>\n<meta property=\"og:title\" content=\"Atividades Complementares - IF\" \/>\n<meta property=\"og:description\" content=\"A Supervis\u00e3o das Atividades Acad\u00eamicas Complementares realizadas pelos discentes do Curso de Gradua\u00e7\u00e3o em Engenharia Florestal \u00e9 realizada pela seguinte comiss\u00e3o: Comiss\u00e3o [&hellip;]\" \/>\n<meta property=\"og:url\" content=\"https:\/\/institutos.ufrrj.br\/if\/atividades-complementares\/\" \/>\n<meta property=\"og:site_name\" content=\"IF\" \/>\n<meta property=\"article:modified_time\" content=\"2019-10-09T18:57:44+00:00\" \/>\n<meta property=\"og:image\" content=\"https:\/\/institutos.ufrrj.br\/if\/wp-content\/uploads\/sites\/5\/2017\/07\/PDF.jpg\" \/>\n\t<meta property=\"og:image:width\" content=\"275\" \/>\n\t<meta property=\"og:image:height\" content=\"275\" \/>\n\t<meta property=\"og:image:type\" content=\"image\/jpeg\" \/>\n<meta name=\"twitter:card\" content=\"summary_large_image\" \/>\n<meta name=\"twitter:label1\" content=\"Est. tempo de leitura\" \/>\n\t<meta name=\"twitter:data1\" content=\"1 minuto\" \/>\n<script type=\"application\/ld+json\" class=\"yoast-schema-graph\">{\"@context\":\"https:\/\/schema.org\",\"@graph\":[{\"@type\":\"WebPage\",\"@id\":\"https:\/\/institutos.ufrrj.br\/if\/atividades-complementares\/\",\"url\":\"https:\/\/institutos.ufrrj.br\/if\/atividades-complementares\/\",\"name\":\"Atividades Complementares - IF\",\"isPartOf\":{\"@id\":\"https:\/\/institutos.ufrrj.br\/if\/#website\"},\"primaryImageOfPage\":{\"@id\":\"https:\/\/institutos.ufrrj.br\/if\/atividades-complementares\/#primaryimage\"},\"image\":{\"@id\":\"https:\/\/institutos.ufrrj.br\/if\/atividades-complementares\/#primaryimage\"},\"thumbnailUrl\":\"http:\/\/institutos.ufrrj.br\/if\/wp-content\/uploads\/sites\/5\/2017\/07\/PDF.jpg\",\"datePublished\":\"2018-11-28T11:12:22+00:00\",\"dateModified\":\"2019-10-09T18:57:44+00:00\",\"breadcrumb\":{\"@id\":\"https:\/\/institutos.ufrrj.br\/if\/atividades-complementares\/#breadcrumb\"},\"inLanguage\":\"pt-BR\",\"potentialAction\":[{\"@type\":\"ReadAction\",\"target\":[\"https:\/\/institutos.ufrrj.br\/if\/atividades-complementares\/\"]}]},{\"@type\":\"ImageObject\",\"inLanguage\":\"pt-BR\",\"@id\":\"https:\/\/institutos.ufrrj.br\/if\/atividades-complementares\/#primaryimage\",\"url\":\"https:\/\/institutos.ufrrj.br\/if\/wp-content\/uploads\/sites\/5\/2017\/07\/PDF.jpg\",\"contentUrl\":\"https:\/\/institutos.ufrrj.br\/if\/wp-content\/uploads\/sites\/5\/2017\/07\/PDF.jpg\",\"width\":275,\"height\":275},{\"@type\":\"BreadcrumbList\",\"@id\":\"https:\/\/institutos.ufrrj.br\/if\/atividades-complementares\/#breadcrumb\",\"itemListElement\":[{\"@type\":\"ListItem\",\"position\":1,\"name\":\"In\u00edcio\",\"item\":\"https:\/\/institutos.ufrrj.br\/if\/\"},{\"@type\":\"ListItem\",\"position\":2,\"name\":\"Atividades Complementares\"}]},{\"@type\":\"WebSite\",\"@id\":\"https:\/\/institutos.ufrrj.br\/if\/#website\",\"url\":\"https:\/\/institutos.ufrrj.br\/if\/\",\"name\":\"IF - Instituto de Floresta\",\"description\":\"Instituto de Florestas\",\"potentialAction\":[{\"@type\":\"SearchAction\",\"target\":{\"@type\":\"EntryPoint\",\"urlTemplate\":\"https:\/\/institutos.ufrrj.br\/if\/?s={search_term_string}\"},\"query-input\":{\"@type\":\"PropertyValueSpecification\",\"valueRequired\":true,\"valueName\":\"search_term_string\"}}],\"inLanguage\":\"pt-BR\"}]}<\/script>\n<!-- \/ Yoast SEO plugin. -->","yoast_head_json":{"title":"Atividades Complementares - IF","robots":{"index":"index","follow":"follow","max-snippet":"max-snippet:-1","max-image-preview":"max-image-preview:large","max-video-preview":"max-video-preview:-1"},"canonical":"https:\/\/institutos.ufrrj.br\/if\/atividades-complementares\/","og_locale":"pt_BR","og_type":"article","og_title":"Atividades Complementares - IF","og_description":"A Supervis\u00e3o das Atividades Acad\u00eamicas Complementares realizadas pelos discentes do Curso de Gradua\u00e7\u00e3o em Engenharia Florestal \u00e9 realizada pela seguinte comiss\u00e3o: Comiss\u00e3o [&hellip;]","og_url":"https:\/\/institutos.ufrrj.br\/if\/atividades-complementares\/","og_site_name":"IF","article_modified_time":"2019-10-09T18:57:44+00:00","og_image":[{"width":275,"height":275,"url":"https:\/\/institutos.ufrrj.br\/if\/wp-content\/uploads\/sites\/5\/2017\/07\/PDF.jpg","type":"image\/jpeg"}],"twitter_card":"summary_large_image","twitter_misc":{"Est. tempo de leitura":"1 minuto"},"schema":{"@context":"https:\/\/schema.org","@graph":[{"@type":"WebPage","@id":"https:\/\/institutos.ufrrj.br\/if\/atividades-complementares\/","url":"https:\/\/institutos.ufrrj.br\/if\/atividades-complementares\/","name":"Atividades Complementares - IF","isPartOf":{"@id":"https:\/\/institutos.ufrrj.br\/if\/#website"},"primaryImageOfPage":{"@id":"https:\/\/institutos.ufrrj.br\/if\/atividades-complementares\/#primaryimage"},"image":{"@id":"https:\/\/institutos.ufrrj.br\/if\/atividades-complementares\/#primaryimage"},"thumbnailUrl":"http:\/\/institutos.ufrrj.br\/if\/wp-content\/uploads\/sites\/5\/2017\/07\/PDF.jpg","datePublished":"2018-11-28T11:12:22+00:00","dateModified":"2019-10-09T18:57:44+00:00","breadcrumb":{"@id":"https:\/\/institutos.ufrrj.br\/if\/atividades-complementares\/#breadcrumb"},"inLanguage":"pt-BR","potentialAction":[{"@type":"ReadAction","target":["https:\/\/institutos.ufrrj.br\/if\/atividades-complementares\/"]}]},{"@type":"ImageObject","inLanguage":"pt-BR","@id":"https:\/\/institutos.ufrrj.br\/if\/atividades-complementares\/#primaryimage","url":"https:\/\/institutos.ufrrj.br\/if\/wp-content\/uploads\/sites\/5\/2017\/07\/PDF.jpg","contentUrl":"https:\/\/institutos.ufrrj.br\/if\/wp-content\/uploads\/sites\/5\/2017\/07\/PDF.jpg","width":275,"height":275},{"@type":"BreadcrumbList","@id":"https:\/\/institutos.ufrrj.br\/if\/atividades-complementares\/#breadcrumb","itemListElement":[{"@type":"ListItem","position":1,"name":"In\u00edcio","item":"https:\/\/institutos.ufrrj.br\/if\/"},{"@type":"ListItem","position":2,"name":"Atividades Complementares"}]},{"@type":"WebSite","@id":"https:\/\/institutos.ufrrj.br\/if\/#website","url":"https:\/\/institutos.ufrrj.br\/if\/","name":"IF - Instituto de Floresta","description":"Instituto de Florestas","potentialAction":[{"@type":"SearchAction","target":{"@type":"EntryPoint","urlTemplate":"https:\/\/institutos.ufrrj.br\/if\/?s={search_term_string}"},"query-input":{"@type":"PropertyValueSpecification","valueRequired":true,"valueName":"search_term_string"}}],"inLanguage":"pt-BR"}]}},"_links":{"self":[{"href":"https:\/\/institutos.ufrrj.br\/if\/wp-json\/wp\/v2\/pages\/3155","targetHints":{"allow":["GET"]}}],"collection":[{"href":"https:\/\/institutos.ufrrj.br\/if\/wp-json\/wp\/v2\/pages"}],"about":[{"href":"https:\/\/institutos.ufrrj.br\/if\/wp-json\/wp\/v2\/types\/page"}],"author":[{"embeddable":true,"href":"https:\/\/institutos.ufrrj.br\/if\/wp-json\/wp\/v2\/users\/8"}],"replies":[{"embeddable":true,"href":"https:\/\/institutos.ufrrj.br\/if\/wp-json\/wp\/v2\/comments?post=3155"}],"version-history":[{"count":14,"href":"https:\/\/institutos.ufrrj.br\/if\/wp-json\/wp\/v2\/pages\/3155\/revisions"}],"predecessor-version":[{"id":3158,"href":"https:\/\/institutos.ufrrj.br\/if\/wp-json\/wp\/v2\/pages\/3155\/revisions\/3158"}],"wp:attachment":[{"href":"https:\/\/institutos.ufrrj.br\/if\/wp-json\/wp\/v2\/media?parent=3155"}],"curies":[{"name":"wp","href":"https:\/\/api.w.org\/{rel}","templated":true}]}}