{"id":347,"date":"2014-12-12T14:47:56","date_gmt":"2014-12-12T14:47:56","guid":{"rendered":"http:\/\/institutos.ufrrj.br\/if\/?page_id=347"},"modified":"2021-10-14T19:26:49","modified_gmt":"2021-10-14T19:26:49","slug":"documentos-e-formularios","status":"publish","type":"page","link":"https:\/\/institutos.ufrrj.br\/if\/documentos-e-formularios\/","title":{"rendered":"Regulamentos e documentos do curso"},"content":{"rendered":"<p>&#8211;&nbsp;<a href=\"http:\/\/institutos.ufrrj.br\/if\/wp-content\/uploads\/sites\/5\/2021\/10\/DELIBERA\u00c7\u00c3O-N-375-DE-04-DE-DEZEMBRO-DE-2009-PPC-Engenharia-Florestal.pdf\" target=\"_blank\" rel=\"noopener\">Projeto Pedago\u0301gico do curso de Engenharia Florestal (DELIBERA\u00c7\u00c3O N\u00ba 375 , DE 04 DE DEZEMBRO DE 2009)<\/a><\/p>\n<p><a href=\"http:\/\/institutos.ufrrj.br\/if\/wp-content\/uploads\/sites\/5\/2014\/12\/GRADE-2017.1-ATUALIZADA.pdf\" target=\"_blank\" rel=\"noopener\">&#8211;&nbsp;Grade Curricular Engenharia Florestal (2017)<\/a><\/p>\n<p><a href=\"http:\/\/institutos.ufrrj.br\/if\/wp-content\/uploads\/sites\/5\/2021\/10\/DELIBERA\u00c7\u00c3O-N-021-DE-19-DE-ABRIL-DE-2011-Normas-Gerais-Est\u00e1gio-Supervisionado-Obrigat\u00f3rio-1.pdf\" target=\"_blank\" rel=\"noopener\">&#8211; DELIBERA\u00c7\u00c3O N 021 &#8211; DE 19 DE ABRIL DE 2011 &#8211; Normas Gerais Est\u00e1gio Supervisionado Obrigat\u00f3rio<\/a><\/p>\n<p><a href=\"http:\/\/institutos.ufrrj.br\/if\/wp-content\/uploads\/sites\/5\/2021\/10\/RESOLU\u00c7\u00c3O-N-3-DE-2-DE-FEVEREIRO-DE-2006-Institui-as-Diretrizes-Curriculares-Nacionais-Para-o-Curso-de-Engenharia-Florestal-1.pdf\">&#8211; RESOLU\u00c7\u00c3O N 3 DE 2 DE FEVEREIRO DE 2006 &#8211; Institui as Diretrizes Curriculares Nacionais Para o Curso de Engenharia Florestal<\/a><\/p>\n<p><a href=\"http:\/\/institutos.ufrrj.br\/if\/wp-content\/uploads\/sites\/5\/2021\/10\/DELIBERA\u00c7\u00c3O-N-108-DE-13-DE-AGOSTO-DE-2013-Est\u00e1gio-Supervisionado-Engenharia-Florestal.pdf\">&#8211; DELIBERA\u00c7\u00c3O N 108 &#8211; DE 13 DE AGOSTO DE 2013 &#8211; Est\u00e1gio Supervisionado Engenharia Florestal<\/a><\/p>\n<p><a href=\"http:\/\/institutos.ufrrj.br\/if\/wp-content\/uploads\/sites\/5\/2021\/10\/DELIBERA\u00c7\u00c3O-N-078-DE-05-DE-OUTUBRO-DE-2007-Atividades-Acad\u00eamicas-Complementares.pdf\">&#8211; DELIBERA\u00c7\u00c3O N 078 &#8211; DE 05 DE OUTUBRO DE 2007 &#8211; Atividades Acad\u00eamicas Complementares<\/a><\/p>\n","protected":false},"excerpt":{"rendered":"<p>&#8211;&nbsp;Projeto Pedago\u0301gico do curso de Engenharia Florestal (DELIBERA\u00c7\u00c3O N\u00ba 375 , DE 04 DE DEZEMBRO DE 2009) &#8211;&nbsp;Grade Curricular Engenharia Florestal (2017) [&hellip;]<\/p>\n","protected":false},"author":8,"featured_media":0,"parent":0,"menu_order":0,"comment_status":"open","ping_status":"open","template":"","meta":{"_acf_changed":false,"ngg_post_thumbnail":0,"_themeisle_gutenberg_block_has_review":false,"footnotes":"","_links_to":"","_links_to_target":""},"class_list":["post-347","page","type-page","status-publish","hentry"],"acf":[],"yoast_head":"<!-- This site is optimized with the Yoast SEO plugin v26.8 - https:\/\/yoast.com\/product\/yoast-seo-wordpress\/ -->\n<title>Regulamentos e documentos do curso - IF<\/title>\n<meta name=\"robots\" content=\"index, follow, max-snippet:-1, max-image-preview:large, max-video-preview:-1\" \/>\n<link rel=\"canonical\" href=\"https:\/\/institutos.ufrrj.br\/if\/documentos-e-formularios\/\" \/>\n<meta property=\"og:locale\" content=\"pt_BR\" \/>\n<meta property=\"og:type\" content=\"article\" \/>\n<meta property=\"og:title\" content=\"Regulamentos e documentos do curso - IF\" \/>\n<meta property=\"og:description\" content=\"&#8211;&nbsp;Projeto Pedago\u0301gico do curso de Engenharia Florestal (DELIBERA\u00c7\u00c3O N\u00ba 375 , DE 04 DE DEZEMBRO DE 2009) &#8211;&nbsp;Grade Curricular Engenharia Florestal (2017) [&hellip;]\" \/>\n<meta property=\"og:url\" content=\"https:\/\/institutos.ufrrj.br\/if\/documentos-e-formularios\/\" \/>\n<meta property=\"og:site_name\" content=\"IF\" \/>\n<meta property=\"article:modified_time\" content=\"2021-10-14T19:26:49+00:00\" \/>\n<meta name=\"twitter:card\" content=\"summary_large_image\" \/>\n<script type=\"application\/ld+json\" class=\"yoast-schema-graph\">{\"@context\":\"https:\/\/schema.org\",\"@graph\":[{\"@type\":\"WebPage\",\"@id\":\"https:\/\/institutos.ufrrj.br\/if\/documentos-e-formularios\/\",\"url\":\"https:\/\/institutos.ufrrj.br\/if\/documentos-e-formularios\/\",\"name\":\"Regulamentos e documentos do curso - IF\",\"isPartOf\":{\"@id\":\"https:\/\/institutos.ufrrj.br\/if\/#website\"},\"datePublished\":\"2014-12-12T14:47:56+00:00\",\"dateModified\":\"2021-10-14T19:26:49+00:00\",\"breadcrumb\":{\"@id\":\"https:\/\/institutos.ufrrj.br\/if\/documentos-e-formularios\/#breadcrumb\"},\"inLanguage\":\"pt-BR\",\"potentialAction\":[{\"@type\":\"ReadAction\",\"target\":[\"https:\/\/institutos.ufrrj.br\/if\/documentos-e-formularios\/\"]}]},{\"@type\":\"BreadcrumbList\",\"@id\":\"https:\/\/institutos.ufrrj.br\/if\/documentos-e-formularios\/#breadcrumb\",\"itemListElement\":[{\"@type\":\"ListItem\",\"position\":1,\"name\":\"In\u00edcio\",\"item\":\"https:\/\/institutos.ufrrj.br\/if\/\"},{\"@type\":\"ListItem\",\"position\":2,\"name\":\"Regulamentos e documentos do curso\"}]},{\"@type\":\"WebSite\",\"@id\":\"https:\/\/institutos.ufrrj.br\/if\/#website\",\"url\":\"https:\/\/institutos.ufrrj.br\/if\/\",\"name\":\"IF - Instituto de Floresta\",\"description\":\"Instituto de Florestas\",\"potentialAction\":[{\"@type\":\"SearchAction\",\"target\":{\"@type\":\"EntryPoint\",\"urlTemplate\":\"https:\/\/institutos.ufrrj.br\/if\/?s={search_term_string}\"},\"query-input\":{\"@type\":\"PropertyValueSpecification\",\"valueRequired\":true,\"valueName\":\"search_term_string\"}}],\"inLanguage\":\"pt-BR\"}]}<\/script>\n<!-- \/ Yoast SEO plugin. -->","yoast_head_json":{"title":"Regulamentos e documentos do curso - IF","robots":{"index":"index","follow":"follow","max-snippet":"max-snippet:-1","max-image-preview":"max-image-preview:large","max-video-preview":"max-video-preview:-1"},"canonical":"https:\/\/institutos.ufrrj.br\/if\/documentos-e-formularios\/","og_locale":"pt_BR","og_type":"article","og_title":"Regulamentos e documentos do curso - IF","og_description":"&#8211;&nbsp;Projeto Pedago\u0301gico do curso de Engenharia Florestal (DELIBERA\u00c7\u00c3O N\u00ba 375 , DE 04 DE DEZEMBRO DE 2009) &#8211;&nbsp;Grade Curricular Engenharia Florestal (2017) [&hellip;]","og_url":"https:\/\/institutos.ufrrj.br\/if\/documentos-e-formularios\/","og_site_name":"IF","article_modified_time":"2021-10-14T19:26:49+00:00","twitter_card":"summary_large_image","schema":{"@context":"https:\/\/schema.org","@graph":[{"@type":"WebPage","@id":"https:\/\/institutos.ufrrj.br\/if\/documentos-e-formularios\/","url":"https:\/\/institutos.ufrrj.br\/if\/documentos-e-formularios\/","name":"Regulamentos e documentos do curso - IF","isPartOf":{"@id":"https:\/\/institutos.ufrrj.br\/if\/#website"},"datePublished":"2014-12-12T14:47:56+00:00","dateModified":"2021-10-14T19:26:49+00:00","breadcrumb":{"@id":"https:\/\/institutos.ufrrj.br\/if\/documentos-e-formularios\/#breadcrumb"},"inLanguage":"pt-BR","potentialAction":[{"@type":"ReadAction","target":["https:\/\/institutos.ufrrj.br\/if\/documentos-e-formularios\/"]}]},{"@type":"BreadcrumbList","@id":"https:\/\/institutos.ufrrj.br\/if\/documentos-e-formularios\/#breadcrumb","itemListElement":[{"@type":"ListItem","position":1,"name":"In\u00edcio","item":"https:\/\/institutos.ufrrj.br\/if\/"},{"@type":"ListItem","position":2,"name":"Regulamentos e documentos do curso"}]},{"@type":"WebSite","@id":"https:\/\/institutos.ufrrj.br\/if\/#website","url":"https:\/\/institutos.ufrrj.br\/if\/","name":"IF - Instituto de Floresta","description":"Instituto de Florestas","potentialAction":[{"@type":"SearchAction","target":{"@type":"EntryPoint","urlTemplate":"https:\/\/institutos.ufrrj.br\/if\/?s={search_term_string}"},"query-input":{"@type":"PropertyValueSpecification","valueRequired":true,"valueName":"search_term_string"}}],"inLanguage":"pt-BR"}]}},"_links":{"self":[{"href":"https:\/\/institutos.ufrrj.br\/if\/wp-json\/wp\/v2\/pages\/347","targetHints":{"allow":["GET"]}}],"collection":[{"href":"https:\/\/institutos.ufrrj.br\/if\/wp-json\/wp\/v2\/pages"}],"about":[{"href":"https:\/\/institutos.ufrrj.br\/if\/wp-json\/wp\/v2\/types\/page"}],"author":[{"embeddable":true,"href":"https:\/\/institutos.ufrrj.br\/if\/wp-json\/wp\/v2\/users\/8"}],"replies":[{"embeddable":true,"href":"https:\/\/institutos.ufrrj.br\/if\/wp-json\/wp\/v2\/comments?post=347"}],"version-history":[{"count":13,"href":"https:\/\/institutos.ufrrj.br\/if\/wp-json\/wp\/v2\/pages\/347\/revisions"}],"predecessor-version":[{"id":4034,"href":"https:\/\/institutos.ufrrj.br\/if\/wp-json\/wp\/v2\/pages\/347\/revisions\/4034"}],"wp:attachment":[{"href":"https:\/\/institutos.ufrrj.br\/if\/wp-json\/wp\/v2\/media?parent=347"}],"curies":[{"name":"wp","href":"https:\/\/api.w.org\/{rel}","templated":true}]}}