{"id":361,"date":"2014-12-12T16:36:02","date_gmt":"2014-12-12T16:36:02","guid":{"rendered":"http:\/\/institutos.ufrrj.br\/if\/?page_id=361"},"modified":"2021-02-18T15:58:03","modified_gmt":"2021-02-18T15:58:03","slug":"sobre","status":"publish","type":"page","link":"https:\/\/institutos.ufrrj.br\/if\/sobre\/","title":{"rendered":"Sobre a Resid\u00eancia Florestal"},"content":{"rendered":"<div id=\"esquerda\">\n<div id=\"menu\">\n<dl id=\"menu9\">\n<dt>A Resid\u00eancia em Engenharia Florestal (REF) \u00e9 um treinamento destinado aos Engenheiros Florestais, com dura\u00e7\u00e3o de 1 e 2 anos \u2013 Resid\u00eancia em Engenharia Florestal 1 (R1) e Resid\u00eancia em Engenharia Florestal 2 (R2), respectivamente \u2013 desenvolvido pelo Instituto de Florestas, atrav\u00e9s dos Departamentos de Ci\u00eancias Ambientais, Silvicultura e Produtos Florestais, com o apoio do corpo docente nas \u00e1reas de Recursos Naturais, de Silvicultura e de Tecnologia da Madeira coordenada pela&nbsp;<a href=\"https:\/\/sipac.ufrrj.br\/public\/jsp\/documentos\/documento_visualizacao.jsf?idDoc=704462\">Comiss\u00e3o de Resid\u00eancia em Engenharia Florestal.<\/a><\/dt>\n<\/dl>\n<\/div>\n<\/div>\n<div id=\"Principal\">\n<p>O programa procura estabelecer conv\u00eanios com universidades, institui\u00e7\u00f5es e empresas dos setores p\u00fablicos e privados, nacionais e internacionais, com o objetivo de treinar Engenheiros Florestais capacitando-os para o eficiente exerc\u00edcio da profiss\u00e3o, mediante as atuais demandas socioecon\u00f4micas da \u00e1rea florestal.<\/p>\n<p>Para participar do programa de Resid\u00eancia em Engenharia Florestal \u00e9 preciso acompanhar os editais da UFRRJ. Podem se candidatar \u00e0s vagas de resid\u00eancia, todos os Engenheiros Florestais formados no m\u00e1ximo h\u00e1 3 (tr\u00eas) anos, portadores de diploma de gradua\u00e7\u00e3o ou alunos portadores de atestado de estarem cursando o \u00faltimo semestre do curso de gradua\u00e7\u00e3o em Engenharia Florestal. Todos os requisitos para admiss\u00e3o de candidatos \u00e0 resid\u00eancia estar\u00e3o fixados nos editais. Para maiores informa\u00e7\u00f5es, favor, consultar o&nbsp;<a href=\"http:\/\/institutos.ufrrj.br\/if\/wp-content\/uploads\/sites\/5\/2020\/01\/Regulamento_residencia-florestal.pdf\" target=\"_blank\" rel=\"noopener\">Regulamento da Resid\u00eancia em Engenharia Florestal&nbsp;<\/a>ou entrar em contato conosco.<\/p>\n<\/div>\n","protected":false},"excerpt":{"rendered":"<p>A Resid\u00eancia em Engenharia Florestal (REF) \u00e9 um treinamento destinado aos Engenheiros Florestais, com dura\u00e7\u00e3o de 1 e 2 anos \u2013 Resid\u00eancia [&hellip;]<\/p>\n","protected":false},"author":8,"featured_media":0,"parent":0,"menu_order":0,"comment_status":"open","ping_status":"open","template":"","meta":{"_acf_changed":false,"ngg_post_thumbnail":0,"_themeisle_gutenberg_block_has_review":false,"footnotes":"","_links_to":"","_links_to_target":""},"class_list":["post-361","page","type-page","status-publish","hentry"],"acf":[],"yoast_head":"<!-- This site is optimized with the Yoast SEO plugin v26.8 - https:\/\/yoast.com\/product\/yoast-seo-wordpress\/ -->\n<title>Sobre a Resid\u00eancia Florestal - IF<\/title>\n<meta name=\"robots\" content=\"index, follow, max-snippet:-1, max-image-preview:large, max-video-preview:-1\" \/>\n<link rel=\"canonical\" href=\"https:\/\/institutos.ufrrj.br\/if\/sobre\/\" \/>\n<meta property=\"og:locale\" content=\"pt_BR\" \/>\n<meta property=\"og:type\" content=\"article\" \/>\n<meta property=\"og:title\" content=\"Sobre a Resid\u00eancia Florestal - IF\" \/>\n<meta property=\"og:description\" content=\"A Resid\u00eancia em Engenharia Florestal (REF) \u00e9 um treinamento destinado aos Engenheiros Florestais, com dura\u00e7\u00e3o de 1 e 2 anos \u2013 Resid\u00eancia [&hellip;]\" \/>\n<meta property=\"og:url\" content=\"https:\/\/institutos.ufrrj.br\/if\/sobre\/\" \/>\n<meta property=\"og:site_name\" content=\"IF\" \/>\n<meta property=\"article:modified_time\" content=\"2021-02-18T15:58:03+00:00\" \/>\n<meta name=\"twitter:card\" content=\"summary_large_image\" \/>\n<meta name=\"twitter:label1\" content=\"Est. tempo de leitura\" \/>\n\t<meta name=\"twitter:data1\" content=\"1 minuto\" \/>\n<script type=\"application\/ld+json\" class=\"yoast-schema-graph\">{\"@context\":\"https:\/\/schema.org\",\"@graph\":[{\"@type\":\"WebPage\",\"@id\":\"https:\/\/institutos.ufrrj.br\/if\/sobre\/\",\"url\":\"https:\/\/institutos.ufrrj.br\/if\/sobre\/\",\"name\":\"Sobre a Resid\u00eancia Florestal - IF\",\"isPartOf\":{\"@id\":\"https:\/\/institutos.ufrrj.br\/if\/#website\"},\"datePublished\":\"2014-12-12T16:36:02+00:00\",\"dateModified\":\"2021-02-18T15:58:03+00:00\",\"breadcrumb\":{\"@id\":\"https:\/\/institutos.ufrrj.br\/if\/sobre\/#breadcrumb\"},\"inLanguage\":\"pt-BR\",\"potentialAction\":[{\"@type\":\"ReadAction\",\"target\":[\"https:\/\/institutos.ufrrj.br\/if\/sobre\/\"]}]},{\"@type\":\"BreadcrumbList\",\"@id\":\"https:\/\/institutos.ufrrj.br\/if\/sobre\/#breadcrumb\",\"itemListElement\":[{\"@type\":\"ListItem\",\"position\":1,\"name\":\"In\u00edcio\",\"item\":\"https:\/\/institutos.ufrrj.br\/if\/\"},{\"@type\":\"ListItem\",\"position\":2,\"name\":\"Sobre a Resid\u00eancia Florestal\"}]},{\"@type\":\"WebSite\",\"@id\":\"https:\/\/institutos.ufrrj.br\/if\/#website\",\"url\":\"https:\/\/institutos.ufrrj.br\/if\/\",\"name\":\"IF - Instituto de Floresta\",\"description\":\"Instituto de Florestas\",\"potentialAction\":[{\"@type\":\"SearchAction\",\"target\":{\"@type\":\"EntryPoint\",\"urlTemplate\":\"https:\/\/institutos.ufrrj.br\/if\/?s={search_term_string}\"},\"query-input\":{\"@type\":\"PropertyValueSpecification\",\"valueRequired\":true,\"valueName\":\"search_term_string\"}}],\"inLanguage\":\"pt-BR\"}]}<\/script>\n<!-- \/ Yoast SEO plugin. -->","yoast_head_json":{"title":"Sobre a Resid\u00eancia Florestal - IF","robots":{"index":"index","follow":"follow","max-snippet":"max-snippet:-1","max-image-preview":"max-image-preview:large","max-video-preview":"max-video-preview:-1"},"canonical":"https:\/\/institutos.ufrrj.br\/if\/sobre\/","og_locale":"pt_BR","og_type":"article","og_title":"Sobre a Resid\u00eancia Florestal - IF","og_description":"A Resid\u00eancia em Engenharia Florestal (REF) \u00e9 um treinamento destinado aos Engenheiros Florestais, com dura\u00e7\u00e3o de 1 e 2 anos \u2013 Resid\u00eancia [&hellip;]","og_url":"https:\/\/institutos.ufrrj.br\/if\/sobre\/","og_site_name":"IF","article_modified_time":"2021-02-18T15:58:03+00:00","twitter_card":"summary_large_image","twitter_misc":{"Est. tempo de leitura":"1 minuto"},"schema":{"@context":"https:\/\/schema.org","@graph":[{"@type":"WebPage","@id":"https:\/\/institutos.ufrrj.br\/if\/sobre\/","url":"https:\/\/institutos.ufrrj.br\/if\/sobre\/","name":"Sobre a Resid\u00eancia Florestal - IF","isPartOf":{"@id":"https:\/\/institutos.ufrrj.br\/if\/#website"},"datePublished":"2014-12-12T16:36:02+00:00","dateModified":"2021-02-18T15:58:03+00:00","breadcrumb":{"@id":"https:\/\/institutos.ufrrj.br\/if\/sobre\/#breadcrumb"},"inLanguage":"pt-BR","potentialAction":[{"@type":"ReadAction","target":["https:\/\/institutos.ufrrj.br\/if\/sobre\/"]}]},{"@type":"BreadcrumbList","@id":"https:\/\/institutos.ufrrj.br\/if\/sobre\/#breadcrumb","itemListElement":[{"@type":"ListItem","position":1,"name":"In\u00edcio","item":"https:\/\/institutos.ufrrj.br\/if\/"},{"@type":"ListItem","position":2,"name":"Sobre a Resid\u00eancia Florestal"}]},{"@type":"WebSite","@id":"https:\/\/institutos.ufrrj.br\/if\/#website","url":"https:\/\/institutos.ufrrj.br\/if\/","name":"IF - Instituto de Floresta","description":"Instituto de Florestas","potentialAction":[{"@type":"SearchAction","target":{"@type":"EntryPoint","urlTemplate":"https:\/\/institutos.ufrrj.br\/if\/?s={search_term_string}"},"query-input":{"@type":"PropertyValueSpecification","valueRequired":true,"valueName":"search_term_string"}}],"inLanguage":"pt-BR"}]}},"_links":{"self":[{"href":"https:\/\/institutos.ufrrj.br\/if\/wp-json\/wp\/v2\/pages\/361","targetHints":{"allow":["GET"]}}],"collection":[{"href":"https:\/\/institutos.ufrrj.br\/if\/wp-json\/wp\/v2\/pages"}],"about":[{"href":"https:\/\/institutos.ufrrj.br\/if\/wp-json\/wp\/v2\/types\/page"}],"author":[{"embeddable":true,"href":"https:\/\/institutos.ufrrj.br\/if\/wp-json\/wp\/v2\/users\/8"}],"replies":[{"embeddable":true,"href":"https:\/\/institutos.ufrrj.br\/if\/wp-json\/wp\/v2\/comments?post=361"}],"version-history":[{"count":2,"href":"https:\/\/institutos.ufrrj.br\/if\/wp-json\/wp\/v2\/pages\/361\/revisions"}],"predecessor-version":[{"id":3869,"href":"https:\/\/institutos.ufrrj.br\/if\/wp-json\/wp\/v2\/pages\/361\/revisions\/3869"}],"wp:attachment":[{"href":"https:\/\/institutos.ufrrj.br\/if\/wp-json\/wp\/v2\/media?parent=361"}],"curies":[{"name":"wp","href":"https:\/\/api.w.org\/{rel}","templated":true}]}}