{"id":371,"date":"2014-12-12T16:54:17","date_gmt":"2014-12-12T16:54:17","guid":{"rendered":"http:\/\/institutos.ufrrj.br\/if\/?page_id=371"},"modified":"2023-12-05T18:56:20","modified_gmt":"2023-12-05T18:56:20","slug":"ex-alunos","status":"publish","type":"page","link":"https:\/\/institutos.ufrrj.br\/if\/ex-alunos\/","title":{"rendered":"Ex-alunos"},"content":{"rendered":"<p style=\"text-align: left\">Este espa\u00e7o da p\u00e1gina tem como objetivo viabilizar a integra\u00e7\u00e3o dos profissionais formados no curso de Engenharia Florestal deste Instituto, permitindo o contato entre ex-alunos e o Instituto de Florestas da UFRRJ.<\/p>\n<p>Desde 1970, ano de formatura da primeira turma, j\u00e1 se graduaram mais de 1.800 engenheiros florestais no curso da UFRRJ.<\/p>\n<p>Para ter acesso aos nomes dos graduados, clique no arquivo abaixo:<\/p>\n<p style=\"text-align: left\"><a href=\"https:\/\/institutos.ufrrj.br\/if\/wp-content\/uploads\/sites\/5\/2019\/01\/Lista-Formados-Floresta-UFRRJ-1970-ate-2022-II-1828-nomes.pdf\" target=\"_blank\" rel=\"noopener\"><img loading=\"lazy\" decoding=\"async\" class=\"alignnone wp-image-2684\" src=\"http:\/\/institutos.ufrrj.br\/if\/wp-content\/uploads\/sites\/5\/2017\/07\/PDF.jpg\" alt=\"\" width=\"96\" height=\"96\" srcset=\"https:\/\/institutos.ufrrj.br\/if\/wp-content\/uploads\/sites\/5\/2017\/07\/PDF.jpg 275w, https:\/\/institutos.ufrrj.br\/if\/wp-content\/uploads\/sites\/5\/2017\/07\/PDF-150x150.jpg 150w, https:\/\/institutos.ufrrj.br\/if\/wp-content\/uploads\/sites\/5\/2017\/07\/PDF-100x100.jpg 100w\" sizes=\"auto, (max-width: 96px) 100vw, 96px\" \/><\/a><\/p>\n<p><a href=\"https:\/\/institutos.ufrrj.br\/if\/wp-content\/uploads\/sites\/5\/2019\/01\/Lista-Formados-Floresta-UFRRJ-1970-ate-2022-II-1828-nomes.pdf\" target=\"_blank\" rel=\"noopener\">Lista Formados Floresta UFRRJ (1970 at\u00e9 2022-II)<\/a><\/p>\n<hr>\n<p>A Pr\u00f3-reitoria de Gradua\u00e7\u00e3o da UFRRJ mant\u00e9m o <strong>Portal do Egresso<\/strong> com objetivo principal de coletar informa\u00e7\u00f5es de nossos ex-alunos sobre atua\u00e7\u00e3o na \u00e1rea e inser\u00e7\u00e3o no mercado de trabalho. Se voc\u00ea \u00e9 ex-aluno da UFRRJ, cadastre-se no Portal do Egresso, acessando a p\u00e1gina a seguir:&nbsp;<a href=\"https:\/\/r1.ufrrj.br\/egressos\/\" target=\"_blank\" rel=\"noopener\">https:\/\/r1.ufrrj.br\/egressos\/<\/a><\/p>\n<hr>\n<p>O IF deseja o contato com seus ex-alunos, por isso fomenta uma p\u00e1gina no <em>Facebook&nbsp;<\/em>que objetiva a divulga\u00e7\u00e3o e troca de informa\u00e7\u00f5es entre egressos do curso.<\/p>\n<p>Curta nossa p\u00e1gina no Facebook:<\/p>\n<p>&nbsp;<a href=\"https:\/\/www.facebook.com\/Instituto-de-Florestas-UFRRJ-1291039917654148\/\" target=\"_blank\" rel=\"noopener\"><img loading=\"lazy\" decoding=\"async\" class=\"wp-image-3561 aligncenter\" src=\"http:\/\/institutos.ufrrj.br\/if\/wp-content\/uploads\/sites\/5\/2019\/08\/Facebook-300x169.jpg\" alt=\"\" width=\"121\" height=\"68\" srcset=\"https:\/\/institutos.ufrrj.br\/if\/wp-content\/uploads\/sites\/5\/2019\/08\/Facebook-300x169.jpg 300w, https:\/\/institutos.ufrrj.br\/if\/wp-content\/uploads\/sites\/5\/2019\/08\/Facebook-768x432.jpg 768w, https:\/\/institutos.ufrrj.br\/if\/wp-content\/uploads\/sites\/5\/2019\/08\/Facebook-1024x576.jpg 1024w, https:\/\/institutos.ufrrj.br\/if\/wp-content\/uploads\/sites\/5\/2019\/08\/Facebook.jpg 1280w\" sizes=\"auto, (max-width: 121px) 100vw, 121px\" \/><\/a><\/p>\n<p style=\"text-align: center\"><a href=\"https:\/\/www.facebook.com\/Instituto-de-Florestas-UFRRJ-1291039917654148\/\" target=\"_blank\" rel=\"noopener\">https:\/\/www.facebook.com\/Instituto-de-Florestas-UFRRJ-1291039917654148\/<\/a><\/p>\n<hr>\n<p style=\"text-align: center\">&nbsp;<\/p>\n","protected":false},"excerpt":{"rendered":"<p>Este espa\u00e7o da p\u00e1gina tem como objetivo viabilizar a integra\u00e7\u00e3o dos profissionais formados no curso de Engenharia Florestal deste Instituto, permitindo o [&hellip;]<\/p>\n","protected":false},"author":8,"featured_media":0,"parent":0,"menu_order":0,"comment_status":"open","ping_status":"open","template":"","meta":{"_acf_changed":false,"ngg_post_thumbnail":0,"_themeisle_gutenberg_block_has_review":false,"footnotes":"","_links_to":"","_links_to_target":""},"class_list":["post-371","page","type-page","status-publish","hentry"],"acf":[],"yoast_head":"<!-- This site is optimized with the Yoast SEO plugin v26.8 - https:\/\/yoast.com\/product\/yoast-seo-wordpress\/ -->\n<title>Ex-alunos - IF<\/title>\n<meta name=\"robots\" content=\"index, follow, max-snippet:-1, max-image-preview:large, max-video-preview:-1\" \/>\n<link rel=\"canonical\" href=\"https:\/\/institutos.ufrrj.br\/if\/ex-alunos\/\" \/>\n<meta property=\"og:locale\" content=\"pt_BR\" \/>\n<meta property=\"og:type\" content=\"article\" \/>\n<meta property=\"og:title\" content=\"Ex-alunos - IF\" \/>\n<meta property=\"og:description\" content=\"Este espa\u00e7o da p\u00e1gina tem como objetivo viabilizar a integra\u00e7\u00e3o dos profissionais formados no curso de Engenharia Florestal deste Instituto, permitindo o [&hellip;]\" \/>\n<meta property=\"og:url\" content=\"https:\/\/institutos.ufrrj.br\/if\/ex-alunos\/\" \/>\n<meta property=\"og:site_name\" content=\"IF\" \/>\n<meta property=\"article:modified_time\" content=\"2023-12-05T18:56:20+00:00\" \/>\n<meta property=\"og:image\" content=\"https:\/\/institutos.ufrrj.br\/if\/wp-content\/uploads\/sites\/5\/2017\/07\/PDF.jpg\" \/>\n\t<meta property=\"og:image:width\" content=\"275\" \/>\n\t<meta property=\"og:image:height\" content=\"275\" \/>\n\t<meta property=\"og:image:type\" content=\"image\/jpeg\" \/>\n<meta name=\"twitter:card\" content=\"summary_large_image\" \/>\n<meta name=\"twitter:label1\" content=\"Est. tempo de leitura\" \/>\n\t<meta name=\"twitter:data1\" content=\"1 minuto\" \/>\n<script type=\"application\/ld+json\" class=\"yoast-schema-graph\">{\"@context\":\"https:\/\/schema.org\",\"@graph\":[{\"@type\":\"WebPage\",\"@id\":\"https:\/\/institutos.ufrrj.br\/if\/ex-alunos\/\",\"url\":\"https:\/\/institutos.ufrrj.br\/if\/ex-alunos\/\",\"name\":\"Ex-alunos - IF\",\"isPartOf\":{\"@id\":\"https:\/\/institutos.ufrrj.br\/if\/#website\"},\"primaryImageOfPage\":{\"@id\":\"https:\/\/institutos.ufrrj.br\/if\/ex-alunos\/#primaryimage\"},\"image\":{\"@id\":\"https:\/\/institutos.ufrrj.br\/if\/ex-alunos\/#primaryimage\"},\"thumbnailUrl\":\"http:\/\/institutos.ufrrj.br\/if\/wp-content\/uploads\/sites\/5\/2017\/07\/PDF.jpg\",\"datePublished\":\"2014-12-12T16:54:17+00:00\",\"dateModified\":\"2023-12-05T18:56:20+00:00\",\"breadcrumb\":{\"@id\":\"https:\/\/institutos.ufrrj.br\/if\/ex-alunos\/#breadcrumb\"},\"inLanguage\":\"pt-BR\",\"potentialAction\":[{\"@type\":\"ReadAction\",\"target\":[\"https:\/\/institutos.ufrrj.br\/if\/ex-alunos\/\"]}]},{\"@type\":\"ImageObject\",\"inLanguage\":\"pt-BR\",\"@id\":\"https:\/\/institutos.ufrrj.br\/if\/ex-alunos\/#primaryimage\",\"url\":\"https:\/\/institutos.ufrrj.br\/if\/wp-content\/uploads\/sites\/5\/2017\/07\/PDF.jpg\",\"contentUrl\":\"https:\/\/institutos.ufrrj.br\/if\/wp-content\/uploads\/sites\/5\/2017\/07\/PDF.jpg\",\"width\":275,\"height\":275},{\"@type\":\"BreadcrumbList\",\"@id\":\"https:\/\/institutos.ufrrj.br\/if\/ex-alunos\/#breadcrumb\",\"itemListElement\":[{\"@type\":\"ListItem\",\"position\":1,\"name\":\"In\u00edcio\",\"item\":\"https:\/\/institutos.ufrrj.br\/if\/\"},{\"@type\":\"ListItem\",\"position\":2,\"name\":\"Ex-alunos\"}]},{\"@type\":\"WebSite\",\"@id\":\"https:\/\/institutos.ufrrj.br\/if\/#website\",\"url\":\"https:\/\/institutos.ufrrj.br\/if\/\",\"name\":\"IF - Instituto de Floresta\",\"description\":\"Instituto de Florestas\",\"potentialAction\":[{\"@type\":\"SearchAction\",\"target\":{\"@type\":\"EntryPoint\",\"urlTemplate\":\"https:\/\/institutos.ufrrj.br\/if\/?s={search_term_string}\"},\"query-input\":{\"@type\":\"PropertyValueSpecification\",\"valueRequired\":true,\"valueName\":\"search_term_string\"}}],\"inLanguage\":\"pt-BR\"}]}<\/script>\n<!-- \/ Yoast SEO plugin. -->","yoast_head_json":{"title":"Ex-alunos - IF","robots":{"index":"index","follow":"follow","max-snippet":"max-snippet:-1","max-image-preview":"max-image-preview:large","max-video-preview":"max-video-preview:-1"},"canonical":"https:\/\/institutos.ufrrj.br\/if\/ex-alunos\/","og_locale":"pt_BR","og_type":"article","og_title":"Ex-alunos - IF","og_description":"Este espa\u00e7o da p\u00e1gina tem como objetivo viabilizar a integra\u00e7\u00e3o dos profissionais formados no curso de Engenharia Florestal deste Instituto, permitindo o [&hellip;]","og_url":"https:\/\/institutos.ufrrj.br\/if\/ex-alunos\/","og_site_name":"IF","article_modified_time":"2023-12-05T18:56:20+00:00","og_image":[{"width":275,"height":275,"url":"https:\/\/institutos.ufrrj.br\/if\/wp-content\/uploads\/sites\/5\/2017\/07\/PDF.jpg","type":"image\/jpeg"}],"twitter_card":"summary_large_image","twitter_misc":{"Est. tempo de leitura":"1 minuto"},"schema":{"@context":"https:\/\/schema.org","@graph":[{"@type":"WebPage","@id":"https:\/\/institutos.ufrrj.br\/if\/ex-alunos\/","url":"https:\/\/institutos.ufrrj.br\/if\/ex-alunos\/","name":"Ex-alunos - IF","isPartOf":{"@id":"https:\/\/institutos.ufrrj.br\/if\/#website"},"primaryImageOfPage":{"@id":"https:\/\/institutos.ufrrj.br\/if\/ex-alunos\/#primaryimage"},"image":{"@id":"https:\/\/institutos.ufrrj.br\/if\/ex-alunos\/#primaryimage"},"thumbnailUrl":"http:\/\/institutos.ufrrj.br\/if\/wp-content\/uploads\/sites\/5\/2017\/07\/PDF.jpg","datePublished":"2014-12-12T16:54:17+00:00","dateModified":"2023-12-05T18:56:20+00:00","breadcrumb":{"@id":"https:\/\/institutos.ufrrj.br\/if\/ex-alunos\/#breadcrumb"},"inLanguage":"pt-BR","potentialAction":[{"@type":"ReadAction","target":["https:\/\/institutos.ufrrj.br\/if\/ex-alunos\/"]}]},{"@type":"ImageObject","inLanguage":"pt-BR","@id":"https:\/\/institutos.ufrrj.br\/if\/ex-alunos\/#primaryimage","url":"https:\/\/institutos.ufrrj.br\/if\/wp-content\/uploads\/sites\/5\/2017\/07\/PDF.jpg","contentUrl":"https:\/\/institutos.ufrrj.br\/if\/wp-content\/uploads\/sites\/5\/2017\/07\/PDF.jpg","width":275,"height":275},{"@type":"BreadcrumbList","@id":"https:\/\/institutos.ufrrj.br\/if\/ex-alunos\/#breadcrumb","itemListElement":[{"@type":"ListItem","position":1,"name":"In\u00edcio","item":"https:\/\/institutos.ufrrj.br\/if\/"},{"@type":"ListItem","position":2,"name":"Ex-alunos"}]},{"@type":"WebSite","@id":"https:\/\/institutos.ufrrj.br\/if\/#website","url":"https:\/\/institutos.ufrrj.br\/if\/","name":"IF - Instituto de Floresta","description":"Instituto de Florestas","potentialAction":[{"@type":"SearchAction","target":{"@type":"EntryPoint","urlTemplate":"https:\/\/institutos.ufrrj.br\/if\/?s={search_term_string}"},"query-input":{"@type":"PropertyValueSpecification","valueRequired":true,"valueName":"search_term_string"}}],"inLanguage":"pt-BR"}]}},"_links":{"self":[{"href":"https:\/\/institutos.ufrrj.br\/if\/wp-json\/wp\/v2\/pages\/371","targetHints":{"allow":["GET"]}}],"collection":[{"href":"https:\/\/institutos.ufrrj.br\/if\/wp-json\/wp\/v2\/pages"}],"about":[{"href":"https:\/\/institutos.ufrrj.br\/if\/wp-json\/wp\/v2\/types\/page"}],"author":[{"embeddable":true,"href":"https:\/\/institutos.ufrrj.br\/if\/wp-json\/wp\/v2\/users\/8"}],"replies":[{"embeddable":true,"href":"https:\/\/institutos.ufrrj.br\/if\/wp-json\/wp\/v2\/comments?post=371"}],"version-history":[{"count":21,"href":"https:\/\/institutos.ufrrj.br\/if\/wp-json\/wp\/v2\/pages\/371\/revisions"}],"predecessor-version":[{"id":4289,"href":"https:\/\/institutos.ufrrj.br\/if\/wp-json\/wp\/v2\/pages\/371\/revisions\/4289"}],"wp:attachment":[{"href":"https:\/\/institutos.ufrrj.br\/if\/wp-json\/wp\/v2\/media?parent=371"}],"curies":[{"name":"wp","href":"https:\/\/api.w.org\/{rel}","templated":true}]}}