{"id":3866,"date":"2021-02-18T15:46:15","date_gmt":"2021-02-18T15:46:15","guid":{"rendered":"http:\/\/institutos.ufrrj.br\/if\/?page_id=3866"},"modified":"2021-02-18T15:46:15","modified_gmt":"2021-02-18T15:46:15","slug":"comissao","status":"publish","type":"page","link":"https:\/\/institutos.ufrrj.br\/if\/comissao\/","title":{"rendered":"Comiss\u00e3o"},"content":{"rendered":"<p>A Comiss\u00e3o de Resid\u00eancia Florestal \u00e9 composta pelos seguintes membros:<\/p>\n<p><span style=\"color: #800000\"><strong><em>Titulares<\/em><\/strong><\/span><\/p>\n<p>&#8211; Professor Paulo S\u00e9rgio dos Santos Leles (presidente da comiss\u00e3o).<\/p>\n<p>&#8211; Professor Jo\u00e3o Vicente Figueiredo Latorraca.<\/p>\n<p>&#8211; Professora Claudia Moster.<\/p>\n<p><span style=\"color: #800000\"><strong><em>Suplentes<\/em><\/strong><\/span><\/p>\n<p>&#8211; Professor Fernando Jos\u00e9 Borges Gomes.<\/p>\n<p>&#8211; Professor Eduardo Vin\u00edcius da Silva.<\/p>\n<p>&#8211; Professor Jarbas Mar\u00e7al de Queiroz.<\/p>\n<p>A <a href=\"https:\/\/sipac.ufrrj.br\/public\/jsp\/documentos\/documento_visualizacao.jsf?idDoc=704462\">portaria<\/a> que nomeou os membros da comiss\u00e3o pode ser acessada <a href=\"https:\/\/sipac.ufrrj.br\/public\/jsp\/documentos\/documento_visualizacao.jsf?idDoc=704462\" target=\"_blank\" rel=\"noopener\">aqui.<\/a><\/p>\n","protected":false},"excerpt":{"rendered":"<p>A Comiss\u00e3o de Resid\u00eancia Florestal \u00e9 composta pelos seguintes membros: Titulares &#8211; Professor Paulo S\u00e9rgio dos Santos Leles (presidente da comiss\u00e3o). &#8211; [&hellip;]<\/p>\n","protected":false},"author":8,"featured_media":0,"parent":0,"menu_order":0,"comment_status":"closed","ping_status":"closed","template":"","meta":{"_acf_changed":false,"ngg_post_thumbnail":0,"_themeisle_gutenberg_block_has_review":false,"footnotes":"","_links_to":"","_links_to_target":""},"class_list":["post-3866","page","type-page","status-publish","hentry"],"acf":[],"yoast_head":"<!-- This site is optimized with the Yoast SEO plugin v26.8 - https:\/\/yoast.com\/product\/yoast-seo-wordpress\/ -->\n<title>Comiss\u00e3o - IF<\/title>\n<meta name=\"robots\" content=\"index, follow, max-snippet:-1, max-image-preview:large, max-video-preview:-1\" \/>\n<link rel=\"canonical\" href=\"https:\/\/institutos.ufrrj.br\/if\/comissao\/\" \/>\n<meta property=\"og:locale\" content=\"pt_BR\" \/>\n<meta property=\"og:type\" content=\"article\" \/>\n<meta property=\"og:title\" content=\"Comiss\u00e3o - IF\" \/>\n<meta property=\"og:description\" content=\"A Comiss\u00e3o de Resid\u00eancia Florestal \u00e9 composta pelos seguintes membros: Titulares &#8211; Professor Paulo S\u00e9rgio dos Santos Leles (presidente da comiss\u00e3o). &#8211; [&hellip;]\" \/>\n<meta property=\"og:url\" content=\"https:\/\/institutos.ufrrj.br\/if\/comissao\/\" \/>\n<meta property=\"og:site_name\" content=\"IF\" \/>\n<meta name=\"twitter:card\" content=\"summary_large_image\" \/>\n<script type=\"application\/ld+json\" class=\"yoast-schema-graph\">{\"@context\":\"https:\/\/schema.org\",\"@graph\":[{\"@type\":\"WebPage\",\"@id\":\"https:\/\/institutos.ufrrj.br\/if\/comissao\/\",\"url\":\"https:\/\/institutos.ufrrj.br\/if\/comissao\/\",\"name\":\"Comiss\u00e3o - IF\",\"isPartOf\":{\"@id\":\"https:\/\/institutos.ufrrj.br\/if\/#website\"},\"datePublished\":\"2021-02-18T15:46:15+00:00\",\"breadcrumb\":{\"@id\":\"https:\/\/institutos.ufrrj.br\/if\/comissao\/#breadcrumb\"},\"inLanguage\":\"pt-BR\",\"potentialAction\":[{\"@type\":\"ReadAction\",\"target\":[\"https:\/\/institutos.ufrrj.br\/if\/comissao\/\"]}]},{\"@type\":\"BreadcrumbList\",\"@id\":\"https:\/\/institutos.ufrrj.br\/if\/comissao\/#breadcrumb\",\"itemListElement\":[{\"@type\":\"ListItem\",\"position\":1,\"name\":\"In\u00edcio\",\"item\":\"https:\/\/institutos.ufrrj.br\/if\/\"},{\"@type\":\"ListItem\",\"position\":2,\"name\":\"Comiss\u00e3o\"}]},{\"@type\":\"WebSite\",\"@id\":\"https:\/\/institutos.ufrrj.br\/if\/#website\",\"url\":\"https:\/\/institutos.ufrrj.br\/if\/\",\"name\":\"IF - Instituto de Floresta\",\"description\":\"Instituto de Florestas\",\"potentialAction\":[{\"@type\":\"SearchAction\",\"target\":{\"@type\":\"EntryPoint\",\"urlTemplate\":\"https:\/\/institutos.ufrrj.br\/if\/?s={search_term_string}\"},\"query-input\":{\"@type\":\"PropertyValueSpecification\",\"valueRequired\":true,\"valueName\":\"search_term_string\"}}],\"inLanguage\":\"pt-BR\"}]}<\/script>\n<!-- \/ Yoast SEO plugin. -->","yoast_head_json":{"title":"Comiss\u00e3o - IF","robots":{"index":"index","follow":"follow","max-snippet":"max-snippet:-1","max-image-preview":"max-image-preview:large","max-video-preview":"max-video-preview:-1"},"canonical":"https:\/\/institutos.ufrrj.br\/if\/comissao\/","og_locale":"pt_BR","og_type":"article","og_title":"Comiss\u00e3o - IF","og_description":"A Comiss\u00e3o de Resid\u00eancia Florestal \u00e9 composta pelos seguintes membros: Titulares &#8211; Professor Paulo S\u00e9rgio dos Santos Leles (presidente da comiss\u00e3o). &#8211; [&hellip;]","og_url":"https:\/\/institutos.ufrrj.br\/if\/comissao\/","og_site_name":"IF","twitter_card":"summary_large_image","schema":{"@context":"https:\/\/schema.org","@graph":[{"@type":"WebPage","@id":"https:\/\/institutos.ufrrj.br\/if\/comissao\/","url":"https:\/\/institutos.ufrrj.br\/if\/comissao\/","name":"Comiss\u00e3o - IF","isPartOf":{"@id":"https:\/\/institutos.ufrrj.br\/if\/#website"},"datePublished":"2021-02-18T15:46:15+00:00","breadcrumb":{"@id":"https:\/\/institutos.ufrrj.br\/if\/comissao\/#breadcrumb"},"inLanguage":"pt-BR","potentialAction":[{"@type":"ReadAction","target":["https:\/\/institutos.ufrrj.br\/if\/comissao\/"]}]},{"@type":"BreadcrumbList","@id":"https:\/\/institutos.ufrrj.br\/if\/comissao\/#breadcrumb","itemListElement":[{"@type":"ListItem","position":1,"name":"In\u00edcio","item":"https:\/\/institutos.ufrrj.br\/if\/"},{"@type":"ListItem","position":2,"name":"Comiss\u00e3o"}]},{"@type":"WebSite","@id":"https:\/\/institutos.ufrrj.br\/if\/#website","url":"https:\/\/institutos.ufrrj.br\/if\/","name":"IF - Instituto de Floresta","description":"Instituto de Florestas","potentialAction":[{"@type":"SearchAction","target":{"@type":"EntryPoint","urlTemplate":"https:\/\/institutos.ufrrj.br\/if\/?s={search_term_string}"},"query-input":{"@type":"PropertyValueSpecification","valueRequired":true,"valueName":"search_term_string"}}],"inLanguage":"pt-BR"}]}},"_links":{"self":[{"href":"https:\/\/institutos.ufrrj.br\/if\/wp-json\/wp\/v2\/pages\/3866","targetHints":{"allow":["GET"]}}],"collection":[{"href":"https:\/\/institutos.ufrrj.br\/if\/wp-json\/wp\/v2\/pages"}],"about":[{"href":"https:\/\/institutos.ufrrj.br\/if\/wp-json\/wp\/v2\/types\/page"}],"author":[{"embeddable":true,"href":"https:\/\/institutos.ufrrj.br\/if\/wp-json\/wp\/v2\/users\/8"}],"replies":[{"embeddable":true,"href":"https:\/\/institutos.ufrrj.br\/if\/wp-json\/wp\/v2\/comments?post=3866"}],"version-history":[{"count":1,"href":"https:\/\/institutos.ufrrj.br\/if\/wp-json\/wp\/v2\/pages\/3866\/revisions"}],"predecessor-version":[{"id":3867,"href":"https:\/\/institutos.ufrrj.br\/if\/wp-json\/wp\/v2\/pages\/3866\/revisions\/3867"}],"wp:attachment":[{"href":"https:\/\/institutos.ufrrj.br\/if\/wp-json\/wp\/v2\/media?parent=3866"}],"curies":[{"name":"wp","href":"https:\/\/api.w.org\/{rel}","templated":true}]}}