{"id":4515,"date":"2025-09-09T12:17:52","date_gmt":"2025-09-09T12:17:52","guid":{"rendered":"https:\/\/institutos.ufrrj.br\/if\/?page_id=4515"},"modified":"2026-03-16T12:29:11","modified_gmt":"2026-03-16T12:29:11","slug":"acessibilidade-no-if","status":"publish","type":"page","link":"https:\/\/institutos.ufrrj.br\/if\/acessibilidade-no-if\/","title":{"rendered":"Acessibilidade no IF"},"content":{"rendered":"<p><a href=\"https:\/\/institutos.ufrrj.br\/if\/wp-content\/uploads\/sites\/5\/2025\/08\/Acessibilidade-e-inclusao.jpg\"><img loading=\"lazy\" decoding=\"async\" class=\"alignnone size-full wp-image-4474\" src=\"https:\/\/institutos.ufrrj.br\/if\/wp-content\/uploads\/sites\/5\/2025\/08\/Acessibilidade-e-inclusao.jpg\" alt=\"\" width=\"300\" height=\"176\"><\/a><\/p>\n<p>O Instituto de Florestas conta com uma Comiss\u00e3o de Acessibilidade Setorial. Um dos principais objetivos dessa comiss\u00e3o \u00e9 atender demandas dos discentes, docentes e t\u00e9cnicos administrativos com defici\u00eancia; pessoas superdotadas; pessoas com mobilidade reduzida e pessoas com transtorno de espectro autista (TEA). No momento, a comiss\u00e3o est\u00e1 dedicada na execu\u00e7\u00e3o das a\u00e7\u00f5es previstas no <a href=\"https:\/\/institutos.ufrrj.br\/if\/wp-content\/uploads\/sites\/5\/2019\/01\/Plano-de-acessibilidade-do-Instituto-de-Florestas-versao-pos-aprovacao-no-CONSUNI-IF_compressed-1.pdf\" target=\"_blank\" rel=\"noopener\">Plano de Acessibilidade Setorial<\/a>, aprovado pelo CONSUNI-IF. Esse plano conter\u00e1 as a\u00e7\u00f5es para promo\u00e7\u00e3o da acessibilidade no IF para os pr\u00f3ximos anos.<\/p>\n<p>O e-mail institucional (acessibilidadeif@ufrrj.br) \u00e9 o principal canal de atendimento para d\u00favidas e sugest\u00f5es. A comiss\u00e3o trabalha em sintonia com o <a href=\"https:\/\/portal.ufrrj.br\/pro-reitoria-de-graduacao\/nucleo-de-acessibilidade-e-inclusao-da-ufrrj\/\" target=\"_blank\" rel=\"noopener\">N\u00facleo de Acessibilidade e Inclus\u00e3o da UFRRJ (NAI)<\/a> e se coloca \u00e0 disposi\u00e7\u00e3o para ajudar no que for necess\u00e1rio.<\/p>\n<p>&nbsp;<\/p>\n<hr>\n<p><strong>CONTATO<\/strong><\/p>\n<p>E-mail da comiss\u00e3o de acessibilidade setorial do IF: <span style=\"color: #0000ff\">acessibilidadeif@ufrrj.br<\/span><\/p>\n<p>Presidente da comiss\u00e3o de acessibilidade do IF: T\u00e9cnico administrativo Alessandro Moreira Lima<\/p>\n<hr>\n<p><strong>DOCUMENTOS IMPORTANTES<\/strong><\/p>\n<p>Portaria da comiss\u00e3o de acessibilidade do IF: <a href=\"https:\/\/sipac.ufrrj.br\/public\/jsp\/documentos\/documento_visualizacao.jsf?idDoc=1666112\" target=\"_blank\" rel=\"noopener\">Portaria N\u00ba 5325 \/ 2024<\/a><\/p>\n<p>Delibera\u00e7\u00e3o de aprova\u00e7\u00e3o do Plano de Acessibilidade do Instituto de Florestas: <a href=\"https:\/\/sipac.ufrrj.br\/public\/jsp\/documentos\/documento_visualizacao.jsf?idDoc=1940170\" target=\"_blank\" rel=\"noopener\">Delibera\u00e7\u00e3o n\u00b0391 \/ 2025<\/a><\/p>\n<p><a href=\"https:\/\/institutos.ufrrj.br\/if\/wp-content\/uploads\/sites\/5\/2019\/01\/Plano-de-acessibilidade-do-Instituto-de-Florestas-versao-pos-aprovacao-no-CONSUNI-IF_compressed-1.pdf\" target=\"_blank\" rel=\"noopener\">Plano de Acessibilidade do IF (2025)<\/a><\/p>\n<hr>\n<p><strong>OUTROS DOCUMENTOS<\/strong><\/p>\n<p><a href=\"https:\/\/institucional.ufrrj.br\/soc\/files\/2021\/03\/PLANO_DE_ACESSIBILIDADE_DA_UFRRJ_OK.pdf\" target=\"_blank\" rel=\"noopener\">&nbsp;Plano de Acessibilidade da UFRRJ (Quadri\u00eanio 2021-2025)<\/a><\/p>\n<p><a href=\"https:\/\/institutos.ufrrj.br\/if\/wp-content\/uploads\/sites\/5\/2026\/03\/Portaria-6173-2024-GABREI-formaliza_as_diretrizes_e_as_orientaes_para_avaliacao-de-publico-da-educacao-especial.pdf\" target=\"_blank\" rel=\"noopener\">Portaria N\u00ba 6173\/2024 da Reitoria da UFRRJ<\/a> (Estabelece diretrizes da avalia\u00e7\u00e3o dos discentes da educa\u00e7\u00e3o especial)<\/p>\n<hr>\n<p>&nbsp;<\/p>\n","protected":false},"excerpt":{"rendered":"<p>O Instituto de Florestas conta com uma Comiss\u00e3o de Acessibilidade Setorial. Um dos principais objetivos dessa comiss\u00e3o \u00e9 atender demandas dos discentes, [&hellip;]<\/p>\n","protected":false},"author":8,"featured_media":0,"parent":0,"menu_order":0,"comment_status":"closed","ping_status":"closed","template":"","meta":{"_acf_changed":false,"ngg_post_thumbnail":0,"_themeisle_gutenberg_block_has_review":false,"footnotes":"","_links_to":"","_links_to_target":""},"class_list":["post-4515","page","type-page","status-publish","hentry"],"acf":[],"yoast_head":"<!-- This site is optimized with the Yoast SEO plugin v26.8 - https:\/\/yoast.com\/product\/yoast-seo-wordpress\/ -->\n<title>Acessibilidade no IF - IF<\/title>\n<meta name=\"robots\" content=\"index, follow, max-snippet:-1, max-image-preview:large, max-video-preview:-1\" \/>\n<link rel=\"canonical\" href=\"https:\/\/institutos.ufrrj.br\/if\/acessibilidade-no-if\/\" \/>\n<meta property=\"og:locale\" content=\"pt_BR\" \/>\n<meta property=\"og:type\" content=\"article\" \/>\n<meta property=\"og:title\" content=\"Acessibilidade no IF - IF\" \/>\n<meta property=\"og:description\" content=\"O Instituto de Florestas conta com uma Comiss\u00e3o de Acessibilidade Setorial. Um dos principais objetivos dessa comiss\u00e3o \u00e9 atender demandas dos discentes, [&hellip;]\" \/>\n<meta property=\"og:url\" content=\"https:\/\/institutos.ufrrj.br\/if\/acessibilidade-no-if\/\" \/>\n<meta property=\"og:site_name\" content=\"IF\" \/>\n<meta property=\"article:modified_time\" content=\"2026-03-16T12:29:11+00:00\" \/>\n<meta property=\"og:image\" content=\"https:\/\/institutos.ufrrj.br\/if\/wp-content\/uploads\/sites\/5\/2025\/08\/Acessibilidade-e-inclusao.jpg\" \/>\n\t<meta property=\"og:image:width\" content=\"300\" \/>\n\t<meta property=\"og:image:height\" content=\"176\" \/>\n\t<meta property=\"og:image:type\" content=\"image\/jpeg\" \/>\n<meta name=\"twitter:card\" content=\"summary_large_image\" \/>\n<meta name=\"twitter:label1\" content=\"Est. tempo de leitura\" \/>\n\t<meta name=\"twitter:data1\" content=\"2 minutos\" \/>\n<script type=\"application\/ld+json\" class=\"yoast-schema-graph\">{\"@context\":\"https:\/\/schema.org\",\"@graph\":[{\"@type\":\"WebPage\",\"@id\":\"https:\/\/institutos.ufrrj.br\/if\/acessibilidade-no-if\/\",\"url\":\"https:\/\/institutos.ufrrj.br\/if\/acessibilidade-no-if\/\",\"name\":\"Acessibilidade no IF - IF\",\"isPartOf\":{\"@id\":\"https:\/\/institutos.ufrrj.br\/if\/#website\"},\"primaryImageOfPage\":{\"@id\":\"https:\/\/institutos.ufrrj.br\/if\/acessibilidade-no-if\/#primaryimage\"},\"image\":{\"@id\":\"https:\/\/institutos.ufrrj.br\/if\/acessibilidade-no-if\/#primaryimage\"},\"thumbnailUrl\":\"https:\/\/institutos.ufrrj.br\/if\/wp-content\/uploads\/sites\/5\/2025\/08\/Acessibilidade-e-inclusao.jpg\",\"datePublished\":\"2025-09-09T12:17:52+00:00\",\"dateModified\":\"2026-03-16T12:29:11+00:00\",\"breadcrumb\":{\"@id\":\"https:\/\/institutos.ufrrj.br\/if\/acessibilidade-no-if\/#breadcrumb\"},\"inLanguage\":\"pt-BR\",\"potentialAction\":[{\"@type\":\"ReadAction\",\"target\":[\"https:\/\/institutos.ufrrj.br\/if\/acessibilidade-no-if\/\"]}]},{\"@type\":\"ImageObject\",\"inLanguage\":\"pt-BR\",\"@id\":\"https:\/\/institutos.ufrrj.br\/if\/acessibilidade-no-if\/#primaryimage\",\"url\":\"https:\/\/institutos.ufrrj.br\/if\/wp-content\/uploads\/sites\/5\/2025\/08\/Acessibilidade-e-inclusao.jpg\",\"contentUrl\":\"https:\/\/institutos.ufrrj.br\/if\/wp-content\/uploads\/sites\/5\/2025\/08\/Acessibilidade-e-inclusao.jpg\"},{\"@type\":\"BreadcrumbList\",\"@id\":\"https:\/\/institutos.ufrrj.br\/if\/acessibilidade-no-if\/#breadcrumb\",\"itemListElement\":[{\"@type\":\"ListItem\",\"position\":1,\"name\":\"In\u00edcio\",\"item\":\"https:\/\/institutos.ufrrj.br\/if\/\"},{\"@type\":\"ListItem\",\"position\":2,\"name\":\"Acessibilidade no IF\"}]},{\"@type\":\"WebSite\",\"@id\":\"https:\/\/institutos.ufrrj.br\/if\/#website\",\"url\":\"https:\/\/institutos.ufrrj.br\/if\/\",\"name\":\"IF - Instituto de Floresta\",\"description\":\"Instituto de Florestas\",\"potentialAction\":[{\"@type\":\"SearchAction\",\"target\":{\"@type\":\"EntryPoint\",\"urlTemplate\":\"https:\/\/institutos.ufrrj.br\/if\/?s={search_term_string}\"},\"query-input\":{\"@type\":\"PropertyValueSpecification\",\"valueRequired\":true,\"valueName\":\"search_term_string\"}}],\"inLanguage\":\"pt-BR\"}]}<\/script>\n<!-- \/ Yoast SEO plugin. -->","yoast_head_json":{"title":"Acessibilidade no IF - IF","robots":{"index":"index","follow":"follow","max-snippet":"max-snippet:-1","max-image-preview":"max-image-preview:large","max-video-preview":"max-video-preview:-1"},"canonical":"https:\/\/institutos.ufrrj.br\/if\/acessibilidade-no-if\/","og_locale":"pt_BR","og_type":"article","og_title":"Acessibilidade no IF - IF","og_description":"O Instituto de Florestas conta com uma Comiss\u00e3o de Acessibilidade Setorial. Um dos principais objetivos dessa comiss\u00e3o \u00e9 atender demandas dos discentes, [&hellip;]","og_url":"https:\/\/institutos.ufrrj.br\/if\/acessibilidade-no-if\/","og_site_name":"IF","article_modified_time":"2026-03-16T12:29:11+00:00","og_image":[{"width":300,"height":176,"url":"https:\/\/institutos.ufrrj.br\/if\/wp-content\/uploads\/sites\/5\/2025\/08\/Acessibilidade-e-inclusao.jpg","type":"image\/jpeg"}],"twitter_card":"summary_large_image","twitter_misc":{"Est. tempo de leitura":"2 minutos"},"schema":{"@context":"https:\/\/schema.org","@graph":[{"@type":"WebPage","@id":"https:\/\/institutos.ufrrj.br\/if\/acessibilidade-no-if\/","url":"https:\/\/institutos.ufrrj.br\/if\/acessibilidade-no-if\/","name":"Acessibilidade no IF - IF","isPartOf":{"@id":"https:\/\/institutos.ufrrj.br\/if\/#website"},"primaryImageOfPage":{"@id":"https:\/\/institutos.ufrrj.br\/if\/acessibilidade-no-if\/#primaryimage"},"image":{"@id":"https:\/\/institutos.ufrrj.br\/if\/acessibilidade-no-if\/#primaryimage"},"thumbnailUrl":"https:\/\/institutos.ufrrj.br\/if\/wp-content\/uploads\/sites\/5\/2025\/08\/Acessibilidade-e-inclusao.jpg","datePublished":"2025-09-09T12:17:52+00:00","dateModified":"2026-03-16T12:29:11+00:00","breadcrumb":{"@id":"https:\/\/institutos.ufrrj.br\/if\/acessibilidade-no-if\/#breadcrumb"},"inLanguage":"pt-BR","potentialAction":[{"@type":"ReadAction","target":["https:\/\/institutos.ufrrj.br\/if\/acessibilidade-no-if\/"]}]},{"@type":"ImageObject","inLanguage":"pt-BR","@id":"https:\/\/institutos.ufrrj.br\/if\/acessibilidade-no-if\/#primaryimage","url":"https:\/\/institutos.ufrrj.br\/if\/wp-content\/uploads\/sites\/5\/2025\/08\/Acessibilidade-e-inclusao.jpg","contentUrl":"https:\/\/institutos.ufrrj.br\/if\/wp-content\/uploads\/sites\/5\/2025\/08\/Acessibilidade-e-inclusao.jpg"},{"@type":"BreadcrumbList","@id":"https:\/\/institutos.ufrrj.br\/if\/acessibilidade-no-if\/#breadcrumb","itemListElement":[{"@type":"ListItem","position":1,"name":"In\u00edcio","item":"https:\/\/institutos.ufrrj.br\/if\/"},{"@type":"ListItem","position":2,"name":"Acessibilidade no IF"}]},{"@type":"WebSite","@id":"https:\/\/institutos.ufrrj.br\/if\/#website","url":"https:\/\/institutos.ufrrj.br\/if\/","name":"IF - Instituto de Floresta","description":"Instituto de Florestas","potentialAction":[{"@type":"SearchAction","target":{"@type":"EntryPoint","urlTemplate":"https:\/\/institutos.ufrrj.br\/if\/?s={search_term_string}"},"query-input":{"@type":"PropertyValueSpecification","valueRequired":true,"valueName":"search_term_string"}}],"inLanguage":"pt-BR"}]}},"_links":{"self":[{"href":"https:\/\/institutos.ufrrj.br\/if\/wp-json\/wp\/v2\/pages\/4515","targetHints":{"allow":["GET"]}}],"collection":[{"href":"https:\/\/institutos.ufrrj.br\/if\/wp-json\/wp\/v2\/pages"}],"about":[{"href":"https:\/\/institutos.ufrrj.br\/if\/wp-json\/wp\/v2\/types\/page"}],"author":[{"embeddable":true,"href":"https:\/\/institutos.ufrrj.br\/if\/wp-json\/wp\/v2\/users\/8"}],"replies":[{"embeddable":true,"href":"https:\/\/institutos.ufrrj.br\/if\/wp-json\/wp\/v2\/comments?post=4515"}],"version-history":[{"count":3,"href":"https:\/\/institutos.ufrrj.br\/if\/wp-json\/wp\/v2\/pages\/4515\/revisions"}],"predecessor-version":[{"id":4641,"href":"https:\/\/institutos.ufrrj.br\/if\/wp-json\/wp\/v2\/pages\/4515\/revisions\/4641"}],"wp:attachment":[{"href":"https:\/\/institutos.ufrrj.br\/if\/wp-json\/wp\/v2\/media?parent=4515"}],"curies":[{"name":"wp","href":"https:\/\/api.w.org\/{rel}","templated":true}]}}