{"id":82,"date":"2014-12-01T18:27:46","date_gmt":"2014-12-01T18:27:46","guid":{"rendered":"http:\/\/institutos.ufrrj.br\/if\/?page_id=82"},"modified":"2025-09-08T17:02:08","modified_gmt":"2025-09-08T17:02:08","slug":"diretoria","status":"publish","type":"page","link":"https:\/\/institutos.ufrrj.br\/if\/diretoria\/","title":{"rendered":"Diretoria"},"content":{"rendered":"<h5 style=\"text-align: left\"><span style=\"color: #800000\">Diretor: Prof. Dr.&nbsp;Roberto Carlos Costa Lelis<\/span><\/h5>\n<p><a href=\"http:\/\/institutos.ufrrj.br\/if\/wp-content\/uploads\/sites\/5\/2021\/09\/Roberto-lelis.jpg\"><img loading=\"lazy\" decoding=\"async\" class=\"alignnone wp-image-4005 size-thumbnail\" src=\"http:\/\/institutos.ufrrj.br\/if\/wp-content\/uploads\/sites\/5\/2021\/09\/Roberto-lelis-150x150.jpg\" alt=\"\" width=\"150\" height=\"150\" srcset=\"https:\/\/institutos.ufrrj.br\/if\/wp-content\/uploads\/sites\/5\/2021\/09\/Roberto-lelis-150x150.jpg 150w, https:\/\/institutos.ufrrj.br\/if\/wp-content\/uploads\/sites\/5\/2021\/09\/Roberto-lelis-300x300.jpg 300w, https:\/\/institutos.ufrrj.br\/if\/wp-content\/uploads\/sites\/5\/2021\/09\/Roberto-lelis-768x768.jpg 768w, https:\/\/institutos.ufrrj.br\/if\/wp-content\/uploads\/sites\/5\/2021\/09\/Roberto-lelis-1024x1024.jpg 1024w, https:\/\/institutos.ufrrj.br\/if\/wp-content\/uploads\/sites\/5\/2021\/09\/Roberto-lelis-75x75.jpg 75w, https:\/\/institutos.ufrrj.br\/if\/wp-content\/uploads\/sites\/5\/2021\/09\/Roberto-lelis-100x100.jpg 100w, https:\/\/institutos.ufrrj.br\/if\/wp-content\/uploads\/sites\/5\/2021\/09\/Roberto-lelis.jpg 1280w\" sizes=\"auto, (max-width: 150px) 100vw, 150px\" \/><\/a><\/p>\n<p>Possui gradua\u00e7\u00e3o em Engenharia Florestal pela Universidade Federal de Vi\u00e7osa (1988), mestrado em Ci\u00eancia Florestal dos Tr\u00f3picos e Subtr\u00f3picos &#8211; Universitaet Goettingen &#8211; Alemanha (1992) e doutorado em Ci\u00eancia Florestal &#8211; Universitaet Goettingen &#8211; Alemanha (1995). Atualmente, \u00e9 Professor Titular da Universidade Federal Rural do Rio de Janeiro. Tem experi\u00eancia na \u00e1rea de Recursos Florestais e Engenharia Florestal, com \u00eanfase em Tecnologia de Produtos Reconstitu\u00eddos de madeira e de res\u00edduos vegetais, Aproveitamento de res\u00edduos, Qu\u00edmica de Produtos Naturais e Biotecnologia de Plantas Lenhosas. Participou de avalia\u00e7\u00f5es trienais de Programas\/Cursos da \u00e1rea de Ci\u00eancias Agr\u00e1rias I na CAPES e de 2007 a 2013 participou na CAPES em comiss\u00f5es de avalia\u00e7\u00e3o e acompanhamento de projetos como PRODOC, PROCAD, PNPD, Pr\u00f3-equipamento, DINTER e MINTER e tamb\u00e9m na avalia\u00e7\u00e3o de novas propostas de Programas de P\u00f3s-gradua\u00e7\u00e3o (APCN). Atualmente, \u00e9 consultor da CAPES e colabora com o Servi\u00e7o Alem\u00e3o de Interc\u00e2mbio Acad\u00eamico (DAAD) na sele\u00e7\u00e3o de bolsistas para a Alemanha. Foi coordenador do Programa de P\u00f3s-gradua\u00e7\u00e3o em Ci\u00eancias Ambientais e Florestais da UFRRJ de 2003 \u00e0 2011, Vice-Diretor do Instituto de Florestas da UFRRJ em 2012, Pr\u00f3-Reitor de Pesquisa e P\u00f3s-Gradua\u00e7\u00e3o da UFRRJ de 2013 a 2016 e Pr\u00f3-Reitor de Extens\u00e3o da UFRRJ de 2017 a 2021.<\/p>\n<hr>\n<h5 style=\"text-align: left\"><span style=\"color: #800000\">Vice-diretor: Prof. Dr. Eduardo Vinicius da Silva<\/span><\/h5>\n<p><a href=\"https:\/\/institutos.ufrrj.br\/if\/wp-content\/uploads\/sites\/5\/2019\/01\/Eduardo-Vinicius-da-Silva.jpg\"><img loading=\"lazy\" decoding=\"async\" class=\"alignnone wp-image-4506\" src=\"https:\/\/institutos.ufrrj.br\/if\/wp-content\/uploads\/sites\/5\/2019\/01\/Eduardo-Vinicius-da-Silva-200x300.jpg\" alt=\"\" width=\"130\" height=\"195\" srcset=\"https:\/\/institutos.ufrrj.br\/if\/wp-content\/uploads\/sites\/5\/2019\/01\/Eduardo-Vinicius-da-Silva-200x300.jpg 200w, https:\/\/institutos.ufrrj.br\/if\/wp-content\/uploads\/sites\/5\/2019\/01\/Eduardo-Vinicius-da-Silva-683x1024.jpg 683w, https:\/\/institutos.ufrrj.br\/if\/wp-content\/uploads\/sites\/5\/2019\/01\/Eduardo-Vinicius-da-Silva-768x1152.jpg 768w, https:\/\/institutos.ufrrj.br\/if\/wp-content\/uploads\/sites\/5\/2019\/01\/Eduardo-Vinicius-da-Silva.jpg 1000w\" sizes=\"auto, (max-width: 130px) 100vw, 130px\" \/><\/a><\/p>\n<p>Engenheiro Florestal pela Escola Superior de Agricultura Luiz de Queiroz(ESALQ\/USP) (2005), concluiu o Doutorado em Recursos Florestais (Silvicultura e Manejo Florestal) pela Escola Superior de Agricultura Luiz de Queiroz (ESALQ\/USP) em 2011. Realizou est\u00e1gio de Doutorado Sandu\u00edche na Unit\u00e9 Mixte de Recherche \u00c9cologie Fonctionnelle et Biog\u00e9ochimie des Sols et Agrosyst\u00e8mes (UMR EcoSols Montpellier\/Fran\u00e7a) entre 2009 e 2010. Desenvolveu trabalhos na \u00e1rea de Certifica\u00e7\u00e3o Florestal pelo Instituto de Manejo e Certifica\u00e7\u00e3o Florestal e Agr\u00edcola (IMAFLORA). Atualmente \u00e9 professor Associado III da Universidade Federal Rural do Rio de Janeiro (UFRRJ) \/ Instituto de Florestas \/ Departamento de Silvicultura. De dezembro de 2012 at\u00e9 dezembro de 2014 foi Vice Coordenador do Curso de Engenharia Florestal. A partir de janeiro de 2015 at\u00e9 maio de 2018 foi Coordenador do Curso de Engenharia Florestal. Docente permanente do Programa de P\u00f3s-Gradua\u00e7\u00e3o em Ci\u00eancias Ambientais e Florestais ministrando as disciplinas de Sistemas de Agroflorestais e Nutri\u00e7\u00e3o e Fertiliza\u00e7\u00e3o Florestal. Tem experi\u00eancia na \u00e1rea de Certifica\u00e7\u00e3o Florestal, Silvicultura Florestal, Sistemas Agroflorestais e Solos Florestais, com \u00eanfase em fertilidade do solo e ciclagem de nutrientes.<\/p>\n<hr>\n<h5 style=\"text-align: left\"><span style=\"color: #800000\">Secretaria administrativa do IF:<\/span><\/h5>\n<p style=\"text-align: left\">Cleide Silva de Souza<\/p>\n<p>E-mail: iflorestas@ufrrj.br<\/p>\n<p>Tel. (21) 2681-4989<\/p>\n<p>Consulte a agenda do Diretor do IF, <span style=\"color: #0000ff\"><strong><a style=\"color: #0000ff\" href=\"https:\/\/calendar.google.com\/calendar\/embed?src=c_i29iktnefaninb9t6fsqoemh4k%40group.calendar.google.com&amp;ctz=America%2FSao_Paulo\" target=\"_blank\" rel=\"noopener\">clicando aqui.<\/a><\/strong><\/span><\/p>\n<hr>\n<p style=\"text-align: left\">&nbsp;<\/p>\n","protected":false},"excerpt":{"rendered":"<p>Diretor: Prof. Dr.&nbsp;Roberto Carlos Costa Lelis Possui gradua\u00e7\u00e3o em Engenharia Florestal pela Universidade Federal de Vi\u00e7osa (1988), mestrado em Ci\u00eancia Florestal dos [&hellip;]<\/p>\n","protected":false},"author":8,"featured_media":0,"parent":0,"menu_order":0,"comment_status":"open","ping_status":"open","template":"","meta":{"_acf_changed":false,"ngg_post_thumbnail":0,"_themeisle_gutenberg_block_has_review":false,"footnotes":"","_links_to":"","_links_to_target":""},"class_list":["post-82","page","type-page","status-publish","hentry"],"acf":[],"yoast_head":"<!-- This site is optimized with the Yoast SEO plugin v26.8 - https:\/\/yoast.com\/product\/yoast-seo-wordpress\/ -->\n<title>Diretoria - IF<\/title>\n<meta name=\"robots\" content=\"index, follow, max-snippet:-1, max-image-preview:large, max-video-preview:-1\" \/>\n<link rel=\"canonical\" href=\"https:\/\/institutos.ufrrj.br\/if\/diretoria\/\" \/>\n<meta property=\"og:locale\" content=\"pt_BR\" \/>\n<meta property=\"og:type\" content=\"article\" \/>\n<meta property=\"og:title\" content=\"Diretoria - IF\" \/>\n<meta property=\"og:description\" content=\"Diretor: Prof. Dr.&nbsp;Roberto Carlos Costa Lelis Possui gradua\u00e7\u00e3o em Engenharia Florestal pela Universidade Federal de Vi\u00e7osa (1988), mestrado em Ci\u00eancia Florestal dos [&hellip;]\" \/>\n<meta property=\"og:url\" content=\"https:\/\/institutos.ufrrj.br\/if\/diretoria\/\" \/>\n<meta property=\"og:site_name\" content=\"IF\" \/>\n<meta property=\"article:modified_time\" content=\"2025-09-08T17:02:08+00:00\" \/>\n<meta property=\"og:image\" content=\"https:\/\/institutos.ufrrj.br\/if\/wp-content\/uploads\/sites\/5\/2021\/09\/Roberto-lelis.jpg\" \/>\n\t<meta property=\"og:image:width\" content=\"1280\" \/>\n\t<meta property=\"og:image:height\" content=\"1280\" \/>\n\t<meta property=\"og:image:type\" content=\"image\/jpeg\" \/>\n<meta name=\"twitter:card\" content=\"summary_large_image\" \/>\n<meta name=\"twitter:label1\" content=\"Est. tempo de leitura\" \/>\n\t<meta name=\"twitter:data1\" content=\"2 minutos\" \/>\n<script type=\"application\/ld+json\" class=\"yoast-schema-graph\">{\"@context\":\"https:\/\/schema.org\",\"@graph\":[{\"@type\":\"WebPage\",\"@id\":\"https:\/\/institutos.ufrrj.br\/if\/diretoria\/\",\"url\":\"https:\/\/institutos.ufrrj.br\/if\/diretoria\/\",\"name\":\"Diretoria - IF\",\"isPartOf\":{\"@id\":\"https:\/\/institutos.ufrrj.br\/if\/#website\"},\"primaryImageOfPage\":{\"@id\":\"https:\/\/institutos.ufrrj.br\/if\/diretoria\/#primaryimage\"},\"image\":{\"@id\":\"https:\/\/institutos.ufrrj.br\/if\/diretoria\/#primaryimage\"},\"thumbnailUrl\":\"http:\/\/institutos.ufrrj.br\/if\/wp-content\/uploads\/sites\/5\/2021\/09\/Roberto-lelis-150x150.jpg\",\"datePublished\":\"2014-12-01T18:27:46+00:00\",\"dateModified\":\"2025-09-08T17:02:08+00:00\",\"breadcrumb\":{\"@id\":\"https:\/\/institutos.ufrrj.br\/if\/diretoria\/#breadcrumb\"},\"inLanguage\":\"pt-BR\",\"potentialAction\":[{\"@type\":\"ReadAction\",\"target\":[\"https:\/\/institutos.ufrrj.br\/if\/diretoria\/\"]}]},{\"@type\":\"ImageObject\",\"inLanguage\":\"pt-BR\",\"@id\":\"https:\/\/institutos.ufrrj.br\/if\/diretoria\/#primaryimage\",\"url\":\"https:\/\/institutos.ufrrj.br\/if\/wp-content\/uploads\/sites\/5\/2021\/09\/Roberto-lelis.jpg\",\"contentUrl\":\"https:\/\/institutos.ufrrj.br\/if\/wp-content\/uploads\/sites\/5\/2021\/09\/Roberto-lelis.jpg\",\"width\":1280,\"height\":1280},{\"@type\":\"BreadcrumbList\",\"@id\":\"https:\/\/institutos.ufrrj.br\/if\/diretoria\/#breadcrumb\",\"itemListElement\":[{\"@type\":\"ListItem\",\"position\":1,\"name\":\"In\u00edcio\",\"item\":\"https:\/\/institutos.ufrrj.br\/if\/\"},{\"@type\":\"ListItem\",\"position\":2,\"name\":\"Diretoria\"}]},{\"@type\":\"WebSite\",\"@id\":\"https:\/\/institutos.ufrrj.br\/if\/#website\",\"url\":\"https:\/\/institutos.ufrrj.br\/if\/\",\"name\":\"IF - Instituto de Floresta\",\"description\":\"Instituto de Florestas\",\"potentialAction\":[{\"@type\":\"SearchAction\",\"target\":{\"@type\":\"EntryPoint\",\"urlTemplate\":\"https:\/\/institutos.ufrrj.br\/if\/?s={search_term_string}\"},\"query-input\":{\"@type\":\"PropertyValueSpecification\",\"valueRequired\":true,\"valueName\":\"search_term_string\"}}],\"inLanguage\":\"pt-BR\"}]}<\/script>\n<!-- \/ Yoast SEO plugin. -->","yoast_head_json":{"title":"Diretoria - IF","robots":{"index":"index","follow":"follow","max-snippet":"max-snippet:-1","max-image-preview":"max-image-preview:large","max-video-preview":"max-video-preview:-1"},"canonical":"https:\/\/institutos.ufrrj.br\/if\/diretoria\/","og_locale":"pt_BR","og_type":"article","og_title":"Diretoria - IF","og_description":"Diretor: Prof. Dr.&nbsp;Roberto Carlos Costa Lelis Possui gradua\u00e7\u00e3o em Engenharia Florestal pela Universidade Federal de Vi\u00e7osa (1988), mestrado em Ci\u00eancia Florestal dos [&hellip;]","og_url":"https:\/\/institutos.ufrrj.br\/if\/diretoria\/","og_site_name":"IF","article_modified_time":"2025-09-08T17:02:08+00:00","og_image":[{"width":1280,"height":1280,"url":"https:\/\/institutos.ufrrj.br\/if\/wp-content\/uploads\/sites\/5\/2021\/09\/Roberto-lelis.jpg","type":"image\/jpeg"}],"twitter_card":"summary_large_image","twitter_misc":{"Est. tempo de leitura":"2 minutos"},"schema":{"@context":"https:\/\/schema.org","@graph":[{"@type":"WebPage","@id":"https:\/\/institutos.ufrrj.br\/if\/diretoria\/","url":"https:\/\/institutos.ufrrj.br\/if\/diretoria\/","name":"Diretoria - IF","isPartOf":{"@id":"https:\/\/institutos.ufrrj.br\/if\/#website"},"primaryImageOfPage":{"@id":"https:\/\/institutos.ufrrj.br\/if\/diretoria\/#primaryimage"},"image":{"@id":"https:\/\/institutos.ufrrj.br\/if\/diretoria\/#primaryimage"},"thumbnailUrl":"http:\/\/institutos.ufrrj.br\/if\/wp-content\/uploads\/sites\/5\/2021\/09\/Roberto-lelis-150x150.jpg","datePublished":"2014-12-01T18:27:46+00:00","dateModified":"2025-09-08T17:02:08+00:00","breadcrumb":{"@id":"https:\/\/institutos.ufrrj.br\/if\/diretoria\/#breadcrumb"},"inLanguage":"pt-BR","potentialAction":[{"@type":"ReadAction","target":["https:\/\/institutos.ufrrj.br\/if\/diretoria\/"]}]},{"@type":"ImageObject","inLanguage":"pt-BR","@id":"https:\/\/institutos.ufrrj.br\/if\/diretoria\/#primaryimage","url":"https:\/\/institutos.ufrrj.br\/if\/wp-content\/uploads\/sites\/5\/2021\/09\/Roberto-lelis.jpg","contentUrl":"https:\/\/institutos.ufrrj.br\/if\/wp-content\/uploads\/sites\/5\/2021\/09\/Roberto-lelis.jpg","width":1280,"height":1280},{"@type":"BreadcrumbList","@id":"https:\/\/institutos.ufrrj.br\/if\/diretoria\/#breadcrumb","itemListElement":[{"@type":"ListItem","position":1,"name":"In\u00edcio","item":"https:\/\/institutos.ufrrj.br\/if\/"},{"@type":"ListItem","position":2,"name":"Diretoria"}]},{"@type":"WebSite","@id":"https:\/\/institutos.ufrrj.br\/if\/#website","url":"https:\/\/institutos.ufrrj.br\/if\/","name":"IF - Instituto de Floresta","description":"Instituto de Florestas","potentialAction":[{"@type":"SearchAction","target":{"@type":"EntryPoint","urlTemplate":"https:\/\/institutos.ufrrj.br\/if\/?s={search_term_string}"},"query-input":{"@type":"PropertyValueSpecification","valueRequired":true,"valueName":"search_term_string"}}],"inLanguage":"pt-BR"}]}},"_links":{"self":[{"href":"https:\/\/institutos.ufrrj.br\/if\/wp-json\/wp\/v2\/pages\/82","targetHints":{"allow":["GET"]}}],"collection":[{"href":"https:\/\/institutos.ufrrj.br\/if\/wp-json\/wp\/v2\/pages"}],"about":[{"href":"https:\/\/institutos.ufrrj.br\/if\/wp-json\/wp\/v2\/types\/page"}],"author":[{"embeddable":true,"href":"https:\/\/institutos.ufrrj.br\/if\/wp-json\/wp\/v2\/users\/8"}],"replies":[{"embeddable":true,"href":"https:\/\/institutos.ufrrj.br\/if\/wp-json\/wp\/v2\/comments?post=82"}],"version-history":[{"count":24,"href":"https:\/\/institutos.ufrrj.br\/if\/wp-json\/wp\/v2\/pages\/82\/revisions"}],"predecessor-version":[{"id":4508,"href":"https:\/\/institutos.ufrrj.br\/if\/wp-json\/wp\/v2\/pages\/82\/revisions\/4508"}],"wp:attachment":[{"href":"https:\/\/institutos.ufrrj.br\/if\/wp-json\/wp\/v2\/media?parent=82"}],"curies":[{"name":"wp","href":"https:\/\/api.w.org\/{rel}","templated":true}]}}