{"id":84,"date":"2014-12-01T18:28:26","date_gmt":"2014-12-01T18:28:26","guid":{"rendered":"http:\/\/institutos.ufrrj.br\/if\/?page_id=84"},"modified":"2021-07-29T20:05:51","modified_gmt":"2021-07-29T20:05:51","slug":"coordenacao-do-curso","status":"publish","type":"page","link":"https:\/\/institutos.ufrrj.br\/if\/coordenacao-do-curso\/","title":{"rendered":"Coordena\u00e7\u00e3o do Curso"},"content":{"rendered":"<h2 style=\"text-align: center\">Coordena\u00e7\u00e3o do Curso de Gradua\u00e7\u00e3o em Engenharia Florestal<\/h2>\n<p style=\"text-align: center\">&nbsp;<\/p>\n<p style=\"text-align: center\"><span style=\"color: #008000\"><strong>Coordenador:<\/strong><\/span><\/p>\n<p><a href=\"http:\/\/institutos.ufrrj.br\/if\/wp-content\/uploads\/sites\/5\/2018\/11\/Emanuel-Coordenador.jpg\"><img loading=\"lazy\" decoding=\"async\" class=\"alignnone wp-image-3147 aligncenter\" src=\"http:\/\/institutos.ufrrj.br\/if\/wp-content\/uploads\/sites\/5\/2018\/11\/Emanuel-Coordenador-225x300.jpg\" alt=\"\" width=\"117\" height=\"156\" srcset=\"https:\/\/institutos.ufrrj.br\/if\/wp-content\/uploads\/sites\/5\/2018\/11\/Emanuel-Coordenador-225x300.jpg 225w, https:\/\/institutos.ufrrj.br\/if\/wp-content\/uploads\/sites\/5\/2018\/11\/Emanuel-Coordenador-768x1023.jpg 768w, https:\/\/institutos.ufrrj.br\/if\/wp-content\/uploads\/sites\/5\/2018\/11\/Emanuel-Coordenador-769x1024.jpg 769w, https:\/\/institutos.ufrrj.br\/if\/wp-content\/uploads\/sites\/5\/2018\/11\/Emanuel-Coordenador-75x100.jpg 75w, https:\/\/institutos.ufrrj.br\/if\/wp-content\/uploads\/sites\/5\/2018\/11\/Emanuel-Coordenador.jpg 1405w\" sizes=\"auto, (max-width: 117px) 100vw, 117px\" \/><\/a><\/p>\n<p style=\"text-align: center\">Prof. Emanuel Jos\u00e9 Gomes de Ara\u00fajo<\/p>\n<p style=\"text-align: center\">E-mail: <a href=\"mailto:ejgaraujo@gmail.com\">ejgaraujo@gmail.com<\/a>&nbsp;ou emanuelaraujo@ufrrj.br<\/p>\n<hr>\n<p style=\"text-align: center\"><span style=\"color: #008000\"><strong>Vice-Coordenadora:<\/strong><\/span><\/p>\n<p style=\"text-align: center\"><a href=\"http:\/\/institutos.ufrrj.br\/if\/wp-content\/uploads\/sites\/5\/2018\/11\/Natalia-Vice-coordenadora.png\"><img loading=\"lazy\" decoding=\"async\" class=\"alignnone wp-image-3149\" src=\"http:\/\/institutos.ufrrj.br\/if\/wp-content\/uploads\/sites\/5\/2018\/11\/Natalia-Vice-coordenadora.png\" alt=\"\" width=\"133\" height=\"133\" srcset=\"https:\/\/institutos.ufrrj.br\/if\/wp-content\/uploads\/sites\/5\/2018\/11\/Natalia-Vice-coordenadora.png 170w, https:\/\/institutos.ufrrj.br\/if\/wp-content\/uploads\/sites\/5\/2018\/11\/Natalia-Vice-coordenadora-150x150.png 150w, https:\/\/institutos.ufrrj.br\/if\/wp-content\/uploads\/sites\/5\/2018\/11\/Natalia-Vice-coordenadora-100x100.png 100w\" sizes=\"auto, (max-width: 133px) 100vw, 133px\" \/><\/a><\/p>\n<p style=\"text-align: center\">Prof.\u00aa&nbsp;Nat\u00e1lia Dias de Souza<\/p>\n<p style=\"text-align: center\">E-mail:&nbsp;natdias@ufrrj.br<\/p>\n<hr>\n<p style=\"text-align: center\"><span style=\"color: #008000\"><strong>Secretaria:<\/strong><\/span><\/p>\n<p style=\"text-align: center\">T\u00e9cnico administrativo Andr\u00e9 Xavier do Amaral<\/p>\n<p style=\"text-align: center\">E-mail: ccgef@ufrrj.br<\/p>\n<p style=\"text-align: center\">Tel. (21) 2681-4983<\/p>\n<p style=\"text-align: center\">&nbsp;<\/p>\n<p style=\"text-align: center\">Universidade Federal Rural do Rio de Janeiro<\/p>\n<p style=\"text-align: center\">Instituto de Florestas<\/p>\n<p style=\"text-align: center\">Coordena\u00e7\u00e3o do Curso de Gradua\u00e7\u00e3o em Engenharia Florestal<\/p>\n<p style=\"text-align: center\">Rodovia BR 465, Km 07<\/p>\n<p style=\"text-align: center\">CEP 23890-000 Serop\u00e9dica-RJ, BRASIL<\/p>\n<p>&nbsp;<\/p>\n<hr>\n<p style=\"text-align: center\">&nbsp;<\/p>\n","protected":false},"excerpt":{"rendered":"<p>Coordena\u00e7\u00e3o do Curso de Gradua\u00e7\u00e3o em Engenharia Florestal &nbsp; Coordenador: Prof. Emanuel Jos\u00e9 Gomes de Ara\u00fajo E-mail: ejgaraujo@gmail.com&nbsp;ou emanuelaraujo@ufrrj.br Vice-Coordenadora: Prof.\u00aa&nbsp;Nat\u00e1lia Dias [&hellip;]<\/p>\n","protected":false},"author":8,"featured_media":0,"parent":0,"menu_order":0,"comment_status":"open","ping_status":"open","template":"","meta":{"_acf_changed":false,"ngg_post_thumbnail":0,"_themeisle_gutenberg_block_has_review":false,"footnotes":"","_links_to":"","_links_to_target":""},"class_list":["post-84","page","type-page","status-publish","hentry"],"acf":[],"yoast_head":"<!-- This site is optimized with the Yoast SEO plugin v26.8 - https:\/\/yoast.com\/product\/yoast-seo-wordpress\/ -->\n<title>Coordena\u00e7\u00e3o do Curso - IF<\/title>\n<meta name=\"robots\" content=\"index, follow, max-snippet:-1, max-image-preview:large, max-video-preview:-1\" \/>\n<link rel=\"canonical\" href=\"https:\/\/institutos.ufrrj.br\/if\/coordenacao-do-curso\/\" \/>\n<meta property=\"og:locale\" content=\"pt_BR\" \/>\n<meta property=\"og:type\" content=\"article\" \/>\n<meta property=\"og:title\" content=\"Coordena\u00e7\u00e3o do Curso - IF\" \/>\n<meta property=\"og:description\" content=\"Coordena\u00e7\u00e3o do Curso de Gradua\u00e7\u00e3o em Engenharia Florestal &nbsp; Coordenador: Prof. Emanuel Jos\u00e9 Gomes de Ara\u00fajo E-mail: ejgaraujo@gmail.com&nbsp;ou emanuelaraujo@ufrrj.br Vice-Coordenadora: Prof.\u00aa&nbsp;Nat\u00e1lia Dias [&hellip;]\" \/>\n<meta property=\"og:url\" content=\"https:\/\/institutos.ufrrj.br\/if\/coordenacao-do-curso\/\" \/>\n<meta property=\"og:site_name\" content=\"IF\" \/>\n<meta property=\"article:modified_time\" content=\"2021-07-29T20:05:51+00:00\" \/>\n<meta property=\"og:image\" content=\"https:\/\/institutos.ufrrj.br\/if\/wp-content\/uploads\/sites\/5\/2018\/11\/Emanuel-Coordenador.jpg\" \/>\n\t<meta property=\"og:image:width\" content=\"1405\" \/>\n\t<meta property=\"og:image:height\" content=\"1872\" \/>\n\t<meta property=\"og:image:type\" content=\"image\/jpeg\" \/>\n<meta name=\"twitter:card\" content=\"summary_large_image\" \/>\n<script type=\"application\/ld+json\" class=\"yoast-schema-graph\">{\"@context\":\"https:\/\/schema.org\",\"@graph\":[{\"@type\":\"WebPage\",\"@id\":\"https:\/\/institutos.ufrrj.br\/if\/coordenacao-do-curso\/\",\"url\":\"https:\/\/institutos.ufrrj.br\/if\/coordenacao-do-curso\/\",\"name\":\"Coordena\u00e7\u00e3o do Curso - IF\",\"isPartOf\":{\"@id\":\"https:\/\/institutos.ufrrj.br\/if\/#website\"},\"primaryImageOfPage\":{\"@id\":\"https:\/\/institutos.ufrrj.br\/if\/coordenacao-do-curso\/#primaryimage\"},\"image\":{\"@id\":\"https:\/\/institutos.ufrrj.br\/if\/coordenacao-do-curso\/#primaryimage\"},\"thumbnailUrl\":\"http:\/\/institutos.ufrrj.br\/if\/wp-content\/uploads\/sites\/5\/2018\/11\/Emanuel-Coordenador-225x300.jpg\",\"datePublished\":\"2014-12-01T18:28:26+00:00\",\"dateModified\":\"2021-07-29T20:05:51+00:00\",\"breadcrumb\":{\"@id\":\"https:\/\/institutos.ufrrj.br\/if\/coordenacao-do-curso\/#breadcrumb\"},\"inLanguage\":\"pt-BR\",\"potentialAction\":[{\"@type\":\"ReadAction\",\"target\":[\"https:\/\/institutos.ufrrj.br\/if\/coordenacao-do-curso\/\"]}]},{\"@type\":\"ImageObject\",\"inLanguage\":\"pt-BR\",\"@id\":\"https:\/\/institutos.ufrrj.br\/if\/coordenacao-do-curso\/#primaryimage\",\"url\":\"https:\/\/institutos.ufrrj.br\/if\/wp-content\/uploads\/sites\/5\/2018\/11\/Emanuel-Coordenador.jpg\",\"contentUrl\":\"https:\/\/institutos.ufrrj.br\/if\/wp-content\/uploads\/sites\/5\/2018\/11\/Emanuel-Coordenador.jpg\",\"width\":1405,\"height\":1872},{\"@type\":\"BreadcrumbList\",\"@id\":\"https:\/\/institutos.ufrrj.br\/if\/coordenacao-do-curso\/#breadcrumb\",\"itemListElement\":[{\"@type\":\"ListItem\",\"position\":1,\"name\":\"In\u00edcio\",\"item\":\"https:\/\/institutos.ufrrj.br\/if\/\"},{\"@type\":\"ListItem\",\"position\":2,\"name\":\"Coordena\u00e7\u00e3o do Curso\"}]},{\"@type\":\"WebSite\",\"@id\":\"https:\/\/institutos.ufrrj.br\/if\/#website\",\"url\":\"https:\/\/institutos.ufrrj.br\/if\/\",\"name\":\"IF - Instituto de Floresta\",\"description\":\"Instituto de Florestas\",\"potentialAction\":[{\"@type\":\"SearchAction\",\"target\":{\"@type\":\"EntryPoint\",\"urlTemplate\":\"https:\/\/institutos.ufrrj.br\/if\/?s={search_term_string}\"},\"query-input\":{\"@type\":\"PropertyValueSpecification\",\"valueRequired\":true,\"valueName\":\"search_term_string\"}}],\"inLanguage\":\"pt-BR\"}]}<\/script>\n<!-- \/ Yoast SEO plugin. -->","yoast_head_json":{"title":"Coordena\u00e7\u00e3o do Curso - IF","robots":{"index":"index","follow":"follow","max-snippet":"max-snippet:-1","max-image-preview":"max-image-preview:large","max-video-preview":"max-video-preview:-1"},"canonical":"https:\/\/institutos.ufrrj.br\/if\/coordenacao-do-curso\/","og_locale":"pt_BR","og_type":"article","og_title":"Coordena\u00e7\u00e3o do Curso - IF","og_description":"Coordena\u00e7\u00e3o do Curso de Gradua\u00e7\u00e3o em Engenharia Florestal &nbsp; Coordenador: Prof. Emanuel Jos\u00e9 Gomes de Ara\u00fajo E-mail: ejgaraujo@gmail.com&nbsp;ou emanuelaraujo@ufrrj.br Vice-Coordenadora: Prof.\u00aa&nbsp;Nat\u00e1lia Dias [&hellip;]","og_url":"https:\/\/institutos.ufrrj.br\/if\/coordenacao-do-curso\/","og_site_name":"IF","article_modified_time":"2021-07-29T20:05:51+00:00","og_image":[{"width":1405,"height":1872,"url":"https:\/\/institutos.ufrrj.br\/if\/wp-content\/uploads\/sites\/5\/2018\/11\/Emanuel-Coordenador.jpg","type":"image\/jpeg"}],"twitter_card":"summary_large_image","schema":{"@context":"https:\/\/schema.org","@graph":[{"@type":"WebPage","@id":"https:\/\/institutos.ufrrj.br\/if\/coordenacao-do-curso\/","url":"https:\/\/institutos.ufrrj.br\/if\/coordenacao-do-curso\/","name":"Coordena\u00e7\u00e3o do Curso - IF","isPartOf":{"@id":"https:\/\/institutos.ufrrj.br\/if\/#website"},"primaryImageOfPage":{"@id":"https:\/\/institutos.ufrrj.br\/if\/coordenacao-do-curso\/#primaryimage"},"image":{"@id":"https:\/\/institutos.ufrrj.br\/if\/coordenacao-do-curso\/#primaryimage"},"thumbnailUrl":"http:\/\/institutos.ufrrj.br\/if\/wp-content\/uploads\/sites\/5\/2018\/11\/Emanuel-Coordenador-225x300.jpg","datePublished":"2014-12-01T18:28:26+00:00","dateModified":"2021-07-29T20:05:51+00:00","breadcrumb":{"@id":"https:\/\/institutos.ufrrj.br\/if\/coordenacao-do-curso\/#breadcrumb"},"inLanguage":"pt-BR","potentialAction":[{"@type":"ReadAction","target":["https:\/\/institutos.ufrrj.br\/if\/coordenacao-do-curso\/"]}]},{"@type":"ImageObject","inLanguage":"pt-BR","@id":"https:\/\/institutos.ufrrj.br\/if\/coordenacao-do-curso\/#primaryimage","url":"https:\/\/institutos.ufrrj.br\/if\/wp-content\/uploads\/sites\/5\/2018\/11\/Emanuel-Coordenador.jpg","contentUrl":"https:\/\/institutos.ufrrj.br\/if\/wp-content\/uploads\/sites\/5\/2018\/11\/Emanuel-Coordenador.jpg","width":1405,"height":1872},{"@type":"BreadcrumbList","@id":"https:\/\/institutos.ufrrj.br\/if\/coordenacao-do-curso\/#breadcrumb","itemListElement":[{"@type":"ListItem","position":1,"name":"In\u00edcio","item":"https:\/\/institutos.ufrrj.br\/if\/"},{"@type":"ListItem","position":2,"name":"Coordena\u00e7\u00e3o do Curso"}]},{"@type":"WebSite","@id":"https:\/\/institutos.ufrrj.br\/if\/#website","url":"https:\/\/institutos.ufrrj.br\/if\/","name":"IF - Instituto de Floresta","description":"Instituto de Florestas","potentialAction":[{"@type":"SearchAction","target":{"@type":"EntryPoint","urlTemplate":"https:\/\/institutos.ufrrj.br\/if\/?s={search_term_string}"},"query-input":{"@type":"PropertyValueSpecification","valueRequired":true,"valueName":"search_term_string"}}],"inLanguage":"pt-BR"}]}},"_links":{"self":[{"href":"https:\/\/institutos.ufrrj.br\/if\/wp-json\/wp\/v2\/pages\/84","targetHints":{"allow":["GET"]}}],"collection":[{"href":"https:\/\/institutos.ufrrj.br\/if\/wp-json\/wp\/v2\/pages"}],"about":[{"href":"https:\/\/institutos.ufrrj.br\/if\/wp-json\/wp\/v2\/types\/page"}],"author":[{"embeddable":true,"href":"https:\/\/institutos.ufrrj.br\/if\/wp-json\/wp\/v2\/users\/8"}],"replies":[{"embeddable":true,"href":"https:\/\/institutos.ufrrj.br\/if\/wp-json\/wp\/v2\/comments?post=84"}],"version-history":[{"count":21,"href":"https:\/\/institutos.ufrrj.br\/if\/wp-json\/wp\/v2\/pages\/84\/revisions"}],"predecessor-version":[{"id":3993,"href":"https:\/\/institutos.ufrrj.br\/if\/wp-json\/wp\/v2\/pages\/84\/revisions\/3993"}],"wp:attachment":[{"href":"https:\/\/institutos.ufrrj.br\/if\/wp-json\/wp\/v2\/media?parent=84"}],"curies":[{"name":"wp","href":"https:\/\/api.w.org\/{rel}","templated":true}]}}