{"id":121,"date":"2018-09-10T18:19:36","date_gmt":"2018-09-10T21:19:36","guid":{"rendered":"http:\/\/institutos.ufrrj.br\/iq\/?page_id=121"},"modified":"2024-02-27T11:19:46","modified_gmt":"2024-02-27T14:19:46","slug":"dqf","status":"publish","type":"page","link":"https:\/\/institutos.ufrrj.br\/iq\/dqf\/","title":{"rendered":"Departamento de Qu\u00edmica Fundamental &#8211; DQF"},"content":{"rendered":"\n<p class=\"has-luminous-vivid-amber-to-luminous-vivid-orange-gradient-background has-background\"><strong><em>Chefe Departamento<\/em>: <\/strong>Clique <a href=\"https:\/\/sigaa.ufrrj.br\/sigaa\/public\/departamento\/portal.jsf?id=7872\" target=\"_blank\" rel=\"noreferrer noopener\">aqui <\/a>para acessar.<\/p>\n\n\n\n<p class=\"has-pale-ocean-gradient-background has-background\"><em><strong>Conhe\u00e7a o Corpo Docente do Departamento<\/strong><\/em>: Clicando <a href=\"https:\/\/sigaa.ufrrj.br\/sigaa\/public\/departamento\/professores.jsf?id=7872\" target=\"_blank\" rel=\"noreferrer noopener\">aqui<\/a>.<\/p>\n\n\n\n<p class=\"has-luminous-vivid-amber-to-luminous-vivid-orange-gradient-background has-background\"><strong><em>Conhe\u00e7a o Corpo T\u00e9cnicos do Departamento:<\/em><\/strong> Clicando <a href=\"https:\/\/sigaa.ufrrj.br\/sigaa\/public\/departamento\/administrativo.jsf?id=7872\" target=\"_blank\" rel=\"noreferrer noopener\">aqui<\/a>.<\/p>\n\n\n\n<p class=\"has-pale-ocean-gradient-background has-background\"><strong>Clique <a href=\"https:\/\/sigaa.ufrrj.br\/sigaa\/public\/departamento\/componentes.jsf?id=7872\" target=\"_blank\" rel=\"noreferrer noopener\">aqui <\/a><\/strong>para visualizar as ementas do Departamento.<\/p>\n\n\n\n<p class=\"has-luminous-vivid-amber-to-luminous-vivid-orange-gradient-background has-background\"><strong><em>Clique <\/em><\/strong><a href=\"https:\/\/sigaa.ufrrj.br\/sigaa\/public\/departamento\/pesquisa.jsf?id=7872\" target=\"_blank\" rel=\"noreferrer noopener\">aqui <\/a>para visualizar Projetos de Pesquisa do Departamento<\/p>\n","protected":false},"excerpt":{"rendered":"<p>Chefe Departamento: Clique aqui para acessar. Conhe\u00e7a o Corpo Docente do Departamento: Clicando aqui. Conhe\u00e7a o Corpo T\u00e9cnicos do Departamento: <a class=\"read-more\" href=\"https:\/\/institutos.ufrrj.br\/iq\/dqf\/ \" >&#8230; <span class=\"font-italic\">leia mais <span class=\"dashicons dashicons-arrow-right-alt2\"><\/span><\/a><\/p>\n","protected":false},"author":41,"featured_media":0,"parent":0,"menu_order":0,"comment_status":"closed","ping_status":"closed","template":"","meta":{"_acf_changed":false,"_themeisle_gutenberg_block_has_review":false,"footnotes":""},"class_list":["post-121","page","type-page","status-publish","hentry"],"acf":[],"yoast_head":"<!-- This site is optimized with the Yoast SEO plugin v26.8 - https:\/\/yoast.com\/product\/yoast-seo-wordpress\/ -->\n<title>Departamento de Qu\u00edmica Fundamental - DQF - Instituto de Quimica<\/title>\n<meta name=\"robots\" content=\"index, follow, max-snippet:-1, max-image-preview:large, max-video-preview:-1\" \/>\n<link rel=\"canonical\" href=\"https:\/\/institutos.ufrrj.br\/iq\/dqf\/\" \/>\n<meta property=\"og:locale\" content=\"pt_BR\" \/>\n<meta property=\"og:type\" content=\"article\" \/>\n<meta property=\"og:title\" content=\"Departamento de Qu\u00edmica Fundamental - DQF - Instituto de Quimica\" \/>\n<meta property=\"og:description\" content=\"Chefe Departamento: Clique aqui para acessar. Conhe\u00e7a o Corpo Docente do Departamento: Clicando aqui. Conhe\u00e7a o Corpo T\u00e9cnicos do Departamento: ... leia mais\" \/>\n<meta property=\"og:url\" content=\"https:\/\/institutos.ufrrj.br\/iq\/dqf\/\" \/>\n<meta property=\"og:site_name\" content=\"Instituto de Quimica\" \/>\n<meta property=\"article:modified_time\" content=\"2024-02-27T14:19:46+00:00\" \/>\n<meta name=\"twitter:card\" content=\"summary_large_image\" \/>\n<meta name=\"twitter:label1\" content=\"Est. tempo de leitura\" \/>\n\t<meta name=\"twitter:data1\" content=\"1 minuto\" \/>\n<script type=\"application\/ld+json\" class=\"yoast-schema-graph\">{\"@context\":\"https:\/\/schema.org\",\"@graph\":[{\"@type\":\"WebPage\",\"@id\":\"https:\/\/institutos.ufrrj.br\/iq\/dqf\/\",\"url\":\"https:\/\/institutos.ufrrj.br\/iq\/dqf\/\",\"name\":\"Departamento de Qu\u00edmica Fundamental - DQF - Instituto de Quimica\",\"isPartOf\":{\"@id\":\"https:\/\/institutos.ufrrj.br\/iq\/#website\"},\"datePublished\":\"2018-09-10T21:19:36+00:00\",\"dateModified\":\"2024-02-27T14:19:46+00:00\",\"breadcrumb\":{\"@id\":\"https:\/\/institutos.ufrrj.br\/iq\/dqf\/#breadcrumb\"},\"inLanguage\":\"pt-BR\",\"potentialAction\":[{\"@type\":\"ReadAction\",\"target\":[\"https:\/\/institutos.ufrrj.br\/iq\/dqf\/\"]}]},{\"@type\":\"BreadcrumbList\",\"@id\":\"https:\/\/institutos.ufrrj.br\/iq\/dqf\/#breadcrumb\",\"itemListElement\":[{\"@type\":\"ListItem\",\"position\":1,\"name\":\"In\u00edcio\",\"item\":\"https:\/\/institutos.ufrrj.br\/iq\/\"},{\"@type\":\"ListItem\",\"position\":2,\"name\":\"Departamento de Qu\u00edmica Fundamental &#8211; DQF\"}]},{\"@type\":\"WebSite\",\"@id\":\"https:\/\/institutos.ufrrj.br\/iq\/#website\",\"url\":\"https:\/\/institutos.ufrrj.br\/iq\/\",\"name\":\"Instituto de Quimica\",\"description\":\"Campus Serop\u00e9dica - UFRRJ\",\"potentialAction\":[{\"@type\":\"SearchAction\",\"target\":{\"@type\":\"EntryPoint\",\"urlTemplate\":\"https:\/\/institutos.ufrrj.br\/iq\/?s={search_term_string}\"},\"query-input\":{\"@type\":\"PropertyValueSpecification\",\"valueRequired\":true,\"valueName\":\"search_term_string\"}}],\"inLanguage\":\"pt-BR\"}]}<\/script>\n<!-- \/ Yoast SEO plugin. -->","yoast_head_json":{"title":"Departamento de Qu\u00edmica Fundamental - DQF - Instituto de Quimica","robots":{"index":"index","follow":"follow","max-snippet":"max-snippet:-1","max-image-preview":"max-image-preview:large","max-video-preview":"max-video-preview:-1"},"canonical":"https:\/\/institutos.ufrrj.br\/iq\/dqf\/","og_locale":"pt_BR","og_type":"article","og_title":"Departamento de Qu\u00edmica Fundamental - DQF - Instituto de Quimica","og_description":"Chefe Departamento: Clique aqui para acessar. Conhe\u00e7a o Corpo Docente do Departamento: Clicando aqui. Conhe\u00e7a o Corpo T\u00e9cnicos do Departamento: ... leia mais","og_url":"https:\/\/institutos.ufrrj.br\/iq\/dqf\/","og_site_name":"Instituto de Quimica","article_modified_time":"2024-02-27T14:19:46+00:00","twitter_card":"summary_large_image","twitter_misc":{"Est. tempo de leitura":"1 minuto"},"schema":{"@context":"https:\/\/schema.org","@graph":[{"@type":"WebPage","@id":"https:\/\/institutos.ufrrj.br\/iq\/dqf\/","url":"https:\/\/institutos.ufrrj.br\/iq\/dqf\/","name":"Departamento de Qu\u00edmica Fundamental - DQF - Instituto de Quimica","isPartOf":{"@id":"https:\/\/institutos.ufrrj.br\/iq\/#website"},"datePublished":"2018-09-10T21:19:36+00:00","dateModified":"2024-02-27T14:19:46+00:00","breadcrumb":{"@id":"https:\/\/institutos.ufrrj.br\/iq\/dqf\/#breadcrumb"},"inLanguage":"pt-BR","potentialAction":[{"@type":"ReadAction","target":["https:\/\/institutos.ufrrj.br\/iq\/dqf\/"]}]},{"@type":"BreadcrumbList","@id":"https:\/\/institutos.ufrrj.br\/iq\/dqf\/#breadcrumb","itemListElement":[{"@type":"ListItem","position":1,"name":"In\u00edcio","item":"https:\/\/institutos.ufrrj.br\/iq\/"},{"@type":"ListItem","position":2,"name":"Departamento de Qu\u00edmica Fundamental &#8211; DQF"}]},{"@type":"WebSite","@id":"https:\/\/institutos.ufrrj.br\/iq\/#website","url":"https:\/\/institutos.ufrrj.br\/iq\/","name":"Instituto de Quimica","description":"Campus Serop\u00e9dica - UFRRJ","potentialAction":[{"@type":"SearchAction","target":{"@type":"EntryPoint","urlTemplate":"https:\/\/institutos.ufrrj.br\/iq\/?s={search_term_string}"},"query-input":{"@type":"PropertyValueSpecification","valueRequired":true,"valueName":"search_term_string"}}],"inLanguage":"pt-BR"}]}},"_links":{"self":[{"href":"https:\/\/institutos.ufrrj.br\/iq\/wp-json\/wp\/v2\/pages\/121","targetHints":{"allow":["GET"]}}],"collection":[{"href":"https:\/\/institutos.ufrrj.br\/iq\/wp-json\/wp\/v2\/pages"}],"about":[{"href":"https:\/\/institutos.ufrrj.br\/iq\/wp-json\/wp\/v2\/types\/page"}],"author":[{"embeddable":true,"href":"https:\/\/institutos.ufrrj.br\/iq\/wp-json\/wp\/v2\/users\/41"}],"replies":[{"embeddable":true,"href":"https:\/\/institutos.ufrrj.br\/iq\/wp-json\/wp\/v2\/comments?post=121"}],"version-history":[{"count":33,"href":"https:\/\/institutos.ufrrj.br\/iq\/wp-json\/wp\/v2\/pages\/121\/revisions"}],"predecessor-version":[{"id":1442,"href":"https:\/\/institutos.ufrrj.br\/iq\/wp-json\/wp\/v2\/pages\/121\/revisions\/1442"}],"wp:attachment":[{"href":"https:\/\/institutos.ufrrj.br\/iq\/wp-json\/wp\/v2\/media?parent=121"}],"curies":[{"name":"wp","href":"https:\/\/api.w.org\/{rel}","templated":true}]}}