{"id":215,"date":"2018-09-25T08:56:25","date_gmt":"2018-09-25T11:56:25","guid":{"rendered":"http:\/\/institutos.ufrrj.br\/iq\/?page_id=215"},"modified":"2024-03-07T11:23:21","modified_gmt":"2024-03-07T14:23:21","slug":"comissoes-permanentes","status":"publish","type":"page","link":"https:\/\/institutos.ufrrj.br\/iq\/comissoes-permanentes\/","title":{"rendered":"CONSUNI-IQ"},"content":{"rendered":"<h3><strong><span style=\"color: #0000ff\">COMPOSI\u00c7\u00c3O DO CONSUNI &#8211; IQ<\/span><\/strong><\/h3>\n<p><b>Cristiano Jorge Riger &#8211; Diretor(a)<\/b><\/p>\n<p><b>Silas Varella Fraiz Jr &#8211; Vice-Diretor(a)<\/b><\/p>\n<p>Marcelo de Fretas Lima (chefe) &#8211; <strong>DBQ\/IQ<\/strong><\/p>\n<p>Diego de Mello de Brito (vice-chefe) &#8211; <strong>DBQ\/IQ<\/strong><\/p>\n<p>Jos\u00e9 Geraldo Rocha Jr (chefe) &#8211; <strong>DQA\/IQ<\/strong><\/p>\n<p>Sheisi Fonseca Leite da Silva Rocha (vive-chefe) &#8211; <strong>DQA\/IQ<\/strong><\/p>\n<p>Marcelo Hawrylak Herbst (chefe) &#8211; <strong>DQF\/IQ<\/strong><\/p>\n<p>Ant\u00f4nio Marques da Silva Jr (vice-chefe) &#8211; <strong>DQF\/IQ<\/strong><\/p>\n<p>Luciano Ramos Suzart (chefe) &#8211; <strong>DQO\/IQ<\/strong><\/p>\n<p>M\u00e1rcia Cristina Campos de Oliveira (vice-chefe) &#8211; <strong>DQO\/IQ<\/strong><\/p>\n<p>Rosane Nora Castro (docente titular) &#8211; <strong>Representantes Docentes<\/strong><\/p>\n<p>Jorge Luiz da Silva Grossi (docente sup.) &#8211; <strong>Representantes Docentes<\/strong><\/p>\n<p>Diego Pires Soares e Flavia Brites Pereira (discente titular) &#8211; <strong>Representantes Discentes<\/strong><\/p>\n<p>Brenda L. dos Reis e Jo\u00e3o Vitor Mattos P. C\u00e2ndido (discente sup.) &#8211; <strong>Representantes Discentes<\/strong><\/p>\n<p>Grace Gevaerd Correa Sinhori (t\u00e9cnica titular) &#8211;<strong> Representantes T\u00e9cnicos<\/strong><\/p>\n<p>Renan Augusto Pereira D\u2019\u00c1vila (t\u00e9cnico sup.) &#8211; <strong>Representantes T\u00e9cnicos<\/strong><\/p>\n<p>Cristiane Martins Cardoso (titular) &#8211; <strong>Coordena\u00e7\u00e3o de Gradua\u00e7\u00e3o\/IQ<\/strong><\/p>\n<p>Gustavo Bezerra da Silva (suplente) &#8211; <strong>Coordena\u00e7\u00e3o de Gradua\u00e7\u00e3o\/IQ<\/strong><\/p>\n<p>Glauco Favilla Bauerfeldt (coordenador) &#8211; <strong>Coordena\u00e7\u00e3o do PPGQ\/IQ<\/strong><\/p>\n<p>Leonardo da Cunha Ferreira (vice-coordenador) &#8211; <strong>Coordena\u00e7\u00e3o do PPGQ\/IQ<\/strong><\/p>\n<p>Roberto Barbosa de Castilho (coordenador) &#8211; <strong>Coordena\u00e7\u00e3o do PROFQUI\/IQ<\/strong><\/p>\n<p>Cl\u00e1udio Eduardo Rodrigues dos Santos (vice-coordenador) &#8211; <strong>Coordena\u00e7\u00e3o do PROFQUI\/IQ<\/strong><\/p>\n","protected":false},"excerpt":{"rendered":"<p>COMPOSI\u00c7\u00c3O DO CONSUNI &#8211; IQ Cristiano Jorge Riger &#8211; Diretor(a) Silas Varella Fraiz Jr &#8211; Vice-Diretor(a) Marcelo de Fretas Lima <a class=\"read-more\" href=\"https:\/\/institutos.ufrrj.br\/iq\/comissoes-permanentes\/ \" >&#8230; <span class=\"font-italic\">leia mais <span class=\"dashicons dashicons-arrow-right-alt2\"><\/span><\/a><\/p>\n","protected":false},"author":41,"featured_media":0,"parent":0,"menu_order":0,"comment_status":"closed","ping_status":"closed","template":"","meta":{"_acf_changed":false,"_themeisle_gutenberg_block_has_review":false,"footnotes":""},"class_list":["post-215","page","type-page","status-publish","hentry"],"acf":[],"yoast_head":"<!-- This site is optimized with the Yoast SEO plugin v26.8 - https:\/\/yoast.com\/product\/yoast-seo-wordpress\/ -->\n<title>CONSUNI-IQ - Instituto de Quimica<\/title>\n<meta name=\"robots\" content=\"index, follow, max-snippet:-1, max-image-preview:large, max-video-preview:-1\" \/>\n<link rel=\"canonical\" href=\"https:\/\/institutos.ufrrj.br\/iq\/comissoes-permanentes\/\" \/>\n<meta property=\"og:locale\" content=\"pt_BR\" \/>\n<meta property=\"og:type\" content=\"article\" \/>\n<meta property=\"og:title\" content=\"CONSUNI-IQ - Instituto de Quimica\" \/>\n<meta property=\"og:description\" content=\"COMPOSI\u00c7\u00c3O DO CONSUNI &#8211; IQ Cristiano Jorge Riger &#8211; Diretor(a) Silas Varella Fraiz Jr &#8211; Vice-Diretor(a) Marcelo de Fretas Lima ... leia mais\" \/>\n<meta property=\"og:url\" content=\"https:\/\/institutos.ufrrj.br\/iq\/comissoes-permanentes\/\" \/>\n<meta property=\"og:site_name\" content=\"Instituto de Quimica\" \/>\n<meta property=\"article:modified_time\" content=\"2024-03-07T14:23:21+00:00\" \/>\n<meta name=\"twitter:card\" content=\"summary_large_image\" \/>\n<meta name=\"twitter:label1\" content=\"Est. tempo de leitura\" \/>\n\t<meta name=\"twitter:data1\" content=\"1 minuto\" \/>\n<script type=\"application\/ld+json\" class=\"yoast-schema-graph\">{\"@context\":\"https:\/\/schema.org\",\"@graph\":[{\"@type\":\"WebPage\",\"@id\":\"https:\/\/institutos.ufrrj.br\/iq\/comissoes-permanentes\/\",\"url\":\"https:\/\/institutos.ufrrj.br\/iq\/comissoes-permanentes\/\",\"name\":\"CONSUNI-IQ - Instituto de Quimica\",\"isPartOf\":{\"@id\":\"https:\/\/institutos.ufrrj.br\/iq\/#website\"},\"datePublished\":\"2018-09-25T11:56:25+00:00\",\"dateModified\":\"2024-03-07T14:23:21+00:00\",\"breadcrumb\":{\"@id\":\"https:\/\/institutos.ufrrj.br\/iq\/comissoes-permanentes\/#breadcrumb\"},\"inLanguage\":\"pt-BR\",\"potentialAction\":[{\"@type\":\"ReadAction\",\"target\":[\"https:\/\/institutos.ufrrj.br\/iq\/comissoes-permanentes\/\"]}]},{\"@type\":\"BreadcrumbList\",\"@id\":\"https:\/\/institutos.ufrrj.br\/iq\/comissoes-permanentes\/#breadcrumb\",\"itemListElement\":[{\"@type\":\"ListItem\",\"position\":1,\"name\":\"In\u00edcio\",\"item\":\"https:\/\/institutos.ufrrj.br\/iq\/\"},{\"@type\":\"ListItem\",\"position\":2,\"name\":\"CONSUNI-IQ\"}]},{\"@type\":\"WebSite\",\"@id\":\"https:\/\/institutos.ufrrj.br\/iq\/#website\",\"url\":\"https:\/\/institutos.ufrrj.br\/iq\/\",\"name\":\"Instituto de Quimica\",\"description\":\"Campus Serop\u00e9dica - UFRRJ\",\"potentialAction\":[{\"@type\":\"SearchAction\",\"target\":{\"@type\":\"EntryPoint\",\"urlTemplate\":\"https:\/\/institutos.ufrrj.br\/iq\/?s={search_term_string}\"},\"query-input\":{\"@type\":\"PropertyValueSpecification\",\"valueRequired\":true,\"valueName\":\"search_term_string\"}}],\"inLanguage\":\"pt-BR\"}]}<\/script>\n<!-- \/ Yoast SEO plugin. -->","yoast_head_json":{"title":"CONSUNI-IQ - Instituto de Quimica","robots":{"index":"index","follow":"follow","max-snippet":"max-snippet:-1","max-image-preview":"max-image-preview:large","max-video-preview":"max-video-preview:-1"},"canonical":"https:\/\/institutos.ufrrj.br\/iq\/comissoes-permanentes\/","og_locale":"pt_BR","og_type":"article","og_title":"CONSUNI-IQ - Instituto de Quimica","og_description":"COMPOSI\u00c7\u00c3O DO CONSUNI &#8211; IQ Cristiano Jorge Riger &#8211; Diretor(a) Silas Varella Fraiz Jr &#8211; Vice-Diretor(a) Marcelo de Fretas Lima ... leia mais","og_url":"https:\/\/institutos.ufrrj.br\/iq\/comissoes-permanentes\/","og_site_name":"Instituto de Quimica","article_modified_time":"2024-03-07T14:23:21+00:00","twitter_card":"summary_large_image","twitter_misc":{"Est. tempo de leitura":"1 minuto"},"schema":{"@context":"https:\/\/schema.org","@graph":[{"@type":"WebPage","@id":"https:\/\/institutos.ufrrj.br\/iq\/comissoes-permanentes\/","url":"https:\/\/institutos.ufrrj.br\/iq\/comissoes-permanentes\/","name":"CONSUNI-IQ - Instituto de Quimica","isPartOf":{"@id":"https:\/\/institutos.ufrrj.br\/iq\/#website"},"datePublished":"2018-09-25T11:56:25+00:00","dateModified":"2024-03-07T14:23:21+00:00","breadcrumb":{"@id":"https:\/\/institutos.ufrrj.br\/iq\/comissoes-permanentes\/#breadcrumb"},"inLanguage":"pt-BR","potentialAction":[{"@type":"ReadAction","target":["https:\/\/institutos.ufrrj.br\/iq\/comissoes-permanentes\/"]}]},{"@type":"BreadcrumbList","@id":"https:\/\/institutos.ufrrj.br\/iq\/comissoes-permanentes\/#breadcrumb","itemListElement":[{"@type":"ListItem","position":1,"name":"In\u00edcio","item":"https:\/\/institutos.ufrrj.br\/iq\/"},{"@type":"ListItem","position":2,"name":"CONSUNI-IQ"}]},{"@type":"WebSite","@id":"https:\/\/institutos.ufrrj.br\/iq\/#website","url":"https:\/\/institutos.ufrrj.br\/iq\/","name":"Instituto de Quimica","description":"Campus Serop\u00e9dica - UFRRJ","potentialAction":[{"@type":"SearchAction","target":{"@type":"EntryPoint","urlTemplate":"https:\/\/institutos.ufrrj.br\/iq\/?s={search_term_string}"},"query-input":{"@type":"PropertyValueSpecification","valueRequired":true,"valueName":"search_term_string"}}],"inLanguage":"pt-BR"}]}},"_links":{"self":[{"href":"https:\/\/institutos.ufrrj.br\/iq\/wp-json\/wp\/v2\/pages\/215","targetHints":{"allow":["GET"]}}],"collection":[{"href":"https:\/\/institutos.ufrrj.br\/iq\/wp-json\/wp\/v2\/pages"}],"about":[{"href":"https:\/\/institutos.ufrrj.br\/iq\/wp-json\/wp\/v2\/types\/page"}],"author":[{"embeddable":true,"href":"https:\/\/institutos.ufrrj.br\/iq\/wp-json\/wp\/v2\/users\/41"}],"replies":[{"embeddable":true,"href":"https:\/\/institutos.ufrrj.br\/iq\/wp-json\/wp\/v2\/comments?post=215"}],"version-history":[{"count":9,"href":"https:\/\/institutos.ufrrj.br\/iq\/wp-json\/wp\/v2\/pages\/215\/revisions"}],"predecessor-version":[{"id":1458,"href":"https:\/\/institutos.ufrrj.br\/iq\/wp-json\/wp\/v2\/pages\/215\/revisions\/1458"}],"wp:attachment":[{"href":"https:\/\/institutos.ufrrj.br\/iq\/wp-json\/wp\/v2\/media?parent=215"}],"curies":[{"name":"wp","href":"https:\/\/api.w.org\/{rel}","templated":true}]}}