{"id":55,"date":"2018-08-07T10:11:32","date_gmt":"2018-08-07T13:11:32","guid":{"rendered":"http:\/\/institutos.ufrrj.br\/iq\/?page_id=55"},"modified":"2021-08-05T17:08:43","modified_gmt":"2021-08-05T20:08:43","slug":"historia","status":"publish","type":"page","link":"https:\/\/institutos.ufrrj.br\/iq\/historia\/","title":{"rendered":"Hist\u00f3ria"},"content":{"rendered":"<blockquote>\n<h1><span style=\"color: #0000ff\">NOSSA HIST\u00d3RIA<\/span><\/h1>\n<p>Em 1947, foi inaugurado o novo campus da Universidade Rural do Brasil, no antigo Km 47, da Rodovia Rio-S\u00e3o Paulo. Em 1963, foi aprovado o Estatuto da Universidade Rural do Brasil, que em seu Art. 4\u00ba determinava que a Universidade Rural do Brasil seria constitu\u00edda, inicialmente, pelos seguintes grupamentos de unidades: I &#8211; Departamentos; II &#8211; Escolas de forma\u00e7\u00e3o profissional; III &#8211; Escola de P\u00f3s-Gradua\u00e7\u00e3o; IV &#8211; Col\u00e9gio de ensino m\u00e9dio; V &#8211; Servi\u00e7os de Extens\u00e3o, e VI &#8211; \u00d3rg\u00e3os de administra\u00e7\u00e3o e auxiliares. Foi quando nasceu o embri\u00e3o do Departamento de Qu\u00edmica (DEQUIM), em 09\/08\/1963, com ata de instala\u00e7\u00e3o sendo o nome estipulado como IX Departamento de F\u00edsica e Qu\u00edmica da URB, e nova Diretoria instalada no Pavilh\u00e3o de Qu\u00edmica. Em 1965, nossa Universidade ganhou nova denomina\u00e7\u00e3o e organiza\u00e7\u00e3o, e passou a denominar-se Universidade Federal Rural do Rio de Janeiro, sendo-lhe reconhecida autonomia did\u00e1tica, administrativa, financeira e disciplinar (art. 80 da Lei n\u00ba 4.024, de 20 de dezembro de 1961).\u00a0 Em 1966, ap\u00f3s v\u00e1rias reuni\u00f5es, o curr\u00edculo para o Curso de Engenharia Qu\u00edmica foi aprovado por unanimidade, tendo seu o reconhecimento pelo MEC, pelo Decreto 63.959, de 06\/01\/1969. Em 1968, (Decreto no. 63.492 de 29 de outubro de 1968) foi consolidado, o Plano de Reestrutura\u00e7\u00e3o da Universidade Federal Rural do Rio de Janeiro, o qual havia sido aprovado em Reuni\u00e3o do Conselho Universit\u00e1rio de 18 de julho de 1968 e que estabelecia como seu eixo b\u00e1sico a cria\u00e7\u00e3o dos Institutos, constitu\u00eddos pelos seus respectivos Departamentos (nasce o DEQUIM- Departamento de Qu\u00edmica). Pela Resolu\u00e7\u00e3o no 06, do CONSU de 13 de agosto de 1968 foi aprovada a cria\u00e7\u00e3o dos Cursos de Licenciatura em Hist\u00f3ria Natural e em Qu\u00edmica, que foram homologados atrav\u00e9s do parecer 770 do Conselho Federal de Educa\u00e7\u00e3o, em 10 de outubro de 1969 e homologado em 23 de maio de 1970, respectivamente.<\/p>\n<p>O novo Estatuto, baseado no Art. 11b da Lei 5540\/68 e no Decreto-Lei 464\/69 que transformaram as Escolas em Institutos, com os Departamentos sendo a menor fra\u00e7\u00e3o da estrutura universit\u00e1ria (Art. 12 \u00a73\u00ba) da Lei 5540\/68. Assim, a Universidade Federal Rural do Rio de Janeiro passou, ent\u00e3o, a ter a seguinte estrutura org\u00e2nica baseada em Institutos e Departamentos, onde o Instituto de Ci\u00eancias Exatas, era composto pelos Departamentos de F\u00edsica, de Qu\u00edmica e de Matem\u00e1tica e Estat\u00edstica.<\/p>\n<p>A hist\u00f3ria do Departamento de Qu\u00edmica, se confunde com a origem e a hist\u00f3ria do curso de P\u00f3s-Gradua\u00e7\u00e3o em Qu\u00edmica Org\u00e2nica (PPGQO) da UFRRJ. O PPGQO foi fundado em mar\u00e7o de 1966, ap\u00f3s acolhimento do prof. Otto Richard Gottlieb pela UFRRJ, na figura dos professores Fausto Aita Gai e Paulo Dacorso Filho (docente e reitor da UFRRJ). O Prof. Otto Richard Gottlieb viera ap\u00f3s demiss\u00e3o coletiva da Universidade de Bras\u00edlia de 200 docentes, ap\u00f3s um ano de luta contra as for\u00e7as de opress\u00e3o do sistema autorit\u00e1rio imposto ao Pa\u00eds em abril de 1964. Nesse cen\u00e1rio turbulento, <em>o curso de P\u00f3s-G<\/em>radua\u00e7\u00e3o em Qu\u00edmica Org\u00e2nica vinculou-se administrativamente ao Departamento de Qu\u00edmica (DEQUIM) do Instituto de Ci\u00eancias Exatas (ICE), onde permaneceu em pleno funcionamento at\u00e9 2008, quando acolheu outras \u00e1reas de atua\u00e7\u00e3o e se tornou o Programa de P\u00f3s-Gradua\u00e7\u00e3o em Qu\u00edmica (PPGQ). Com o REUNI &#8211; Programa de Apoio a Planos de Reestrutura\u00e7\u00e3o e Expans\u00e3o das Universidades Federais (Reuni), institu\u00eddo pelo Decreto n\u00ba 6.096, de 24\/05\/2007, representou um divisor de \u00e1guas na hist\u00f3ria da UFRRJ. Novos cursos foram criados e o perfil da Universidade, historicamente ligado aos cursos de agr\u00e1rias, exatas e biol\u00f3gicas e passou a ter e novas gradua\u00e7\u00f5es, que foram planejadas para atender as demandas dos munic\u00edpios onde a Rural est\u00e1 sediada, notadamente na regi\u00e3o da Baixada Fluminense. Neste contexto o antigo DEQUIM cresceu e em 2018, em Reuni\u00e3o do CONSU a proposta de cria\u00e7\u00e3o do Instituto foi aceita e aprovada. E, em 27\/03\/2019 tomou posse a primeira Diretoria do Instituto de Qu\u00edmica. Desde a cria\u00e7\u00e3o (1963) do IX Departamento, que se transformou em Departamento de Qu\u00edmica (1969) at\u00e9 o momento, passaram-se 56 anos de hist\u00f3ria at\u00e9 chegar ao Instituto de Qu\u00edmica.<\/p>\n<h1><span style=\"color: #0000ff\"><strong>Fotos do nosso Instituto<\/strong><\/span><\/h1>\n<p><img loading=\"lazy\" decoding=\"async\" class=\"alignnone wp-image-595\" src=\"http:\/\/institutos.ufrrj.br\/iq\/wp-content\/uploads\/sites\/106\/2020\/05\/FOTO-PQ-02-225x300.jpeg\" alt=\"\" width=\"178\" height=\"237\" srcset=\"https:\/\/institutos.ufrrj.br\/iq\/wp-content\/uploads\/sites\/106\/2020\/05\/FOTO-PQ-02-225x300.jpeg 225w, https:\/\/institutos.ufrrj.br\/iq\/wp-content\/uploads\/sites\/106\/2020\/05\/FOTO-PQ-02.jpeg 768w\" sizes=\"auto, (max-width: 178px) 100vw, 178px\" \/> <img loading=\"lazy\" decoding=\"async\" class=\"alignnone wp-image-596\" src=\"http:\/\/institutos.ufrrj.br\/iq\/wp-content\/uploads\/sites\/106\/2020\/05\/FOTO-PQ-03-225x300.jpeg\" alt=\"\" width=\"182\" height=\"243\" srcset=\"https:\/\/institutos.ufrrj.br\/iq\/wp-content\/uploads\/sites\/106\/2020\/05\/FOTO-PQ-03-225x300.jpeg 225w, https:\/\/institutos.ufrrj.br\/iq\/wp-content\/uploads\/sites\/106\/2020\/05\/FOTO-PQ-03.jpeg 768w\" sizes=\"auto, (max-width: 182px) 100vw, 182px\" \/>\u00a0 <img loading=\"lazy\" decoding=\"async\" class=\"alignnone wp-image-598\" src=\"http:\/\/institutos.ufrrj.br\/iq\/wp-content\/uploads\/sites\/106\/2020\/05\/FOTO-PQ-05-244x300.jpeg\" alt=\"\" width=\"184\" height=\"226\" srcset=\"https:\/\/institutos.ufrrj.br\/iq\/wp-content\/uploads\/sites\/106\/2020\/05\/FOTO-PQ-05-244x300.jpeg 244w, https:\/\/institutos.ufrrj.br\/iq\/wp-content\/uploads\/sites\/106\/2020\/05\/FOTO-PQ-05-768x943.jpeg 768w, https:\/\/institutos.ufrrj.br\/iq\/wp-content\/uploads\/sites\/106\/2020\/05\/FOTO-PQ-05.jpeg 834w\" sizes=\"auto, (max-width: 184px) 100vw, 184px\" \/>\u00a0 <img loading=\"lazy\" decoding=\"async\" class=\" wp-image-603 alignright\" src=\"http:\/\/institutos.ufrrj.br\/iq\/wp-content\/uploads\/sites\/106\/2020\/05\/IMG_4284-300x225.jpg\" alt=\"\" width=\"222\" height=\"167\" srcset=\"https:\/\/institutos.ufrrj.br\/iq\/wp-content\/uploads\/sites\/106\/2020\/05\/IMG_4284-300x225.jpg 300w, https:\/\/institutos.ufrrj.br\/iq\/wp-content\/uploads\/sites\/106\/2020\/05\/IMG_4284-768x576.jpg 768w, https:\/\/institutos.ufrrj.br\/iq\/wp-content\/uploads\/sites\/106\/2020\/05\/IMG_4284-1024x768.jpg 1024w\" sizes=\"auto, (max-width: 222px) 100vw, 222px\" \/> <img loading=\"lazy\" decoding=\"async\" class=\"alignnone wp-image-604 alignright\" src=\"http:\/\/institutos.ufrrj.br\/iq\/wp-content\/uploads\/sites\/106\/2020\/05\/IMG_4285-300x225.jpg\" alt=\"\" width=\"216\" height=\"162\" srcset=\"https:\/\/institutos.ufrrj.br\/iq\/wp-content\/uploads\/sites\/106\/2020\/05\/IMG_4285-300x225.jpg 300w, https:\/\/institutos.ufrrj.br\/iq\/wp-content\/uploads\/sites\/106\/2020\/05\/IMG_4285-768x576.jpg 768w, https:\/\/institutos.ufrrj.br\/iq\/wp-content\/uploads\/sites\/106\/2020\/05\/IMG_4285-1024x768.jpg 1024w\" sizes=\"auto, (max-width: 216px) 100vw, 216px\" \/> <img loading=\"lazy\" decoding=\"async\" class=\" wp-image-605 alignnone\" src=\"http:\/\/institutos.ufrrj.br\/iq\/wp-content\/uploads\/sites\/106\/2020\/05\/Pr\u00e9io-de-Qu\u00edmica-1-PQ-254x300.jpg\" alt=\"\" width=\"170\" height=\"201\" srcset=\"https:\/\/institutos.ufrrj.br\/iq\/wp-content\/uploads\/sites\/106\/2020\/05\/Pr\u00e9io-de-Qu\u00edmica-1-PQ-254x300.jpg 254w, https:\/\/institutos.ufrrj.br\/iq\/wp-content\/uploads\/sites\/106\/2020\/05\/Pr\u00e9io-de-Qu\u00edmica-1-PQ-768x908.jpg 768w, https:\/\/institutos.ufrrj.br\/iq\/wp-content\/uploads\/sites\/106\/2020\/05\/Pr\u00e9io-de-Qu\u00edmica-1-PQ-867x1024.jpg 867w, https:\/\/institutos.ufrrj.br\/iq\/wp-content\/uploads\/sites\/106\/2020\/05\/Pr\u00e9io-de-Qu\u00edmica-1-PQ.jpg 1354w\" sizes=\"auto, (max-width: 170px) 100vw, 170px\" \/> <img loading=\"lazy\" decoding=\"async\" class=\"alignnone wp-image-606\" src=\"http:\/\/institutos.ufrrj.br\/iq\/wp-content\/uploads\/sites\/106\/2020\/05\/Pr\u00e9io-de-Qu\u00edmica-3-PQ-300x190.jpg\" alt=\"\" width=\"262\" height=\"166\" srcset=\"https:\/\/institutos.ufrrj.br\/iq\/wp-content\/uploads\/sites\/106\/2020\/05\/Pr\u00e9io-de-Qu\u00edmica-3-PQ-300x190.jpg 300w, https:\/\/institutos.ufrrj.br\/iq\/wp-content\/uploads\/sites\/106\/2020\/05\/Pr\u00e9io-de-Qu\u00edmica-3-PQ-768x487.jpg 768w, https:\/\/institutos.ufrrj.br\/iq\/wp-content\/uploads\/sites\/106\/2020\/05\/Pr\u00e9io-de-Qu\u00edmica-3-PQ-1024x650.jpg 1024w, https:\/\/institutos.ufrrj.br\/iq\/wp-content\/uploads\/sites\/106\/2020\/05\/Pr\u00e9io-de-Qu\u00edmica-3-PQ.jpg 1600w\" sizes=\"auto, (max-width: 262px) 100vw, 262px\" \/><\/p><\/blockquote>\n<p>&nbsp;<\/p>\n<p>&nbsp;<\/p>\n","protected":false},"excerpt":{"rendered":"<p>NOSSA HIST\u00d3RIA Em 1947, foi inaugurado o novo campus da Universidade Rural do Brasil, no antigo Km 47, da Rodovia <a class=\"read-more\" href=\"https:\/\/institutos.ufrrj.br\/iq\/historia\/ \" >&#8230; <span class=\"font-italic\">leia mais <span class=\"dashicons dashicons-arrow-right-alt2\"><\/span><\/a><\/p>\n","protected":false},"author":20,"featured_media":0,"parent":0,"menu_order":0,"comment_status":"closed","ping_status":"closed","template":"","meta":{"_acf_changed":false,"_themeisle_gutenberg_block_has_review":false,"footnotes":""},"class_list":["post-55","page","type-page","status-publish","hentry"],"acf":[],"yoast_head":"<!-- This site is optimized with the Yoast SEO plugin v26.8 - https:\/\/yoast.com\/product\/yoast-seo-wordpress\/ -->\n<title>Hist\u00f3ria - Instituto de Quimica<\/title>\n<meta name=\"robots\" content=\"index, follow, max-snippet:-1, max-image-preview:large, max-video-preview:-1\" \/>\n<link rel=\"canonical\" href=\"https:\/\/institutos.ufrrj.br\/iq\/historia\/\" \/>\n<meta property=\"og:locale\" content=\"pt_BR\" \/>\n<meta property=\"og:type\" content=\"article\" \/>\n<meta property=\"og:title\" content=\"Hist\u00f3ria - Instituto de Quimica\" \/>\n<meta property=\"og:description\" content=\"NOSSA HIST\u00d3RIA Em 1947, foi inaugurado o novo campus da Universidade Rural do Brasil, no antigo Km 47, da Rodovia ... leia mais\" \/>\n<meta property=\"og:url\" content=\"https:\/\/institutos.ufrrj.br\/iq\/historia\/\" \/>\n<meta property=\"og:site_name\" content=\"Instituto de Quimica\" \/>\n<meta property=\"article:modified_time\" content=\"2021-08-05T20:08:43+00:00\" \/>\n<meta property=\"og:image\" content=\"http:\/\/institutos.ufrrj.br\/iq\/wp-content\/uploads\/sites\/106\/2020\/05\/FOTO-PQ-02-225x300.jpeg\" \/>\n<meta name=\"twitter:card\" content=\"summary_large_image\" \/>\n<meta name=\"twitter:label1\" content=\"Est. tempo de leitura\" \/>\n\t<meta name=\"twitter:data1\" content=\"4 minutos\" \/>\n<script type=\"application\/ld+json\" class=\"yoast-schema-graph\">{\"@context\":\"https:\/\/schema.org\",\"@graph\":[{\"@type\":\"WebPage\",\"@id\":\"https:\/\/institutos.ufrrj.br\/iq\/historia\/\",\"url\":\"https:\/\/institutos.ufrrj.br\/iq\/historia\/\",\"name\":\"Hist\u00f3ria - Instituto de Quimica\",\"isPartOf\":{\"@id\":\"https:\/\/institutos.ufrrj.br\/iq\/#website\"},\"primaryImageOfPage\":{\"@id\":\"https:\/\/institutos.ufrrj.br\/iq\/historia\/#primaryimage\"},\"image\":{\"@id\":\"https:\/\/institutos.ufrrj.br\/iq\/historia\/#primaryimage\"},\"thumbnailUrl\":\"http:\/\/institutos.ufrrj.br\/iq\/wp-content\/uploads\/sites\/106\/2020\/05\/FOTO-PQ-02-225x300.jpeg\",\"datePublished\":\"2018-08-07T13:11:32+00:00\",\"dateModified\":\"2021-08-05T20:08:43+00:00\",\"breadcrumb\":{\"@id\":\"https:\/\/institutos.ufrrj.br\/iq\/historia\/#breadcrumb\"},\"inLanguage\":\"pt-BR\",\"potentialAction\":[{\"@type\":\"ReadAction\",\"target\":[\"https:\/\/institutos.ufrrj.br\/iq\/historia\/\"]}]},{\"@type\":\"ImageObject\",\"inLanguage\":\"pt-BR\",\"@id\":\"https:\/\/institutos.ufrrj.br\/iq\/historia\/#primaryimage\",\"url\":\"https:\/\/institutos.ufrrj.br\/iq\/wp-content\/uploads\/sites\/106\/2020\/05\/FOTO-PQ-02.jpeg\",\"contentUrl\":\"https:\/\/institutos.ufrrj.br\/iq\/wp-content\/uploads\/sites\/106\/2020\/05\/FOTO-PQ-02.jpeg\",\"width\":768,\"height\":1024},{\"@type\":\"BreadcrumbList\",\"@id\":\"https:\/\/institutos.ufrrj.br\/iq\/historia\/#breadcrumb\",\"itemListElement\":[{\"@type\":\"ListItem\",\"position\":1,\"name\":\"In\u00edcio\",\"item\":\"https:\/\/institutos.ufrrj.br\/iq\/\"},{\"@type\":\"ListItem\",\"position\":2,\"name\":\"Hist\u00f3ria\"}]},{\"@type\":\"WebSite\",\"@id\":\"https:\/\/institutos.ufrrj.br\/iq\/#website\",\"url\":\"https:\/\/institutos.ufrrj.br\/iq\/\",\"name\":\"Instituto de Quimica\",\"description\":\"Campus Serop\u00e9dica - UFRRJ\",\"potentialAction\":[{\"@type\":\"SearchAction\",\"target\":{\"@type\":\"EntryPoint\",\"urlTemplate\":\"https:\/\/institutos.ufrrj.br\/iq\/?s={search_term_string}\"},\"query-input\":{\"@type\":\"PropertyValueSpecification\",\"valueRequired\":true,\"valueName\":\"search_term_string\"}}],\"inLanguage\":\"pt-BR\"}]}<\/script>\n<!-- \/ Yoast SEO plugin. -->","yoast_head_json":{"title":"Hist\u00f3ria - Instituto de Quimica","robots":{"index":"index","follow":"follow","max-snippet":"max-snippet:-1","max-image-preview":"max-image-preview:large","max-video-preview":"max-video-preview:-1"},"canonical":"https:\/\/institutos.ufrrj.br\/iq\/historia\/","og_locale":"pt_BR","og_type":"article","og_title":"Hist\u00f3ria - Instituto de Quimica","og_description":"NOSSA HIST\u00d3RIA Em 1947, foi inaugurado o novo campus da Universidade Rural do Brasil, no antigo Km 47, da Rodovia ... leia mais","og_url":"https:\/\/institutos.ufrrj.br\/iq\/historia\/","og_site_name":"Instituto de Quimica","article_modified_time":"2021-08-05T20:08:43+00:00","og_image":[{"url":"http:\/\/institutos.ufrrj.br\/iq\/wp-content\/uploads\/sites\/106\/2020\/05\/FOTO-PQ-02-225x300.jpeg","type":"","width":"","height":""}],"twitter_card":"summary_large_image","twitter_misc":{"Est. tempo de leitura":"4 minutos"},"schema":{"@context":"https:\/\/schema.org","@graph":[{"@type":"WebPage","@id":"https:\/\/institutos.ufrrj.br\/iq\/historia\/","url":"https:\/\/institutos.ufrrj.br\/iq\/historia\/","name":"Hist\u00f3ria - Instituto de Quimica","isPartOf":{"@id":"https:\/\/institutos.ufrrj.br\/iq\/#website"},"primaryImageOfPage":{"@id":"https:\/\/institutos.ufrrj.br\/iq\/historia\/#primaryimage"},"image":{"@id":"https:\/\/institutos.ufrrj.br\/iq\/historia\/#primaryimage"},"thumbnailUrl":"http:\/\/institutos.ufrrj.br\/iq\/wp-content\/uploads\/sites\/106\/2020\/05\/FOTO-PQ-02-225x300.jpeg","datePublished":"2018-08-07T13:11:32+00:00","dateModified":"2021-08-05T20:08:43+00:00","breadcrumb":{"@id":"https:\/\/institutos.ufrrj.br\/iq\/historia\/#breadcrumb"},"inLanguage":"pt-BR","potentialAction":[{"@type":"ReadAction","target":["https:\/\/institutos.ufrrj.br\/iq\/historia\/"]}]},{"@type":"ImageObject","inLanguage":"pt-BR","@id":"https:\/\/institutos.ufrrj.br\/iq\/historia\/#primaryimage","url":"https:\/\/institutos.ufrrj.br\/iq\/wp-content\/uploads\/sites\/106\/2020\/05\/FOTO-PQ-02.jpeg","contentUrl":"https:\/\/institutos.ufrrj.br\/iq\/wp-content\/uploads\/sites\/106\/2020\/05\/FOTO-PQ-02.jpeg","width":768,"height":1024},{"@type":"BreadcrumbList","@id":"https:\/\/institutos.ufrrj.br\/iq\/historia\/#breadcrumb","itemListElement":[{"@type":"ListItem","position":1,"name":"In\u00edcio","item":"https:\/\/institutos.ufrrj.br\/iq\/"},{"@type":"ListItem","position":2,"name":"Hist\u00f3ria"}]},{"@type":"WebSite","@id":"https:\/\/institutos.ufrrj.br\/iq\/#website","url":"https:\/\/institutos.ufrrj.br\/iq\/","name":"Instituto de Quimica","description":"Campus Serop\u00e9dica - UFRRJ","potentialAction":[{"@type":"SearchAction","target":{"@type":"EntryPoint","urlTemplate":"https:\/\/institutos.ufrrj.br\/iq\/?s={search_term_string}"},"query-input":{"@type":"PropertyValueSpecification","valueRequired":true,"valueName":"search_term_string"}}],"inLanguage":"pt-BR"}]}},"_links":{"self":[{"href":"https:\/\/institutos.ufrrj.br\/iq\/wp-json\/wp\/v2\/pages\/55","targetHints":{"allow":["GET"]}}],"collection":[{"href":"https:\/\/institutos.ufrrj.br\/iq\/wp-json\/wp\/v2\/pages"}],"about":[{"href":"https:\/\/institutos.ufrrj.br\/iq\/wp-json\/wp\/v2\/types\/page"}],"author":[{"embeddable":true,"href":"https:\/\/institutos.ufrrj.br\/iq\/wp-json\/wp\/v2\/users\/20"}],"replies":[{"embeddable":true,"href":"https:\/\/institutos.ufrrj.br\/iq\/wp-json\/wp\/v2\/comments?post=55"}],"version-history":[{"count":12,"href":"https:\/\/institutos.ufrrj.br\/iq\/wp-json\/wp\/v2\/pages\/55\/revisions"}],"predecessor-version":[{"id":762,"href":"https:\/\/institutos.ufrrj.br\/iq\/wp-json\/wp\/v2\/pages\/55\/revisions\/762"}],"wp:attachment":[{"href":"https:\/\/institutos.ufrrj.br\/iq\/wp-json\/wp\/v2\/media?parent=55"}],"curies":[{"name":"wp","href":"https:\/\/api.w.org\/{rel}","templated":true}]}}