{"id":142,"date":"2018-02-19T18:05:39","date_gmt":"2018-02-19T18:05:39","guid":{"rendered":"http:\/\/institutos.ufrrj.br\/it\/?page_id=142"},"modified":"2022-06-22T17:55:30","modified_gmt":"2022-06-22T17:55:30","slug":"atas-consuni","status":"publish","type":"page","link":"https:\/\/institutos.ufrrj.br\/it\/atas-consuni\/","title":{"rendered":"Atas CONSUNI"},"content":{"rendered":"<p><strong>A partir de 2020 as atas ficaram dispon\u00edveis no SIPAC.<\/strong><\/p>\n<p><em><strong>2019<\/strong><\/em><\/p>\n<p><strong>Janeiro- <\/strong>N\u00e3o acorreu reuni\u00e3o por falta de <em>qu\u00f3rum.<\/em><\/p>\n<p><strong>Fevereiro- <\/strong>Cancelada.<strong><br \/>\n<\/strong><\/p>\n<p><strong>Mar\u00e7o-<\/strong><strong><a href=\"http:\/\/institutos.ufrrj.br\/it\/wp-content\/uploads\/sites\/103\/2019\/05\/Ata-11.03.19.pdf\"> <span style=\"color: #0000ff\">Ata 11.03.19<\/span><\/a><\/strong><\/p>\n<p><strong>Abril- <\/strong><strong> <span style=\"color: #0000ff\"><a style=\"color: #0000ff\" href=\"http:\/\/institutos.ufrrj.br\/it\/wp-content\/uploads\/sites\/103\/2019\/05\/Ata-01.04.19.pdf\">Ata 01.04.19<\/a><\/span><\/strong><\/p>\n<p><strong>Maio- <span style=\"color: #0000ff\"><a style=\"color: #0000ff\" href=\"http:\/\/institutos.ufrrj.br\/it\/wp-content\/uploads\/sites\/103\/2019\/09\/Ata-07.05.19.pdf\">Ata<\/a><a style=\"color: #0000ff\" href=\"http:\/\/institutos.ufrrj.br\/it\/wp-content\/uploads\/sites\/103\/2019\/09\/Ata-07.05.19.pdf\"> 07.<\/a><a style=\"color: #0000ff\" href=\"http:\/\/institutos.ufrrj.br\/it\/wp-content\/uploads\/sites\/103\/2019\/09\/Ata-07.05.19.pdf\">05.19<\/a><\/span><\/strong><\/p>\n<p><strong>Junho- <\/strong><span style=\"color: #0000ff\"><strong><a style=\"color: #0000ff\" href=\"http:\/\/institutos.ufrrj.br\/it\/wp-content\/uploads\/sites\/103\/2019\/09\/Ata-05.06.19.pdf\">Ata 05.06.19<\/a><\/strong><\/span><\/p>\n<p><strong>Julho-<a href=\"http:\/\/institutos.ufrrj.br\/it\/wp-content\/uploads\/sites\/103\/2019\/09\/Ata-04.07.19.pdf\"><span style=\"color: #0000ff\">\u00a0Ata 04.07.19<\/span><\/a><\/strong><\/p>\n<p><strong>Agosto- <\/strong><\/p>\n<p><strong>Setembro-<\/strong><\/p>\n<p><strong>Outubro- <\/strong><\/p>\n<p><strong>Novembro- <\/strong><\/p>\n<p><strong>Dezembro- <\/strong><\/p>\n<p>&nbsp;<\/p>\n<p><em><span style=\"color: #000000\"><strong>2018<\/strong><\/span><\/em><\/p>\n<p><strong>Janeiro-<\/strong> N\u00e3o acorreu reuni\u00e3o por falta de <em>qu\u00f3rum.<\/em><\/p>\n<p><strong>Fevereiro-<\/strong> N\u00e3o acorreu reuni\u00e3o por falta de <em>qu\u00f3rum.<\/em><\/p>\n<p><strong>Mar\u00e7o-<span style=\"color: #0000ff\"> <a style=\"color: #0000ff\" href=\"http:\/\/institutos.ufrrj.br\/it\/wp-content\/uploads\/sites\/103\/2018\/03\/Ata-12.03.18.pdf\">Ata 12.03.18<\/a> <\/span><\/strong>\/<span style=\"color: #000000\"><strong><a href=\"http:\/\/institutos.ufrrj.br\/it\/wp-content\/uploads\/sites\/103\/2018\/04\/Ata-extraordin\u00e1ria-20.03.18.pdf\"><span style=\"color: #0000ff\">Ata extraordin\u00e1ria 20.03.18<\/span><\/a><\/strong><\/span><\/p>\n<p><strong>Abril- <\/strong><span style=\"color: #0000ff\"><a style=\"color: #0000ff\" href=\"http:\/\/institutos.ufrrj.br\/it\/wp-content\/uploads\/sites\/103\/2018\/05\/Ata-03.04.18.pdf\"><strong>Ata 03.04.18<\/strong><\/a><\/span><\/p>\n<p><strong>Maio- <\/strong><a href=\"http:\/\/institutos.ufrrj.br\/it\/wp-content\/uploads\/sites\/103\/2018\/06\/Ata-02.05.18.pdf\"><span style=\"color: #0000ff\"><strong>Ata 02.05.18<\/strong><\/span><\/a><\/p>\n<p><strong>Junho- <\/strong>N\u00e3o acorreu reuni\u00e3o 07\/06\/18 por falta de <em>qu\u00f3rum.<\/em>\u00a0<span style=\"color: #0000ff\"> <strong><a style=\"color: #0000ff\" href=\"http:\/\/institutos.ufrrj.br\/it\/wp-content\/uploads\/sites\/103\/2018\/09\/Ata-Extraordin\u00e1ria-19.06.18.pdf\">Ata Extraordin\u00e1ria 19.06.18<\/a><\/strong><\/span><\/p>\n<p><strong>Julho- <\/strong>N\u00e3o acorreu reuni\u00e3o por falta de <em>qu\u00f3rum.<\/em><\/p>\n<p><strong>Agosto- <\/strong>N\u00e3o acorreu reuni\u00e3o 08\/08\/18 por falta de <em>qu\u00f3rum<\/em><strong><em>.<\/em><\/strong><span style=\"color: #0000ff\"><strong> <a style=\"color: #0000ff\" href=\"http:\/\/institutos.ufrrj.br\/it\/wp-content\/uploads\/sites\/103\/2018\/09\/Ata-extraordin\u00e1ria-17.08.18.pdf\">Ata extraordin\u00e1ria 17.08.18<\/a><\/strong><\/span><\/p>\n<p><strong>Setembro- <span style=\"color: #0000ff\"><a style=\"color: #0000ff\" href=\"http:\/\/institutos.ufrrj.br\/it\/wp-content\/uploads\/sites\/103\/2019\/01\/Ata-11.09.18.pdf\">Ata 11.09.18<\/a><\/span><\/strong><\/p>\n<p><strong>Outubro- <span style=\"color: #0000ff\"><a style=\"color: #0000ff\" href=\"http:\/\/institutos.ufrrj.br\/it\/wp-content\/uploads\/sites\/103\/2019\/01\/Ata-10.10.18.pdf\">Ata 10.10.18<\/a><\/span><\/strong><\/p>\n<p><strong>Novembro- <\/strong>N\u00e3o acorreu reuni\u00e3o 05\/11\/18 por falta de <em>qu\u00f3rum<\/em><strong><em>.<\/em><a href=\"http:\/\/institutos.ufrrj.br\/it\/wp-content\/uploads\/sites\/103\/2019\/01\/Ata-extraordin\u00e1ria-22.11.18.pdf\"><span style=\"color: #0000ff\">Ata extraordin\u00e1ria 22.11.18\/<\/span><\/a><span style=\"color: #0000ff\"><a style=\"color: #0000ff\" href=\"http:\/\/institutos.ufrrj.br\/it\/wp-content\/uploads\/sites\/103\/2019\/01\/Ata-extraordin\u00e1ria1-22.11.18.pdf\">Ata extraordin\u00e1ria1 22.11.18<\/a><\/span><\/strong><\/p>\n<p><strong>Dezembro- <span style=\"color: #0000ff\"><a style=\"color: #0000ff\" href=\"http:\/\/institutos.ufrrj.br\/it\/wp-content\/uploads\/sites\/103\/2019\/01\/Ata-04.12.18.pdf\">Ata 04.12.18<\/a><\/span><\/strong><\/p>\n<p>&nbsp;<\/p>\n","protected":false},"excerpt":{"rendered":"<p>A partir de 2020 as atas ficaram dispon\u00edveis no SIPAC. 2019 Janeiro- N\u00e3o acorreu reuni\u00e3o por falta de qu\u00f3rum. Fevereiro- Cancelada. Mar\u00e7o- [&hellip;]<\/p>\n","protected":false},"author":29,"featured_media":0,"parent":0,"menu_order":0,"comment_status":"closed","ping_status":"closed","template":"","meta":{"_acf_changed":false,"_themeisle_gutenberg_block_has_review":false,"footnotes":"","_links_to":"","_links_to_target":""},"class_list":["post-142","page","type-page","status-publish","hentry"],"acf":[],"yoast_head":"<!-- This site is optimized with the Yoast SEO plugin v26.8 - https:\/\/yoast.com\/product\/yoast-seo-wordpress\/ -->\n<title>Atas CONSUNI - Instituto de Tecnologia<\/title>\n<meta name=\"robots\" content=\"index, follow, max-snippet:-1, max-image-preview:large, max-video-preview:-1\" \/>\n<link rel=\"canonical\" href=\"https:\/\/institutos.ufrrj.br\/it\/atas-consuni\/\" \/>\n<meta property=\"og:locale\" content=\"pt_BR\" \/>\n<meta property=\"og:type\" content=\"article\" \/>\n<meta property=\"og:title\" content=\"Atas CONSUNI - Instituto de Tecnologia\" \/>\n<meta property=\"og:description\" content=\"A partir de 2020 as atas ficaram dispon\u00edveis no SIPAC. 2019 Janeiro- N\u00e3o acorreu reuni\u00e3o por falta de qu\u00f3rum. Fevereiro- Cancelada. Mar\u00e7o- [&hellip;]\" \/>\n<meta property=\"og:url\" content=\"https:\/\/institutos.ufrrj.br\/it\/atas-consuni\/\" \/>\n<meta property=\"og:site_name\" content=\"Instituto de Tecnologia\" \/>\n<meta property=\"article:modified_time\" content=\"2022-06-22T17:55:30+00:00\" \/>\n<meta name=\"twitter:card\" content=\"summary_large_image\" \/>\n<meta name=\"twitter:label1\" content=\"Est. tempo de leitura\" \/>\n\t<meta name=\"twitter:data1\" content=\"1 minuto\" \/>\n<script type=\"application\/ld+json\" class=\"yoast-schema-graph\">{\"@context\":\"https:\/\/schema.org\",\"@graph\":[{\"@type\":\"WebPage\",\"@id\":\"https:\/\/institutos.ufrrj.br\/it\/atas-consuni\/\",\"url\":\"https:\/\/institutos.ufrrj.br\/it\/atas-consuni\/\",\"name\":\"Atas CONSUNI - Instituto de Tecnologia\",\"isPartOf\":{\"@id\":\"https:\/\/institutos.ufrrj.br\/it\/#website\"},\"datePublished\":\"2018-02-19T18:05:39+00:00\",\"dateModified\":\"2022-06-22T17:55:30+00:00\",\"breadcrumb\":{\"@id\":\"https:\/\/institutos.ufrrj.br\/it\/atas-consuni\/#breadcrumb\"},\"inLanguage\":\"pt-BR\",\"potentialAction\":[{\"@type\":\"ReadAction\",\"target\":[\"https:\/\/institutos.ufrrj.br\/it\/atas-consuni\/\"]}]},{\"@type\":\"BreadcrumbList\",\"@id\":\"https:\/\/institutos.ufrrj.br\/it\/atas-consuni\/#breadcrumb\",\"itemListElement\":[{\"@type\":\"ListItem\",\"position\":1,\"name\":\"In\u00edcio\",\"item\":\"https:\/\/institutos.ufrrj.br\/it\/\"},{\"@type\":\"ListItem\",\"position\":2,\"name\":\"Atas CONSUNI\"}]},{\"@type\":\"WebSite\",\"@id\":\"https:\/\/institutos.ufrrj.br\/it\/#website\",\"url\":\"https:\/\/institutos.ufrrj.br\/it\/\",\"name\":\"Instituto de Tecnologia\",\"description\":\"Universidade Federal Rural do Rio de Janeiro \u2013 UFRRJ\",\"potentialAction\":[{\"@type\":\"SearchAction\",\"target\":{\"@type\":\"EntryPoint\",\"urlTemplate\":\"https:\/\/institutos.ufrrj.br\/it\/?s={search_term_string}\"},\"query-input\":{\"@type\":\"PropertyValueSpecification\",\"valueRequired\":true,\"valueName\":\"search_term_string\"}}],\"inLanguage\":\"pt-BR\"}]}<\/script>\n<!-- \/ Yoast SEO plugin. -->","yoast_head_json":{"title":"Atas CONSUNI - Instituto de Tecnologia","robots":{"index":"index","follow":"follow","max-snippet":"max-snippet:-1","max-image-preview":"max-image-preview:large","max-video-preview":"max-video-preview:-1"},"canonical":"https:\/\/institutos.ufrrj.br\/it\/atas-consuni\/","og_locale":"pt_BR","og_type":"article","og_title":"Atas CONSUNI - Instituto de Tecnologia","og_description":"A partir de 2020 as atas ficaram dispon\u00edveis no SIPAC. 2019 Janeiro- N\u00e3o acorreu reuni\u00e3o por falta de qu\u00f3rum. Fevereiro- Cancelada. Mar\u00e7o- [&hellip;]","og_url":"https:\/\/institutos.ufrrj.br\/it\/atas-consuni\/","og_site_name":"Instituto de Tecnologia","article_modified_time":"2022-06-22T17:55:30+00:00","twitter_card":"summary_large_image","twitter_misc":{"Est. tempo de leitura":"1 minuto"},"schema":{"@context":"https:\/\/schema.org","@graph":[{"@type":"WebPage","@id":"https:\/\/institutos.ufrrj.br\/it\/atas-consuni\/","url":"https:\/\/institutos.ufrrj.br\/it\/atas-consuni\/","name":"Atas CONSUNI - Instituto de Tecnologia","isPartOf":{"@id":"https:\/\/institutos.ufrrj.br\/it\/#website"},"datePublished":"2018-02-19T18:05:39+00:00","dateModified":"2022-06-22T17:55:30+00:00","breadcrumb":{"@id":"https:\/\/institutos.ufrrj.br\/it\/atas-consuni\/#breadcrumb"},"inLanguage":"pt-BR","potentialAction":[{"@type":"ReadAction","target":["https:\/\/institutos.ufrrj.br\/it\/atas-consuni\/"]}]},{"@type":"BreadcrumbList","@id":"https:\/\/institutos.ufrrj.br\/it\/atas-consuni\/#breadcrumb","itemListElement":[{"@type":"ListItem","position":1,"name":"In\u00edcio","item":"https:\/\/institutos.ufrrj.br\/it\/"},{"@type":"ListItem","position":2,"name":"Atas CONSUNI"}]},{"@type":"WebSite","@id":"https:\/\/institutos.ufrrj.br\/it\/#website","url":"https:\/\/institutos.ufrrj.br\/it\/","name":"Instituto de Tecnologia","description":"Universidade Federal Rural do Rio de Janeiro \u2013 UFRRJ","potentialAction":[{"@type":"SearchAction","target":{"@type":"EntryPoint","urlTemplate":"https:\/\/institutos.ufrrj.br\/it\/?s={search_term_string}"},"query-input":{"@type":"PropertyValueSpecification","valueRequired":true,"valueName":"search_term_string"}}],"inLanguage":"pt-BR"}]}},"_links":{"self":[{"href":"https:\/\/institutos.ufrrj.br\/it\/wp-json\/wp\/v2\/pages\/142","targetHints":{"allow":["GET"]}}],"collection":[{"href":"https:\/\/institutos.ufrrj.br\/it\/wp-json\/wp\/v2\/pages"}],"about":[{"href":"https:\/\/institutos.ufrrj.br\/it\/wp-json\/wp\/v2\/types\/page"}],"author":[{"embeddable":true,"href":"https:\/\/institutos.ufrrj.br\/it\/wp-json\/wp\/v2\/users\/29"}],"replies":[{"embeddable":true,"href":"https:\/\/institutos.ufrrj.br\/it\/wp-json\/wp\/v2\/comments?post=142"}],"version-history":[{"count":31,"href":"https:\/\/institutos.ufrrj.br\/it\/wp-json\/wp\/v2\/pages\/142\/revisions"}],"predecessor-version":[{"id":661,"href":"https:\/\/institutos.ufrrj.br\/it\/wp-json\/wp\/v2\/pages\/142\/revisions\/661"}],"wp:attachment":[{"href":"https:\/\/institutos.ufrrj.br\/it\/wp-json\/wp\/v2\/media?parent=142"}],"curies":[{"name":"wp","href":"https:\/\/api.w.org\/{rel}","templated":true}]}}