{"id":174,"date":"2018-02-21T19:19:51","date_gmt":"2018-02-21T19:19:51","guid":{"rendered":"http:\/\/institutos.ufrrj.br\/it\/?page_id=174"},"modified":"2022-06-22T17:51:47","modified_gmt":"2022-06-22T17:51:47","slug":"calendario-consuni-2018","status":"publish","type":"page","link":"https:\/\/institutos.ufrrj.br\/it\/calendario-consuni-2018\/","title":{"rendered":"Calend\u00e1rio CONSUNI"},"content":{"rendered":"<p>CALEND\u00c1RIO DE REUNI\u00d5ES DO CONSUNI<\/p>\n","protected":false},"excerpt":{"rendered":"<p>CALEND\u00c1RIO DE REUNI\u00d5ES DO CONSUNI<\/p>\n","protected":false},"author":29,"featured_media":0,"parent":0,"menu_order":0,"comment_status":"closed","ping_status":"closed","template":"","meta":{"_acf_changed":false,"_themeisle_gutenberg_block_has_review":false,"footnotes":"","_links_to":"","_links_to_target":""},"class_list":["post-174","page","type-page","status-publish","hentry"],"acf":[],"yoast_head":"<!-- This site is optimized with the Yoast SEO plugin v26.8 - https:\/\/yoast.com\/product\/yoast-seo-wordpress\/ -->\n<title>Calend\u00e1rio CONSUNI - Instituto de Tecnologia<\/title>\n<meta name=\"robots\" content=\"index, follow, max-snippet:-1, max-image-preview:large, max-video-preview:-1\" \/>\n<link rel=\"canonical\" href=\"https:\/\/institutos.ufrrj.br\/it\/calendario-consuni-2018\/\" \/>\n<meta property=\"og:locale\" content=\"pt_BR\" \/>\n<meta property=\"og:type\" content=\"article\" \/>\n<meta property=\"og:title\" content=\"Calend\u00e1rio CONSUNI - Instituto de Tecnologia\" \/>\n<meta property=\"og:description\" content=\"CALEND\u00c1RIO DE REUNI\u00d5ES DO CONSUNI\" \/>\n<meta property=\"og:url\" content=\"https:\/\/institutos.ufrrj.br\/it\/calendario-consuni-2018\/\" \/>\n<meta property=\"og:site_name\" content=\"Instituto de Tecnologia\" \/>\n<meta property=\"article:modified_time\" content=\"2022-06-22T17:51:47+00:00\" \/>\n<meta name=\"twitter:card\" content=\"summary_large_image\" \/>\n<script type=\"application\/ld+json\" class=\"yoast-schema-graph\">{\"@context\":\"https:\/\/schema.org\",\"@graph\":[{\"@type\":\"WebPage\",\"@id\":\"https:\/\/institutos.ufrrj.br\/it\/calendario-consuni-2018\/\",\"url\":\"https:\/\/institutos.ufrrj.br\/it\/calendario-consuni-2018\/\",\"name\":\"Calend\u00e1rio CONSUNI - Instituto de Tecnologia\",\"isPartOf\":{\"@id\":\"https:\/\/institutos.ufrrj.br\/it\/#website\"},\"datePublished\":\"2018-02-21T19:19:51+00:00\",\"dateModified\":\"2022-06-22T17:51:47+00:00\",\"breadcrumb\":{\"@id\":\"https:\/\/institutos.ufrrj.br\/it\/calendario-consuni-2018\/#breadcrumb\"},\"inLanguage\":\"pt-BR\",\"potentialAction\":[{\"@type\":\"ReadAction\",\"target\":[\"https:\/\/institutos.ufrrj.br\/it\/calendario-consuni-2018\/\"]}]},{\"@type\":\"BreadcrumbList\",\"@id\":\"https:\/\/institutos.ufrrj.br\/it\/calendario-consuni-2018\/#breadcrumb\",\"itemListElement\":[{\"@type\":\"ListItem\",\"position\":1,\"name\":\"In\u00edcio\",\"item\":\"https:\/\/institutos.ufrrj.br\/it\/\"},{\"@type\":\"ListItem\",\"position\":2,\"name\":\"Calend\u00e1rio CONSUNI\"}]},{\"@type\":\"WebSite\",\"@id\":\"https:\/\/institutos.ufrrj.br\/it\/#website\",\"url\":\"https:\/\/institutos.ufrrj.br\/it\/\",\"name\":\"Instituto de Tecnologia\",\"description\":\"Universidade Federal Rural do Rio de Janeiro \u2013 UFRRJ\",\"potentialAction\":[{\"@type\":\"SearchAction\",\"target\":{\"@type\":\"EntryPoint\",\"urlTemplate\":\"https:\/\/institutos.ufrrj.br\/it\/?s={search_term_string}\"},\"query-input\":{\"@type\":\"PropertyValueSpecification\",\"valueRequired\":true,\"valueName\":\"search_term_string\"}}],\"inLanguage\":\"pt-BR\"}]}<\/script>\n<!-- \/ Yoast SEO plugin. -->","yoast_head_json":{"title":"Calend\u00e1rio CONSUNI - Instituto de Tecnologia","robots":{"index":"index","follow":"follow","max-snippet":"max-snippet:-1","max-image-preview":"max-image-preview:large","max-video-preview":"max-video-preview:-1"},"canonical":"https:\/\/institutos.ufrrj.br\/it\/calendario-consuni-2018\/","og_locale":"pt_BR","og_type":"article","og_title":"Calend\u00e1rio CONSUNI - Instituto de Tecnologia","og_description":"CALEND\u00c1RIO DE REUNI\u00d5ES DO CONSUNI","og_url":"https:\/\/institutos.ufrrj.br\/it\/calendario-consuni-2018\/","og_site_name":"Instituto de Tecnologia","article_modified_time":"2022-06-22T17:51:47+00:00","twitter_card":"summary_large_image","schema":{"@context":"https:\/\/schema.org","@graph":[{"@type":"WebPage","@id":"https:\/\/institutos.ufrrj.br\/it\/calendario-consuni-2018\/","url":"https:\/\/institutos.ufrrj.br\/it\/calendario-consuni-2018\/","name":"Calend\u00e1rio CONSUNI - Instituto de Tecnologia","isPartOf":{"@id":"https:\/\/institutos.ufrrj.br\/it\/#website"},"datePublished":"2018-02-21T19:19:51+00:00","dateModified":"2022-06-22T17:51:47+00:00","breadcrumb":{"@id":"https:\/\/institutos.ufrrj.br\/it\/calendario-consuni-2018\/#breadcrumb"},"inLanguage":"pt-BR","potentialAction":[{"@type":"ReadAction","target":["https:\/\/institutos.ufrrj.br\/it\/calendario-consuni-2018\/"]}]},{"@type":"BreadcrumbList","@id":"https:\/\/institutos.ufrrj.br\/it\/calendario-consuni-2018\/#breadcrumb","itemListElement":[{"@type":"ListItem","position":1,"name":"In\u00edcio","item":"https:\/\/institutos.ufrrj.br\/it\/"},{"@type":"ListItem","position":2,"name":"Calend\u00e1rio CONSUNI"}]},{"@type":"WebSite","@id":"https:\/\/institutos.ufrrj.br\/it\/#website","url":"https:\/\/institutos.ufrrj.br\/it\/","name":"Instituto de Tecnologia","description":"Universidade Federal Rural do Rio de Janeiro \u2013 UFRRJ","potentialAction":[{"@type":"SearchAction","target":{"@type":"EntryPoint","urlTemplate":"https:\/\/institutos.ufrrj.br\/it\/?s={search_term_string}"},"query-input":{"@type":"PropertyValueSpecification","valueRequired":true,"valueName":"search_term_string"}}],"inLanguage":"pt-BR"}]}},"_links":{"self":[{"href":"https:\/\/institutos.ufrrj.br\/it\/wp-json\/wp\/v2\/pages\/174","targetHints":{"allow":["GET"]}}],"collection":[{"href":"https:\/\/institutos.ufrrj.br\/it\/wp-json\/wp\/v2\/pages"}],"about":[{"href":"https:\/\/institutos.ufrrj.br\/it\/wp-json\/wp\/v2\/types\/page"}],"author":[{"embeddable":true,"href":"https:\/\/institutos.ufrrj.br\/it\/wp-json\/wp\/v2\/users\/29"}],"replies":[{"embeddable":true,"href":"https:\/\/institutos.ufrrj.br\/it\/wp-json\/wp\/v2\/comments?post=174"}],"version-history":[{"count":7,"href":"https:\/\/institutos.ufrrj.br\/it\/wp-json\/wp\/v2\/pages\/174\/revisions"}],"predecessor-version":[{"id":592,"href":"https:\/\/institutos.ufrrj.br\/it\/wp-json\/wp\/v2\/pages\/174\/revisions\/592"}],"wp:attachment":[{"href":"https:\/\/institutos.ufrrj.br\/it\/wp-json\/wp\/v2\/media?parent=174"}],"curies":[{"name":"wp","href":"https:\/\/api.w.org\/{rel}","templated":true}]}}