{"id":106,"date":"2022-08-08T21:00:57","date_gmt":"2022-08-09T00:00:57","guid":{"rendered":"http:\/\/r1.ufrrj.br\/wp\/iv\/"},"modified":"2024-01-31T15:21:59","modified_gmt":"2024-01-31T18:21:59","slug":"hospital-veterinario","status":"publish","type":"page","link":"https:\/\/institutos.ufrrj.br\/iv\/estrutura\/hospital-veterinario\/","title":{"rendered":"Hospital Veterin\u00e1rio"},"content":{"rendered":"<h2><strong>Hospital Veterin\u00e1rio da UFRRJ<\/strong><\/h2>\n<p>No Hospital Veterin\u00e1rio da UFRRJ s\u00e3o realizadas atividades de pesquisa, ensino e extens\u00e3o. Nossa equipe de m\u00e9dicos veterin\u00e1rios \u00e9 composta por professores, alunos de p\u00f3s-gradua\u00e7\u00e3o e m\u00e9dicos veterin\u00e1rios especialistas que atuam no treinamento pr\u00e1tico de alunos de gradua\u00e7\u00e3o e de p\u00f3s-gradua\u00e7\u00e3o, na realiza\u00e7\u00e3o de pesquisas cient\u00edficas e no atendimento ao p\u00fablico em geral.<\/p>\n<p>Contamos com dois grandes setores \u2013 o setor de atendimento de pequenos animais e de animais selvagens e o setor de atendimento de grandes animais.<\/p>\n<p><strong>Diretor e Respons\u00e1vel T\u00e9cnico: M.V. Cristiano Chaves Pessoa da Veiga.<br \/>\n<\/strong><\/p>\n<p>Telefone: (21) 2682-1711 \/ (21) 2682-1637<\/p>\n<p>________________________________________________________________________________<\/p>\n<h2><strong>Funcionamento<\/strong><\/h2>\n<p><strong>21 96667-3701<\/strong><img loading=\"lazy\" decoding=\"async\" class=\"alignleft wp-image-2706\" src=\"https:\/\/institutos.ufrrj.br\/iv\/wp-content\/uploads\/sites\/107\/2022\/08\/whatsapp-291x300.png\" alt=\"\" width=\"40\" height=\"41\" srcset=\"https:\/\/institutos.ufrrj.br\/iv\/wp-content\/uploads\/sites\/107\/2022\/08\/whatsapp-291x300.png 291w, https:\/\/institutos.ufrrj.br\/iv\/wp-content\/uploads\/sites\/107\/2022\/08\/whatsapp-150x150.png 150w, https:\/\/institutos.ufrrj.br\/iv\/wp-content\/uploads\/sites\/107\/2022\/08\/whatsapp-75x75.png 75w, https:\/\/institutos.ufrrj.br\/iv\/wp-content\/uploads\/sites\/107\/2022\/08\/whatsapp-100x100.png 100w, https:\/\/institutos.ufrrj.br\/iv\/wp-content\/uploads\/sites\/107\/2022\/08\/whatsapp.png 600w\" sizes=\"auto, (max-width: 40px) 100vw, 40px\" \/><\/p>\n<p>&nbsp;<\/p>\n<p>Nosso hor\u00e1rio de funcionamento \u00e9 de segunda a sexta das 8hs \u00e0s 17hs. <strong>Para agendamentos de atendimentos e informa\u00e7\u00f5es entrar em contato no n\u00famero 21 96667-3701 \u2013 somente por mensagem via \u201cwhatsapp\u201d.<\/strong><\/p>\n<p>e-mail: hvpa@ufrrj.br<\/p>\n<p><span style=\"color: #ff0000\"><strong>Aten\u00e7\u00e3o: <\/strong><\/span><\/p>\n<p><span style=\"color: #ff0000\"><strong>N\u00e3o fornecemos or\u00e7amentos de cirurgias ou procedimentos por telefone ou email. Todos os or\u00e7amentos somente s\u00e3o fornecidos pelo m\u00e9dico veterin\u00e1rio respons\u00e1vel pelo atendimento ap\u00f3s a avalia\u00e7\u00e3o e determina\u00e7\u00e3o de conduta terap\u00eautica individualmente para o paciente.<\/strong><\/span><\/p>\n<p><span style=\"color: #ff0000\"><strong>N\u00e3o realizamos cirurgias de castra\u00e7\u00e3o eletivas e nem servi\u00e7o de vacina\u00e7\u00e3o.<\/strong><\/span><\/p>\n<p><span style=\"color: #ff0000\"><strong>Servi\u00e7o de diagn\u00f3stico de imagem (ultrassonografia e radiografia) s\u00e3o realizados apenas para pacientes do pr\u00f3prio HV.<\/strong><\/span><\/p>\n<p><strong>____________________________________\u00ad_____________________________________<\/strong><\/p>\n<h2><strong>Setor de Pequenos Animais e de Animais Selvagens e Pets Ex\u00f3ticos<\/strong><\/h2>\n<p>Disponibilizamos para atendimento ao p\u00fablico uma equipe de capacitados m\u00e9dicos veterin\u00e1rios que atuam em diferentes especialidades, proporcionando atendimento com qualidade e respeito aos animais.<\/p>\n<p>Nossos servi\u00e7os incluem:<\/p>\n<p>\u2013 Cl\u00ednica m\u00e9dica de c\u00e3es<\/p>\n<p>\u2013 Cl\u00ednica m\u00e9dica de gatos<\/p>\n<p>\u2013 Cardiologia<\/p>\n<p>\u2013 Dermatologia<\/p>\n<p>\u2013 Oftalmologia<\/p>\n<p>\u2013 Oncologia<\/p>\n<p>\u2013 Nefrologia<\/p>\n<p>\u2013 Neurologia<\/p>\n<p>&#8211; Acupuntura<\/p>\n<p>&#8211; Animais selvagens e pets ex\u00f3ticos<\/p>\n<p>&#8211; Cirurgia geral e Anestesiologia<\/p>\n<p>&#8211; Diagn\u00f3stico por imagem<\/p>\n<p>Para complementar nossos servi\u00e7os contamos com o apoio dos setores de Cl\u00ednica Cir\u00fargica, Diagn\u00f3stico por Imagem e dos Laborat\u00f3rios do Instituto de Veterin\u00e1ria: Microbiologia, Parasitologia, Patologia Cl\u00ednica Veterin\u00e1ria, Patologia Veterin\u00e1ria e Diagn\u00f3stico Molecular.<\/p>\n<p><strong>Respons\u00e1vel: M. V. Cec\u00edlia Azevedo Dias<\/strong> &#8211; <a href=\"mailto:ceciliadias@ufrrj.br\">ceciliadias@ufrrj.br<\/a><\/p>\n<p>________________________________________________________________________________<\/p>\n<h2><strong>Setor de Grandes Animais <\/strong><\/h2>\n<p>O setor de grandes animais do Hospital Veterin\u00e1rio oferece atendimentos nas \u00e1reas de cl\u00ednica m\u00e9dica e cir\u00fargica para animais de produ\u00e7\u00e3o e equ\u00eddeos. Todas as esp\u00e9cies de animais de produ\u00e7\u00e3o dom\u00e9sticas s\u00e3o atendidas, e eventualmente, algumas esp\u00e9cies de ruminantes e monog\u00e1stricos selvagens.<\/p>\n<p>Apoiar as atividades de ensino, pesquisa e extens\u00e3o, que s\u00e3o desenvolvidas atrav\u00e9s do atendimento aos animais oriundos de propriedade lim\u00edtrofes, trazidos pela comunidade e, pelos atendimentos realizados nas unidades de produ\u00e7\u00e3o animal da pr\u00f3pria UFRRJ, \u00e9 o principal objetivo.<\/p>\n<p>Nosso hor\u00e1rio de funcionamento \u00e9 de segunda a sexta das 8hs \u00e0s 17hs. N\u00e3o \u00e9 necess\u00e1rio agendamento pr\u00e9vio dentro do hor\u00e1rio de funcionamento. Informa\u00e7\u00f5es presencialmente ou atrav\u00e9s do e-mail hvpa@ufrrj.br.<\/p>\n<p><strong>Respons\u00e1vel: M.V. Vin\u00edcius Carvalho de Souza<\/strong><\/p>\n<p>Fotos: Profa Ana Paula Marques<\/p>\n<p><img decoding=\"async\" src=\"http:\/\/institutos.ufrrj.br\/iv\/wp-content\/uploads\/sites\/107\/2020\/05\/PHOTO-2020-05-20-12-25-45-1-300x169.jpg\" \/><\/p>\n<p><img loading=\"lazy\" decoding=\"async\" class=\"alignnone size-medium wp-image-2199\" src=\"http:\/\/institutos.ufrrj.br\/iv\/wp-content\/uploads\/sites\/107\/2020\/05\/PHOTO-2020-05-20-12-20-56_2-300x225.jpg\" alt=\"\" width=\"300\" height=\"225\" srcset=\"https:\/\/institutos.ufrrj.br\/iv\/wp-content\/uploads\/sites\/107\/2020\/05\/PHOTO-2020-05-20-12-20-56_2-300x225.jpg 300w, https:\/\/institutos.ufrrj.br\/iv\/wp-content\/uploads\/sites\/107\/2020\/05\/PHOTO-2020-05-20-12-20-56_2-768x576.jpg 768w, https:\/\/institutos.ufrrj.br\/iv\/wp-content\/uploads\/sites\/107\/2020\/05\/PHOTO-2020-05-20-12-20-56_2-1024x768.jpg 1024w, https:\/\/institutos.ufrrj.br\/iv\/wp-content\/uploads\/sites\/107\/2020\/05\/PHOTO-2020-05-20-12-20-56_2.jpg 1040w\" sizes=\"auto, (max-width: 300px) 100vw, 300px\" \/><\/p>\n<p><img loading=\"lazy\" decoding=\"async\" class=\"alignnone size-medium wp-image-2198\" src=\"http:\/\/institutos.ufrrj.br\/iv\/wp-content\/uploads\/sites\/107\/2020\/05\/PHOTO-2020-05-20-12-20-56_1-300x225.jpg\" alt=\"\" width=\"300\" height=\"225\" srcset=\"https:\/\/institutos.ufrrj.br\/iv\/wp-content\/uploads\/sites\/107\/2020\/05\/PHOTO-2020-05-20-12-20-56_1-300x225.jpg 300w, https:\/\/institutos.ufrrj.br\/iv\/wp-content\/uploads\/sites\/107\/2020\/05\/PHOTO-2020-05-20-12-20-56_1-768x576.jpg 768w, https:\/\/institutos.ufrrj.br\/iv\/wp-content\/uploads\/sites\/107\/2020\/05\/PHOTO-2020-05-20-12-20-56_1-1024x768.jpg 1024w, https:\/\/institutos.ufrrj.br\/iv\/wp-content\/uploads\/sites\/107\/2020\/05\/PHOTO-2020-05-20-12-20-56_1.jpg 1040w\" sizes=\"auto, (max-width: 300px) 100vw, 300px\" \/><\/p>\n<p><img loading=\"lazy\" decoding=\"async\" class=\"alignnone size-medium wp-image-2197\" src=\"http:\/\/institutos.ufrrj.br\/iv\/wp-content\/uploads\/sites\/107\/2020\/05\/PHOTO-2020-05-20-12-20-56-300x225.jpg\" alt=\"\" width=\"300\" height=\"225\" srcset=\"https:\/\/institutos.ufrrj.br\/iv\/wp-content\/uploads\/sites\/107\/2020\/05\/PHOTO-2020-05-20-12-20-56-300x225.jpg 300w, https:\/\/institutos.ufrrj.br\/iv\/wp-content\/uploads\/sites\/107\/2020\/05\/PHOTO-2020-05-20-12-20-56-768x576.jpg 768w, https:\/\/institutos.ufrrj.br\/iv\/wp-content\/uploads\/sites\/107\/2020\/05\/PHOTO-2020-05-20-12-20-56-1024x768.jpg 1024w, https:\/\/institutos.ufrrj.br\/iv\/wp-content\/uploads\/sites\/107\/2020\/05\/PHOTO-2020-05-20-12-20-56.jpg 1040w\" sizes=\"auto, (max-width: 300px) 100vw, 300px\" \/><\/p>\n<p><img loading=\"lazy\" decoding=\"async\" class=\"alignnone size-medium wp-image-2194\" src=\"http:\/\/institutos.ufrrj.br\/iv\/wp-content\/uploads\/sites\/107\/2020\/05\/PHOTO-2020-05-20-12-20-55-225x300.jpg\" alt=\"\" width=\"225\" height=\"300\" srcset=\"https:\/\/institutos.ufrrj.br\/iv\/wp-content\/uploads\/sites\/107\/2020\/05\/PHOTO-2020-05-20-12-20-55-225x300.jpg 225w, https:\/\/institutos.ufrrj.br\/iv\/wp-content\/uploads\/sites\/107\/2020\/05\/PHOTO-2020-05-20-12-20-55-768x1024.jpg 768w, https:\/\/institutos.ufrrj.br\/iv\/wp-content\/uploads\/sites\/107\/2020\/05\/PHOTO-2020-05-20-12-20-55.jpg 780w\" sizes=\"auto, (max-width: 225px) 100vw, 225px\" \/><\/p>\n<p><img loading=\"lazy\" decoding=\"async\" class=\"alignnone size-medium wp-image-2192\" src=\"http:\/\/institutos.ufrrj.br\/iv\/wp-content\/uploads\/sites\/107\/2020\/05\/PHOTO-2020-05-20-12-20-53-300x225.jpg\" alt=\"\" width=\"300\" height=\"225\" srcset=\"https:\/\/institutos.ufrrj.br\/iv\/wp-content\/uploads\/sites\/107\/2020\/05\/PHOTO-2020-05-20-12-20-53-300x225.jpg 300w, https:\/\/institutos.ufrrj.br\/iv\/wp-content\/uploads\/sites\/107\/2020\/05\/PHOTO-2020-05-20-12-20-53-768x576.jpg 768w, https:\/\/institutos.ufrrj.br\/iv\/wp-content\/uploads\/sites\/107\/2020\/05\/PHOTO-2020-05-20-12-20-53-1024x768.jpg 1024w, https:\/\/institutos.ufrrj.br\/iv\/wp-content\/uploads\/sites\/107\/2020\/05\/PHOTO-2020-05-20-12-20-53.jpg 1040w\" sizes=\"auto, (max-width: 300px) 100vw, 300px\" \/><\/p>\n<p>________________________________________________________________________________<\/p>\n<h2><strong>\u00ad\u00ad\u00ad\u00ad\u00ad\u00ad\u00ad\u00ad\u00ad\u00ad\u00adEst\u00e1gios<\/strong><\/h2>\n<p class=\"western\" style=\"margin-bottom: 0cm\">Informa\u00e7\u00f5es e solicita\u00e7\u00f5es sobre est\u00e1gios encaminhar mensagens para o e-mail: <a href=\"mailto:estagioshv.ufrrj@yahoo.com\">estagioshv.ufrrj@yahoo.com<\/a> ou presencialmente na sala 25, 2 andar do Hospital Veterin\u00e1rio \u2013 setor de Pequenos Animais, junto \u00e0 Coordena\u00e7\u00e3o de Est\u00e1gios.<\/p>\n<p class=\"western\" style=\"margin-bottom: 0cm;font-weight: normal;text-decoration: none\">\n","protected":false},"excerpt":{"rendered":"<p>Hospital Veterin\u00e1rio da UFRRJ No Hospital Veterin\u00e1rio da UFRRJ s\u00e3o realizadas atividades de pesquisa, ensino e extens\u00e3o. Nossa equipe de <a class=\"read-more\" href=\"https:\/\/institutos.ufrrj.br\/iv\/estrutura\/hospital-veterinario\/ \" >&#8230; <span class=\"font-italic\">leia mais <i class=\"fas fa-angle-right\"><\/i><\/span><\/a><\/p>\n","protected":false},"author":20,"featured_media":0,"parent":19,"menu_order":3,"comment_status":"closed","ping_status":"closed","template":"","meta":{"_themeisle_gutenberg_block_has_review":false,"footnotes":""},"class_list":["post-106","page","type-page","status-publish","hentry"],"_links":{"self":[{"href":"https:\/\/institutos.ufrrj.br\/iv\/wp-json\/wp\/v2\/pages\/106","targetHints":{"allow":["GET"]}}],"collection":[{"href":"https:\/\/institutos.ufrrj.br\/iv\/wp-json\/wp\/v2\/pages"}],"about":[{"href":"https:\/\/institutos.ufrrj.br\/iv\/wp-json\/wp\/v2\/types\/page"}],"author":[{"embeddable":true,"href":"https:\/\/institutos.ufrrj.br\/iv\/wp-json\/wp\/v2\/users\/20"}],"replies":[{"embeddable":true,"href":"https:\/\/institutos.ufrrj.br\/iv\/wp-json\/wp\/v2\/comments?post=106"}],"version-history":[{"count":7,"href":"https:\/\/institutos.ufrrj.br\/iv\/wp-json\/wp\/v2\/pages\/106\/revisions"}],"predecessor-version":[{"id":2848,"href":"https:\/\/institutos.ufrrj.br\/iv\/wp-json\/wp\/v2\/pages\/106\/revisions\/2848"}],"up":[{"embeddable":true,"href":"https:\/\/institutos.ufrrj.br\/iv\/wp-json\/wp\/v2\/pages\/19"}],"wp:attachment":[{"href":"https:\/\/institutos.ufrrj.br\/iv\/wp-json\/wp\/v2\/media?parent=106"}],"curies":[{"name":"wp","href":"https:\/\/api.w.org\/{rel}","templated":true}]}}