{"id":11,"date":"2020-04-20T20:00:21","date_gmt":"2020-04-20T23:00:21","guid":{"rendered":"http:\/\/r1.ufrrj.br\/wp\/iv\/"},"modified":"2022-09-23T11:06:20","modified_gmt":"2022-09-23T14:06:20","slug":"desp","status":"publish","type":"page","link":"https:\/\/institutos.ufrrj.br\/iv\/departamentos\/desp\/","title":{"rendered":"Departamento de Epidemiologia e Sa\u00fade P\u00fablica (DESP)"},"content":{"rendered":"<p style=\"margin: 15px auto;font-size: 1.1em;padding: 0px\"><img loading=\"lazy\" decoding=\"async\" class=\"wp-image-2032 alignleft\" style=\"padding: 5px;width: 152px;height: 158px;margin-left: 5px\" src=\"http:\/\/institutos.ufrrj.br\/iv\/wp-content\/uploads\/sites\/107\/2020\/05\/Logo-desp-296x300.png\" alt=\"\" width=\"296\" height=\"300\" align=\"right\" border=\"0\" srcset=\"https:\/\/institutos.ufrrj.br\/iv\/wp-content\/uploads\/sites\/107\/2020\/05\/Logo-desp-296x300.png 296w, https:\/\/institutos.ufrrj.br\/iv\/wp-content\/uploads\/sites\/107\/2020\/05\/Logo-desp-768x778.png 768w, https:\/\/institutos.ufrrj.br\/iv\/wp-content\/uploads\/sites\/107\/2020\/05\/Logo-desp-1010x1024.png 1010w, https:\/\/institutos.ufrrj.br\/iv\/wp-content\/uploads\/sites\/107\/2020\/05\/Logo-desp-75x75.png 75w, https:\/\/institutos.ufrrj.br\/iv\/wp-content\/uploads\/sites\/107\/2020\/05\/Logo-desp-100x100.png 100w\" sizes=\"auto, (max-width: 296px) 100vw, 296px\" \/><\/p>\n<h4 style=\"text-align: justify\"><strong>Departamento de Epidemiologia e Sa\u00fade P\u00fablica<\/strong><\/h4>\n<p style=\"text-align: justify\">\u00c9 composto por 24 servidores, incluindo t\u00e9cnicos administrativos e docentes, estando lotado no Instituto de Veterin\u00e1ria e oferecendo a cada semestre letivo 18 disciplinas de gradua\u00e7\u00e3o e p\u00f3s-gradua\u00e7\u00e3o, atendendo aproximadamente 950 alunos por per\u00edodo letivo.<\/p>\n<p style=\"text-align: justify\">Devido \u00e0s preocupa\u00e7\u00f5es crescentes na \u00e1rea de Sa\u00fade P\u00fablica, principalmente na ocorr\u00eancia de zoonoses emergentes, o Departamento de Sa\u00fade P\u00fablica ganha relev\u00e2ncia no cen\u00e1rio regional para o desenvolvimento de medidas aplicadas em educa\u00e7\u00e3o sanit\u00e1ria para as popula\u00e7\u00f5es adjacentes.<\/p>\n<p style=\"text-align: justify\">\n<p><strong>Chefe:<\/strong> Tiago Marques dos Santos<\/p>\n<p><strong>Subchefe:<\/strong> M\u00e1rcio Reis\u00a0Pereira de Sousa<\/p>\n<p><strong>Sala:<\/strong> 39 do Pr\u00e9dio Principal do IV<\/p>\n<p><strong>Telefone:<\/strong> (21)\u00a02682-4886<\/p>\n<p><strong>E-mail:\u00a0<\/strong>desp-iv@ufrrj.br<\/p>\n","protected":false},"excerpt":{"rendered":"<p>Departamento de Epidemiologia e Sa\u00fade P\u00fablica \u00c9 composto por 24 servidores, incluindo t\u00e9cnicos administrativos e docentes, estando lotado no Instituto <a class=\"read-more\" href=\"https:\/\/institutos.ufrrj.br\/iv\/departamentos\/desp\/ \" >&#8230; <span class=\"font-italic\">leia mais <i class=\"fas fa-angle-right\"><\/i><\/span><\/a><\/p>\n","protected":false},"author":20,"featured_media":0,"parent":9,"menu_order":1,"comment_status":"closed","ping_status":"closed","template":"","meta":{"_themeisle_gutenberg_block_has_review":false,"footnotes":""},"class_list":["post-11","page","type-page","status-publish","hentry"],"_links":{"self":[{"href":"https:\/\/institutos.ufrrj.br\/iv\/wp-json\/wp\/v2\/pages\/11","targetHints":{"allow":["GET"]}}],"collection":[{"href":"https:\/\/institutos.ufrrj.br\/iv\/wp-json\/wp\/v2\/pages"}],"about":[{"href":"https:\/\/institutos.ufrrj.br\/iv\/wp-json\/wp\/v2\/types\/page"}],"author":[{"embeddable":true,"href":"https:\/\/institutos.ufrrj.br\/iv\/wp-json\/wp\/v2\/users\/20"}],"replies":[{"embeddable":true,"href":"https:\/\/institutos.ufrrj.br\/iv\/wp-json\/wp\/v2\/comments?post=11"}],"version-history":[{"count":9,"href":"https:\/\/institutos.ufrrj.br\/iv\/wp-json\/wp\/v2\/pages\/11\/revisions"}],"predecessor-version":[{"id":2714,"href":"https:\/\/institutos.ufrrj.br\/iv\/wp-json\/wp\/v2\/pages\/11\/revisions\/2714"}],"up":[{"embeddable":true,"href":"https:\/\/institutos.ufrrj.br\/iv\/wp-json\/wp\/v2\/pages\/9"}],"wp:attachment":[{"href":"https:\/\/institutos.ufrrj.br\/iv\/wp-json\/wp\/v2\/media?parent=11"}],"curies":[{"name":"wp","href":"https:\/\/api.w.org\/{rel}","templated":true}]}}