{"id":1180,"date":"2020-05-01T19:00:45","date_gmt":"2020-05-01T22:00:45","guid":{"rendered":"http:\/\/r1.ufrrj.br\/wp\/iv\/"},"modified":"2025-06-30T15:39:36","modified_gmt":"2025-06-30T18:39:36","slug":"programa-de-residencia-medica","status":"publish","type":"page","link":"https:\/\/institutos.ufrrj.br\/iv\/estrutura\/programa-de-residencia-medica\/","title":{"rendered":"Programa de Resid\u00eancia em Medicina Veterin\u00e1ria (PRMV)"},"content":{"rendered":"<p style=\"text-align: center\"><strong>Acesso aos Programas de Resid\u00eancia em Medicina Veterin\u00e1ria<\/strong><\/p>\n<p>Anualmente, a partir do inicio do 2\u00ba semestre letivo, ocorrem a publica\u00e7\u00e3o do edital e o processo seletivo de m\u00e9dicos veterin\u00e1rios para os Programas de Resid\u00eancia em \u00c1rea Profissional da Sa\u00fade \u2013 Medicina Veterin\u00e1ria da UFRRJ, com inicio de suas atividades a partir do 1\u00ba dia \u00fatil de mar\u00e7o do ano seguinte. O edital de sele\u00e7\u00e3o e todos os documentos necess\u00e1rios s\u00e3o publicados junto ao endere\u00e7o:<\/p>\n<p><a href=\"https:\/\/servicos.ufrrj.br\/concursos\/\">https:\/\/servicos.ufrrj.br\/concursos\/<\/a>.<\/p>\n<p>&nbsp;<\/p>\n<p><strong>Coordenador:<\/strong> Alexandre Jos\u00e9 Rodrigues Bendas<br \/>\n<strong>Coordenador substituto:<\/strong> Daniel de Almeida Balthazar<br \/>\n<strong>Secret\u00e1rio: <\/strong>Frank Sarubi<\/p>\n<p><strong>Sala:<\/strong> 25 do 2\u00ba andar do Hospital Veterin\u00e1rio de Pequenos Animais<br \/>\n<strong>E-mail: residenciavet.ufrrj@ufrrj.br<\/strong><\/p>\n<p>&nbsp;<\/p>\n<p><strong>Informa\u00e7\u00f5es:<\/strong>\u00a030 vagas por ano distribu\u00eddas em 16 programas.<\/p>\n<ol>\n<li>PRMV-Anestesiologia e Medicina de Emerg\u00eancia Veterin\u00e1ria<\/li>\n<li>PRMV-Cardiologia e Doen\u00e7as Respirat\u00f3rias de Animais de Companhia<\/li>\n<li>PRMV-Cl\u00ednica Cir\u00fargica de Animais de Companhia<\/li>\n<li>PRMV-Cl\u00ednica M\u00e9dica de Gatos Dom\u00e9sticos<\/li>\n<li>PRMV-Cl\u00ednica M\u00e9dica e Cir\u00fargica de Grandes Animais<\/li>\n<li>PRMV-Cl\u00ednica M\u00e9dica de Animais de Companhia<\/li>\n<li>PRMV-Dermatologia de Animais de Companhia<\/li>\n<li>PRMV-Diagn\u00f3stico em Parasitologia Animal<\/li>\n<li>PRMV-Diagn\u00f3stico Microbiol\u00f3gico Veterin\u00e1rio<\/li>\n<li>PRMV-Diagn\u00f3stico por Imagem em Medicina Veterin\u00e1ria<\/li>\n<li>PRMV-Medicina e Conserva\u00e7\u00e3o de Animais Selvagens<\/li>\n<li>PRMV-Oftalmologia de Animais de Companhia<\/li>\n<li>PRMV-Oncologia de Animais de Companhia<\/li>\n<li>PRMV-Patologia Animal<\/li>\n<li>PRMV-Patologia Cl\u00ednica Veterin\u00e1ria<\/li>\n<li>PRMV-Vigil\u00e2ncia e Aten\u00e7\u00e3o B\u00e1sica \u00e0 Sa\u00fade<\/li>\n<\/ol>\n<p><a href=\"https:\/\/institutos.ufrrj.br\/iv\/wp-content\/uploads\/sites\/107\/2023\/03\/Projeto-Politico-Pedagogico-Vigilancia-e-Atencao-Basica-a-Saude.pdf\">Projeto Pol\u00edtico Pedag\u00f3gico Vigil\u00e2ncia e Aten\u00e7\u00e3o B\u00e1sica \u00e0 Sa\u00fade<\/a><\/p>\n<p>xxxxxxxxxxxxxxxxxxxxxxxxxxxxxxxxxxxxxxxxxxx<\/p>\n<p>EDITAL N\u00ba 41 DE 12 DE JULHO DE 2024. (Publicado no DOU em 15\/07\/2024, se\u00e7\u00e3o 3, p\u00e1ginas 160\/162)<\/p>\n<p>EDITAL DE SELE\u00c7\u00c3O 2025 DOS PROGRAMAS DE RESID\u00caNCIA EM \u00c1REA PROFISSIONAL DA SA\u00daDE &#8211; MEDICINA VETERIN\u00c1RIA DA UNIVERSIDADE FEDERAL RURAL DO RIO DE JANEIRO<\/p>\n<p>&nbsp;<\/p>\n<p><a href=\"https:\/\/institutos.ufrrj.br\/iv\/wp-content\/uploads\/sites\/107\/2024\/07\/EDITAL-DE-SELEC\u0327A\u0303O-2025-RESIDENCIA-EM-MED.-VETERINA\u0301RIA-NA-INTEGRA.pdf\">EDITAL DE SELEC\u0327A\u0303O 2025 &#8211; RESIDENCIA EM MED. VETERINA\u0301RIA &#8211; NA INTEGRA<\/a><\/p>\n<p><a href=\"https:\/\/institutos.ufrrj.br\/iv\/wp-content\/uploads\/sites\/107\/2025\/06\/2026.EDITAL-RESIDENCIA-MED.VET_.UFRRJ-COMPLETO.pdf\">2026.EDITAL RESIDENCIA MED.VET.UFRRJ &#8211; COMPLETO<\/a><\/p>\n<p>xxxxxxxxxxxxxxxxxxxxxxxxxxxxxxxxxxxxxxxxxxxxxx<\/p>\n<p>PROVAS TE\u00d3RICAS &#8211; SELE\u00c7\u00c3O 2025 &#8211; RESID\u00caNCIA EM MEDICINA VETERIN\u00c1RIA- 19\/10\/2024<\/p>\n<p><a href=\"https:\/\/institutos.ufrrj.br\/iv\/wp-content\/uploads\/sites\/107\/2024\/11\/PROVAS-2025-RESIDENCIA-EM-MED.-VET.-UFRRJ.pdf\">PROVAS 2025 &#8211; RESIDENCIA EM MED. VET. UFRRJ<\/a><\/p>\n<p>&nbsp;<\/p>\n<div class=\"page\" title=\"Page 1\">\n<div class=\"layoutArea\">\n<div class=\"column\">\n<p>PROVAS DE SELEC\u0327O\u0303ES \u2013 RESIDENCIA EM MEDICINA VETERINA\u0301RIA DA UFRRJ &#8211; 2013 A 2024<\/p>\n<\/div>\n<\/div>\n<\/div>\n<p>PROGRAMAS:<\/p>\n<p><a href=\"https:\/\/institutos.ufrrj.br\/iv\/wp-content\/uploads\/sites\/107\/2024\/06\/ANESTESIOLOGIA-2013-2024-PROVAS-RESIDE\u0302NCIA-UFRRJ-1.pdf\">ANESTESIOLOGIA &#8211; 2013-2024- PROVAS &#8211; RESIDE\u0302NCIA &#8211; UFRRJ<\/a><\/p>\n<p><a href=\"https:\/\/institutos.ufrrj.br\/iv\/wp-content\/uploads\/sites\/107\/2024\/06\/ANIMAIS-SELVAGENS-2019-2024-PROVAS-RESIDE\u0302NCIA-UFRRJ-1.pdf\">ANIMAIS SELVAGENS &#8211; 2019-2024 &#8211; PROVAS &#8211; RESIDE\u0302NCIA &#8211; UFRRJ<\/a><\/p>\n<p><a href=\"https:\/\/institutos.ufrrj.br\/iv\/wp-content\/uploads\/sites\/107\/2024\/06\/CARDIOLOGIA-2013-2017-PROVAS-RESIDENCIA-UFRRJ.pdf\">CARDIOLOGIA &#8211; 2013-2017 &#8211; PROVAS &#8211; RESIDENCIA &#8211; UFRRJ<\/a><\/p>\n<p><a href=\"https:\/\/institutos.ufrrj.br\/iv\/wp-content\/uploads\/sites\/107\/2024\/06\/CARDIOLOGIA-2018-2024-PROVAS-RESIDENCIA-UFRRJ.pdf\">CARDIOLOGIA &#8211; 2018-2024 &#8211; PROVAS &#8211; RESIDENCIA &#8211; UFRRJ<\/a><\/p>\n<p><a href=\"https:\/\/institutos.ufrrj.br\/iv\/wp-content\/uploads\/sites\/107\/2024\/06\/CIRURGIA-2013-2024-PROVAS-RESIDE\u0302NCIA-UFRRJ-1.pdf\">CIRURGIA &#8211; 2013-2024 &#8211; PROVAS &#8211; RESIDE\u0302NCIA &#8211; UFRRJ<\/a><\/p>\n<p><a href=\"https:\/\/institutos.ufrrj.br\/iv\/wp-content\/uploads\/sites\/107\/2024\/06\/CLINICA-ME\u0301DICA-2013-2024-PROVAS-RESIDENCIA-UFRRJ-1.pdf\">CLINICA ME\u0301DICA &#8211; 2013-2024 &#8211; PROVAS RESIDENCIA &#8211; UFRRJ<\/a><\/p>\n<p><a href=\"https:\/\/institutos.ufrrj.br\/iv\/wp-content\/uploads\/sites\/107\/2024\/06\/DERMATOLOGIA-2013-2024-PROVAS-RESIDE\u0302NCIA-UFRRJ-1.pdf\">DERMATOLOGIA &#8211; 2013-2024 &#8211; PROVAS &#8211; RESIDE\u0302NCIA &#8211; UFRRJ<\/a><\/p>\n<p><a href=\"https:\/\/institutos.ufrrj.br\/iv\/wp-content\/uploads\/sites\/107\/2024\/06\/DIAGNO\u0301STICO-POR-IMAGEM-2013-2024-PROVAS-RESIDENCIA-UFRRJ-1.pdf\">DIAGNO\u0301STICO POR IMAGEM &#8211; 2013-2024 &#8211; PROVAS &#8211; RESIDENCIA &#8211; UFRRJ<\/a><\/p>\n<p><a href=\"https:\/\/institutos.ufrrj.br\/iv\/wp-content\/uploads\/sites\/107\/2024\/06\/GATOS-DOME\u0301STICOS-2014-2024-PROVAS-RESIDENCIA-UFRRJ-1.pdf\">GATOS DOME\u0301STICOS &#8211; 2014-2024 &#8211; PROVAS &#8211; RESIDENCIA- UFRRJ<\/a><\/p>\n<p><a href=\"https:\/\/institutos.ufrrj.br\/iv\/wp-content\/uploads\/sites\/107\/2024\/06\/GRANDES-ANIMAIS-2013-2024-PROVAS-RESIDE\u0302NCIA-UFRRJ-1.pdf\">GRANDES ANIMAIS &#8211; 2013-2024 &#8211; PROVAS &#8211; RESIDE\u0302NCIA &#8211; UFRRJ<\/a><\/p>\n<p><a href=\"https:\/\/institutos.ufrrj.br\/iv\/wp-content\/uploads\/sites\/107\/2024\/06\/MICROBIOLOGIA-2013-2024-PROVAS-RESIDE\u0302NCIA-UFRRJ-1.pdf\">MICROBIOLOGIA &#8211; 2013-2024 &#8211; PROVAS &#8211; RESIDE\u0302NCIA &#8211; UFRRJ<\/a><\/p>\n<p><a href=\"https:\/\/institutos.ufrrj.br\/iv\/wp-content\/uploads\/sites\/107\/2024\/06\/OFTALMOLOGIA-2014-2024-PROVAS-RESE\u0302NDENCIA-UFRRJ-1.pdf\">OFTALMOLOGIA &#8211; 2014-2024 &#8211; PROVAS &#8211; RESE\u0302NDENCIA &#8211; UFRRJ<\/a><\/p>\n<p><a href=\"https:\/\/institutos.ufrrj.br\/iv\/wp-content\/uploads\/sites\/107\/2024\/06\/ONCOLOGIA-2014-2024-PROVAS-RESIDE\u0302NCIA-UFRRJ-1.pdf\">ONCOLOGIA &#8211; 2014-2024 &#8211; PROVAS &#8211; RESIDE\u0302NCIA &#8211; UFRRJ<\/a><\/p>\n<p><a href=\"https:\/\/institutos.ufrrj.br\/iv\/wp-content\/uploads\/sites\/107\/2024\/06\/PARASITOLOGIA-2013-2022-PROVAS-RESIDE\u0302NCIA-UFRRJ.pdf\">PARASITOLOGIA &#8211; 2013-2022 &#8211; PROVAS &#8211; RESIDE\u0302NCIA &#8211; UFRRJ<\/a><\/p>\n<p><a href=\"https:\/\/institutos.ufrrj.br\/iv\/wp-content\/uploads\/sites\/107\/2024\/06\/PARASITOLOGIA-2023-2024-PROVAS-RESIDE\u0302NCIA-UFRRJ.pdf\">PARASITOLOGIA &#8211; 2023-2024 &#8211; PROVAS &#8211; RESIDE\u0302NCIA &#8211; UFRRJ<\/a><\/p>\n<p><a href=\"https:\/\/institutos.ufrrj.br\/iv\/wp-content\/uploads\/sites\/107\/2024\/06\/PATOLOGIA-ANIMAL-2013-2024-PROVAS-RESIDE\u0302NCIA-UFRRJ-1.pdf\">PATOLOGIA ANIMAL &#8211; 2013-2024 &#8211; PROVAS &#8211; RESIDE\u0302NCIA &#8211; UFRRJ<\/a><\/p>\n<p><a href=\"https:\/\/institutos.ufrrj.br\/iv\/wp-content\/uploads\/sites\/107\/2024\/06\/PATOLOGIA-CLINICA-2013-2024-PROVAS-RESIDENCIA-UFRRJ-1.pdf\">PATOLOGIA CLINICA &#8211; 2013-2024 &#8211; PROVAS &#8211; RESIDENCIA &#8211; UFRRJ<\/a><\/p>\n<p><a href=\"https:\/\/institutos.ufrrj.br\/iv\/wp-content\/uploads\/sites\/107\/2024\/06\/VIGILA\u0302NCIA-2018-2024-PROVAS-RESIDENCIA-UFRRJ-1.pdf\">VIGILA\u0302NCIA &#8211; 2018-2024 &#8211; PROVAS &#8211; RESIDENCIA &#8211; UFRRJ<\/a><\/p>\n<p>&nbsp;<\/p>\n<p>&nbsp;<\/p>\n<p>&nbsp;<\/p>\n<p>&nbsp;<\/p>\n","protected":false},"excerpt":{"rendered":"<p>Acesso aos Programas de Resid\u00eancia em Medicina Veterin\u00e1ria Anualmente, a partir do inicio do 2\u00ba semestre letivo, ocorrem a publica\u00e7\u00e3o <a class=\"read-more\" href=\"https:\/\/institutos.ufrrj.br\/iv\/estrutura\/programa-de-residencia-medica\/ \" >&#8230; <span class=\"font-italic\">leia mais <i class=\"fas fa-angle-right\"><\/i><\/span><\/a><\/p>\n","protected":false},"author":20,"featured_media":0,"parent":19,"menu_order":0,"comment_status":"closed","ping_status":"closed","template":"","meta":{"_themeisle_gutenberg_block_has_review":false,"footnotes":""},"class_list":["post-1180","page","type-page","status-publish","hentry"],"_links":{"self":[{"href":"https:\/\/institutos.ufrrj.br\/iv\/wp-json\/wp\/v2\/pages\/1180","targetHints":{"allow":["GET"]}}],"collection":[{"href":"https:\/\/institutos.ufrrj.br\/iv\/wp-json\/wp\/v2\/pages"}],"about":[{"href":"https:\/\/institutos.ufrrj.br\/iv\/wp-json\/wp\/v2\/types\/page"}],"author":[{"embeddable":true,"href":"https:\/\/institutos.ufrrj.br\/iv\/wp-json\/wp\/v2\/users\/20"}],"replies":[{"embeddable":true,"href":"https:\/\/institutos.ufrrj.br\/iv\/wp-json\/wp\/v2\/comments?post=1180"}],"version-history":[{"count":10,"href":"https:\/\/institutos.ufrrj.br\/iv\/wp-json\/wp\/v2\/pages\/1180\/revisions"}],"predecessor-version":[{"id":2930,"href":"https:\/\/institutos.ufrrj.br\/iv\/wp-json\/wp\/v2\/pages\/1180\/revisions\/2930"}],"up":[{"embeddable":true,"href":"https:\/\/institutos.ufrrj.br\/iv\/wp-json\/wp\/v2\/pages\/19"}],"wp:attachment":[{"href":"https:\/\/institutos.ufrrj.br\/iv\/wp-json\/wp\/v2\/media?parent=1180"}],"curies":[{"name":"wp","href":"https:\/\/api.w.org\/{rel}","templated":true}]}}