{"id":1201,"date":"2011-02-22T15:30:23","date_gmt":"2011-02-22T18:30:23","guid":{"rendered":"http:\/\/r1.ufrrj.br\/wp\/iv\/"},"modified":"2022-02-23T09:43:47","modified_gmt":"2022-02-23T12:43:47","slug":"como-chegar","status":"publish","type":"page","link":"https:\/\/institutos.ufrrj.br\/iv\/como-chegar\/","title":{"rendered":"Como Chegar"},"content":{"rendered":"<div style=\"text-align: justify\"><span style=\"font-size: 14px\"><span style=\"font-family: trebuchet ms,helvetica,sans-serif\">O Instituto de Veterin\u00e1ria fica localizado na BR 465 Km07 (antiga Rio S\u00e3o Paulo), no\u00a0<strong>campus Serop\u00e9dica da UFRRJ<\/strong>. Para chegar\u00a0a Serop\u00e9dica, partindo da cidade do Rio de Janeiro ou Niter\u00f3i\u00a0,\u00a0h\u00e1 dois caminhos: Ir pela Avenida Brasil\u00a0 ou atrav\u00e9s da Rodovia Presidente Dutra.<\/span><\/span><\/div>\n<div style=\"text-align: justify\"><\/div>\n<div><img loading=\"lazy\" decoding=\"async\" class=\"wp-image-2535 size-large aligncenter\" src=\"http:\/\/institutos.ufrrj.br\/iv\/wp-content\/uploads\/sites\/107\/2022\/02\/Caminho-IV-02-1024x596.jpg\" alt=\"\" width=\"1024\" height=\"596\" srcset=\"https:\/\/institutos.ufrrj.br\/iv\/wp-content\/uploads\/sites\/107\/2022\/02\/Caminho-IV-02-1024x596.jpg 1024w, https:\/\/institutos.ufrrj.br\/iv\/wp-content\/uploads\/sites\/107\/2022\/02\/Caminho-IV-02-300x175.jpg 300w, https:\/\/institutos.ufrrj.br\/iv\/wp-content\/uploads\/sites\/107\/2022\/02\/Caminho-IV-02-768x447.jpg 768w, https:\/\/institutos.ufrrj.br\/iv\/wp-content\/uploads\/sites\/107\/2022\/02\/Caminho-IV-02.jpg 1566w\" sizes=\"auto, (max-width: 1024px) 100vw, 1024px\" \/><\/div>\n<p style=\"text-align: center\">\n<div style=\"text-align: justify\"><span style=\"font-family: trebuchet ms,helvetica,sans-serif\"><span style=\"font-size: 14px\">Para quem vem pela Presidente Dutra, de carro, \u00a0h\u00e1 <strong>o \u00f4nus do ped\u00e1gio<\/strong>.\u00a0<\/span><\/span><\/div>\n<div style=\"text-align: justify\"><span style=\"font-family: trebuchet ms,helvetica,sans-serif\"><span style=\"font-size: 14px\">Talvez valha a pena em hor\u00e1rios de pico, entre 7h e 10h da manh\u00e3\u00a0 e 16h \u00e0s 19h, o tr\u00e2nsito flui melhor pela Dutra , mas a quilometragem, no entanto,\u00a0\u00e9 maior. Pela Avenida Brasil, a dist\u00e2ncia \u00e9 menor, com chances de congestionamento. <\/span><\/span><\/div>\n<div style=\"text-align: justify\"><\/div>\n<div style=\"text-align: justify\"><span style=\"font-size: 16px\"><span style=\"font-family: trebuchet ms,helvetica,sans-serif\"><strong>Caminhos para quem vem de carro<\/strong><\/span><\/span><\/div>\n<div style=\"text-align: justify\"><span style=\"font-family: trebuchet ms,helvetica,sans-serif\"><span style=\"font-size: 14px\"><strong>\u00a0<\/strong><\/span><\/span><\/div>\n<div style=\"text-align: justify\"><span style=\"font-size: 14px\"><span style=\"font-family: trebuchet ms,helvetica,sans-serif\"><em><strong><u>1\u00aa Op\u00e7\u00e3o<\/u>: <\/strong>Pela Avenida Brasil sentido Zona Oeste, ao avistar\u00a0 o Viaduto Oscar Brito (vulgo dos Cabritos) virar a direita (Fabrica da BRAHMA). Seguir pela Antiga Estrada Rio \u2013 S\u00e3o Paulo at\u00e9 o Km 07 (UFRRJ). <\/em><\/span><\/span><\/div>\n<div style=\"text-align: justify\"><span style=\"font-size: 14px\">\u00a0<\/span><\/div>\n<div style=\"text-align: justify\"><span style=\"font-size: 14px\"><span style=\"font-family: trebuchet ms,helvetica,sans-serif\"><em><strong><u>2\u00aa Op\u00e7\u00e3o<\/u>:<\/strong> Pela Rodovia Presidente Dutra sentido Rio \u2013 S\u00e3o Paulo, ap\u00f3s o Ped\u00e1gio Viuva Gra\u00e7a dobrar na primeira sa\u00edda a direita, seguir em frente at\u00e9 a UFRRJ (aproximadamente 5 Km). <\/em><\/span><\/span><\/div>\n<div style=\"text-align: justify\"><span style=\"font-size: 14px\">\u00a0<\/span><\/div>\n<div style=\"text-align: justify\"><span style=\"font-size: 14px\"><span style=\"font-family: trebuchet ms,helvetica,sans-serif\"><em><strong><u>3\u00aa Op\u00e7\u00e3o<\/u>: <\/strong>Pela Rodovia Presidente Dutra sentido S\u00e3o Paulo \u2013 Rio, ap\u00f3s o BOB\u00b4S (BELVEDERE) tomar a primeira sa\u00edda a direita, seguir em frente at\u00e9 a UFRRJ (aproximadamente 5 Km).<\/em> \u00a0<\/span><\/span><\/div>\n<div style=\"text-align: justify\"><\/div>\n<div style=\"text-align: justify\"><span style=\"font-size: 16px\"><span style=\"font-family: trebuchet ms,helvetica,sans-serif\"><strong>\u00a0Para quem vem de \u00f4nibus ou trem<\/strong><\/span><\/span><\/div>\n<div style=\"text-align: justify\"><\/div>\n<div style=\"text-align: justify\"><span style=\"font-size: 14px\"><span style=\"font-family: trebuchet ms,helvetica,sans-serif\"><em><strong><em><strong><u>1\u00aa Op\u00e7\u00e3o<\/u>:\u00a0 <\/strong><\/em><\/strong>Utilizar os \u00f4nibus Central-Serop\u00e9dica ou Castelo-Serop\u00e9dica da Via\u00e7\u00e3o <a href=\"http:\/\/www.transportesflores.com.br\/\"><strong>Real Rio<\/strong><\/a>; o primeiro sai do terminal Am\u00e9rico Fontenele, na Central do Brasil, e o segundo do terminal Menezes Cortes, no Castelo. <\/em><\/span><\/span><\/div>\n<div style=\"text-align: justify\"><\/div>\n<div style=\"text-align: justify\"><span style=\"font-family: trebuchet ms,helvetica,sans-serif\"><span style=\"font-size: 14px\"><strong><em><u>2\u00aa Op\u00e7\u00e3o<\/u>: <\/em><\/strong><em>Pegar o trem saindo da esta\u00e7\u00e3o D. Pedro II (Central do Brasil). <\/em><\/span><\/span><\/div>\n<div style=\"text-align: justify\"><span style=\"font-family: trebuchet ms,helvetica,sans-serif\"><span style=\"font-size: 14px\"><em style=\"font-family: 'trebuchet ms', helvetica, sans-serif;font-size: 14px\">Neste caso, deve-se desembarcar em Campo Grande e tomar, pr\u00f3ximo a 1a esta\u00e7\u00e3o ferrovi\u00e1ria (Rua Campo Grande), um dos seguintes \u00f4nibus da empresa Real Rio: Campo Grande-Belvedere, Campo Grande-Paracambi ou Campo Grande-Japeri.<br \/>\n<\/em><br \/>\n<strong style=\"font-family: 'trebuchet ms', helvetica, sans-serif;font-size: 14px\"><em><em><strong><u>3\u00aa Op\u00e7\u00e3o<\/u>: <\/strong><\/em><\/em><\/strong><em><span style=\"font-family: trebuchet ms, helvetica, sans-serif\"><span style=\"font-size: 14px\">Tomar o \u00f4nibus\u00a0na Rodovi\u00e1ria Novo Rio com destino a alguns munic\u00edpios do sul do estado, atrav\u00e9s da rodovia Presidente Dutra. Por esse trajeto, seguir a mesma orienta\u00e7\u00e3o, fornecida a seguir para os que descem no Belvedere Vi\u00fava Gra\u00e7a. <\/span><\/span><\/em><\/span><\/span><\/div>\n<div style=\"text-align: justify\"><span style=\"font-family: trebuchet ms,helvetica,sans-serif\"><span style=\"font-size: 14px\"><em>Vindo do Sul do Estado ou de S\u00e3o Paulo deve-se desembarcar no Belvedere Vi\u00fava Gra\u00e7a, na Rodovia Presidente Dutra e tomar o \u00f4nibus de uma das seguintes linhas: Belvedere-Campo Grande, Belvedere-Itagua\u00ed, <\/em><\/span><em><span style=\"font-size: 14px\">Paracambi-Campo Grande, Japeri-Campo Grande<\/span>.<\/em><\/span><\/div>\n<div style=\"text-align: justify\"><\/div>\n<div style=\"text-align: justify\"><\/div>\n<p style=\"text-align: justify\"><span style=\"font-family: trebuchet ms,helvetica,sans-serif\"><strong>UNIVERSIDADE FEDERAL RURAL DO RIO DE JANEIRO<br \/>\nINSTITUTO DE MEDICINA VETERIN\u00c1RIA<br \/>\nRod. BR 465, km 7, CEP 23890-000 \u2013 Serop\u00e9dica \u2013 RJ<\/strong><\/span><\/p>\n","protected":false},"excerpt":{"rendered":"<p>O Instituto de Veterin\u00e1ria fica localizado na BR 465 Km07 (antiga Rio S\u00e3o Paulo), no\u00a0campus Serop\u00e9dica da UFRRJ. Para chegar\u00a0a <a class=\"read-more\" href=\"https:\/\/institutos.ufrrj.br\/iv\/como-chegar\/ \" >&#8230; <span class=\"font-italic\">leia mais <i class=\"fas fa-angle-right\"><\/i><\/span><\/a><\/p>\n","protected":false},"author":20,"featured_media":0,"parent":0,"menu_order":6,"comment_status":"closed","ping_status":"closed","template":"","meta":{"_themeisle_gutenberg_block_has_review":false,"footnotes":""},"class_list":["post-1201","page","type-page","status-publish","hentry"],"_links":{"self":[{"href":"https:\/\/institutos.ufrrj.br\/iv\/wp-json\/wp\/v2\/pages\/1201","targetHints":{"allow":["GET"]}}],"collection":[{"href":"https:\/\/institutos.ufrrj.br\/iv\/wp-json\/wp\/v2\/pages"}],"about":[{"href":"https:\/\/institutos.ufrrj.br\/iv\/wp-json\/wp\/v2\/types\/page"}],"author":[{"embeddable":true,"href":"https:\/\/institutos.ufrrj.br\/iv\/wp-json\/wp\/v2\/users\/20"}],"replies":[{"embeddable":true,"href":"https:\/\/institutos.ufrrj.br\/iv\/wp-json\/wp\/v2\/comments?post=1201"}],"version-history":[{"count":2,"href":"https:\/\/institutos.ufrrj.br\/iv\/wp-json\/wp\/v2\/pages\/1201\/revisions"}],"predecessor-version":[{"id":2536,"href":"https:\/\/institutos.ufrrj.br\/iv\/wp-json\/wp\/v2\/pages\/1201\/revisions\/2536"}],"wp:attachment":[{"href":"https:\/\/institutos.ufrrj.br\/iv\/wp-json\/wp\/v2\/media?parent=1201"}],"curies":[{"name":"wp","href":"https:\/\/api.w.org\/{rel}","templated":true}]}}