{"id":1254,"date":"2020-04-20T19:00:19","date_gmt":"2020-04-20T22:00:19","guid":{"rendered":"http:\/\/r1.ufrrj.br\/wp\/iv\/"},"modified":"2022-02-23T09:02:51","modified_gmt":"2022-02-23T12:02:51","slug":"secretaria-administrativa","status":"publish","type":"page","link":"https:\/\/institutos.ufrrj.br\/iv\/estrutura\/secretaria-administrativa\/","title":{"rendered":"Secretaria Administrativa"},"content":{"rendered":"<p><strong>Secret\u00e1ria:<\/strong> Fl\u00e1via Magalh\u00e3es Botelho e\u00a0Fernanda Karla Bezerra da Silva<\/p>\n<p><strong>Sala:<\/strong> 79 do 2\u00ba andar do Pr\u00e9dio Principal do IV<\/p>\n<p><strong>Telefone:<\/strong> (21) 2681-4871<\/p>\n<p><strong>E-mail:<\/strong> iveterinaria@ufrrj.br<\/p>\n","protected":false},"excerpt":{"rendered":"<p>Secret\u00e1ria: Fl\u00e1via Magalh\u00e3es Botelho e\u00a0Fernanda Karla Bezerra da Silva Sala: 79 do 2\u00ba andar do Pr\u00e9dio Principal do IV Telefone: <a class=\"read-more\" href=\"https:\/\/institutos.ufrrj.br\/iv\/estrutura\/secretaria-administrativa\/ \" >&#8230; <span class=\"font-italic\">leia mais <i class=\"fas fa-angle-right\"><\/i><\/span><\/a><\/p>\n","protected":false},"author":20,"featured_media":0,"parent":19,"menu_order":0,"comment_status":"closed","ping_status":"closed","template":"","meta":{"_themeisle_gutenberg_block_has_review":false,"footnotes":""},"class_list":["post-1254","page","type-page","status-publish","hentry"],"_links":{"self":[{"href":"https:\/\/institutos.ufrrj.br\/iv\/wp-json\/wp\/v2\/pages\/1254","targetHints":{"allow":["GET"]}}],"collection":[{"href":"https:\/\/institutos.ufrrj.br\/iv\/wp-json\/wp\/v2\/pages"}],"about":[{"href":"https:\/\/institutos.ufrrj.br\/iv\/wp-json\/wp\/v2\/types\/page"}],"author":[{"embeddable":true,"href":"https:\/\/institutos.ufrrj.br\/iv\/wp-json\/wp\/v2\/users\/20"}],"replies":[{"embeddable":true,"href":"https:\/\/institutos.ufrrj.br\/iv\/wp-json\/wp\/v2\/comments?post=1254"}],"version-history":[{"count":2,"href":"https:\/\/institutos.ufrrj.br\/iv\/wp-json\/wp\/v2\/pages\/1254\/revisions"}],"predecessor-version":[{"id":2531,"href":"https:\/\/institutos.ufrrj.br\/iv\/wp-json\/wp\/v2\/pages\/1254\/revisions\/2531"}],"up":[{"embeddable":true,"href":"https:\/\/institutos.ufrrj.br\/iv\/wp-json\/wp\/v2\/pages\/19"}],"wp:attachment":[{"href":"https:\/\/institutos.ufrrj.br\/iv\/wp-json\/wp\/v2\/media?parent=1254"}],"curies":[{"name":"wp","href":"https:\/\/api.w.org\/{rel}","templated":true}]}}