{"id":1277,"date":"2020-04-20T20:30:22","date_gmt":"2020-04-20T23:30:22","guid":{"rendered":"http:\/\/r1.ufrrj.br\/wp\/iv\/"},"modified":"2025-10-07T19:19:53","modified_gmt":"2025-10-07T22:19:53","slug":"graduacao","status":"publish","type":"page","link":"https:\/\/institutos.ufrrj.br\/iv\/graduacao\/","title":{"rendered":"Gradua\u00e7\u00e3o"},"content":{"rendered":"<p><strong>Coordena\u00e7\u00e3o do Curso de Medicina Veterin\u00e1ria<\/strong><\/p>\n<p><strong>Coordenadora:<\/strong> Andreza Amaral da Silva<\/p>\n<p><strong>Vice-coordenadora:<\/strong> Cheryl Gouveia<\/p>\n<p><strong>Secret\u00e1ria:<\/strong> Denilda de Souza Barbosa Nunes<\/p>\n<p><strong>Sala:<\/strong> 64 do Pr\u00e9dio Principal do IV<\/p>\n<p><strong>Telefone:<\/strong> (21) 2681-4871<\/p>\n<p><strong>E-mail:<\/strong> coordmedveterinaria@ufrrj.br<\/p>\n<p>&nbsp;<\/p>\n<p>Informa\u00e7\u00f5es sobre o curso de Medicina Veterin\u00e1ria acesse o <a href=\"http:\/\/cursos.ufrrj.br\/grad\/veterinaria\/\">Link<\/a><\/p>\n","protected":false},"excerpt":{"rendered":"<p>Coordena\u00e7\u00e3o do Curso de Medicina Veterin\u00e1ria Coordenadora: Andreza Amaral da Silva Vice-coordenadora: Cheryl Gouveia Secret\u00e1ria: Denilda de Souza Barbosa Nunes <a class=\"read-more\" href=\"https:\/\/institutos.ufrrj.br\/iv\/graduacao\/ \" >&#8230; <span class=\"font-italic\">leia mais <i class=\"fas fa-angle-right\"><\/i><\/span><\/a><\/p>\n","protected":false},"author":20,"featured_media":0,"parent":0,"menu_order":3,"comment_status":"closed","ping_status":"closed","template":"","meta":{"_themeisle_gutenberg_block_has_review":false,"footnotes":""},"class_list":["post-1277","page","type-page","status-publish","hentry"],"_links":{"self":[{"href":"https:\/\/institutos.ufrrj.br\/iv\/wp-json\/wp\/v2\/pages\/1277","targetHints":{"allow":["GET"]}}],"collection":[{"href":"https:\/\/institutos.ufrrj.br\/iv\/wp-json\/wp\/v2\/pages"}],"about":[{"href":"https:\/\/institutos.ufrrj.br\/iv\/wp-json\/wp\/v2\/types\/page"}],"author":[{"embeddable":true,"href":"https:\/\/institutos.ufrrj.br\/iv\/wp-json\/wp\/v2\/users\/20"}],"replies":[{"embeddable":true,"href":"https:\/\/institutos.ufrrj.br\/iv\/wp-json\/wp\/v2\/comments?post=1277"}],"version-history":[{"count":5,"href":"https:\/\/institutos.ufrrj.br\/iv\/wp-json\/wp\/v2\/pages\/1277\/revisions"}],"predecessor-version":[{"id":2949,"href":"https:\/\/institutos.ufrrj.br\/iv\/wp-json\/wp\/v2\/pages\/1277\/revisions\/2949"}],"wp:attachment":[{"href":"https:\/\/institutos.ufrrj.br\/iv\/wp-json\/wp\/v2\/media?parent=1277"}],"curies":[{"name":"wp","href":"https:\/\/api.w.org\/{rel}","templated":true}]}}