{"id":13,"date":"2020-04-20T20:00:52","date_gmt":"2020-04-20T23:00:52","guid":{"rendered":"http:\/\/r1.ufrrj.br\/wp\/iv\/"},"modified":"2023-03-23T10:28:54","modified_gmt":"2023-03-23T13:28:54","slug":"dmiv","status":"publish","type":"page","link":"https:\/\/institutos.ufrrj.br\/iv\/departamentos\/dmiv\/","title":{"rendered":"Departamento de Microbiologia e Imunologia Veterin\u00e1ria (DMIV)"},"content":{"rendered":"<p><strong>Departamento de Microbiologia e Imunologia Veterin\u00e1ria \u2013 DMIV<\/strong><\/p>\n<p>O DMIV tradicionalmente \u00e9 subdividido em quatro \u00e1reas distintas, que englobam a bacteriologia, a imunologia, a micologia e a virologia. E em virtude dessa distribui\u00e7\u00e3o, \u00e9 poss\u00edvel a cria\u00e7\u00e3o de disciplinas pr\u00f3prias bem como o desenvolvimento de pesquisas mais espec\u00edficas, que permitem atender os mais diversos temas nos \u00e2mbitos da microbiologia m\u00e9dica, cl\u00ednica e ambiental. Entretanto mant\u00e9m como alicerce o atendimento \u00e0 medicina veterin\u00e1ria, em conson\u00e2ncia com o conceito de sa\u00fade \u00fanica.<br \/>\nCom o corpo docente renovado, sua estrutura est\u00e1 em constante evolu\u00e7\u00e3o, com amplia\u00e7\u00e3o do n\u00famero de laborat\u00f3rios, expans\u00e3o das \u00e1reas de pesquisa, presta\u00e7\u00e3o de servi\u00e7os de diagn\u00f3stico microbiol\u00f3gico, incremento na infraestrutura, novas parcerias, maiores campos de atua\u00e7\u00e3o para os discentes, prezando sempre por excel\u00eancia.<br \/>\nA diversidade da forma\u00e7\u00e3o de nossos docentes permite uma percep\u00e7\u00e3o natural abrangente, que possibilita atuar de forma interdisciplinar, nos m\u00faltiplos aspectos da microbiologia veterin\u00e1ria. O atendimento \u00e0 demanda curricular de outros cursos de gradua\u00e7\u00e3o \u00e9 uma particularidade deste departamento, caracterizando sua interconex\u00e3o com outras \u00e1reas de conhecimento.<br \/>\nAtualmente 14 docentes integram as quatro \u00e1reas, com 4 profissionais no quadro t\u00e9cnico, para atender cerca de 600 discentes de gradua\u00e7\u00e3o, a cada semestre letivo. Dentro deste quantitativo 50% s\u00e3o pertencentes \u00e0 gradua\u00e7\u00e3o em medicina veterin\u00e1ria. Condi\u00e7\u00e3o que rege as diretrizes de atua\u00e7\u00e3o deste departamento da UFRRJ.<\/p>\n<p>&nbsp;<\/p>\n<h3><strong>DOCENTES<\/strong><\/h3>\n<p><strong>\u00c1rea de Bacteriologia<\/strong><br \/>\nCarlos Zarden Feitosa de Oliveira, Irene da Silva Coelho, Lidiane de Castro Soares, Miliane Moreira Soares de Souza e Shana de Mattos de Oliveira Coelho<br \/>\n<strong>\u00c1rea de Imunologia<\/strong><br \/>\nDanielle de Oliveira Nascimento, D\u00e9bora Decote Ricardo de Lima e L\u00facia Helena Pinto da Silva<br \/>\n<strong>\u00c1rea de Micologia<\/strong><br \/>\n\u00c1guida Aparecida de Oliveira, Francisco de Assis Baroni, M\u00e1rio Mendes Bonci, Marcelo Elias Fraga e Sergio Gaspar de Campos<br \/>\n<strong>\u00c1rea de Virologia<\/strong><br \/>\nD\u00e9bora Regina Lopes dos Santos, Sieberth do Nascimento Brito e Juliana Macedo Raimundo<\/p>\n<p>&nbsp;<\/p>\n<h3>CORPO T\u00c9CNICO<\/h3>\n<p><strong>T\u00e9cnico administrativo &#8211; <\/strong>Camila Cabral Cardoso dos Santos<br \/>\n<strong>T\u00e9cnico de laborat\u00f3rio &#8211; <\/strong>Renata de Sant\u2019Anna Rezende Ribeiro, Gilberto Flausino e Let\u00edcia Baptista Pinto<\/p>\n<p>&nbsp;<\/p>\n<p class=\"western\" style=\"margin-bottom: 0cm\"><strong>Chefe:<\/strong> \u00c1guida Oliveira<\/p>\n<p class=\"western\" style=\"margin-bottom: 0cm\"><strong>Vice chefe:<\/strong> D\u00e9bora Regina Lopes dos Santos<\/p>\n<p class=\"western\" style=\"margin-bottom: 0cm\"><strong>Sala:<\/strong> 80 do 2\u00ba andar do Pr\u00e9dio Principal do IV<\/p>\n<p class=\"western\" style=\"margin-bottom: 0cm\"><strong>Telefone:<\/strong> (21) 2681-4981<\/p>\n<p class=\"western\" style=\"margin-bottom: 0cm\"><strong>E-mail:<\/strong> dmiv@ufrrj.br<\/p>\n","protected":false},"excerpt":{"rendered":"<p>Departamento de Microbiologia e Imunologia Veterin\u00e1ria \u2013 DMIV O DMIV tradicionalmente \u00e9 subdividido em quatro \u00e1reas distintas, que englobam a <a class=\"read-more\" href=\"https:\/\/institutos.ufrrj.br\/iv\/departamentos\/dmiv\/ \" >&#8230; <span class=\"font-italic\">leia mais <i class=\"fas fa-angle-right\"><\/i><\/span><\/a><\/p>\n","protected":false},"author":48,"featured_media":0,"parent":9,"menu_order":2,"comment_status":"closed","ping_status":"closed","template":"","meta":{"_themeisle_gutenberg_block_has_review":false,"footnotes":""},"class_list":["post-13","page","type-page","status-publish","hentry"],"_links":{"self":[{"href":"https:\/\/institutos.ufrrj.br\/iv\/wp-json\/wp\/v2\/pages\/13","targetHints":{"allow":["GET"]}}],"collection":[{"href":"https:\/\/institutos.ufrrj.br\/iv\/wp-json\/wp\/v2\/pages"}],"about":[{"href":"https:\/\/institutos.ufrrj.br\/iv\/wp-json\/wp\/v2\/types\/page"}],"author":[{"embeddable":true,"href":"https:\/\/institutos.ufrrj.br\/iv\/wp-json\/wp\/v2\/users\/48"}],"replies":[{"embeddable":true,"href":"https:\/\/institutos.ufrrj.br\/iv\/wp-json\/wp\/v2\/comments?post=13"}],"version-history":[{"count":7,"href":"https:\/\/institutos.ufrrj.br\/iv\/wp-json\/wp\/v2\/pages\/13\/revisions"}],"predecessor-version":[{"id":2767,"href":"https:\/\/institutos.ufrrj.br\/iv\/wp-json\/wp\/v2\/pages\/13\/revisions\/2767"}],"up":[{"embeddable":true,"href":"https:\/\/institutos.ufrrj.br\/iv\/wp-json\/wp\/v2\/pages\/9"}],"wp:attachment":[{"href":"https:\/\/institutos.ufrrj.br\/iv\/wp-json\/wp\/v2\/media?parent=13"}],"curies":[{"name":"wp","href":"https:\/\/api.w.org\/{rel}","templated":true}]}}