{"id":15,"date":"2020-04-20T20:00:17","date_gmt":"2020-04-20T23:00:17","guid":{"rendered":"http:\/\/r1.ufrrj.br\/wp\/iv\/"},"modified":"2024-01-30T15:19:02","modified_gmt":"2024-01-30T18:19:02","slug":"dmcv","status":"publish","type":"page","link":"https:\/\/institutos.ufrrj.br\/iv\/departamentos\/dmcv\/","title":{"rendered":"Departamento de Medicina e Cirurgia Veterin\u00e1ria (DMCV)"},"content":{"rendered":"<p><img loading=\"lazy\" decoding=\"async\" class=\"alignnone wp-image-2239\" src=\"http:\/\/institutos.ufrrj.br\/iv\/wp-content\/uploads\/sites\/107\/2020\/05\/DMCV-BIG-BROTHER-300x226.png\" alt=\"\" width=\"408\" height=\"307\" srcset=\"https:\/\/institutos.ufrrj.br\/iv\/wp-content\/uploads\/sites\/107\/2020\/05\/DMCV-BIG-BROTHER-300x226.png 300w, https:\/\/institutos.ufrrj.br\/iv\/wp-content\/uploads\/sites\/107\/2020\/05\/DMCV-BIG-BROTHER-768x577.png 768w, https:\/\/institutos.ufrrj.br\/iv\/wp-content\/uploads\/sites\/107\/2020\/05\/DMCV-BIG-BROTHER-1024x770.png 1024w, https:\/\/institutos.ufrrj.br\/iv\/wp-content\/uploads\/sites\/107\/2020\/05\/DMCV-BIG-BROTHER.png 1467w\" sizes=\"auto, (max-width: 408px) 100vw, 408px\" \/><\/p>\n<p>O <strong>Departamento de Medicina e Cirurgia Veterin\u00e1ria\u00a0<\/strong>\u00e9 composto por 28 servidores, incluindo t\u00e9cnicos-administrativos e docentes, estando lotado no Instituto de Veterin\u00e1ria e oferecendo disciplinas de gradua\u00e7\u00e3o e p\u00f3s-gradua\u00e7\u00e3o.<\/p>\n<p><strong>Departamento de Medicina e Cirurgia Veterin\u00e1ria &#8211; DMCV<\/strong><\/p>\n<p class=\"western\" style=\"margin-bottom: 0cm\"><strong>Chefe:<\/strong> Prof\u00aa. Andressa Ferreira da Silva Spyrides<\/p>\n<p class=\"western\" style=\"margin-bottom: 0cm\"><strong>Subchefe:<\/strong> Prof. Felipe Barros<\/p>\n<p class=\"western\" style=\"margin-bottom: 0cm\"><strong>Sala:<\/strong> 10 do Pr\u00e9dio Principal do IV<\/p>\n<p class=\"western\" style=\"margin-bottom: 0cm\"><strong>Telefone:<\/strong> (21) 2681-4875<\/p>\n<p class=\"western\" style=\"margin-bottom: 0cm\"><strong>E-mail:<\/strong> dmcv@ufrrj.br<\/p>\n","protected":false},"excerpt":{"rendered":"<p>O Departamento de Medicina e Cirurgia Veterin\u00e1ria\u00a0\u00e9 composto por 28 servidores, incluindo t\u00e9cnicos-administrativos e docentes, estando lotado no Instituto de <a class=\"read-more\" href=\"https:\/\/institutos.ufrrj.br\/iv\/departamentos\/dmcv\/ \" >&#8230; <span class=\"font-italic\">leia mais <i class=\"fas fa-angle-right\"><\/i><\/span><\/a><\/p>\n","protected":false},"author":20,"featured_media":0,"parent":9,"menu_order":3,"comment_status":"closed","ping_status":"closed","template":"","meta":{"_themeisle_gutenberg_block_has_review":false,"footnotes":""},"class_list":["post-15","page","type-page","status-publish","hentry"],"_links":{"self":[{"href":"https:\/\/institutos.ufrrj.br\/iv\/wp-json\/wp\/v2\/pages\/15","targetHints":{"allow":["GET"]}}],"collection":[{"href":"https:\/\/institutos.ufrrj.br\/iv\/wp-json\/wp\/v2\/pages"}],"about":[{"href":"https:\/\/institutos.ufrrj.br\/iv\/wp-json\/wp\/v2\/types\/page"}],"author":[{"embeddable":true,"href":"https:\/\/institutos.ufrrj.br\/iv\/wp-json\/wp\/v2\/users\/20"}],"replies":[{"embeddable":true,"href":"https:\/\/institutos.ufrrj.br\/iv\/wp-json\/wp\/v2\/comments?post=15"}],"version-history":[{"count":10,"href":"https:\/\/institutos.ufrrj.br\/iv\/wp-json\/wp\/v2\/pages\/15\/revisions"}],"predecessor-version":[{"id":2843,"href":"https:\/\/institutos.ufrrj.br\/iv\/wp-json\/wp\/v2\/pages\/15\/revisions\/2843"}],"up":[{"embeddable":true,"href":"https:\/\/institutos.ufrrj.br\/iv\/wp-json\/wp\/v2\/pages\/9"}],"wp:attachment":[{"href":"https:\/\/institutos.ufrrj.br\/iv\/wp-json\/wp\/v2\/media?parent=15"}],"curies":[{"name":"wp","href":"https:\/\/api.w.org\/{rel}","templated":true}]}}