{"id":1537,"date":"2020-05-01T23:00:21","date_gmt":"2020-05-02T02:00:21","guid":{"rendered":"http:\/\/r1.ufrrj.br\/wp\/iv\/"},"modified":"2025-09-29T10:46:03","modified_gmt":"2025-09-29T13:46:03","slug":"ceua","status":"publish","type":"page","link":"https:\/\/institutos.ufrrj.br\/iv\/estrutura\/ceua\/","title":{"rendered":"CEUA"},"content":{"rendered":"<p style=\"text-align: center\"><img loading=\"lazy\" decoding=\"async\" src=\"http:\/\/r1.ufrrj.br\/wp\/iv\/wp-content\/uploads\/image\/ceua-logo.jpg\" alt=\"\" width=\"335\" height=\"100\" \/><\/p>\n<p style=\"text-align: center\"><span style=\"font-size: 22px\"><span style=\"font-family: times new roman,times,serif\"><strong>COMISS\u00c3O DE \u00c9TICA NO USO DE ANIMAIS<\/strong><\/span><\/span><\/p>\n<p style=\"text-align: center\"><span style=\"font-size: 22px\"><span style=\"font-family: times new roman,times,serif\"><strong>INSTITUTO DE VETERIN\u00c1RIA\u00a0<\/strong><\/span><\/span><\/p>\n<p>&nbsp;<\/p>\n<p class=\"MsoNormal\" style=\"margin-bottom: 0.0001pt;text-align: justify\"><span style=\"font-size: 16px\"><span style=\"font-family: times new roman,times,serif\"><span style=\"line-height: 115%\">A Comiss\u00e3o de \u00c9tica no Uso de Animais do Instituto de Veterin\u00e1ria da Universidade Federal Rural do Rio de Janeiro (CEUA\/IV\/UFRRJ) foi constitu\u00edda pela Portaria de n\u00famero 91 de 04 de outubro de 2013 da Dire\u00e7\u00e3o do Instituto de Veterin\u00e1ria (IV) e, foi recomposta pela Reitoria por meio da Portaria n\u00ba 173 de 21 de fevereiro de 2014. A CEUA visa analisar e qualificar, do ponto de vista \u00e9tico, as atividades de cria\u00e7\u00e3o, ensino e pesquisa cient\u00edfica envolvendo o uso de animais. Os animais referidos neste Regimento s\u00e3o os pertencentes ao filo Chordata, subfilo Vertebrata, excetuando-se o homem. A CEUA\/IV\/UFRRJ tem atribui\u00e7\u00f5es normativas, deliberativas, consultivas e educativas, na esfera de sua compet\u00eancia: cria\u00e7\u00e3o, ensino e pesquisa cient\u00edfica envolvendo animais em cumprimento ao disposto na legisla\u00e7\u00e3o vigente. \u00c9 vedada a realiza\u00e7\u00e3o de cria\u00e7\u00e3o, ensino e pesquisa cient\u00edfica envolvendo animais no IV da UFRRJ, sem a pr\u00e9via aprecia\u00e7\u00e3o e autoriza\u00e7\u00e3o pela CEUA\/IV\/UFRRJ. Atividades de cria\u00e7\u00e3o, ensino e pesquisa cient\u00edfica envolvendo animais iniciadas ou desenvolvidas sem aprova\u00e7\u00e3o da CEUA\/IV\/UFRRJ n\u00e3o ser\u00e3o reconhecidas pela Diretoria do IV. Estes procedimentos ter\u00e3o que ser enquadrados sob a autoridade de uma Licen\u00e7a que ser\u00e1 outorgada pela Comiss\u00e3o, ap\u00f3s a aprova\u00e7\u00e3o de um protocolo espec\u00edfico. A CEUA\/IV\/UFRRJ \u00e9 uma inst\u00e2ncia vinculada a Dire\u00e7\u00e3o do IV, de car\u00e1ter p\u00fablico, colegiada e interdisciplinar, deliberativa e educativa.<\/span>\u00a0<\/span><\/span><\/p>\n<p>&nbsp;<\/p>\n<p><strong>Coordenador da Comiss\u00e3o de \u00c9tica no Uso de Animais:<\/strong> Fabio Barbour Scott<\/p>\n<p><strong>Vice-Coordenador da Comiss\u00e3o de \u00c9tica no Uso de Animais:<\/strong> Daniel Balthazar<\/p>\n<p><strong>Secret\u00e1rio:<\/strong> Arthur Santiago Junior<\/p>\n<p>&nbsp;<\/p>\n<ul>\n<li><strong>Documentos para baixar:<\/strong><\/li>\n<\/ul>\n<p><u><strong><span style=\"color: #00f\"><span style=\"font-size: 14px\"><span style=\"font-family: times new roman,times,serif\"><a href=\"http:\/\/institutos.ufrrj.br\/iv\/wp-content\/uploads\/sites\/107\/2014\/01\/Diretriz_-Animais-para-fins-cientificos-e-didaticos.pdf\">DIRETRIZ BRASILEIRA PARA O CUIDADO E A UTILIZA\u00c7\u00c3O DE ANIMAIS PARA FINS CIENT\u00cdFICOS E DID\u00c1TICOS &#8211; DBCA<\/a><\/span><\/span><\/span><\/strong><\/u><\/p>\n<p><u><strong><span style=\"color: #00f\"><span style=\"font-size: 14px\"><span style=\"font-family: times new roman,times,serif\"><a href=\"http:\/\/institutos.ufrrj.br\/iv\/wp-content\/uploads\/sites\/107\/2014\/01\/Diretrizes-e-Praticas-de-Eutan\u00e1sia-do-CONCEA.pdf\">Diretrizes e Praticas de Eutan\u00e1sia do CONCEA<\/a><\/span><\/span><\/span><\/strong><\/u><\/p>\n<p><u><strong><span style=\"color: #00f\"><span style=\"font-size: 14px\"><span style=\"font-family: times new roman,times,serif\"><a href=\"http:\/\/institutos.ufrrj.br\/iv\/wp-content\/uploads\/sites\/107\/2014\/01\/CEUA_IV-Regimento-Interno.pdf\">CEUA_IV Regimento Interno<\/a><\/span><\/span><\/span><\/strong><\/u><\/p>\n<ul>\n<li><strong>Contato CEUA\/IV\/UFRRJ:\u00a0<\/strong><\/li>\n<\/ul>\n<p><strong>Telefone:<\/strong>\u00a0(021)26823051 e 26821373<br \/>\n<strong>e-mail:<\/strong> ceua.iv.ufrrj@gmail.com<br \/>\n<strong>Sistema:<\/strong> ceua.ufrrj.br<\/p>\n<ul>\n<li><strong>Contatos CONCEA:<\/strong><\/li>\n<\/ul>\n<p><strong>e-mail:<\/strong> concea@mct.gov.br<br \/>\n<strong>Telefone:<\/strong> 061-34115267<\/p>\n<ul>\n<li><strong>Link \u00fatil\u00a0<\/strong><\/li>\n<\/ul>\n<p><strong>CONCEA:<\/strong> &lt;http:\/\/www.mctic.gov.br\/mctic\/opencms\/institucional\/concea\/index.html&gt;<\/p>\n","protected":false},"excerpt":{"rendered":"<p>COMISS\u00c3O DE \u00c9TICA NO USO DE ANIMAIS INSTITUTO DE VETERIN\u00c1RIA\u00a0 &nbsp; A Comiss\u00e3o de \u00c9tica no Uso de Animais do <a class=\"read-more\" href=\"https:\/\/institutos.ufrrj.br\/iv\/estrutura\/ceua\/ \" >&#8230; <span class=\"font-italic\">leia mais <i class=\"fas fa-angle-right\"><\/i><\/span><\/a><\/p>\n","protected":false},"author":51,"featured_media":0,"parent":19,"menu_order":0,"comment_status":"closed","ping_status":"closed","template":"","meta":{"_themeisle_gutenberg_block_has_review":false,"footnotes":""},"class_list":["post-1537","page","type-page","status-publish","hentry"],"_links":{"self":[{"href":"https:\/\/institutos.ufrrj.br\/iv\/wp-json\/wp\/v2\/pages\/1537","targetHints":{"allow":["GET"]}}],"collection":[{"href":"https:\/\/institutos.ufrrj.br\/iv\/wp-json\/wp\/v2\/pages"}],"about":[{"href":"https:\/\/institutos.ufrrj.br\/iv\/wp-json\/wp\/v2\/types\/page"}],"author":[{"embeddable":true,"href":"https:\/\/institutos.ufrrj.br\/iv\/wp-json\/wp\/v2\/users\/51"}],"replies":[{"embeddable":true,"href":"https:\/\/institutos.ufrrj.br\/iv\/wp-json\/wp\/v2\/comments?post=1537"}],"version-history":[{"count":5,"href":"https:\/\/institutos.ufrrj.br\/iv\/wp-json\/wp\/v2\/pages\/1537\/revisions"}],"predecessor-version":[{"id":2941,"href":"https:\/\/institutos.ufrrj.br\/iv\/wp-json\/wp\/v2\/pages\/1537\/revisions\/2941"}],"up":[{"embeddable":true,"href":"https:\/\/institutos.ufrrj.br\/iv\/wp-json\/wp\/v2\/pages\/19"}],"wp:attachment":[{"href":"https:\/\/institutos.ufrrj.br\/iv\/wp-json\/wp\/v2\/media?parent=1537"}],"curies":[{"name":"wp","href":"https:\/\/api.w.org\/{rel}","templated":true}]}}