{"id":1669,"date":"2015-11-06T10:49:28","date_gmt":"2015-11-06T13:49:28","guid":{"rendered":"http:\/\/r1.ufrrj.br\/wp\/iv\/"},"modified":"2020-05-02T00:29:38","modified_gmt":"2020-05-02T03:29:38","slug":"material-didatico","status":"publish","type":"page","link":"https:\/\/institutos.ufrrj.br\/iv\/departamentos\/dpa\/material-didatico\/","title":{"rendered":"Material did\u00e1tico"},"content":{"rendered":"<p><a href=\"http:\/\/institutos.ufrrj.br\/iv\/wp-content\/uploads\/sites\/107\/2015\/11\/APOSTILA-DIDATICA-IV401.pdf\">APOSTILA DIDATICA IV401<\/a><\/p>\n<p><a href=\"http:\/\/institutos.ufrrj.br\/iv\/wp-content\/uploads\/sites\/107\/2016\/07\/Apostila_Trematodeos.pdf\">APOSTILA DIDATICA IV402 TREMATODA<br \/>\n<\/a><\/p>\n<p><a href=\"http:\/\/institutos.ufrrj.br\/iv\/wp-content\/uploads\/sites\/107\/2016\/07\/Apostila_Nematoides.pdf\">APOSTILA DIDATICA IV402 NEMATOIDES<br \/>\n<\/a><\/p>\n<p><a href=\"http:\/\/institutos.ufrrj.br\/iv\/wp-content\/uploads\/sites\/107\/2016\/07\/Apostila_Cestoides.pdf\">APOSTILA DIDATICA IV402 CESTOIDES<br \/>\n<\/a><\/p>\n<p><a href=\"http:\/\/institutos.ufrrj.br\/iv\/wp-content\/uploads\/sites\/107\/2015\/11\/APOSTILA-PROF-LURDES.pdf\"> APOSTILA DIDATICA 402 Protozoa<\/a><\/p>\n<p>&nbsp;<\/p>\n<p>Este material did\u00e1tico foi produzido como parte do projeto intitulado \u201cDesenvolvimento e produ\u00e7\u00e3o de material did\u00e1tico para o ensino de Parasitologia Animal na Universidade Federal Rural do Rio de Janeiro: atualiza\u00e7\u00e3o e moderniza\u00e7\u00e3o\u201d. Este projeto foi financiado pela Funda\u00e7\u00e3o Carlos Chagas Filho de Amparo \u00e0 Pesquisa do Estado do Rio de Janeiro (FAPERJ) Processo 2010.6030\/2014-28 e coordenado pela professora Maria de Lurdes Azevedo Rodrigues (IV\/DPA).<\/p>\n","protected":false},"excerpt":{"rendered":"<p>APOSTILA DIDATICA IV401 APOSTILA DIDATICA IV402 TREMATODA APOSTILA DIDATICA IV402 NEMATOIDES APOSTILA DIDATICA IV402 CESTOIDES APOSTILA DIDATICA 402 Protozoa &nbsp; <a class=\"read-more\" href=\"https:\/\/institutos.ufrrj.br\/iv\/departamentos\/dpa\/material-didatico\/ \" >&#8230; <span class=\"font-italic\">leia mais <i class=\"fas fa-angle-right\"><\/i><\/span><\/a><\/p>\n","protected":false},"author":49,"featured_media":0,"parent":17,"menu_order":5,"comment_status":"closed","ping_status":"closed","template":"","meta":{"_themeisle_gutenberg_block_has_review":false,"footnotes":""},"class_list":["post-1669","page","type-page","status-publish","hentry"],"_links":{"self":[{"href":"https:\/\/institutos.ufrrj.br\/iv\/wp-json\/wp\/v2\/pages\/1669","targetHints":{"allow":["GET"]}}],"collection":[{"href":"https:\/\/institutos.ufrrj.br\/iv\/wp-json\/wp\/v2\/pages"}],"about":[{"href":"https:\/\/institutos.ufrrj.br\/iv\/wp-json\/wp\/v2\/types\/page"}],"author":[{"embeddable":true,"href":"https:\/\/institutos.ufrrj.br\/iv\/wp-json\/wp\/v2\/users\/49"}],"replies":[{"embeddable":true,"href":"https:\/\/institutos.ufrrj.br\/iv\/wp-json\/wp\/v2\/comments?post=1669"}],"version-history":[{"count":1,"href":"https:\/\/institutos.ufrrj.br\/iv\/wp-json\/wp\/v2\/pages\/1669\/revisions"}],"predecessor-version":[{"id":1999,"href":"https:\/\/institutos.ufrrj.br\/iv\/wp-json\/wp\/v2\/pages\/1669\/revisions\/1999"}],"up":[{"embeddable":true,"href":"https:\/\/institutos.ufrrj.br\/iv\/wp-json\/wp\/v2\/pages\/17"}],"wp:attachment":[{"href":"https:\/\/institutos.ufrrj.br\/iv\/wp-json\/wp\/v2\/media?parent=1669"}],"curies":[{"name":"wp","href":"https:\/\/api.w.org\/{rel}","templated":true}]}}