{"id":17,"date":"2020-04-20T20:00:42","date_gmt":"2020-04-20T23:00:42","guid":{"rendered":"http:\/\/r1.ufrrj.br\/wp\/iv\/"},"modified":"2025-09-29T10:28:26","modified_gmt":"2025-09-29T13:28:26","slug":"dpa","status":"publish","type":"page","link":"https:\/\/institutos.ufrrj.br\/iv\/departamentos\/dpa\/","title":{"rendered":"Departamento de Parasitologia Animal (DPA)"},"content":{"rendered":"<p><img loading=\"lazy\" decoding=\"async\" class=\" wp-image-2797 alignleft\" src=\"https:\/\/institutos.ufrrj.br\/iv\/wp-content\/uploads\/sites\/107\/2023\/07\/DPA1.jpg\" alt=\"\" width=\"264\" height=\"68\" srcset=\"https:\/\/institutos.ufrrj.br\/iv\/wp-content\/uploads\/sites\/107\/2023\/07\/DPA1.jpg 233w, https:\/\/institutos.ufrrj.br\/iv\/wp-content\/uploads\/sites\/107\/2023\/07\/DPA1-230x60.jpg 230w\" sizes=\"auto, (max-width: 264px) 100vw, 264px\" \/><\/p>\n<p>O <strong>Departamento de Parasitologia Animal<\/strong>\u00a0 \u00a0\u00e9 composto por 30 servidores, incluindo t\u00e9cnicos-administrativos e docentes, estando lotado no Instituto de Veterin\u00e1ria e oferecendo disciplinas de gradua\u00e7\u00e3o e p\u00f3s-gradua\u00e7\u00e3o.<\/p>\n<p>A sua sede est\u00e1 localizada nas depend\u00eancias do Anexo I do Instituto de Veterin\u00e1ria, onde podemos encontrar os escrit\u00f3rios de trabalho dos docentes, salas de aulas te\u00f3ricas, aulas pr\u00e1ticas, laborat\u00f3rios. A Esta\u00e7\u00e3o para Pesquisas Parasitol\u00f3gicas W. O. Neitz \u00e9 uma unidade de pesquisa vinculada ao Departamento de Parasitologia Animal e \u00e9 constitu\u00edda de v\u00e1rios laborat\u00f3rios e uma extensa \u00e1rea de campo para manuten\u00e7\u00e3o de animais.<\/p>\n<p>&nbsp;<\/p>\n<p class=\"western\" style=\"margin-bottom: 0cm\"><strong>Chefe:<\/strong> Douglas McIntosh<\/p>\n<p class=\"western\" style=\"margin-bottom: 0cm\"><strong>Vice-Chefe:\u00a0<\/strong>Melissa C. M. do Couto Chamberelli<\/p>\n<p class=\"western\" style=\"margin-bottom: 0cm\"><strong>Sala:<\/strong> 15 do DPA no Anexo 1 do IV (PSA)<\/p>\n<p class=\"western\" style=\"margin-bottom: 0cm\"><strong>Telefone:<\/strong> (21) 2681-4877<\/p>\n<p class=\"western\" style=\"margin-bottom: 0cm\"><strong>E-mail:<\/strong>\u00a0dpaivufrrj@gmail.com \/\u00a0dpa-iv@ufrrj.br<\/p>\n","protected":false},"excerpt":{"rendered":"<p>O Departamento de Parasitologia Animal\u00a0 \u00a0\u00e9 composto por 30 servidores, incluindo t\u00e9cnicos-administrativos e docentes, estando lotado no Instituto de Veterin\u00e1ria <a class=\"read-more\" href=\"https:\/\/institutos.ufrrj.br\/iv\/departamentos\/dpa\/ \" >&#8230; <span class=\"font-italic\">leia mais <i class=\"fas fa-angle-right\"><\/i><\/span><\/a><\/p>\n","protected":false},"author":49,"featured_media":0,"parent":9,"menu_order":4,"comment_status":"closed","ping_status":"closed","template":"","meta":{"_themeisle_gutenberg_block_has_review":false,"footnotes":""},"class_list":["post-17","page","type-page","status-publish","hentry"],"_links":{"self":[{"href":"https:\/\/institutos.ufrrj.br\/iv\/wp-json\/wp\/v2\/pages\/17","targetHints":{"allow":["GET"]}}],"collection":[{"href":"https:\/\/institutos.ufrrj.br\/iv\/wp-json\/wp\/v2\/pages"}],"about":[{"href":"https:\/\/institutos.ufrrj.br\/iv\/wp-json\/wp\/v2\/types\/page"}],"author":[{"embeddable":true,"href":"https:\/\/institutos.ufrrj.br\/iv\/wp-json\/wp\/v2\/users\/49"}],"replies":[{"embeddable":true,"href":"https:\/\/institutos.ufrrj.br\/iv\/wp-json\/wp\/v2\/comments?post=17"}],"version-history":[{"count":12,"href":"https:\/\/institutos.ufrrj.br\/iv\/wp-json\/wp\/v2\/pages\/17\/revisions"}],"predecessor-version":[{"id":2939,"href":"https:\/\/institutos.ufrrj.br\/iv\/wp-json\/wp\/v2\/pages\/17\/revisions\/2939"}],"up":[{"embeddable":true,"href":"https:\/\/institutos.ufrrj.br\/iv\/wp-json\/wp\/v2\/pages\/9"}],"wp:attachment":[{"href":"https:\/\/institutos.ufrrj.br\/iv\/wp-json\/wp\/v2\/media?parent=17"}],"curies":[{"name":"wp","href":"https:\/\/api.w.org\/{rel}","templated":true}]}}