{"id":184,"date":"2010-07-06T17:25:46","date_gmt":"2010-07-06T20:25:46","guid":{"rendered":"http:\/\/r1.ufrrj.br\/wp\/iv\/"},"modified":"2021-08-07T00:54:11","modified_gmt":"2021-08-07T03:54:11","slug":"disciplinas","status":"publish","type":"page","link":"https:\/\/institutos.ufrrj.br\/iv\/departamentos\/dmiv\/disciplinas\/","title":{"rendered":"Disciplinas"},"content":{"rendered":"<h3>GRADUA\u00c7\u00c3O<\/h3>\n<p>IV 217.0 &#8211; Microbiologia Geral Te\u00f3rica<\/p>\n<p>IV\u00a0 217.1 &#8211; Microbiologia Geral Pr\u00e1tica<\/p>\n<p>IV 218.0 &#8211; Imunologia Veterin\u00e1ria Te\u00f3rica<\/p>\n<p>IV 218.1 &#8211; Imunologia Veterin\u00e1ria Pr\u00e1tica<\/p>\n<p>IV 219.0 &#8211; Bacteriologia Veterin\u00e1ria Te\u00f3rica<\/p>\n<p>IV 219.1 &#8211; Bacteriologia Veterin\u00e1ria Pr\u00e1tica<\/p>\n<p>IV 220.0 &#8211; Micologia Veterin\u00e1ria Te\u00f3rica<\/p>\n<p>IV 220.1 &#8211; Micologia Veterin\u00e1ria Pr\u00e1tica<\/p>\n<p>IV 221.0 &#8211; Virologia Veterin\u00e1ria Te\u00f3rica<\/p>\n<p>IV 221.1 &#8211; Virologia Veterin\u00e1ria Pr\u00e1tica<\/p>\n<p>IV\u00a0 222 &#8211; Micotoxicologia<\/p>\n<p>IV 224 &#8211; Imunobiologia<\/p>\n<p>IV 225 &#8211; Biologia dos V\u00edrus<\/p>\n<p>IV 226 &#8211; Micotoxinas<\/p>\n<p>IV 229 &#8211; Introdu\u00e7\u00e3o a Biotecnologia<\/p>\n<p>IV 241 &#8211; Microbiologia B\u00e1sica I<\/p>\n<p>IV 242.0 &#8211; Imunologia B\u00e1sica Te\u00f3rica<\/p>\n<p>IV 242.1 &#8211; Imunologia B\u00e1sica Pr\u00e1tica<\/p>\n<p>IV\u00a0 243 &#8211; Microbiologia B\u00e1sica II<\/p>\n<p>IV 244 &#8211; Microbiologia Ambiental<\/p>\n<p>IV 245 &#8211; Introdu\u00e7\u00e3o a Virologia M\u00e9dica<\/p>\n<p>IV 246 &#8211; Bases da Imunologia Cl\u00ednica<\/p>\n<p>AA064 &#8211; Programa de Aprendizagem Pr\u00e1tica em Microbiologia<\/p>\n<p>&nbsp;<\/p>\n<h3>P\u00d3S-GRADUA\u00c7\u00c3O<\/h3>\n<p>IV 1343-3 &#8211; Diagn\u00f3stico Laboratorial das Micoses<\/p>\n<p>IV 142149 &#8211; Diagn\u00f3stico Bacteriol\u00f3gico em Sa\u00fade Animal<\/p>\n<p>IV 1421134 &#8211; TECV &#8211; M\u00e9todos Fenot\u00edpicos de Avalia\u00e7\u00e3o da Susceptibilidade Bacteriana a Compostos Naturais e Sint\u00e9ticos<\/p>\n<p>&nbsp;<\/p>\n<p>&nbsp;<\/p>\n","protected":false},"excerpt":{"rendered":"<p>GRADUA\u00c7\u00c3O IV 217.0 &#8211; Microbiologia Geral Te\u00f3rica IV\u00a0 217.1 &#8211; Microbiologia Geral Pr\u00e1tica IV 218.0 &#8211; Imunologia Veterin\u00e1ria Te\u00f3rica IV <a class=\"read-more\" href=\"https:\/\/institutos.ufrrj.br\/iv\/departamentos\/dmiv\/disciplinas\/ \" >&#8230; <span class=\"font-italic\">leia mais <i class=\"fas fa-angle-right\"><\/i><\/span><\/a><\/p>\n","protected":false},"author":20,"featured_media":0,"parent":13,"menu_order":2,"comment_status":"closed","ping_status":"closed","template":"","meta":{"_themeisle_gutenberg_block_has_review":false,"footnotes":""},"class_list":["post-184","page","type-page","status-publish","hentry"],"_links":{"self":[{"href":"https:\/\/institutos.ufrrj.br\/iv\/wp-json\/wp\/v2\/pages\/184","targetHints":{"allow":["GET"]}}],"collection":[{"href":"https:\/\/institutos.ufrrj.br\/iv\/wp-json\/wp\/v2\/pages"}],"about":[{"href":"https:\/\/institutos.ufrrj.br\/iv\/wp-json\/wp\/v2\/types\/page"}],"author":[{"embeddable":true,"href":"https:\/\/institutos.ufrrj.br\/iv\/wp-json\/wp\/v2\/users\/20"}],"replies":[{"embeddable":true,"href":"https:\/\/institutos.ufrrj.br\/iv\/wp-json\/wp\/v2\/comments?post=184"}],"version-history":[{"count":10,"href":"https:\/\/institutos.ufrrj.br\/iv\/wp-json\/wp\/v2\/pages\/184\/revisions"}],"predecessor-version":[{"id":2468,"href":"https:\/\/institutos.ufrrj.br\/iv\/wp-json\/wp\/v2\/pages\/184\/revisions\/2468"}],"up":[{"embeddable":true,"href":"https:\/\/institutos.ufrrj.br\/iv\/wp-json\/wp\/v2\/pages\/13"}],"wp:attachment":[{"href":"https:\/\/institutos.ufrrj.br\/iv\/wp-json\/wp\/v2\/media?parent=184"}],"curies":[{"name":"wp","href":"https:\/\/api.w.org\/{rel}","templated":true}]}}