{"id":186,"date":"2010-07-06T17:27:14","date_gmt":"2010-07-06T20:27:14","guid":{"rendered":"http:\/\/r1.ufrrj.br\/wp\/iv\/"},"modified":"2020-05-20T17:08:11","modified_gmt":"2020-05-20T20:08:11","slug":"disciplinas","status":"publish","type":"page","link":"https:\/\/institutos.ufrrj.br\/iv\/departamentos\/dmcv\/disciplinas\/","title":{"rendered":"Disciplinas"},"content":{"rendered":"<p>IV340 &#8211; ANESTESIOLOGIA E T\u00c9CNICAS CIR\u00daRGICAS<br \/>\nROSANA PINHEIRO BOTELHO, CASSIA MARIA MOLINARO COELHO e MARTA<br \/>\nFERNANDA ALBUQUERQUE DA SILVA<\/p>\n<p>IV349 &#8211; CITOLOGIA CL\u00cdNICA VETERIN\u00c1RIA<br \/>\nCARLOS HENRIQUE MACHADO<\/p>\n<p>IV351 &#8211; CL\u00cdNICA DAS DOEN\u00c7AS NUTRICIONAIS E METAB\u00d3LICAS EM ANIMAIS DE PRODU\u00c7\u00c3O<br \/>\nANA PAULA LOPES MARQUES, PAULO DE TARSO LANDGRAF BOTTEON e RITA DE<br \/>\nCASSIA CAMPBELL MACHADO BOTTEON<\/p>\n<p>IV353 &#8211; CL\u00cdNICA CIR\u00daRGICA DE EQUINOS<br \/>\nLEONARDO RODRIGUES DE LIMA<\/p>\n<p>IV350 &#8211; CL\u00cdNICA CIR\u00daRGICA DE RUMINANTES<br \/>\nFELIPE FARIAS PEREIRA DA CAMARA BARROS e SAULO ANDRADE CALDAS<\/p>\n<p>IV341 &#8211; CL\u00cdNICA M\u00c9DICA DE ANIMAIS DE COMPANHIA I<br \/>\nJULIO ISRAEL FERNANDES e BRUNO RICARDO SOARES ALBERIGI DA SILVA<\/p>\n<p>IV342 &#8211; CL\u00cdNICA M\u00c9DICA DE ANIMAIS DE COMPANHIA II<br \/>\nALEXANDRE JOSE RODRIGUES BENDAS e DANIEL DE ALMEIDA BALTHAZAR<\/p>\n<p>IV343 &#8211; CL\u00cdNICA M\u00c9DICA DE ANIMAIS DE PRODU\u00c7\u00c3O I (EQUINOS E SU\u00cdNOS)<br \/>\nFERNANDO QUEIROZ DE ALMEIDA e PAULO DE TARSO LANDGRAF BOTTEON<\/p>\n<p>IV344 &#8211; CL\u00cdNICA M\u00c9DICA DE ANIMAIS DE PRODU\u00c7\u00c3O II (RUMINANTES)<br \/>\nANA PAULA LOPES MARQUES e RITA DE CASSIA CAMPBELL MACHADO BOTTEON<\/p>\n<p>IV345 &#8211; DIAGN\u00d3STICO POR IMAGEM<br \/>\nANNA PAULA BALESDENT BARREIRA DE SA PACHECO e CARLA FERNANDA PARANHOS DE MOURA CARVALHO<\/p>\n<p>IV335 &#8211; HOMEOPATIA VETERINARIA<\/p>\n<p>ARGEMIRO SANAVRIA<\/p>\n<p>IV339 &#8211; INTERPRETA\u00c7\u00c3O DE AN\u00c1LISE CL\u00cdNICAS<\/p>\n<p>CRISTIANE DIVAN BALDANI e CARLOS HENRIQUE MACHADO<\/p>\n<p>IV338 &#8211; MEDICINA DE ANIMAIS SILVESTRES<\/p>\n<p>DANIEL DE ALMEIDA BALTHAZAR<\/p>\n<p>IV332 &#8211; OBSTETRICIA<br \/>\nFELIPE FARIAS PEREIRA DA CAMARA BARROS e SAULO ANDRADE CALDAS<\/p>\n<p>IV346 &#8211; PATOLOGIA CL\u00cdNICA E CIR\u00daRGICA<br \/>\nRICARDO SIQUEIRA DA SILVA, LEONARDO RODRIGUES DE LIMA e HELOISA JUSTEN<br \/>\nMOREIRA DE SOUZA<\/p>\n<p>IV309 &#8211; PATOLOGIA CL\u00cdNICA<br \/>\nCRISTIANE DIVAN BALDANI, CARLOS HENRIQUE MACHADO e GILBERTO GARCIA<br \/>\nBOTELHO<\/p>\n<p>IV310 &#8211; PROPEDEUTICA CL\u00cdNICA<br \/>\nAVELINO JOSE BITTENCOURT, ANDREZA AMARAL DA SILVA e ANDRESSA FERREIRA<br \/>\nDA SILVA<\/p>\n<p>IV334 &#8211; TOXICOLOGIA<br \/>\nCARLOS HENRIQUE MACHADO<\/p>\n","protected":false},"excerpt":{"rendered":"<p>IV340 &#8211; ANESTESIOLOGIA E T\u00c9CNICAS CIR\u00daRGICAS ROSANA PINHEIRO BOTELHO, CASSIA MARIA MOLINARO COELHO e MARTA FERNANDA ALBUQUERQUE DA SILVA IV349 <a class=\"read-more\" href=\"https:\/\/institutos.ufrrj.br\/iv\/departamentos\/dmcv\/disciplinas\/ \" >&#8230; <span class=\"font-italic\">leia mais <i class=\"fas fa-angle-right\"><\/i><\/span><\/a><\/p>\n","protected":false},"author":20,"featured_media":0,"parent":15,"menu_order":2,"comment_status":"closed","ping_status":"closed","template":"","meta":{"_themeisle_gutenberg_block_has_review":false,"footnotes":""},"class_list":["post-186","page","type-page","status-publish","hentry"],"_links":{"self":[{"href":"https:\/\/institutos.ufrrj.br\/iv\/wp-json\/wp\/v2\/pages\/186","targetHints":{"allow":["GET"]}}],"collection":[{"href":"https:\/\/institutos.ufrrj.br\/iv\/wp-json\/wp\/v2\/pages"}],"about":[{"href":"https:\/\/institutos.ufrrj.br\/iv\/wp-json\/wp\/v2\/types\/page"}],"author":[{"embeddable":true,"href":"https:\/\/institutos.ufrrj.br\/iv\/wp-json\/wp\/v2\/users\/20"}],"replies":[{"embeddable":true,"href":"https:\/\/institutos.ufrrj.br\/iv\/wp-json\/wp\/v2\/comments?post=186"}],"version-history":[{"count":4,"href":"https:\/\/institutos.ufrrj.br\/iv\/wp-json\/wp\/v2\/pages\/186\/revisions"}],"predecessor-version":[{"id":2217,"href":"https:\/\/institutos.ufrrj.br\/iv\/wp-json\/wp\/v2\/pages\/186\/revisions\/2217"}],"up":[{"embeddable":true,"href":"https:\/\/institutos.ufrrj.br\/iv\/wp-json\/wp\/v2\/pages\/15"}],"wp:attachment":[{"href":"https:\/\/institutos.ufrrj.br\/iv\/wp-json\/wp\/v2\/media?parent=186"}],"curies":[{"name":"wp","href":"https:\/\/api.w.org\/{rel}","templated":true}]}}