{"id":189,"date":"2010-07-06T17:28:28","date_gmt":"2010-07-06T20:28:28","guid":{"rendered":"http:\/\/r1.ufrrj.br\/wp\/iv\/"},"modified":"2020-07-01T14:05:31","modified_gmt":"2020-07-01T17:05:31","slug":"disciplinas","status":"publish","type":"page","link":"https:\/\/institutos.ufrrj.br\/iv\/departamentos\/dpa\/disciplinas\/","title":{"rendered":"Disciplinas"},"content":{"rendered":"<h3>GRADUA\u00c7\u00c3O<\/h3>\n<p>IV401 &#8211; ZOOLOGIA M\u00c9DICA E PARASITOLOGIA I<\/p>\n<p>IV402 &#8211; PARASITOLOGIA II<\/p>\n<p>IV404 &#8211; METODOLOGIA DA PESQUISA<\/p>\n<p>IV405- PARASITOLOGIA M\u00c9DICA<\/p>\n<p>IV406 &#8211; BIO\u00c9TICA E BEM-ESTAR ANIMAL<\/p>\n<p>IV407 &#8211; T\u00c9CNICAS MOLECULARES APLICADAS \u00c0 MEDICINA VETERIN\u00c1RIA<\/p>\n<p>IV408 &#8211; A ORIGEM E EVOLU\u00c7\u00c3O DOS PARASITOS<\/p>\n<p>IV409 &#8211; INSER\u00c7\u00c3O DO M\u00c9DICO VETERIN\u00c1RIO NA IND\u00daSTRIA FARMAC\u00caUTICA DE ANTIPARASIT\u00c1RIOS<\/p>\n<p>IV410 &#8211; T\u00c9CNICAS DE DIAGN\u00d3STICO MORFOL\u00d3GICO APLICADAS \u00c0 PARASITOLOGIA<\/p>\n<p>IV411- PARASITOLOGIA APLICADA \u00c0 ZOOTECNIA<\/p>\n<p>IV412 &#8211; PARASITOS DE ANIMAIS SELVAGENS E DE ZOOL\u00d3GICO<\/p>\n","protected":false},"excerpt":{"rendered":"<p>GRADUA\u00c7\u00c3O IV401 &#8211; ZOOLOGIA M\u00c9DICA E PARASITOLOGIA I IV402 &#8211; PARASITOLOGIA II IV404 &#8211; METODOLOGIA DA PESQUISA IV405- PARASITOLOGIA M\u00c9DICA <a class=\"read-more\" href=\"https:\/\/institutos.ufrrj.br\/iv\/departamentos\/dpa\/disciplinas\/ \" >&#8230; <span class=\"font-italic\">leia mais <i class=\"fas fa-angle-right\"><\/i><\/span><\/a><\/p>\n","protected":false},"author":49,"featured_media":0,"parent":17,"menu_order":2,"comment_status":"closed","ping_status":"closed","template":"","meta":{"_themeisle_gutenberg_block_has_review":false,"footnotes":""},"class_list":["post-189","page","type-page","status-publish","hentry"],"_links":{"self":[{"href":"https:\/\/institutos.ufrrj.br\/iv\/wp-json\/wp\/v2\/pages\/189","targetHints":{"allow":["GET"]}}],"collection":[{"href":"https:\/\/institutos.ufrrj.br\/iv\/wp-json\/wp\/v2\/pages"}],"about":[{"href":"https:\/\/institutos.ufrrj.br\/iv\/wp-json\/wp\/v2\/types\/page"}],"author":[{"embeddable":true,"href":"https:\/\/institutos.ufrrj.br\/iv\/wp-json\/wp\/v2\/users\/49"}],"replies":[{"embeddable":true,"href":"https:\/\/institutos.ufrrj.br\/iv\/wp-json\/wp\/v2\/comments?post=189"}],"version-history":[{"count":8,"href":"https:\/\/institutos.ufrrj.br\/iv\/wp-json\/wp\/v2\/pages\/189\/revisions"}],"predecessor-version":[{"id":2360,"href":"https:\/\/institutos.ufrrj.br\/iv\/wp-json\/wp\/v2\/pages\/189\/revisions\/2360"}],"up":[{"embeddable":true,"href":"https:\/\/institutos.ufrrj.br\/iv\/wp-json\/wp\/v2\/pages\/17"}],"wp:attachment":[{"href":"https:\/\/institutos.ufrrj.br\/iv\/wp-json\/wp\/v2\/media?parent=189"}],"curies":[{"name":"wp","href":"https:\/\/api.w.org\/{rel}","templated":true}]}}