{"id":19,"date":"2020-04-20T19:00:02","date_gmt":"2020-04-20T22:00:02","guid":{"rendered":"http:\/\/r1.ufrrj.br\/wp\/iv\/"},"modified":"2021-05-06T11:40:11","modified_gmt":"2021-05-06T14:40:11","slug":"estrutura","status":"publish","type":"page","link":"https:\/\/institutos.ufrrj.br\/iv\/estrutura\/","title":{"rendered":"Organiza\u00e7\u00e3o"},"content":{"rendered":"<p>O <strong>Instituto de Veterin\u00e1ria<\/strong>\u00a0est\u00e1 organizado da seguinte forma:<\/p>\n<ul>\n<li>Diretoria<\/li>\n<li>Conselho de Unidade do Instituto<\/li>\n<li>Secretaria Administrativa<\/li>\n<li>Departamentos<\/li>\n<li>Hospital Veterin\u00e1rio<\/li>\n<\/ul>\n","protected":false},"excerpt":{"rendered":"<p>O Instituto de Veterin\u00e1ria\u00a0est\u00e1 organizado da seguinte forma: Diretoria Conselho de Unidade do Instituto Secretaria Administrativa Departamentos Hospital Veterin\u00e1rio<\/p>\n","protected":false},"author":20,"featured_media":0,"parent":0,"menu_order":2,"comment_status":"closed","ping_status":"closed","template":"","meta":{"_themeisle_gutenberg_block_has_review":false,"footnotes":""},"class_list":["post-19","page","type-page","status-publish","hentry"],"_links":{"self":[{"href":"https:\/\/institutos.ufrrj.br\/iv\/wp-json\/wp\/v2\/pages\/19","targetHints":{"allow":["GET"]}}],"collection":[{"href":"https:\/\/institutos.ufrrj.br\/iv\/wp-json\/wp\/v2\/pages"}],"about":[{"href":"https:\/\/institutos.ufrrj.br\/iv\/wp-json\/wp\/v2\/types\/page"}],"author":[{"embeddable":true,"href":"https:\/\/institutos.ufrrj.br\/iv\/wp-json\/wp\/v2\/users\/20"}],"replies":[{"embeddable":true,"href":"https:\/\/institutos.ufrrj.br\/iv\/wp-json\/wp\/v2\/comments?post=19"}],"version-history":[{"count":6,"href":"https:\/\/institutos.ufrrj.br\/iv\/wp-json\/wp\/v2\/pages\/19\/revisions"}],"predecessor-version":[{"id":2440,"href":"https:\/\/institutos.ufrrj.br\/iv\/wp-json\/wp\/v2\/pages\/19\/revisions\/2440"}],"wp:attachment":[{"href":"https:\/\/institutos.ufrrj.br\/iv\/wp-json\/wp\/v2\/media?parent=19"}],"curies":[{"name":"wp","href":"https:\/\/api.w.org\/{rel}","templated":true}]}}