{"id":1959,"date":"2020-05-01T23:11:54","date_gmt":"2020-05-02T02:11:54","guid":{"rendered":"http:\/\/institutos.ufrrj.br\/iv\/?page_id=1959"},"modified":"2020-09-03T10:48:34","modified_gmt":"2020-09-03T13:48:34","slug":"linhas-de-pesquisa","status":"publish","type":"page","link":"https:\/\/institutos.ufrrj.br\/iv\/departamentos\/dmiv\/linhas-de-pesquisa\/","title":{"rendered":"Linhas de pesquisa"},"content":{"rendered":"<h3>\u00c1guida Oliveira<\/h3>\n<p><strong>Linhas de pesquisa:<\/strong><\/p>\n<p>Isolamento e Identifica\u00e7\u00e3o de Fungos Tox\u00edgenos contaminantes de produtos vegetais, alimentos e ra\u00e7\u00f5es destinadas \u00e0 alimenta\u00e7\u00e3o humana e\/ou animal.<\/p>\n<p>Micotoxinas e Micotoxicoses: otimiza\u00e7\u00e3o de metodologias de detec\u00e7\u00e3o e quantifica\u00e7\u00e3o de micotoxinas em produtos vegetais, alimentos e ra\u00e7\u00f5es para o diagn\u00f3stico de micotoxicoses em humanos, animais de cria\u00e7\u00e3o, de companhia e de trabalho.<\/p>\n<p>Preven\u00e7\u00e3o e Controle de Micotoxicoses: testar a capacidade <em>in vitro<\/em> da utiliza\u00e7\u00e3o de extratos vegetais na inibi\u00e7\u00e3o do crescimento f\u00fangico e da produ\u00e7\u00e3o de micotoxinas.<\/p>\n<p>&nbsp;<\/p>\n<h3>Carlos Zarden<\/h3>\n<p><strong>Linhas de pesquisa: <\/strong><\/p>\n<p>Diagn\u00f3stico e controle da tuberculose bovina no Rio de Janeiro, Suscetibilidade antimicrobiana de agentes bacterianos em infec\u00e7\u00f5es mistas.<\/p>\n<p>&nbsp;<\/p>\n<h3>Danielle de Oliveira Nascimento<\/h3>\n<p><strong>Linhas de pesquisa:<\/strong><\/p>\n<p>Caracteriza\u00e7\u00e3o estrutural e efeitos imunomoduladores da glicoinositolfosforilceramidas (gipc) de <em>Sporothrix brasiliensis<\/em><\/p>\n<p><em>\u00a0<\/em><\/p>\n<h3>Debora Decote<\/h3>\n<p><em><strong>Linhas de pesquisa:<\/strong><\/em><\/p>\n<p>Estudo da modula\u00e7\u00e3o da resposta inflamat\u00f3ria utilizando c\u00e9lulas do sistema imunit\u00e1rio que desempenham essa fun\u00e7\u00e3o. Contribuindo para o desenvolvimento de estrat\u00e9gias de imunoterapia.<\/p>\n<p>Avalia\u00e7\u00e3o da imunomodula\u00e7\u00e3o de doen\u00e7as autoimunes por c\u00e9lulas do sistema imunit\u00e1rio e por mol\u00e9culas isoladas de fungos.<\/p>\n<p>An\u00e1lise da atividade tripanocida de novos compostos naturais e sint\u00e9ticos e sua associa\u00e7\u00e3o com Benznidazol.<\/p>\n<p>&nbsp;<\/p>\n<h3>Debora Regina Lopes dos Santos e Sieberth Brito<\/h3>\n<p><strong>Linhas de pesquisa:<\/strong><\/p>\n<p>Epidemiologia molecular com \u00eanfase em Virologia<\/p>\n<p>&nbsp;<\/p>\n<h3>Francisco de Assis Baroni<\/h3>\n<p><strong>Linhas de pesquisa:<\/strong><\/p>\n<p>FEN\u00d3TIPOS DE LEVEDURAS DO MEIO AMBIENTE<\/p>\n<p>Objetivo: Pesquisa da presen\u00e7a de leveduras patogenicamente importantes nos diversos ambientes e a poss\u00edvel intera\u00e7\u00e3o de microrganismos que podem tornar-se emergentes em casos cl\u00ednicos de animais.<\/p>\n<p>MICOBIOTA DE ANIMAIS DOM\u00c9STICOS E SILVESTRES<\/p>\n<p>Objetivo: Determinar a micobiota col\u00f4nica das superf\u00edcies corporais, das mucosas oral e vaginal, ocular, do conduto auditivo e demais s\u00edtios anat\u00f4micos de v\u00e1rias esp\u00e9cies animais, incluindo as silvestres.<\/p>\n<p>VIRUL\u00caNCIA DE LEVEDURAS PATOG\u00caNICAS E DE FUNGOS DIM\u00d3RFICOS<\/p>\n<p>Objetivo: Determinar, em n\u00edvel laboratorial, o grau de virul\u00eancia de leveduras e de fungos dim\u00f3rficos isolados de casos cl\u00ednicos, incluindo aqueles considerados como causadores de micoses emergentes<\/p>\n<p>&nbsp;<\/p>\n<h3>Gl\u00f3ria Maria Direito<\/h3>\n<p><strong>Linhas de pesquisa:<\/strong><\/p>\n<p>Micotoxinas em alimentos para consumo animal e humano;<\/p>\n<p>Biomaracadores de exposi\u00e7\u00e3o \u00e0 fumonisinas<\/p>\n<p>&nbsp;<\/p>\n<h3>Irene da Silva Coelho<\/h3>\n<p><strong>Linhas de pesquisa:<\/strong><\/p>\n<p>Diversidade microbiana e resistoma em ambientes de produ\u00e7\u00e3o agr\u00edcola<\/p>\n<p>&nbsp;<\/p>\n<h3>Lidiane de Castro Soares<\/h3>\n<p><strong>Linhas de pesquisa:<\/strong><\/p>\n<p>An\u00e1lise\u00a0 feno-genot\u00edpica da resist\u00eancia antimicrobiana e dos fatores de virul\u00eancia de agentes bacterianos em ambientes de produ\u00e7\u00e3o, manuten\u00e7\u00e3o e hospitalar animal com abordagem em Sa\u00fade \u00danica.<\/p>\n<p>&nbsp;<\/p>\n<h3>L\u00facia Helena Pinto da Silva<\/h3>\n<p><strong>Linhas de pesquisa:<\/strong><\/p>\n<p>Leishmaniose: Aspectos Celulares e Moleculares da Intera\u00e7\u00e3o Parasita X Mam\u00edferos e Parasita X Vetor.<\/p>\n<p>Prospec\u00e7\u00e3o de Mol\u00e9culas Naturais e\/ou Sint\u00e9ticas Bioativas em Leishmania e Avalia\u00e7\u00e3o do seu Efeito Imunomodulador<\/p>\n<p>&nbsp;<\/p>\n<h3>Marcelo Elias Fraga<\/h3>\n<p><strong>Linhas de pesquisa:<\/strong><\/p>\n<p>Taxonomia de fungos<\/p>\n<p>Bioprospec\u00e7\u00e3o de fungos de interesse biotecnol\u00f3gico<\/p>\n<p><strong>\u00a0<\/strong><\/p>\n<h3>Miliane Moreira Soares de Souza<\/h3>\n<p><strong>Linhas de pesquisa:<\/strong><\/p>\n<p>Resist\u00eancia Antimicrobiana em Ambientes de Produ\u00e7\u00e3o, Manuten\u00e7\u00e3o e Cuidados Cl\u00ednicos Animais<\/p>\n<p>&nbsp;<\/p>\n<h3>Sergio Gaspar de Campos<\/h3>\n<p><strong>Linhas de pesquisa:<\/strong><\/p>\n<p>Micologia Veterin\u00e1ria e Micotoxicologia<\/p>\n<p>&nbsp;<\/p>\n<h3>Shanna de Mattos<\/h3>\n<p><strong>Linhas de pesquisa:<\/strong><\/p>\n<p>Mecanismos de resist\u00eancia e virul\u00eancia em bact\u00e9rias de import\u00e2ncia na sa\u00fade animal e humana<\/p>\n<p>Produ\u00e7\u00e3o de betalactamases de amplo espectro em enterobact\u00e9rias provenientes de animais, humanos e meio ambiente<\/p>\n","protected":false},"excerpt":{"rendered":"<p>\u00c1guida Oliveira Linhas de pesquisa: Isolamento e Identifica\u00e7\u00e3o de Fungos Tox\u00edgenos contaminantes de produtos vegetais, alimentos e ra\u00e7\u00f5es destinadas \u00e0 <a class=\"read-more\" href=\"https:\/\/institutos.ufrrj.br\/iv\/departamentos\/dmiv\/linhas-de-pesquisa\/ \" >&#8230; <span class=\"font-italic\">leia mais <i class=\"fas fa-angle-right\"><\/i><\/span><\/a><\/p>\n","protected":false},"author":52,"featured_media":0,"parent":13,"menu_order":3,"comment_status":"closed","ping_status":"closed","template":"","meta":{"_themeisle_gutenberg_block_has_review":false,"footnotes":""},"class_list":["post-1959","page","type-page","status-publish","hentry"],"_links":{"self":[{"href":"https:\/\/institutos.ufrrj.br\/iv\/wp-json\/wp\/v2\/pages\/1959","targetHints":{"allow":["GET"]}}],"collection":[{"href":"https:\/\/institutos.ufrrj.br\/iv\/wp-json\/wp\/v2\/pages"}],"about":[{"href":"https:\/\/institutos.ufrrj.br\/iv\/wp-json\/wp\/v2\/types\/page"}],"author":[{"embeddable":true,"href":"https:\/\/institutos.ufrrj.br\/iv\/wp-json\/wp\/v2\/users\/52"}],"replies":[{"embeddable":true,"href":"https:\/\/institutos.ufrrj.br\/iv\/wp-json\/wp\/v2\/comments?post=1959"}],"version-history":[{"count":6,"href":"https:\/\/institutos.ufrrj.br\/iv\/wp-json\/wp\/v2\/pages\/1959\/revisions"}],"predecessor-version":[{"id":2363,"href":"https:\/\/institutos.ufrrj.br\/iv\/wp-json\/wp\/v2\/pages\/1959\/revisions\/2363"}],"up":[{"embeddable":true,"href":"https:\/\/institutos.ufrrj.br\/iv\/wp-json\/wp\/v2\/pages\/13"}],"wp:attachment":[{"href":"https:\/\/institutos.ufrrj.br\/iv\/wp-json\/wp\/v2\/media?parent=1959"}],"curies":[{"name":"wp","href":"https:\/\/api.w.org\/{rel}","templated":true}]}}