{"id":1985,"date":"2022-06-02T00:22:47","date_gmt":"2022-06-02T03:22:47","guid":{"rendered":"http:\/\/institutos.ufrrj.br\/iv\/?page_id=1985"},"modified":"2022-06-23T15:15:13","modified_gmt":"2022-06-23T18:15:13","slug":"laboratorios","status":"publish","type":"page","link":"https:\/\/institutos.ufrrj.br\/iv\/departamentos\/dmiv\/laboratorios\/","title":{"rendered":"Laborat\u00f3rios"},"content":{"rendered":"<table>\n<tbody>\n<tr>\n<td width=\"186\"><strong>\u00a0<\/strong><\/td>\n<td width=\"381\">\n<h2><strong>Laborat\u00f3rio de Micologia e Micotoxicologia<\/strong><\/h2>\n<\/td>\n<\/tr>\n<tr>\n<td width=\"186\">Local:<\/td>\n<td width=\"381\">Salas 9 e 10 do Anexo I do Instituto de Veterin\u00e1ria<\/td>\n<\/tr>\n<tr>\n<td width=\"186\">Linhas de Pesquisa:<\/td>\n<td width=\"381\">Avalia\u00e7\u00e3o Micol\u00f3gica e Micotoxicol\u00f3gica de Produtos Destinados a Alimenta\u00e7\u00e3o Animal e Humana;<\/p>\n<p>Testes de avalia\u00e7\u00e3o antif\u00fangica<\/td>\n<\/tr>\n<tr>\n<td width=\"186\">Professores repons\u00e1veis:<\/p>\n<p>&nbsp;<\/td>\n<td width=\"381\">\u00c1guida Oliveira (coordenador)<\/p>\n<p>Francisco de Assis Baroni<\/p>\n<p>Sergio Gaspar de Campos<\/td>\n<\/tr>\n<tr>\n<td width=\"186\">Contatos e M\u00eddia<\/td>\n<td width=\"381\">aguidaoliveira@gmail.com<\/p>\n<p>@micotoxirural\u00a0\u00a0 \u00a0\u00a0\u00a0(Instagram)<\/td>\n<\/tr>\n<tr>\n<td width=\"186\"><strong>\u00a0<\/strong><\/td>\n<td width=\"381\">\n<h2><strong>Laborat\u00f3rio de Micologia Cl\u00ednica<\/strong><\/h2>\n<\/td>\n<\/tr>\n<tr>\n<td width=\"186\">Local:<\/td>\n<td width=\"381\">Sala 78 \u2013 DMIV, Instituto de Veterin\u00e1ria<\/td>\n<\/tr>\n<tr>\n<td width=\"186\">Linhas de Pesquisa:<\/td>\n<td width=\"381\">Micologia e Micotoxinas<\/p>\n<p>(Grupo de Pesquisa junto com Os Professores Francisco de Assis Baroni, \u00c1guida Oliveira)<\/td>\n<\/tr>\n<tr>\n<td width=\"186\">Professor respons\u00e1vel:<\/td>\n<td width=\"381\">Sergio Gaspar de Campos<\/td>\n<\/tr>\n<tr>\n<td width=\"186\">Contatos<\/td>\n<td width=\"381\">gascam@ufrrj.br<\/td>\n<\/tr>\n<tr>\n<td width=\"186\"><strong>\u00a0<\/strong><\/td>\n<td width=\"381\">\n<h2><strong>Laborat\u00f3rio de Gen\u00e9tica Molecular de Microrganismos<\/strong><\/h2>\n<\/td>\n<\/tr>\n<tr>\n<td width=\"186\">Local:<\/td>\n<td width=\"381\">Salas 4 e 5 do Anexo I do Instituto de Veterin\u00e1ria<\/td>\n<\/tr>\n<tr>\n<td width=\"186\">Linhas de Pesquisa:<\/td>\n<td width=\"381\">Diversidade Microbiana e Resistoma em Ambientes de Produ\u00e7\u00e3o Agr\u00edcola<\/td>\n<\/tr>\n<tr>\n<td width=\"186\">Professora respons\u00e1vel:<\/td>\n<td width=\"381\">Irene Coelho (Coordenadora)<br \/>\nMiliane Moreira Soares de Souza<br \/>\nShana de Mattos de Oliveira Coelho<\/td>\n<\/tr>\n<tr>\n<td width=\"186\">Contatos<\/td>\n<td width=\"381\">irenecoelho@ufrrj.br<\/td>\n<\/tr>\n<tr>\n<td width=\"186\"><strong>\u00a0<\/strong><\/td>\n<td width=\"381\">\n<h2><strong>Laborat\u00f3rio de Imunologia e Virologia<\/strong><\/h2>\n<\/td>\n<\/tr>\n<tr>\n<td width=\"186\">Local:<\/td>\n<td width=\"381\">Localizado atr\u00e1s do Hospital de Grandes Animais<\/td>\n<\/tr>\n<tr>\n<td width=\"186\">Linhas de Pesquisa:<\/td>\n<td width=\"381\">Prospec\u00e7\u00e3o de Mol\u00e9culas Bioativas Sint\u00e9ticas Ou Naturais em Leishmania e Seu Efeito No Sistema Imunit\u00e1rio<\/p>\n<p>Imunomodula\u00e7\u00e3o Dos Macr\u00f3fagos Caninos Dh82 Por Esp\u00e9cies de Leishmania (L\u00facia Helena Pinto da Silva)<\/p>\n<p>&nbsp;<\/p>\n<p>Intera\u00e7\u00e3o Carrapato Versus Leishmania? Eis a Quest\u00e3o (L\u00facia Helena Pinto da Silva)<\/p>\n<p>&nbsp;<\/p>\n<p>Desenvolvimento de m\u00e9todos de diagn\u00f3stico para detec\u00e7\u00e3o de v\u00edrus utilizando tecnologia IgY (Debora Regina Lopes dos Santos e Sieberth do Nascimento Brito)<\/td>\n<\/tr>\n<tr>\n<td width=\"186\">Professores respons\u00e1veis:<\/td>\n<td width=\"381\">L\u00facia Helena Pinto da Silva<\/p>\n<p>Danielle de Oliveira Nascimento<\/p>\n<p>D\u00e9bora Decote<\/p>\n<p>D\u00e9bora Regina<\/p>\n<p>Sieberth Brito<\/td>\n<\/tr>\n<tr>\n<td width=\"186\"><strong>\u00a0<\/strong><\/td>\n<td width=\"381\">\n<h2><strong>Laborat\u00f3rio de Biologia dos Fungos<\/strong><\/h2>\n<\/td>\n<\/tr>\n<tr>\n<td width=\"186\">Laborat\u00f3rio:<\/td>\n<td width=\"381\">Sala 45 &#8211; Anexo I do Instituto de Veterin\u00e1ria<\/td>\n<\/tr>\n<tr>\n<td width=\"186\">Linhas de Pesquisa:<\/td>\n<td width=\"381\">Bioprospec\u00e7\u00e3o de Fungos de Interesse Biotecnol\u00f3gico<\/p>\n<p>Diversidade e Taxonomia de Fungos<\/td>\n<\/tr>\n<tr>\n<td width=\"186\">Professor respons\u00e1vel:<\/td>\n<td width=\"381\">Marcelo Elias Fraga<\/td>\n<\/tr>\n<tr>\n<td width=\"186\">Contato:<\/td>\n<td width=\"381\">fraga@ufrrj.br<\/td>\n<\/tr>\n<tr>\n<td width=\"186\"><strong>\u00a0<\/strong><\/td>\n<td width=\"381\">\n<h2><strong>Laborat\u00f3rio de Leveduras Patog\u00eanicas e Ambientais<\/strong><\/h2>\n<\/td>\n<\/tr>\n<tr>\n<td width=\"186\">Local:<\/td>\n<td width=\"381\">Sala 90 \u2013 DMIV, Instituto de Veterin\u00e1ria<\/td>\n<\/tr>\n<tr>\n<td width=\"186\">Linhas de Pesquisa:<\/td>\n<td width=\"381\">Fen\u00f3tipos de Leveduras do Meio Ambiente<\/p>\n<p>Microbiota de Animais Dom\u00e9sticos e Silvestres<\/p>\n<p>Virul\u00eancia de Leveduras Patog\u00eanicas e de Fungos Dim\u00f3rficos<\/td>\n<\/tr>\n<tr>\n<td width=\"186\">Professor respons\u00e1vel:<\/td>\n<td width=\"381\">Francisco de Assis Baroni (coordenador)<\/td>\n<\/tr>\n<tr>\n<td width=\"186\">Contato:<\/td>\n<td width=\"381\">baronimicol@gmail.com<\/td>\n<\/tr>\n<tr>\n<td width=\"186\"><strong>\u00a0<\/strong><\/td>\n<td width=\"381\">\n<h2><strong>Laborat\u00f3rio de Bacteriologia Cl\u00ednica<\/strong><\/h2>\n<\/td>\n<\/tr>\n<tr>\n<td width=\"186\">Local:<\/td>\n<td width=\"381\">Sala 76, DMIV &#8211; Instituto de Veterin\u00e1ria<\/td>\n<\/tr>\n<tr>\n<td width=\"186\">Linhas de Pesquisa:<\/td>\n<td width=\"381\">Detec\u00e7\u00e3o do Perfil de Resist\u00eancia e Virul\u00eancia em Isolados de Interesse em Medicina Veterin\u00e1ria e Sa\u00fade P\u00fablica (Lidiane Soares);<\/p>\n<p>Avalia\u00e7\u00e3o de Novos M\u00e9todos de Diagn\u00f3stico No Monitoramento e Controle da Tuberculose Bovina (Carlos Zarden)<\/td>\n<\/tr>\n<tr>\n<td width=\"186\">Professores respons\u00e1veis:<\/td>\n<td width=\"381\">Carlos Zarden (coordenador)<\/p>\n<p>Lidiane Soares (vice coordenadora)<\/td>\n<\/tr>\n<tr>\n<td width=\"186\">Contato:<\/td>\n<td width=\"381\">lidianecastrosoares@gmail.com<\/td>\n<\/tr>\n<tr>\n<td width=\"186\"><strong>\u00a0<\/strong><\/td>\n<td width=\"381\">\n<h2><strong>Laborat\u00f3rio de Diagn\u00f3stico Microbiol\u00f3gico Veterin\u00e1rio<\/strong><\/h2>\n<\/td>\n<\/tr>\n<tr>\n<td width=\"186\">Local:<\/td>\n<td width=\"381\">Sala 92 do Instituto de Veterin\u00e1ria<\/td>\n<\/tr>\n<tr>\n<td width=\"186\">Servi\u00e7os:<\/td>\n<td width=\"381\">Isolamento e identifica\u00e7\u00e3o de microrganismos patog\u00eanicos para fins de diagn\u00f3stico veterin\u00e1rio, bem como avalia\u00e7\u00e3o de susceptilbilidade a antimicrobianos;<\/p>\n<p>Servi\u00e7os prestados ao Hospital Veterin\u00e1rio e Particular<\/td>\n<\/tr>\n<tr>\n<td width=\"186\">Professores respons\u00e1veis:<\/td>\n<td width=\"381\">Francisco de Assis Baroni<\/p>\n<p>Miliane Moreira Soares de Souza<\/p>\n<p>Sergio Gaspar de Campos<\/p>\n<p>Residentes de Diagn\u00f3stico Microbiol\u00f3gico Veterin\u00e1rio<\/td>\n<\/tr>\n<tr>\n<td width=\"186\">Contato e m\u00eddias:<\/td>\n<td width=\"381\">dmv.ufrrj@gmail.com<\/p>\n<p>@ldmv_rural\u00a0\u00a0\u00a0\u00a0 (Instagram)<\/td>\n<\/tr>\n<tr>\n<td width=\"186\"><strong>\u00a0<\/strong><\/td>\n<td width=\"381\">\n<h2><strong>Laborat\u00f3rio de Bacteriologia Veterin\u00e1ria<\/strong><\/h2>\n<\/td>\n<\/tr>\n<tr>\n<td width=\"186\">Laborat\u00f3rio:<\/td>\n<td width=\"381\">Salas 72 e 74 &#8211; DMIV, Instituto de Veterin\u00e1ria<\/td>\n<\/tr>\n<tr>\n<td width=\"186\">Linhas de Pesquisa:<\/td>\n<td width=\"381\">Diversidade gen\u00e9tica, resist\u00eancia e virul\u00eancia de pat\u00f3genos bacterianos isolados de ambientes de produ\u00e7\u00e3o, manuten\u00e7\u00e3o e cuidados cl\u00ednicos de animais e an\u00e1lise de resistoma de solos tratados com res\u00edduos da produ\u00e7\u00e3o animal.<\/p>\n<p>Resist\u00eancia e virul\u00eancia em pat\u00f3genos bacterianos e estudos de resistoma em ambientes de produ\u00e7\u00e3o animal, uma abordagem de Sa\u00fade \u00danica.<\/p>\n<p>A\u00e7\u00f5es integradoras de an\u00e1lise da diversidade e resist\u00eancia bacteriana e implementa\u00e7\u00e3o de medidas de preven\u00e7\u00e3o e controle da mastite bovina em unidades leiteiras da regi\u00e3o Sul-Fluminense.<\/td>\n<\/tr>\n<tr>\n<td width=\"186\">Professora respons\u00e1vel:<\/td>\n<td width=\"381\">Miliane Moreira Soares de Souza<\/td>\n<\/tr>\n<tr>\n<td width=\"186\">Contatos e M\u00eddias:<\/td>\n<td width=\"381\">milianemss@gmail.com<\/p>\n<p>&nbsp;<\/p>\n<p>@labacvet.ufrrj\u00a0\u00a0\u00a0 (Instagram)<\/td>\n<\/tr>\n<tr>\n<td width=\"186\"><strong>\u00a0<\/strong><\/td>\n<td width=\"381\">\n<h2><strong>Laborat\u00f3rio de Bacteriologia <\/strong><\/h2>\n<\/td>\n<\/tr>\n<tr>\n<td width=\"186\">Local:<\/td>\n<td width=\"381\">sala 7 do anexo I do IV<\/td>\n<\/tr>\n<tr>\n<td width=\"186\">Linhas de Pesquisa:<\/td>\n<td width=\"381\">Pesquisa feno-genot\u00edpica da produ\u00e7\u00e3o de betalactamases por enterobact\u00e9rias provenientes de amostras de origem animal, humana e ambiental.<\/td>\n<\/tr>\n<tr>\n<td width=\"186\">Professora respons\u00e1vel:<\/td>\n<td width=\"381\">Shana de Mattos (coordenadora)<\/td>\n<\/tr>\n<tr>\n<td width=\"186\">Contatos e M\u00eddias:<\/td>\n<td width=\"381\">Shana_mattos@hotmail.com<\/p>\n<p>&nbsp;<\/td>\n<\/tr>\n<\/tbody>\n<\/table>\n","protected":false},"excerpt":{"rendered":"<p>\u00a0 Laborat\u00f3rio de Micologia e Micotoxicologia Local: Salas 9 e 10 do Anexo I do Instituto de Veterin\u00e1ria Linhas de <a class=\"read-more\" href=\"https:\/\/institutos.ufrrj.br\/iv\/departamentos\/dmiv\/laboratorios\/ \" >&#8230; <span class=\"font-italic\">leia mais <i class=\"fas fa-angle-right\"><\/i><\/span><\/a><\/p>\n","protected":false},"author":52,"featured_media":0,"parent":13,"menu_order":4,"comment_status":"closed","ping_status":"closed","template":"","meta":{"_themeisle_gutenberg_block_has_review":false,"footnotes":""},"class_list":["post-1985","page","type-page","status-publish","hentry"],"_links":{"self":[{"href":"https:\/\/institutos.ufrrj.br\/iv\/wp-json\/wp\/v2\/pages\/1985","targetHints":{"allow":["GET"]}}],"collection":[{"href":"https:\/\/institutos.ufrrj.br\/iv\/wp-json\/wp\/v2\/pages"}],"about":[{"href":"https:\/\/institutos.ufrrj.br\/iv\/wp-json\/wp\/v2\/types\/page"}],"author":[{"embeddable":true,"href":"https:\/\/institutos.ufrrj.br\/iv\/wp-json\/wp\/v2\/users\/52"}],"replies":[{"embeddable":true,"href":"https:\/\/institutos.ufrrj.br\/iv\/wp-json\/wp\/v2\/comments?post=1985"}],"version-history":[{"count":10,"href":"https:\/\/institutos.ufrrj.br\/iv\/wp-json\/wp\/v2\/pages\/1985\/revisions"}],"predecessor-version":[{"id":2692,"href":"https:\/\/institutos.ufrrj.br\/iv\/wp-json\/wp\/v2\/pages\/1985\/revisions\/2692"}],"up":[{"embeddable":true,"href":"https:\/\/institutos.ufrrj.br\/iv\/wp-json\/wp\/v2\/pages\/13"}],"wp:attachment":[{"href":"https:\/\/institutos.ufrrj.br\/iv\/wp-json\/wp\/v2\/media?parent=1985"}],"curies":[{"name":"wp","href":"https:\/\/api.w.org\/{rel}","templated":true}]}}