{"id":1992,"date":"2020-05-02T00:26:17","date_gmt":"2020-05-02T03:26:17","guid":{"rendered":"http:\/\/institutos.ufrrj.br\/iv\/?page_id=1992"},"modified":"2020-05-21T14:57:08","modified_gmt":"2020-05-21T17:57:08","slug":"laboratorios","status":"publish","type":"page","link":"https:\/\/institutos.ufrrj.br\/iv\/departamentos\/dmcv\/laboratorios\/","title":{"rendered":"Laborat\u00f3rios"},"content":{"rendered":"<p><img loading=\"lazy\" decoding=\"async\" class=\"alignnone size-medium wp-image-2190\" src=\"http:\/\/institutos.ufrrj.br\/iv\/wp-content\/uploads\/sites\/107\/2020\/05\/Imagem1-1-300x225.jpg\" alt=\"\" width=\"300\" height=\"225\" srcset=\"https:\/\/institutos.ufrrj.br\/iv\/wp-content\/uploads\/sites\/107\/2020\/05\/Imagem1-1-300x225.jpg 300w, https:\/\/institutos.ufrrj.br\/iv\/wp-content\/uploads\/sites\/107\/2020\/05\/Imagem1-1-768x577.jpg 768w, https:\/\/institutos.ufrrj.br\/iv\/wp-content\/uploads\/sites\/107\/2020\/05\/Imagem1-1.jpg 888w\" sizes=\"auto, (max-width: 300px) 100vw, 300px\" \/><\/p>\n<p><strong>LABVET-UFRRJ<\/strong><\/p>\n<p>O LABVET \u00e9 um laborat\u00f3rio-escola localizado no Instituto de Veterin\u00e1ria da Universidade Federal Rural do Rio de Janeiro, sob supervis\u00e3o dos docentes Dr.\u00aa Cristiane Divan Baldani e Dr. Carlos Henrique Machado.<\/p>\n<p>A equipe de 2020 \u00e9 composta pelas t\u00e9cnicas de laborat\u00f3rio: Tatiane Andrade e Anne Melo; seis alunos de p\u00f3s-gradua\u00e7\u00e3o <em>lato sensu<\/em> vinculados ao Programa de Resid\u00eancia Multiprofissional em \u00c1rea da Sa\u00fade \u2013 Patologia Cl\u00ednica: Elisabeth Mureb (Residente de 2\u00ba ano), Alexandre Carvalho (Residente de 2\u00ba ano), Maria Eug\u00eania Monteiro (Residente de 2\u00ba ano), J\u00f4nathan David Ribas (Residente de 1\u00ba ano), Diogo Mazzei (Residente de 1\u00ba ano), Isaac Leandro Lira (Residente de 1\u00ba ano); duas alunas de p\u00f3s-gradua\u00e7\u00e3o <em>stricto sensu <\/em>do Programa de P\u00f3s-gradua\u00e7\u00e3o em Medicina Veterin\u00e1ria (PPGMV\/UFRRJ) a n\u00edvel de Mestrado: \u00c1gatha Oliveira e Naiara Vidal; uma aluna Bolsista Pibic \u2013 CNPq: Ana Beatriz Gil e uma monitora da disciplina de Patologia Cl\u00ednica Veterin\u00e1ria \u2013 DMCV: Larissa Costa.<\/p>\n<p>No LABVET-UFRRJ s\u00e3o processadas diversas an\u00e1lises laboratoriais de animais previamente consultados no Hospital Veterin\u00e1ria da UFRRJ (Setor de Pequenos Animais, Setor de Animais Selvagens e Setor de Grande Animais). Al\u00e9m disto, s\u00e3o desenvolvidas pesquisas inerentes as \u00e1reas de Patologia Cl\u00ednica Veterin\u00e1ria, Diagn\u00f3stico Sorol\u00f3gico e Diagn\u00f3stico Molecular de doen\u00e7as de import\u00e2ncia em animais de companhia e de vida livre.<\/p>\n<p>Al\u00e9m das atividades pr\u00e1ticas desenvolvidas na rotina laboratorial, nossa equipe desenvolve atividades de extens\u00e3o, incluindo a divulga\u00e7\u00e3o de conte\u00fado na \u00e1rea de Patologia Cl\u00ednica e Diagn\u00f3stico Laboratorial em m\u00eddias sociais. Na p\u00e1gina do Instagram (@labvet.ufrrj) s\u00e3o inseridas imagens, fluxogramas e micrografias de casos cl\u00ednicos da rotina de maneira interativa e de f\u00e1cil interpreta\u00e7\u00e3o aos seguidores. O projeto \u201cExames na Vet\u201d, tamb\u00e9m ocorre na plataforma, e tem como objetivo fornecer semanalmente duas palestras online, em formato de Live ao vivo, com profissionais de diversas \u00e1reas da Medicina Veterin\u00e1ria falando sobre temas inerentes ao diagn\u00f3stico animal.<\/p>\n<p>As lives \u201cExames na Vet\u201d \u00a0tamb\u00e9m s\u00e3o disponibilizadas em nosso canal do youtube (<a href=\"http:\/\/www.youtube.com.br\/LabVetPatologiaClinica\">www.youtube.com.br\/LabVetPatologiaClinica<\/a>) com o objetivo de fornecer um conte\u00fado de qualidade para estudo aos alunos e m\u00e9dicos veterin\u00e1rios j\u00e1 formados.<\/p>\n<p><strong>Equipe:<\/strong><\/p>\n<p><img loading=\"lazy\" decoding=\"async\" class=\"alignnone size-medium wp-image-2183\" src=\"http:\/\/institutos.ufrrj.br\/iv\/wp-content\/uploads\/sites\/107\/2020\/05\/lab-vet-1-300x225.jpg\" alt=\"\" width=\"300\" height=\"225\" srcset=\"https:\/\/institutos.ufrrj.br\/iv\/wp-content\/uploads\/sites\/107\/2020\/05\/lab-vet-1-300x225.jpg 300w, https:\/\/institutos.ufrrj.br\/iv\/wp-content\/uploads\/sites\/107\/2020\/05\/lab-vet-1-768x577.jpg 768w, https:\/\/institutos.ufrrj.br\/iv\/wp-content\/uploads\/sites\/107\/2020\/05\/lab-vet-1.jpg 888w\" sizes=\"auto, (max-width: 300px) 100vw, 300px\" \/><\/p>\n<p><img loading=\"lazy\" decoding=\"async\" class=\"alignnone size-medium wp-image-2182\" src=\"http:\/\/institutos.ufrrj.br\/iv\/wp-content\/uploads\/sites\/107\/2020\/05\/labvet2-300x225.jpg\" alt=\"\" width=\"300\" height=\"225\" srcset=\"https:\/\/institutos.ufrrj.br\/iv\/wp-content\/uploads\/sites\/107\/2020\/05\/labvet2-300x225.jpg 300w, https:\/\/institutos.ufrrj.br\/iv\/wp-content\/uploads\/sites\/107\/2020\/05\/labvet2-768x577.jpg 768w, https:\/\/institutos.ufrrj.br\/iv\/wp-content\/uploads\/sites\/107\/2020\/05\/labvet2.jpg 888w\" sizes=\"auto, (max-width: 300px) 100vw, 300px\" \/><\/p>\n<p>__________________________________<\/p>\n<p><strong>Laborat\u00f3rio de Pesquisa em D\u00edpteros Hemat\u00f3fagos<\/strong><\/p>\n<p>Nele s\u00e3o desenvolvidos projetos de pesquisa principalmente com a Mosca dos Est\u00e1bulos, cujo objetivo \u00e9 buscar metodologias para estudar a biologia, ecologia, sazonalidade, transmiss\u00e3o de agentes patog\u00eanicos e seu controle. O laborat\u00f3rio est\u00e1 situado na Esta\u00e7\u00e3o para Pesquisas Parasitol\u00f3gicas W. O. Neitz, disp\u00f5e de equipamentos diversos e mant\u00eam col\u00f4nia de moscas para estudos in vitro. No laborat\u00f3rio foram desenvolvidos experimentos nas diversas \u00e1reas de estudo envolvendo a Mosca dos Est\u00e1bulos por estudantes de Inicia\u00e7\u00e3o Cient\u00edfica, Mestrado e Doutorado. Atualmente os estudos est\u00e3o mais focados no controle biol\u00f3gico, utilizando nemat\u00f3ides entomopatog\u00eanicos.<\/p>\n<p>&nbsp;<\/p>\n","protected":false},"excerpt":{"rendered":"<p>LABVET-UFRRJ O LABVET \u00e9 um laborat\u00f3rio-escola localizado no Instituto de Veterin\u00e1ria da Universidade Federal Rural do Rio de Janeiro, sob <a class=\"read-more\" href=\"https:\/\/institutos.ufrrj.br\/iv\/departamentos\/dmcv\/laboratorios\/ \" >&#8230; <span class=\"font-italic\">leia mais <i class=\"fas fa-angle-right\"><\/i><\/span><\/a><\/p>\n","protected":false},"author":52,"featured_media":0,"parent":15,"menu_order":4,"comment_status":"closed","ping_status":"closed","template":"","meta":{"_themeisle_gutenberg_block_has_review":false,"footnotes":""},"class_list":["post-1992","page","type-page","status-publish","hentry"],"_links":{"self":[{"href":"https:\/\/institutos.ufrrj.br\/iv\/wp-json\/wp\/v2\/pages\/1992","targetHints":{"allow":["GET"]}}],"collection":[{"href":"https:\/\/institutos.ufrrj.br\/iv\/wp-json\/wp\/v2\/pages"}],"about":[{"href":"https:\/\/institutos.ufrrj.br\/iv\/wp-json\/wp\/v2\/types\/page"}],"author":[{"embeddable":true,"href":"https:\/\/institutos.ufrrj.br\/iv\/wp-json\/wp\/v2\/users\/52"}],"replies":[{"embeddable":true,"href":"https:\/\/institutos.ufrrj.br\/iv\/wp-json\/wp\/v2\/comments?post=1992"}],"version-history":[{"count":6,"href":"https:\/\/institutos.ufrrj.br\/iv\/wp-json\/wp\/v2\/pages\/1992\/revisions"}],"predecessor-version":[{"id":2227,"href":"https:\/\/institutos.ufrrj.br\/iv\/wp-json\/wp\/v2\/pages\/1992\/revisions\/2227"}],"up":[{"embeddable":true,"href":"https:\/\/institutos.ufrrj.br\/iv\/wp-json\/wp\/v2\/pages\/15"}],"wp:attachment":[{"href":"https:\/\/institutos.ufrrj.br\/iv\/wp-json\/wp\/v2\/media?parent=1992"}],"curies":[{"name":"wp","href":"https:\/\/api.w.org\/{rel}","templated":true}]}}