{"id":1997,"date":"2020-05-02T00:29:06","date_gmt":"2020-05-02T03:29:06","guid":{"rendered":"http:\/\/institutos.ufrrj.br\/iv\/?page_id=1997"},"modified":"2021-09-21T13:17:38","modified_gmt":"2021-09-21T16:17:38","slug":"laboratorios","status":"publish","type":"page","link":"https:\/\/institutos.ufrrj.br\/iv\/departamentos\/dpa\/laboratorios\/","title":{"rendered":"Laborat\u00f3rios"},"content":{"rendered":"<table>\n<tbody>\n<tr>\n<td colspan=\"2\" width=\"729\">\n<h2 style=\"text-align: center\">Laborat\u00f3rio de Hemoparasitos e Vetores<\/h2>\n<\/td>\n<\/tr>\n<tr>\n<td width=\"365\">Local:<\/td>\n<td width=\"365\">Esta\u00e7\u00e3o Experimental para Pesquisas Parasitol\u00f3gicas W. O. Neitz<\/p>\n<p>Salas 02 e 03<\/td>\n<\/tr>\n<tr>\n<td width=\"365\">Coordenador:<\/td>\n<td width=\"365\">Prof Carlos Luiz Massard<\/td>\n<\/tr>\n<tr>\n<td colspan=\"2\" width=\"729\"><\/td>\n<\/tr>\n<tr>\n<td width=\"365\"><\/td>\n<td width=\"365\"><\/td>\n<\/tr>\n<tr>\n<td width=\"365\"><\/td>\n<td width=\"365\"><\/td>\n<\/tr>\n<tr>\n<td colspan=\"2\" width=\"729\">\n<h2 style=\"text-align: center\">Laborat\u00f3rio Multiusu\u00e1rio de Biologia Molecular (Biomol)<\/h2>\n<\/td>\n<\/tr>\n<tr>\n<td width=\"365\">Local:<\/td>\n<td width=\"365\">Anexo I do Instituto de Veterin\u00e1ria (DPA)<\/p>\n<p>Salas 18 e 19<\/td>\n<\/tr>\n<tr>\n<td width=\"365\">Coordenador:<\/td>\n<td width=\"365\">Prof. Douglas McIntosh e\u00a0 vice Prof.Huarrisson Azevedo Santos<\/td>\n<\/tr>\n<tr>\n<td colspan=\"2\" width=\"729\">\n<h2 style=\"text-align: center\">Laborat\u00f3rio de Parasitologia\u00a0 de\u00a0 Peixes<\/h2>\n<\/td>\n<\/tr>\n<tr>\n<td width=\"365\">Local:<\/td>\n<td width=\"365\">Anexo I do Instituto de Veterin\u00e1ria<\/p>\n<p>salas 23, 25,26<\/td>\n<\/tr>\n<tr>\n<td width=\"365\">Coordenador:<\/td>\n<td width=\"365\">Prof Jos\u00e9 Luis Fernando Luque Alejos<\/td>\n<\/tr>\n<tr>\n<td colspan=\"2\" width=\"729\">\n<h2 style=\"text-align: center\">Laborat\u00f3rio de Quimioterapia Experimental em Parasitologia Veterin\u00e1ria (LQEPV)<\/h2>\n<\/td>\n<\/tr>\n<tr>\n<td width=\"365\">Local:<\/td>\n<td width=\"365\">Anexo I do Instituto de Veterin\u00e1ria (\u00daltimo pr\u00e9dio desta \u00e1rea)<\/td>\n<\/tr>\n<tr>\n<td width=\"365\">Coordenador:<\/td>\n<td width=\"365\">Prof\u00a0 F\u00e1bio Barbour Scott<\/td>\n<\/tr>\n<tr>\n<td colspan=\"2\" width=\"729\">\n<h2 style=\"text-align: center\">Laborat\u00f3rio de Artr\u00f3podes Parasitos<\/h2>\n<\/td>\n<\/tr>\n<tr>\n<td width=\"365\">Local:<\/td>\n<td width=\"365\">Anexo I do Instituto de Veterin\u00e1ria<\/td>\n<\/tr>\n<tr>\n<td width=\"365\">Coordenador:<\/td>\n<td width=\"365\">Profa K\u00e1tia Maria Famadas<\/td>\n<\/tr>\n<tr>\n<td colspan=\"2\" width=\"729\">\n<h2 style=\"text-align: center\">Laborat\u00f3rio de Ixodologia<\/h2>\n<\/td>\n<\/tr>\n<tr>\n<td width=\"365\">Local:<\/td>\n<td width=\"365\">Esta\u00e7\u00e3o Experimental para Pesquisas Parasitol\u00f3gicas W. O. Neitz<\/p>\n<p>Salas 08 e 09<\/td>\n<\/tr>\n<tr>\n<td width=\"365\">Coordenador:<\/td>\n<td width=\"365\">Profa K\u00e1tia Maria Famadas<\/td>\n<\/tr>\n<tr>\n<td colspan=\"2\" width=\"729\">\n<h2 style=\"text-align: center\">Laborat\u00f3rio de Protozoologia<\/h2>\n<\/td>\n<\/tr>\n<tr>\n<td width=\"365\">Local:<\/td>\n<td width=\"365\">Anexo I do Instituto de Veterin\u00e1ria (DPA)<\/p>\n<p>Sala 04<\/td>\n<\/tr>\n<tr>\n<td width=\"365\">Coordenador:<\/td>\n<td width=\"365\">Profa Teresa Cristina B\u00e9rgamo do Bomfim<\/td>\n<\/tr>\n<tr>\n<td colspan=\"2\" width=\"729\">\n<h2 style=\"text-align: center\">Laborat\u00f3rio de Controle Microbiano de Artr\u00f3podes<\/h2>\n<\/td>\n<\/tr>\n<tr>\n<td width=\"365\">Local:<\/td>\n<td width=\"365\">Esta\u00e7\u00e3o Experimental para Pesquisas Parasitol\u00f3gicas W. O. Neitz<\/p>\n<p>Salas05,06,07 e 08<\/td>\n<\/tr>\n<tr>\n<td width=\"365\">Coordenador:<\/td>\n<td width=\"365\">Profa V\u00e2nia Rita Elias Pinheiro Bitencourt<\/td>\n<\/tr>\n<tr>\n<td colspan=\"2\" width=\"729\">\n<h2 style=\"text-align: center\">Laborat\u00f3rio de Parasitos Gastrintestinais de Animais de Produ\u00e7\u00e3o<\/h2>\n<\/td>\n<\/tr>\n<tr>\n<td width=\"365\">Local:<\/td>\n<td width=\"365\">Anexo I do Instituto de Veterin\u00e1ria (DPA)<\/p>\n<p>Sala 13<\/td>\n<\/tr>\n<tr>\n<td width=\"365\">Coordenador:<\/td>\n<td width=\"365\">Profa Melissa Carvalho M. do C. Chambarelli<\/td>\n<\/tr>\n<\/tbody>\n<\/table>\n","protected":false},"excerpt":{"rendered":"<p>Laborat\u00f3rio de Hemoparasitos e Vetores Local: Esta\u00e7\u00e3o Experimental para Pesquisas Parasitol\u00f3gicas W. O. Neitz Salas 02 e 03 Coordenador: Prof <a class=\"read-more\" href=\"https:\/\/institutos.ufrrj.br\/iv\/departamentos\/dpa\/laboratorios\/ \" >&#8230; <span class=\"font-italic\">leia mais <i class=\"fas fa-angle-right\"><\/i><\/span><\/a><\/p>\n","protected":false},"author":52,"featured_media":0,"parent":17,"menu_order":4,"comment_status":"closed","ping_status":"closed","template":"","meta":{"_themeisle_gutenberg_block_has_review":false,"footnotes":""},"class_list":["post-1997","page","type-page","status-publish","hentry"],"_links":{"self":[{"href":"https:\/\/institutos.ufrrj.br\/iv\/wp-json\/wp\/v2\/pages\/1997","targetHints":{"allow":["GET"]}}],"collection":[{"href":"https:\/\/institutos.ufrrj.br\/iv\/wp-json\/wp\/v2\/pages"}],"about":[{"href":"https:\/\/institutos.ufrrj.br\/iv\/wp-json\/wp\/v2\/types\/page"}],"author":[{"embeddable":true,"href":"https:\/\/institutos.ufrrj.br\/iv\/wp-json\/wp\/v2\/users\/52"}],"replies":[{"embeddable":true,"href":"https:\/\/institutos.ufrrj.br\/iv\/wp-json\/wp\/v2\/comments?post=1997"}],"version-history":[{"count":5,"href":"https:\/\/institutos.ufrrj.br\/iv\/wp-json\/wp\/v2\/pages\/1997\/revisions"}],"predecessor-version":[{"id":2488,"href":"https:\/\/institutos.ufrrj.br\/iv\/wp-json\/wp\/v2\/pages\/1997\/revisions\/2488"}],"up":[{"embeddable":true,"href":"https:\/\/institutos.ufrrj.br\/iv\/wp-json\/wp\/v2\/pages\/17"}],"wp:attachment":[{"href":"https:\/\/institutos.ufrrj.br\/iv\/wp-json\/wp\/v2\/media?parent=1997"}],"curies":[{"name":"wp","href":"https:\/\/api.w.org\/{rel}","templated":true}]}}