{"id":2228,"date":"2020-05-21T18:44:03","date_gmt":"2020-05-21T21:44:03","guid":{"rendered":"http:\/\/institutos.ufrrj.br\/iv\/?page_id=2228"},"modified":"2022-09-23T13:51:49","modified_gmt":"2022-09-23T16:51:49","slug":"quadro-tecnico-2","status":"publish","type":"page","link":"https:\/\/institutos.ufrrj.br\/iv\/departamentos\/desp\/quadro-tecnico-2\/","title":{"rendered":"Quadro t\u00e9cnico"},"content":{"rendered":"<h3><span style=\"text-decoration: underline\"><strong>Erick Mesquita dos Santos<\/strong><\/span><\/h3>\n<p><img loading=\"lazy\" decoding=\"async\" class=\"alignnone wp-image-2298\" src=\"http:\/\/institutos.ufrrj.br\/iv\/wp-content\/uploads\/sites\/107\/2020\/06\/Foto-Erick-262x300.jpg\" alt=\"\" width=\"143\" height=\"164\" srcset=\"https:\/\/institutos.ufrrj.br\/iv\/wp-content\/uploads\/sites\/107\/2020\/06\/Foto-Erick-262x300.jpg 262w, https:\/\/institutos.ufrrj.br\/iv\/wp-content\/uploads\/sites\/107\/2020\/06\/Foto-Erick.jpg 300w\" sizes=\"auto, (max-width: 143px) 100vw, 143px\" \/><\/p>\n<p><strong>Forma\u00e7\u00e3o:<\/strong><\/p>\n<p>T\u00e9cnico em Inform\u00e1tica &#8211; Universidade Est\u00e1cio de S\u00e1 &#8211;\u00a02016<\/p>\n<p><strong>Cargo:<\/strong><\/p>\n<p>Auxiliar em Administra\u00e7\u00e3o<\/p>\n<p><strong>Local de Atividade:<\/strong><\/p>\n<p>Secretaria do DESP\/IV<\/p>\n<p><strong>Atividades desenvolvidas:<\/strong><\/p>\n<p style=\"text-align: left\">Recep\u00e7\u00e3o e atendimento aos alunos e servidores na secretaria do DESP, realiza\u00e7\u00e3o de rotinas administrativas no Departamento de Epidemiologia e Sa\u00fade P\u00fablica, do Instituto de Veterin\u00e1ria\/UFRRJ.<\/p>\n<hr \/>\n<h3><span style=\"text-decoration: underline\"><strong>Josemar Cesar Gon\u00e7alves<\/strong><\/span><\/h3>\n<p><img loading=\"lazy\" decoding=\"async\" class=\"alignnone wp-image-2300\" src=\"http:\/\/institutos.ufrrj.br\/iv\/wp-content\/uploads\/sites\/107\/2020\/06\/Foto-Josemar-198x300.png\" alt=\"\" width=\"139\" height=\"211\" srcset=\"https:\/\/institutos.ufrrj.br\/iv\/wp-content\/uploads\/sites\/107\/2020\/06\/Foto-Josemar-198x300.png 198w, https:\/\/institutos.ufrrj.br\/iv\/wp-content\/uploads\/sites\/107\/2020\/06\/Foto-Josemar.png 209w\" sizes=\"auto, (max-width: 139px) 100vw, 139px\" \/><\/p>\n<p><strong>Forma\u00e7\u00e3o:<\/strong><\/p>\n<p>Ensino m\u00e9dio completo<\/p>\n<p><strong>Cargo:<\/strong><\/p>\n<p>T\u00e9cnico de laborat\u00f3rio<\/p>\n<p><strong>Local de Atividade:<\/strong><\/p>\n<p>Laborat\u00f3rio de Sanidade Av\u00edcola. (LASAVE)<\/p>\n<p>Laborat\u00f3rio de Parasitologia W.O.NAITZ.<\/p>\n<p><strong>Atividades desenvolvidas:<\/strong><\/p>\n<p>Aux\u00edlio nas aulas pr\u00e1ticas do laborat\u00f3rio de necropsia e de an\u00e1lise molecular da gradua\u00e7\u00e3o e p\u00f3s-gradua\u00e7\u00e3o. Prepara\u00e7\u00e3o de solu\u00e7\u00f5es qu\u00edmicas e kits para extra\u00e7\u00e3o de DNA e RNA, bem como trabalhos de pesquisa a campo.<\/p>\n<hr \/>\n<h3><span style=\"text-decoration: underline\"><strong>Let\u00edcia Baptista Pinto<\/strong><\/span><\/h3>\n<p><strong>Forma\u00e7\u00e3o:<\/strong><\/p>\n<p>Bacharel e Licenciatura em Ci\u00eancias Biol\u00f3gicas &#8211; Universidade Gama Filho &#8211; 2010<\/p>\n<p><strong>Cargo:<\/strong><\/p>\n<p>T\u00e9cnico de Laborat\u00f3rio<\/p>\n<p><strong>Local de Atividade:<\/strong><\/p>\n<p>Laborat\u00f3rio de Histopatologia &#8211;\u00a0 Setor de Anatomia Patol\u00f3gica (SAP)<\/p>\n<p><strong>Atividades desenvolvidas:<\/strong><\/p>\n<p style=\"text-align: left\">Fixa\u00e7\u00e3o, clivagem, processamento, inclus\u00e3o, microtomia e colora\u00e7\u00e3o de amostras cl\u00ednicas, provenientes de bi\u00f3psias e, ou, necropsias.<\/p>\n<p><strong>Link do Curr\u00edculo Lattes:\u00a0<a href=\"http:\/\/lattes.cnpq.br\/7155372112888943\">http:\/\/lattes.cnpq.br\/7155372112888943<\/a><\/strong><\/p>\n<hr \/>\n<h3><span style=\"text-decoration: underline\"><strong>Matheus Dias Cordeiro<\/strong><\/span><\/h3>\n<p><img loading=\"lazy\" decoding=\"async\" class=\"\" src=\"http:\/\/servicosweb.cnpq.br\/wspessoa\/servletrecuperafoto?tipo=1&amp;id=K4252970Z6\" alt=\"Foto\" width=\"143\" height=\"176\" \/><\/p>\n<p><strong>Forma\u00e7\u00e3o:<\/strong><\/p>\n<p>Medicina Veterin\u00e1ria pela UFRRJ &#8211; 2009<\/p>\n<p>Mestrado em Ci\u00eancias Veterin\u00e1rias pela UFRRJ &#8211; 2012<\/p>\n<p>Doutorado em Ci\u00eancias Veterin\u00e1rias pela UFRRJ &#8211; 2015<\/p>\n<p><strong>Cargo:<\/strong><\/p>\n<p>T\u00e9cnico de laborat\u00f3rio<\/p>\n<p><strong>Local de Atividade:<\/strong><\/p>\n<p>Laborat\u00f3rio de Doen\u00e7as Parasit\u00e1rias<\/p>\n<p><strong>Atividades desenvolvidas:<\/strong><\/p>\n<p style=\"text-align: left\">O Laborat\u00f3rio de Doen\u00e7as Parasit\u00e1rias da Universidade Federal Rural Rio de Janeiro \u2013 Curso de P\u00f3s-Gradua\u00e7\u00e3o em Ci\u00eancias Veterin\u00e1rias (UFRRJ) vem desenvolvendo projetos relacionados a treinamento de estudantes de Gradua\u00e7\u00e3o e P\u00f3s-Gradua\u00e7\u00e3o. Atualmente est\u00e3o sendo desenvolvidas t\u00e9cnicas em biologia molecular, sorologia e cultivo celular para estudos da intera\u00e7\u00e3o hemoparasitos, vetores e seus hospedeiros<\/p>\n<p><strong>Link do Curr\u00edculo Lattes:\u00a0<a href=\"http:\/\/lattes.cnpq.br\/7504110991476248\">http:\/\/lattes.cnpq.br\/7504110991476248<\/a><\/strong><\/p>\n<hr \/>\n<h3 class=\"name\"><span style=\"text-decoration: underline\">Tha\u00eds Alves Fernandes<\/span><\/h3>\n<p><img loading=\"lazy\" decoding=\"async\" class=\"\" src=\"http:\/\/servicosweb.cnpq.br\/wspessoa\/servletrecuperafoto?tipo=1&amp;id=K8908711A0\" alt=\"Foto\" width=\"104\" height=\"185\" \/><\/p>\n<p><strong>Forma\u00e7\u00e3o:<\/strong><\/p>\n<p>Medicina Veterin\u00e1ria pela UFRRJ &#8211; 2016<\/p>\n<p>Mestrado em Ci\u00eancia e tecnologia de alimentos pela UFRRJ &#8211; 2019<\/p>\n<p><strong>Cargo:<\/strong><\/p>\n<p>T\u00e9cnico de laborat\u00f3rio<\/p>\n<p><strong>Local de Atividade:<\/strong><\/p>\n<p>Laborat\u00f3rio de Inspe\u00e7\u00e3o Higi\u00eanico Sanit\u00e1ria e Tecnol\u00f3gica de Produtos de Origem Animal (LIPOA-UFRRJ)<\/p>\n<p><strong>Link do Curr\u00edculo Lattes:\u00a0<a href=\"http:\/\/lattes.cnpq.br\/2673941795328372\">http:\/\/lattes.cnpq.br\/2673941795328372<\/a><\/strong><\/p>\n","protected":false},"excerpt":{"rendered":"<p>Erick Mesquita dos Santos Forma\u00e7\u00e3o: T\u00e9cnico em Inform\u00e1tica &#8211; Universidade Est\u00e1cio de S\u00e1 &#8211;\u00a02016 Cargo: Auxiliar em Administra\u00e7\u00e3o Local de <a class=\"read-more\" href=\"https:\/\/institutos.ufrrj.br\/iv\/departamentos\/desp\/quadro-tecnico-2\/ \" >&#8230; <span class=\"font-italic\">leia mais <i class=\"fas fa-angle-right\"><\/i><\/span><\/a><\/p>\n","protected":false},"author":52,"featured_media":0,"parent":11,"menu_order":5,"comment_status":"closed","ping_status":"closed","template":"","meta":{"_themeisle_gutenberg_block_has_review":false,"footnotes":""},"class_list":["post-2228","page","type-page","status-publish","hentry"],"_links":{"self":[{"href":"https:\/\/institutos.ufrrj.br\/iv\/wp-json\/wp\/v2\/pages\/2228","targetHints":{"allow":["GET"]}}],"collection":[{"href":"https:\/\/institutos.ufrrj.br\/iv\/wp-json\/wp\/v2\/pages"}],"about":[{"href":"https:\/\/institutos.ufrrj.br\/iv\/wp-json\/wp\/v2\/types\/page"}],"author":[{"embeddable":true,"href":"https:\/\/institutos.ufrrj.br\/iv\/wp-json\/wp\/v2\/users\/52"}],"replies":[{"embeddable":true,"href":"https:\/\/institutos.ufrrj.br\/iv\/wp-json\/wp\/v2\/comments?post=2228"}],"version-history":[{"count":9,"href":"https:\/\/institutos.ufrrj.br\/iv\/wp-json\/wp\/v2\/pages\/2228\/revisions"}],"predecessor-version":[{"id":2723,"href":"https:\/\/institutos.ufrrj.br\/iv\/wp-json\/wp\/v2\/pages\/2228\/revisions\/2723"}],"up":[{"embeddable":true,"href":"https:\/\/institutos.ufrrj.br\/iv\/wp-json\/wp\/v2\/pages\/11"}],"wp:attachment":[{"href":"https:\/\/institutos.ufrrj.br\/iv\/wp-json\/wp\/v2\/media?parent=2228"}],"curies":[{"name":"wp","href":"https:\/\/api.w.org\/{rel}","templated":true}]}}