{"id":2233,"date":"2020-05-21T18:46:31","date_gmt":"2020-05-21T21:46:31","guid":{"rendered":"http:\/\/institutos.ufrrj.br\/iv\/?page_id=2233"},"modified":"2021-07-18T17:25:59","modified_gmt":"2021-07-18T20:25:59","slug":"quadro-tecnico","status":"publish","type":"page","link":"https:\/\/institutos.ufrrj.br\/iv\/departamentos\/dmiv\/quadro-tecnico\/","title":{"rendered":"Quadro t\u00e9cnico"},"content":{"rendered":"<p>&nbsp;<\/p>\n<table>\n<tbody>\n<tr>\n<td width=\"576\"><strong>Camila Cabral Cardoso dos Santos<\/strong><\/p>\n<p>Assistente administrativo<\/p>\n<p><strong>\u00a0<img loading=\"lazy\" decoding=\"async\" class=\"alignnone size-full wp-image-2256\" src=\"http:\/\/institutos.ufrrj.br\/iv\/wp-content\/uploads\/sites\/107\/2020\/05\/Tecnica-camila-amaral-DMIV.jpg\" alt=\"\" width=\"118\" height=\"149\" \/><\/strong><\/td>\n<\/tr>\n<tr>\n<td width=\"576\"><strong>Gilberto Flausino<\/strong><\/p>\n<p>Assistente de laborat\u00f3rio<\/td>\n<\/tr>\n<tr>\n<td width=\"576\"><strong>Janete de Jesus Melo<\/strong><\/p>\n<p>Assistente de laborat\u00f3rio<\/td>\n<\/tr>\n<tr>\n<td width=\"576\"><strong>Joel Teod\u00f3sio de Oliveira<\/strong><\/p>\n<p>Porteiro<\/td>\n<\/tr>\n<tr>\n<td width=\"576\"><strong>Let\u00edcia Baptista Pinto<\/strong><\/p>\n<p>T\u00e9cnica de Laborat\u00f3rio &#8211; \u00c1rea Biologia<\/p>\n<p><img loading=\"lazy\" decoding=\"async\" class=\"alignnone size-medium wp-image-2463\" src=\"http:\/\/institutos.ufrrj.br\/iv\/wp-content\/uploads\/sites\/107\/2021\/07\/WhatsApp-Image-2021-07-14-at-18.11.48-296x300.jpeg\" alt=\"\" width=\"296\" height=\"300\" srcset=\"https:\/\/institutos.ufrrj.br\/iv\/wp-content\/uploads\/sites\/107\/2021\/07\/WhatsApp-Image-2021-07-14-at-18.11.48-296x300.jpeg 296w, https:\/\/institutos.ufrrj.br\/iv\/wp-content\/uploads\/sites\/107\/2021\/07\/WhatsApp-Image-2021-07-14-at-18.11.48-75x75.jpeg 75w, https:\/\/institutos.ufrrj.br\/iv\/wp-content\/uploads\/sites\/107\/2021\/07\/WhatsApp-Image-2021-07-14-at-18.11.48-100x100.jpeg 100w, https:\/\/institutos.ufrrj.br\/iv\/wp-content\/uploads\/sites\/107\/2021\/07\/WhatsApp-Image-2021-07-14-at-18.11.48.jpeg 576w\" sizes=\"auto, (max-width: 296px) 100vw, 296px\" \/><\/td>\n<\/tr>\n<tr>\n<td width=\"576\"><strong>Luiz Carlos Amorim<\/strong><\/p>\n<p>Porteiro<\/td>\n<\/tr>\n<tr>\n<td width=\"576\"><strong>Renata de Sant&#8217;Anna Rezende Ribeiro<\/strong><\/p>\n<p>Assistente de Laborat\u00f3rio<\/p>\n<p><img loading=\"lazy\" decoding=\"async\" class=\"alignnone size-full wp-image-2255\" src=\"http:\/\/institutos.ufrrj.br\/iv\/wp-content\/uploads\/sites\/107\/2020\/05\/Tecnica-renata-ribeiro-DMIV.jpg\" alt=\"\" width=\"123\" height=\"146\" \/><\/td>\n<\/tr>\n<\/tbody>\n<\/table>\n","protected":false},"excerpt":{"rendered":"<p>&nbsp; Camila Cabral Cardoso dos Santos Assistente administrativo \u00a0 Gilberto Flausino Assistente de laborat\u00f3rio Janete de Jesus Melo Assistente de <a class=\"read-more\" href=\"https:\/\/institutos.ufrrj.br\/iv\/departamentos\/dmiv\/quadro-tecnico\/ \" >&#8230; <span class=\"font-italic\">leia mais <i class=\"fas fa-angle-right\"><\/i><\/span><\/a><\/p>\n","protected":false},"author":52,"featured_media":0,"parent":13,"menu_order":5,"comment_status":"closed","ping_status":"closed","template":"","meta":{"_themeisle_gutenberg_block_has_review":false,"footnotes":""},"class_list":["post-2233","page","type-page","status-publish","hentry"],"_links":{"self":[{"href":"https:\/\/institutos.ufrrj.br\/iv\/wp-json\/wp\/v2\/pages\/2233","targetHints":{"allow":["GET"]}}],"collection":[{"href":"https:\/\/institutos.ufrrj.br\/iv\/wp-json\/wp\/v2\/pages"}],"about":[{"href":"https:\/\/institutos.ufrrj.br\/iv\/wp-json\/wp\/v2\/types\/page"}],"author":[{"embeddable":true,"href":"https:\/\/institutos.ufrrj.br\/iv\/wp-json\/wp\/v2\/users\/52"}],"replies":[{"embeddable":true,"href":"https:\/\/institutos.ufrrj.br\/iv\/wp-json\/wp\/v2\/comments?post=2233"}],"version-history":[{"count":4,"href":"https:\/\/institutos.ufrrj.br\/iv\/wp-json\/wp\/v2\/pages\/2233\/revisions"}],"predecessor-version":[{"id":2464,"href":"https:\/\/institutos.ufrrj.br\/iv\/wp-json\/wp\/v2\/pages\/2233\/revisions\/2464"}],"up":[{"embeddable":true,"href":"https:\/\/institutos.ufrrj.br\/iv\/wp-json\/wp\/v2\/pages\/13"}],"wp:attachment":[{"href":"https:\/\/institutos.ufrrj.br\/iv\/wp-json\/wp\/v2\/media?parent=2233"}],"curies":[{"name":"wp","href":"https:\/\/api.w.org\/{rel}","templated":true}]}}