{"id":2235,"date":"2020-05-21T18:47:15","date_gmt":"2020-05-21T21:47:15","guid":{"rendered":"http:\/\/institutos.ufrrj.br\/iv\/?page_id=2235"},"modified":"2022-05-25T15:07:25","modified_gmt":"2022-05-25T18:07:25","slug":"quadro-tecnico","status":"publish","type":"page","link":"https:\/\/institutos.ufrrj.br\/iv\/departamentos\/dmcv\/quadro-tecnico\/","title":{"rendered":"Quadro t\u00e9cnico"},"content":{"rendered":"<p><img loading=\"lazy\" decoding=\"async\" class=\"wp-image-2249 alignleft\" src=\"http:\/\/institutos.ufrrj.br\/iv\/wp-content\/uploads\/sites\/107\/2020\/05\/foto-225x300.jpg\" alt=\"\" width=\"145\" height=\"193\" srcset=\"https:\/\/institutos.ufrrj.br\/iv\/wp-content\/uploads\/sites\/107\/2020\/05\/foto-225x300.jpg 225w, https:\/\/institutos.ufrrj.br\/iv\/wp-content\/uploads\/sites\/107\/2020\/05\/foto-768x1024.jpg 768w, https:\/\/institutos.ufrrj.br\/iv\/wp-content\/uploads\/sites\/107\/2020\/05\/foto.jpg 960w\" sizes=\"auto, (max-width: 145px) 100vw, 145px\" \/><\/p>\n<table>\n<tbody>\n<tr>\n<td width=\"576\"><strong>Nome do T\u00e9cnico:<\/strong><\/p>\n<p>TATIANE ANDRADE COSTA<\/td>\n<\/tr>\n<tr>\n<td width=\"576\"><strong>Forma\u00e7\u00e3o Acad\u00eamica:<\/strong><\/p>\n<p>Mestrado em Biologia Parasit\u00e1ria pela Funda\u00e7\u00e3o Oswaldo Cruz<\/p>\n<p>Licenciatura Em Ci\u00eancias Biol\u00f3gicas pela Universidade Estadual do Norte Fluminense Darcy Ribeiro<\/td>\n<\/tr>\n<tr>\n<td width=\"576\"><strong>Local de Atividade: <\/strong><\/p>\n<p>LABVET\/IV<\/td>\n<\/tr>\n<tr>\n<td width=\"576\"><strong>Atividades desenvolvidas:<\/strong><\/p>\n<p>1-Controle do estoque e recep\u00e7\u00e3o dos reagentes utilizados na rotina laboratorial;<\/p>\n<p>2- Organiza\u00e7\u00e3o do espa\u00e7o laboral e conserva\u00e7\u00e3o de instala\u00e7\u00f5es e equipamentos do laborat\u00f3rio;<\/p>\n<p>3-Aux\u00edlio na cota\u00e7\u00e3o de equipamentos permanentes e de insumo;<\/p>\n<p>4-Aux\u00edlio no preparo de material de aula pr\u00e1tica, manejo e organiza\u00e7\u00e3o da sala de aula;<\/p>\n<p>5-Realiza\u00e7\u00e3o de exames laboratoriais de diagn\u00f3stico veterin\u00e1rio (em torno de 40 exames di\u00e1rios), incluindo hematol\u00f3gicos, bioqu\u00edmicos, imunol\u00f3gicos e de urin\u00e1lise;<\/p>\n<p>6- Elabora\u00e7\u00e3o de procedimento operacionais padr\u00e3o visando excel\u00eancia na qualidade dos exames realizados e no cumprimento das normas t\u00e9cnicas de biosseguran\u00e7a<\/p>\n<p>7-Aux\u00edlio no invent\u00e1rio patrimonial<\/p>\n<p>8- Conserva\u00e7\u00e3o e limpeza das vidrarias.<\/td>\n<\/tr>\n<tr>\n<td width=\"576\"><strong>Link do Curr\u00edculo Lattes:<\/strong><\/p>\n<p>http:\/\/lattes.cnpq.br\/4194326447042837<\/td>\n<\/tr>\n<\/tbody>\n<\/table>\n<p><img loading=\"lazy\" decoding=\"async\" class=\"wp-image-2252 alignleft\" src=\"http:\/\/institutos.ufrrj.br\/iv\/wp-content\/uploads\/sites\/107\/2020\/05\/t\u00e9cnica-anne-DMCV-249x300.jpg\" alt=\"\" width=\"146\" height=\"176\" srcset=\"https:\/\/institutos.ufrrj.br\/iv\/wp-content\/uploads\/sites\/107\/2020\/05\/t\u00e9cnica-anne-DMCV-249x300.jpg 249w, https:\/\/institutos.ufrrj.br\/iv\/wp-content\/uploads\/sites\/107\/2020\/05\/t\u00e9cnica-anne-DMCV.jpg 474w\" sizes=\"auto, (max-width: 146px) 100vw, 146px\" \/><\/p>\n<table>\n<tbody>\n<tr>\n<td width=\"577\"><strong>Nome do T\u00e9cnico:<\/strong><\/p>\n<p>ANNE JURKIEWICZ MELO<\/td>\n<\/tr>\n<tr>\n<td width=\"577\"><strong>Forma\u00e7\u00e3o Acad\u00eamica:<\/strong><\/p>\n<p>Gradua\u00e7\u00e3o em Ci\u00eancias Biol\u00f3gicas pela UFRJ(Universidade Federal do Rio de Janeiro). Mestrado em Biotecnologia pela UFPI (Universidade Federal do Piau\u00ed).<\/td>\n<\/tr>\n<tr>\n<td width=\"577\"><strong>Local de Atividade:<\/strong><\/p>\n<p>LABVET (Laborat\u00f3rio de patologia cl\u00ednica veterin\u00e1ria da UFRRJ).<\/td>\n<\/tr>\n<tr>\n<td width=\"577\"><strong>Atividades desenvolvidas:<\/strong><\/p>\n<p>Controle de estoque, aux\u00edlio na cota\u00e7\u00e3o de equipamentos e insumos, aux\u00edlio no preparo de aulas pr\u00e1ticas para gradua\u00e7\u00e3o, realiza\u00e7\u00e3o de exames laboratoriais de diagn\u00f3stico veterin\u00e1rio, elabora\u00e7\u00e3o de procedimentos operacionais padr\u00e3o, aux\u00edlio no invent\u00e1rio patrimonial, conserva\u00e7\u00e3o e limpeza de vidrarias, aux\u00edlio nos experimentos de alunos da p\u00f3s-gradua\u00e7\u00e3o.<\/td>\n<\/tr>\n<tr>\n<td width=\"577\"><strong>Link do Curr\u00edculo Lattes:<\/strong><\/p>\n<p>http:\/\/lattes.cnpq.br\/9032367794859224<\/td>\n<\/tr>\n<\/tbody>\n<\/table>\n","protected":false},"excerpt":{"rendered":"<p>Nome do T\u00e9cnico: TATIANE ANDRADE COSTA Forma\u00e7\u00e3o Acad\u00eamica: Mestrado em Biologia Parasit\u00e1ria pela Funda\u00e7\u00e3o Oswaldo Cruz Licenciatura Em Ci\u00eancias Biol\u00f3gicas <a class=\"read-more\" href=\"https:\/\/institutos.ufrrj.br\/iv\/departamentos\/dmcv\/quadro-tecnico\/ \" >&#8230; <span class=\"font-italic\">leia mais <i class=\"fas fa-angle-right\"><\/i><\/span><\/a><\/p>\n","protected":false},"author":52,"featured_media":0,"parent":15,"menu_order":5,"comment_status":"closed","ping_status":"closed","template":"","meta":{"_themeisle_gutenberg_block_has_review":false,"footnotes":""},"class_list":["post-2235","page","type-page","status-publish","hentry"],"_links":{"self":[{"href":"https:\/\/institutos.ufrrj.br\/iv\/wp-json\/wp\/v2\/pages\/2235","targetHints":{"allow":["GET"]}}],"collection":[{"href":"https:\/\/institutos.ufrrj.br\/iv\/wp-json\/wp\/v2\/pages"}],"about":[{"href":"https:\/\/institutos.ufrrj.br\/iv\/wp-json\/wp\/v2\/types\/page"}],"author":[{"embeddable":true,"href":"https:\/\/institutos.ufrrj.br\/iv\/wp-json\/wp\/v2\/users\/52"}],"replies":[{"embeddable":true,"href":"https:\/\/institutos.ufrrj.br\/iv\/wp-json\/wp\/v2\/comments?post=2235"}],"version-history":[{"count":5,"href":"https:\/\/institutos.ufrrj.br\/iv\/wp-json\/wp\/v2\/pages\/2235\/revisions"}],"predecessor-version":[{"id":2253,"href":"https:\/\/institutos.ufrrj.br\/iv\/wp-json\/wp\/v2\/pages\/2235\/revisions\/2253"}],"up":[{"embeddable":true,"href":"https:\/\/institutos.ufrrj.br\/iv\/wp-json\/wp\/v2\/pages\/15"}],"wp:attachment":[{"href":"https:\/\/institutos.ufrrj.br\/iv\/wp-json\/wp\/v2\/media?parent=2235"}],"curies":[{"name":"wp","href":"https:\/\/api.w.org\/{rel}","templated":true}]}}